{"id":267,"date":"2019-09-29T06:49:04","date_gmt":"2019-09-29T06:49:04","guid":{"rendered":"https:\/\/scsystems.ro\/magazin\/produs\/smartwatch-2-0-lte-wifi\/"},"modified":"2026-03-27T16:40:59","modified_gmt":"2026-03-27T16:40:59","slug":"eolis-3d-senzor","status":"publish","type":"product","link":"https:\/\/scsystems.ro\/magazin\/produs\/eolis-3d-senzor\/","title":{"rendered":"Eolis 3D io senzor de vant"},"content":{"rendered":"<p>Cel mai v\u00e2ndut senzor radio de v\u00e2nt pentru copertine. Senzor inteligent: \u00ce\u0219i adapteaz\u0103 comportamentul \u00een caz de v\u00e2nt puternic.<\/p>\n<div class=\"title_content\">\n<h2 class=\"title_3\">Beneficii<\/h2>\n<\/div>\n<div class=\"text_big\">\n<p>Eficien\u021b\u0103 protec\u021bie<\/p>\n<p>&#8211; O mai bun\u0103 protec\u021bie pentru copertina de v\u00e2nt<\/p>\n<p>&#8211; Pentru \u0219i o mai mare eficien\u021b\u0103, m\u0103soar\u0103 impactul v\u00e2ntului asupra copertinei \u00een locul vitezei v\u00e2ntului<\/p>\n<p>\u00cen armonie cu copertina dumneavoastr\u0103<\/p>\n<p>&#8211; Design sub\u021bire pentru a se potrivi pe bara de rulare (integrare discret\u0103), f\u0103r\u0103 cabluri<\/p>\n<p>&#8211; Disponibil \u00een 3 finisaje: alb, negru \u0219i bej<\/p>\n<div class=\"title_content\">\n<h2 class=\"title_3\">Specifica\u0163ii<\/h2>\n<\/div>\n<div id=\"accordion-details\" class=\"accordion_wrap\">\n<div class=\"accordion-content-block\">\n<h3 class=\"d-flex align-items-center accordion-item-title subtitle_2\" role=\"link\" data-toggle=\"collapse\" aria-expanded=\"true\" aria-controls=\"detailsCollapse\">Descriere<\/h3>\n<div id=\"detailsCollapse\" class=\"accordion-item-content collapse show\" data-parent=\"#accordion-details\">\n<p>Detectare v\u00e2nt \u00een 3 dimensiuni<\/p>\n<p>M\u0103surarea eficient\u0103 a impactului v\u00e2ntului asupra structurii copertinei cu detectarea oscila\u021biilor orizontale, verticale \u0219i laterale.<\/p>\n<p>Alert\u0103 avarie<\/p>\n<p>La fiecare or\u0103, retragerea automat\u0103 a copertinei \u00een caz de problem\u0103 de func\u021bionare a senzorului.<\/p>\n<p>Func\u021bia salvare automat\u0103<\/p>\n<p>Evita\u021bi orice retragere accidental\u0103 a copertinei c\u00e2nd \u00eenlocui\u021bi bateriile<\/p>\n<p>Eroare de securitate<\/p>\n<p>Dezactivare comenzi confort (ex: prin Senzori Soare) dac\u0103 senzorul de v\u00e2nt nu func\u021bioneaz\u0103.<\/p>\n<p>Programare intuitiv\u0103<\/p>\n<p>Scutur\u0103 pur \u0219i simplu copertina pentru a \u00eenregistra pragul de sensibilitate.<\/p>\n<p>Senzor inteligent<\/p>\n<p>\u00ce\u0219i reaminte\u0219te ultima informa\u021bie pentru a-\u0219i adapta comportamentul \u00een cazul zilelor cu v\u00e2nt puternic (efect anti-yoyo).<\/p>\n<h3 class=\"d-flex align-items-center accordion-item-title subtitle_2\" role=\"link\" data-toggle=\"collapse\" aria-expanded=\"true\" aria-controls=\"dimCollapse\">Dimensiunea \u0219i greutatea<\/h3>\n<div id=\"dimCollapse\" class=\"accordion-item-content collapse show\" data-parent=\"#accordion-details\">\n<div class=\"row\">\n<div class=\"col-12 col-md-9 text_medium text-left\">\n<p>Lungime : 153 mm<\/p>\n<p>L\u0103\u021bime : 38 mm<\/p>\n<p>Ad\u00e2ncime : 25 mm<\/p>\n<div class=\"title_content\">\n<h2 class=\"title_3\">Caracteristici tehnice<\/h2>\n<\/div>\n<div class=\"collapse-wrapper\">\n<div id=\"collapseExample-3\" class=\"wysiwyg collapse-content\">\n<table class=\"table\">\n<tbody>\n<tr>\n<td>Frecven\u021b\u0103 radio<\/td>\n<td>868,95 MHz<\/td>\n<\/tr>\n<tr>\n<td>Raza la interior<\/td>\n<td>20 m, prin doi pere\u0163i de beton armat<\/td>\n<\/tr>\n<tr>\n<td>Index Protec\u021bie<\/td>\n<td>IP 44<\/td>\n<\/tr>\n<\/tbody>\n<\/table>\n<\/div>\n<\/div>\n<\/div>\n<\/div>\n<\/div>\n<\/div>\n<\/div>\n<\/div>\n<\/div>\n","protected":false},"excerpt":{"rendered":"<p>Cel mai v\u00e2ndut senzor radio de v\u00e2nt pentru copertine. Senzor inteligent: \u00ce\u0219i adapteaz\u0103 comportamentul \u00een caz de v\u00e2nt puternic.<\/p>\n<p>&nbsp;<\/p>\n","protected":false},"featured_media":949,"comment_status":"open","ping_status":"closed","template":"","meta":{"_eb_attr":""},"pwb-brand":[40],"product_brand":[],"product_cat":[22,26],"product_tag":[56,51,39,55,50],"class_list":{"0":"post-267","1":"product","2":"type-product","3":"status-publish","4":"has-post-thumbnail","6":"pwb-brand-somfy","7":"product_cat-senzori","8":"product_cat-smart-home","9":"product_tag-eolis","10":"product_tag-senzor","11":"product_tag-smart-home","12":"product_tag-wirefree","13":"product_tag-wireless","15":"first","16":"instock","17":"taxable","18":"shipping-taxable","19":"purchasable","20":"product-type-simple"},"yoast_head":"<!-- This site is optimized with the Yoast SEO plugin v27.2 - https:\/\/yoast.com\/product\/yoast-seo-wordpress\/ -->\n<title>Eolis 3D io senzor de vant - Magazin SCS<\/title>\n<meta name=\"robots\" content=\"index, follow, max-snippet:-1, max-image-preview:large, max-video-preview:-1\" \/>\n<link rel=\"canonical\" href=\"https:\/\/scsystems.ro\/magazin\/produs\/eolis-3d-senzor\/\" \/>\n<meta property=\"og:locale\" content=\"ro_RO\" \/>\n<meta property=\"og:type\" content=\"article\" \/>\n<meta property=\"og:title\" content=\"Eolis 3D io senzor de vant - Magazin SCS\" \/>\n<meta property=\"og:description\" content=\"Cel mai v\u00e2ndut senzor radio de v\u00e2nt pentru copertine. Senzor inteligent: \u00ce\u0219i adapteaz\u0103 comportamentul \u00een caz de v\u00e2nt puternic.  &nbsp;\" \/>\n<meta property=\"og:url\" content=\"https:\/\/scsystems.ro\/magazin\/produs\/eolis-3d-senzor\/\" \/>\n<meta property=\"og:site_name\" content=\"Magazin SCS\" \/>\n<meta property=\"article:publisher\" content=\"https:\/\/www.facebook.com\/smartclosingsystems\/\" \/>\n<meta property=\"article:modified_time\" content=\"2026-03-27T16:40:59+00:00\" \/>\n<meta property=\"og:image\" content=\"https:\/\/scsystems.ro\/magazin\/wp-content\/uploads\/sites\/2\/2019\/09\/eolis-3d-io.webp\" \/>\n\t<meta property=\"og:image:width\" content=\"2241\" \/>\n\t<meta property=\"og:image:height\" content=\"1343\" \/>\n\t<meta property=\"og:image:type\" content=\"image\/webp\" \/>\n<meta name=\"twitter:card\" content=\"summary_large_image\" \/>\n<meta name=\"twitter:label1\" content=\"Timp estimat pentru citire\" \/>\n\t<meta name=\"twitter:data1\" content=\"1 minut\" \/>\n<script type=\"application\/ld+json\" class=\"yoast-schema-graph\">{\"@context\":\"https:\/\/schema.org\",\"@graph\":[{\"@type\":\"WebPage\",\"@id\":\"https:\/\/scsystems.ro\/magazin\/produs\/eolis-3d-senzor\/\",\"url\":\"https:\/\/scsystems.ro\/magazin\/produs\/eolis-3d-senzor\/\",\"name\":\"Eolis 3D io senzor de vant - Magazin SCS\",\"isPartOf\":{\"@id\":\"https:\/\/scsystems.ro\/magazin\/#website\"},\"primaryImageOfPage\":{\"@id\":\"https:\/\/scsystems.ro\/magazin\/produs\/eolis-3d-senzor\/#primaryimage\"},\"image\":{\"@id\":\"https:\/\/scsystems.ro\/magazin\/produs\/eolis-3d-senzor\/#primaryimage\"},\"thumbnailUrl\":\"https:\/\/scsystems.ro\/magazin\/wp-content\/uploads\/sites\/2\/2019\/09\/eolis-3d-io.webp\",\"datePublished\":\"2019-09-29T06:49:04+00:00\",\"dateModified\":\"2026-03-27T16:40:59+00:00\",\"breadcrumb\":{\"@id\":\"https:\/\/scsystems.ro\/magazin\/produs\/eolis-3d-senzor\/#breadcrumb\"},\"inLanguage\":\"ro-RO\",\"potentialAction\":[{\"@type\":\"ReadAction\",\"target\":[\"https:\/\/scsystems.ro\/magazin\/produs\/eolis-3d-senzor\/\"]}]},{\"@type\":\"ImageObject\",\"inLanguage\":\"ro-RO\",\"@id\":\"https:\/\/scsystems.ro\/magazin\/produs\/eolis-3d-senzor\/#primaryimage\",\"url\":\"https:\/\/scsystems.ro\/magazin\/wp-content\/uploads\/sites\/2\/2019\/09\/eolis-3d-io.webp\",\"contentUrl\":\"https:\/\/scsystems.ro\/magazin\/wp-content\/uploads\/sites\/2\/2019\/09\/eolis-3d-io.webp\",\"width\":2241,\"height\":1343},{\"@type\":\"BreadcrumbList\",\"@id\":\"https:\/\/scsystems.ro\/magazin\/produs\/eolis-3d-senzor\/#breadcrumb\",\"itemListElement\":[{\"@type\":\"ListItem\",\"position\":1,\"name\":\"Magazin\",\"item\":\"https:\/\/scsystems.ro\/magazin\/\"},{\"@type\":\"ListItem\",\"position\":2,\"name\":\"Toate Produsele\",\"item\":\"https:\/\/scsystems.ro\/magazin\/toate-produsele\/\"},{\"@type\":\"ListItem\",\"position\":3,\"name\":\"Eolis 3D io senzor de vant\"}]},{\"@type\":\"WebSite\",\"@id\":\"https:\/\/scsystems.ro\/magazin\/#website\",\"url\":\"https:\/\/scsystems.ro\/magazin\/\",\"name\":\"Magazin SCS\",\"description\":\"Smart Closing Systems Magazin\",\"publisher\":{\"@id\":\"https:\/\/scsystems.ro\/magazin\/#organization\"},\"potentialAction\":[{\"@type\":\"SearchAction\",\"target\":{\"@type\":\"EntryPoint\",\"urlTemplate\":\"https:\/\/scsystems.ro\/magazin\/?s={search_term_string}\"},\"query-input\":{\"@type\":\"PropertyValueSpecification\",\"valueRequired\":true,\"valueName\":\"search_term_string\"}}],\"inLanguage\":\"ro-RO\"},{\"@type\":\"Organization\",\"@id\":\"https:\/\/scsystems.ro\/magazin\/#organization\",\"name\":\"Smart Closing Systems\",\"alternateName\":\"SCS\",\"url\":\"https:\/\/scsystems.ro\/magazin\/\",\"logo\":{\"@type\":\"ImageObject\",\"inLanguage\":\"ro-RO\",\"@id\":\"https:\/\/scsystems.ro\/magazin\/#\/schema\/logo\/image\/\",\"url\":\"https:\/\/scsystems.ro\/magazin\/wp-content\/uploads\/sites\/2\/2023\/03\/logo-SCS-Negru-vm.png\",\"contentUrl\":\"https:\/\/scsystems.ro\/magazin\/wp-content\/uploads\/sites\/2\/2023\/03\/logo-SCS-Negru-vm.png\",\"width\":2241,\"height\":1459,\"caption\":\"Smart Closing Systems\"},\"image\":{\"@id\":\"https:\/\/scsystems.ro\/magazin\/#\/schema\/logo\/image\/\"},\"sameAs\":[\"https:\/\/www.facebook.com\/smartclosingsystems\/\"]}]}<\/script>\n<!-- \/ Yoast SEO plugin. -->","yoast_head_json":{"title":"Eolis 3D io senzor de vant - Magazin SCS","robots":{"index":"index","follow":"follow","max-snippet":"max-snippet:-1","max-image-preview":"max-image-preview:large","max-video-preview":"max-video-preview:-1"},"canonical":"https:\/\/scsystems.ro\/magazin\/produs\/eolis-3d-senzor\/","og_locale":"ro_RO","og_type":"article","og_title":"Eolis 3D io senzor de vant - Magazin SCS","og_description":"Cel mai v\u00e2ndut senzor radio de v\u00e2nt pentru copertine. Senzor inteligent: \u00ce\u0219i adapteaz\u0103 comportamentul \u00een caz de v\u00e2nt puternic.  &nbsp;","og_url":"https:\/\/scsystems.ro\/magazin\/produs\/eolis-3d-senzor\/","og_site_name":"Magazin SCS","article_publisher":"https:\/\/www.facebook.com\/smartclosingsystems\/","article_modified_time":"2026-03-27T16:40:59+00:00","og_image":[{"width":2241,"height":1343,"url":"https:\/\/scsystems.ro\/magazin\/wp-content\/uploads\/sites\/2\/2019\/09\/eolis-3d-io.webp","type":"image\/webp"}],"twitter_card":"summary_large_image","twitter_misc":{"Timp estimat pentru citire":"1 minut"},"schema":{"@context":"https:\/\/schema.org","@graph":[{"@type":"WebPage","@id":"https:\/\/scsystems.ro\/magazin\/produs\/eolis-3d-senzor\/","url":"https:\/\/scsystems.ro\/magazin\/produs\/eolis-3d-senzor\/","name":"Eolis 3D io senzor de vant - Magazin SCS","isPartOf":{"@id":"https:\/\/scsystems.ro\/magazin\/#website"},"primaryImageOfPage":{"@id":"https:\/\/scsystems.ro\/magazin\/produs\/eolis-3d-senzor\/#primaryimage"},"image":{"@id":"https:\/\/scsystems.ro\/magazin\/produs\/eolis-3d-senzor\/#primaryimage"},"thumbnailUrl":"https:\/\/scsystems.ro\/magazin\/wp-content\/uploads\/sites\/2\/2019\/09\/eolis-3d-io.webp","datePublished":"2019-09-29T06:49:04+00:00","dateModified":"2026-03-27T16:40:59+00:00","breadcrumb":{"@id":"https:\/\/scsystems.ro\/magazin\/produs\/eolis-3d-senzor\/#breadcrumb"},"inLanguage":"ro-RO","potentialAction":[{"@type":"ReadAction","target":["https:\/\/scsystems.ro\/magazin\/produs\/eolis-3d-senzor\/"]}]},{"@type":"ImageObject","inLanguage":"ro-RO","@id":"https:\/\/scsystems.ro\/magazin\/produs\/eolis-3d-senzor\/#primaryimage","url":"https:\/\/scsystems.ro\/magazin\/wp-content\/uploads\/sites\/2\/2019\/09\/eolis-3d-io.webp","contentUrl":"https:\/\/scsystems.ro\/magazin\/wp-content\/uploads\/sites\/2\/2019\/09\/eolis-3d-io.webp","width":2241,"height":1343},{"@type":"BreadcrumbList","@id":"https:\/\/scsystems.ro\/magazin\/produs\/eolis-3d-senzor\/#breadcrumb","itemListElement":[{"@type":"ListItem","position":1,"name":"Magazin","item":"https:\/\/scsystems.ro\/magazin\/"},{"@type":"ListItem","position":2,"name":"Toate Produsele","item":"https:\/\/scsystems.ro\/magazin\/toate-produsele\/"},{"@type":"ListItem","position":3,"name":"Eolis 3D io senzor de vant"}]},{"@type":"WebSite","@id":"https:\/\/scsystems.ro\/magazin\/#website","url":"https:\/\/scsystems.ro\/magazin\/","name":"Magazin SCS","description":"Smart Closing Systems Magazin","publisher":{"@id":"https:\/\/scsystems.ro\/magazin\/#organization"},"potentialAction":[{"@type":"SearchAction","target":{"@type":"EntryPoint","urlTemplate":"https:\/\/scsystems.ro\/magazin\/?s={search_term_string}"},"query-input":{"@type":"PropertyValueSpecification","valueRequired":true,"valueName":"search_term_string"}}],"inLanguage":"ro-RO"},{"@type":"Organization","@id":"https:\/\/scsystems.ro\/magazin\/#organization","name":"Smart Closing Systems","alternateName":"SCS","url":"https:\/\/scsystems.ro\/magazin\/","logo":{"@type":"ImageObject","inLanguage":"ro-RO","@id":"https:\/\/scsystems.ro\/magazin\/#\/schema\/logo\/image\/","url":"https:\/\/scsystems.ro\/magazin\/wp-content\/uploads\/sites\/2\/2023\/03\/logo-SCS-Negru-vm.png","contentUrl":"https:\/\/scsystems.ro\/magazin\/wp-content\/uploads\/sites\/2\/2023\/03\/logo-SCS-Negru-vm.png","width":2241,"height":1459,"caption":"Smart Closing Systems"},"image":{"@id":"https:\/\/scsystems.ro\/magazin\/#\/schema\/logo\/image\/"},"sameAs":["https:\/\/www.facebook.com\/smartclosingsystems\/"]}]}},"jetpack_sharing_enabled":true,"brands":[{"id":40,"name":"Somfy","slug":"somfy"}],"_links":{"self":[{"href":"https:\/\/scsystems.ro\/magazin\/wp-json\/wp\/v2\/product\/267","targetHints":{"allow":["GET"]}}],"collection":[{"href":"https:\/\/scsystems.ro\/magazin\/wp-json\/wp\/v2\/product"}],"about":[{"href":"https:\/\/scsystems.ro\/magazin\/wp-json\/wp\/v2\/types\/product"}],"replies":[{"embeddable":true,"href":"https:\/\/scsystems.ro\/magazin\/wp-json\/wp\/v2\/comments?post=267"}],"wp:featuredmedia":[{"embeddable":true,"href":"https:\/\/scsystems.ro\/magazin\/wp-json\/wp\/v2\/media\/949"}],"wp:attachment":[{"href":"https:\/\/scsystems.ro\/magazin\/wp-json\/wp\/v2\/media?parent=267"}],"wp:term":[{"taxonomy":"pwb-brand","embeddable":true,"href":"https:\/\/scsystems.ro\/magazin\/wp-json\/wp\/v2\/pwb-brand?post=267"},{"taxonomy":"product_brand","embeddable":true,"href":"https:\/\/scsystems.ro\/magazin\/wp-json\/wp\/v2\/product_brand?post=267"},{"taxonomy":"product_cat","embeddable":true,"href":"https:\/\/scsystems.ro\/magazin\/wp-json\/wp\/v2\/product_cat?post=267"},{"taxonomy":"product_tag","embeddable":true,"href":"https:\/\/scsystems.ro\/magazin\/wp-json\/wp\/v2\/product_tag?post=267"}],"curies":[{"name":"wp","href":"https:\/\/api.w.org\/{rel}","templated":true}]}}