{"id":256,"date":"2023-03-01T19:33:49","date_gmt":"2023-03-01T19:33:49","guid":{"rendered":"https:\/\/scsystems.ro\/magazin\/produs\/rocky-mountain\/"},"modified":"2026-03-27T16:36:57","modified_gmt":"2026-03-27T16:36:57","slug":"nina-io","status":"publish","type":"product","link":"https:\/\/scsystems.ro\/magazin\/produs\/nina-io\/","title":{"rendered":"Telecomanda Nina Io"},"content":{"rendered":"<p><strong>Telecomanda de grup Nina io<\/strong><\/p>\n<p>Echipamente:<\/p>\n<p>Copertine,U\u015fi de garaj,Pergole,Automatizarea casei,Por\u0163i,Jaluzele vene\u0163iene exterioare,Jaluzele interioare,Rulouri,Perdele<\/p>\n<p>Tehnologie:<\/p>\n<p>io technology<\/p>\n<div class=\"title_content align-items-center\">\n<h2 class=\"title_3\">Beneficii produs<\/h2>\n<\/div>\n<div class=\"text_big\">\n<p><strong>Cu o simpl\u0103 atingere a ecranului pute\u021bi selecta, controla, integra, memora \u0219i pozi\u021biona toate echipamentele dintr-o locuin\u021b\u0103.<\/strong><\/p>\n<p><strong>&gt;\u00a0<\/strong>Telecomand\u0103 radio cu feedback, ce permite controlul a 40 de grupe de produs.<\/p>\n<p><strong>&gt;\u00a0<\/strong>Comand\u0103 centralizat\u0103.<\/p>\n<p><strong>&gt;\u00a0<\/strong>Gestionarea individual\u0103 sau de grup a aplica\u021biilor.<\/p>\n<p><strong>&gt;\u00a0<\/strong>Crearea u\u0219oar\u0103 a scenariilor pentru fiecare grup.<\/p>\n<p><strong>&gt;\u00a0<\/strong>Ecran tactil pentru a ac\u021biona cu u\u0219urin\u021b\u0103 jaluzele, rulouri, copertine, poarta de acces.<\/p>\n<p>&gt; Nina utilizeaz\u0103 tehnologia io-homecontrol\u00ae pentru u\u0219urin\u021b\u0103 de utilizare \u0219i o performan\u021b\u0103 sporit\u0103.<\/p>\n<p>&gt; Are un design elegant cu mai multe variante de carcase: Leather cognac, Blue, Purple &amp; Green.<\/p>\n<p>&gt; Dimensiuni:<\/p>\n<p>&#8211; Telecomand\u0103: 144,7 x 60,8 x 22,4 mm;<\/p>\n<p>&#8211; Sta\u0163ie de \u00eenc\u0103rcare: 159,8 x 68 x 54 mm;<\/p>\n<p>&#8211; Telecomand\u0103 + sta\u0163ie de \u00eenc\u0103rcare: 159,8 x 68 x 69,6 mm.<\/p>\n<div class=\"title_content\">\n<h2 class=\"title_3\">Informa\u0163ii tehnice<\/h2>\n<\/div>\n<div class=\"collapse-200-wrapper\">\n<div class=\"wysiwyg collapse-content active\">\n<table style=\"height: 148px;\" width=\"892\">\n<thead>\n<tr>\n<th colspan=\"2\">\n<h3>TEHNOLOGIE<\/h3>\n<\/th>\n<\/tr>\n<\/thead>\n<tbody>\n<tr>\n<td>Raza \u00een c\u00e2mp deschis<\/td>\n<td>250<\/td>\n<\/tr>\n<tr>\n<td>Frecven\u021b\u0103 radio<\/td>\n<td>io 868 &#8211; 870 \u00a0 MHz<\/td>\n<\/tr>\n<tr>\n<td>Capacitate memorie<\/td>\n<td>Multi<\/td>\n<\/tr>\n<\/tbody>\n<\/table>\n<table style=\"height: 309px;\" width=\"893\">\n<thead>\n<tr>\n<th colspan=\"2\">\n<h3>ELECTRIC<\/h3>\n<\/th>\n<\/tr>\n<\/thead>\n<tbody>\n<tr>\n<td>Tip Baterie<\/td>\n<td>Lithium<\/td>\n<\/tr>\n<tr>\n<td>Voltaj Baterie<\/td>\n<td>3,7 \u00a0 V<\/td>\n<\/tr>\n<tr>\n<td>Tip ie\u0219ire pe contact<\/td>\n<td>Micro USB<\/td>\n<\/tr>\n<tr>\n<td>Voltaj minim<\/td>\n<td>240 \u00a0 V<\/td>\n<\/tr>\n<tr>\n<td>Voltaj Maxim<\/td>\n<td>100 \u00a0 V<\/td>\n<\/tr>\n<tr>\n<td>Voltaj Nominal \/ Frecven\u021b\u0103<\/td>\n<td>100-240V \/ 50-60Hz<\/td>\n<\/tr>\n<tr>\n<td>Curent Nominal<\/td>\n<td>0,3 \u00a0 A<\/td>\n<\/tr>\n<\/tbody>\n<\/table>\n<table style=\"height: 140px;\" width=\"894\">\n<thead>\n<tr>\n<th colspan=\"2\">\n<h3>STANDARD<\/h3>\n<\/th>\n<\/tr>\n<\/thead>\n<tbody>\n<tr>\n<td>Clas\u0103 de izola\u021bie<\/td>\n<td>III<\/td>\n<\/tr>\n<tr>\n<td>Index Protec\u021bie<\/td>\n<td>IP 20<\/td>\n<\/tr>\n<\/tbody>\n<\/table>\n<table style=\"height: 187px;\" width=\"893\">\n<thead>\n<tr>\n<th colspan=\"2\">\n<h3>DIMENSIUNE<\/h3>\n<\/th>\n<\/tr>\n<\/thead>\n<tbody>\n<tr>\n<td>Lungime<\/td>\n<td>159,8 \u00a0 mm<\/td>\n<\/tr>\n<tr>\n<td>L\u0103\u021bime<\/td>\n<td>68 \u00a0 mm<\/td>\n<\/tr>\n<tr>\n<td>Greutate<\/td>\n<td>0,117 \u00a0 Kg<\/td>\n<\/tr>\n<tr>\n<td>\u00cen\u0103l\u021bime<\/td>\n<td>69,9 \u00a0 mm<\/td>\n<\/tr>\n<\/tbody>\n<\/table>\n<table style=\"height: 189px;\" width=\"892\">\n<thead>\n<tr>\n<th colspan=\"2\">\n<h3>ALTELE<\/h3>\n<\/th>\n<\/tr>\n<\/thead>\n<tbody>\n<tr>\n<td>Temperatur\u0103 de lucru<\/td>\n<td>0\u00b0 \/ + 45 \u00a0 \u00b0C<\/td>\n<\/tr>\n<tr>\n<td>Culoare \/ Finisaj<\/td>\n<td>White &amp; black<\/td>\n<\/tr>\n<\/tbody>\n<\/table>\n<\/div>\n<\/div>\n<\/div>\n","protected":false},"excerpt":{"rendered":"<p><strong>Telecomanda de grup Nina io<\/strong><\/p>\n<p>Echipamente:<\/p>\n<p>Copertine,U\u015fi de garaj,Pergole,Automatizarea casei,Por\u0163i,Jaluzele vene\u0163iene exterioare,Jaluzele interioare,Rulouri,Perdele<\/p>\n<p>Tehnologie:<\/p>\n<p>io technology<\/p>\n","protected":false},"featured_media":682,"comment_status":"open","ping_status":"closed","template":"","meta":{"_eb_attr":""},"pwb-brand":[40],"product_brand":[],"product_cat":[26,29],"product_tag":[],"class_list":{"0":"post-256","1":"product","2":"type-product","3":"status-publish","4":"has-post-thumbnail","6":"pwb-brand-somfy","7":"product_cat-smart-home","8":"product_cat-telecomenzi","10":"first","11":"instock","12":"taxable","13":"shipping-taxable","14":"purchasable","15":"product-type-simple"},"yoast_head":"<!-- This site is optimized with the Yoast SEO plugin v27.2 - https:\/\/yoast.com\/product\/yoast-seo-wordpress\/ -->\n<title>Telecomanda Nina Io - Magazin SCS<\/title>\n<meta name=\"robots\" content=\"index, follow, max-snippet:-1, max-image-preview:large, max-video-preview:-1\" \/>\n<link rel=\"canonical\" href=\"https:\/\/scsystems.ro\/magazin\/produs\/nina-io\/\" \/>\n<meta property=\"og:locale\" content=\"ro_RO\" \/>\n<meta property=\"og:type\" content=\"article\" \/>\n<meta property=\"og:title\" content=\"Telecomanda Nina Io - Magazin SCS\" \/>\n<meta property=\"og:description\" content=\"Telecomanda de grup Nina io  Echipamente:  Copertine,U\u015fi de garaj,Pergole,Automatizarea casei,Por\u0163i,Jaluzele vene\u0163iene exterioare,Jaluzele interioare,Rulouri,Perdele  Tehnologie:  io technology\" \/>\n<meta property=\"og:url\" content=\"https:\/\/scsystems.ro\/magazin\/produs\/nina-io\/\" \/>\n<meta property=\"og:site_name\" content=\"Magazin SCS\" \/>\n<meta property=\"article:publisher\" content=\"https:\/\/www.facebook.com\/smartclosingsystems\/\" \/>\n<meta property=\"article:modified_time\" content=\"2026-03-27T16:36:57+00:00\" \/>\n<meta property=\"og:image\" content=\"https:\/\/scsystems.ro\/magazin\/wp-content\/uploads\/sites\/2\/2019\/10\/Nina-io-telecomanda-scaled.webp\" \/>\n\t<meta property=\"og:image:width\" content=\"2364\" \/>\n\t<meta property=\"og:image:height\" content=\"2560\" \/>\n\t<meta property=\"og:image:type\" content=\"image\/webp\" \/>\n<meta name=\"twitter:card\" content=\"summary_large_image\" \/>\n<meta name=\"twitter:label1\" content=\"Timp estimat pentru citire\" \/>\n\t<meta name=\"twitter:data1\" content=\"1 minut\" \/>\n<script type=\"application\/ld+json\" class=\"yoast-schema-graph\">{\"@context\":\"https:\/\/schema.org\",\"@graph\":[{\"@type\":\"WebPage\",\"@id\":\"https:\/\/scsystems.ro\/magazin\/produs\/nina-io\/\",\"url\":\"https:\/\/scsystems.ro\/magazin\/produs\/nina-io\/\",\"name\":\"Telecomanda Nina Io - Magazin SCS\",\"isPartOf\":{\"@id\":\"https:\/\/scsystems.ro\/magazin\/#website\"},\"primaryImageOfPage\":{\"@id\":\"https:\/\/scsystems.ro\/magazin\/produs\/nina-io\/#primaryimage\"},\"image\":{\"@id\":\"https:\/\/scsystems.ro\/magazin\/produs\/nina-io\/#primaryimage\"},\"thumbnailUrl\":\"https:\/\/scsystems.ro\/magazin\/wp-content\/uploads\/sites\/2\/2019\/10\/Nina-io-telecomanda-scaled.webp\",\"datePublished\":\"2023-03-01T19:33:49+00:00\",\"dateModified\":\"2026-03-27T16:36:57+00:00\",\"breadcrumb\":{\"@id\":\"https:\/\/scsystems.ro\/magazin\/produs\/nina-io\/#breadcrumb\"},\"inLanguage\":\"ro-RO\",\"potentialAction\":[{\"@type\":\"ReadAction\",\"target\":[\"https:\/\/scsystems.ro\/magazin\/produs\/nina-io\/\"]}]},{\"@type\":\"ImageObject\",\"inLanguage\":\"ro-RO\",\"@id\":\"https:\/\/scsystems.ro\/magazin\/produs\/nina-io\/#primaryimage\",\"url\":\"https:\/\/scsystems.ro\/magazin\/wp-content\/uploads\/sites\/2\/2019\/10\/Nina-io-telecomanda-scaled.webp\",\"contentUrl\":\"https:\/\/scsystems.ro\/magazin\/wp-content\/uploads\/sites\/2\/2019\/10\/Nina-io-telecomanda-scaled.webp\",\"width\":2364,\"height\":2560},{\"@type\":\"BreadcrumbList\",\"@id\":\"https:\/\/scsystems.ro\/magazin\/produs\/nina-io\/#breadcrumb\",\"itemListElement\":[{\"@type\":\"ListItem\",\"position\":1,\"name\":\"Magazin\",\"item\":\"https:\/\/scsystems.ro\/magazin\/\"},{\"@type\":\"ListItem\",\"position\":2,\"name\":\"Toate Produsele\",\"item\":\"https:\/\/scsystems.ro\/magazin\/toate-produsele\/\"},{\"@type\":\"ListItem\",\"position\":3,\"name\":\"Telecomanda Nina Io\"}]},{\"@type\":\"WebSite\",\"@id\":\"https:\/\/scsystems.ro\/magazin\/#website\",\"url\":\"https:\/\/scsystems.ro\/magazin\/\",\"name\":\"Magazin SCS\",\"description\":\"Smart Closing Systems Magazin\",\"publisher\":{\"@id\":\"https:\/\/scsystems.ro\/magazin\/#organization\"},\"potentialAction\":[{\"@type\":\"SearchAction\",\"target\":{\"@type\":\"EntryPoint\",\"urlTemplate\":\"https:\/\/scsystems.ro\/magazin\/?s={search_term_string}\"},\"query-input\":{\"@type\":\"PropertyValueSpecification\",\"valueRequired\":true,\"valueName\":\"search_term_string\"}}],\"inLanguage\":\"ro-RO\"},{\"@type\":\"Organization\",\"@id\":\"https:\/\/scsystems.ro\/magazin\/#organization\",\"name\":\"Smart Closing Systems\",\"alternateName\":\"SCS\",\"url\":\"https:\/\/scsystems.ro\/magazin\/\",\"logo\":{\"@type\":\"ImageObject\",\"inLanguage\":\"ro-RO\",\"@id\":\"https:\/\/scsystems.ro\/magazin\/#\/schema\/logo\/image\/\",\"url\":\"https:\/\/scsystems.ro\/magazin\/wp-content\/uploads\/sites\/2\/2023\/03\/logo-SCS-Negru-vm.png\",\"contentUrl\":\"https:\/\/scsystems.ro\/magazin\/wp-content\/uploads\/sites\/2\/2023\/03\/logo-SCS-Negru-vm.png\",\"width\":2241,\"height\":1459,\"caption\":\"Smart Closing Systems\"},\"image\":{\"@id\":\"https:\/\/scsystems.ro\/magazin\/#\/schema\/logo\/image\/\"},\"sameAs\":[\"https:\/\/www.facebook.com\/smartclosingsystems\/\"]}]}<\/script>\n<!-- \/ Yoast SEO plugin. -->","yoast_head_json":{"title":"Telecomanda Nina Io - Magazin SCS","robots":{"index":"index","follow":"follow","max-snippet":"max-snippet:-1","max-image-preview":"max-image-preview:large","max-video-preview":"max-video-preview:-1"},"canonical":"https:\/\/scsystems.ro\/magazin\/produs\/nina-io\/","og_locale":"ro_RO","og_type":"article","og_title":"Telecomanda Nina Io - Magazin SCS","og_description":"Telecomanda de grup Nina io  Echipamente:  Copertine,U\u015fi de garaj,Pergole,Automatizarea casei,Por\u0163i,Jaluzele vene\u0163iene exterioare,Jaluzele interioare,Rulouri,Perdele  Tehnologie:  io technology","og_url":"https:\/\/scsystems.ro\/magazin\/produs\/nina-io\/","og_site_name":"Magazin SCS","article_publisher":"https:\/\/www.facebook.com\/smartclosingsystems\/","article_modified_time":"2026-03-27T16:36:57+00:00","og_image":[{"width":2364,"height":2560,"url":"https:\/\/scsystems.ro\/magazin\/wp-content\/uploads\/sites\/2\/2019\/10\/Nina-io-telecomanda-scaled.webp","type":"image\/webp"}],"twitter_card":"summary_large_image","twitter_misc":{"Timp estimat pentru citire":"1 minut"},"schema":{"@context":"https:\/\/schema.org","@graph":[{"@type":"WebPage","@id":"https:\/\/scsystems.ro\/magazin\/produs\/nina-io\/","url":"https:\/\/scsystems.ro\/magazin\/produs\/nina-io\/","name":"Telecomanda Nina Io - Magazin SCS","isPartOf":{"@id":"https:\/\/scsystems.ro\/magazin\/#website"},"primaryImageOfPage":{"@id":"https:\/\/scsystems.ro\/magazin\/produs\/nina-io\/#primaryimage"},"image":{"@id":"https:\/\/scsystems.ro\/magazin\/produs\/nina-io\/#primaryimage"},"thumbnailUrl":"https:\/\/scsystems.ro\/magazin\/wp-content\/uploads\/sites\/2\/2019\/10\/Nina-io-telecomanda-scaled.webp","datePublished":"2023-03-01T19:33:49+00:00","dateModified":"2026-03-27T16:36:57+00:00","breadcrumb":{"@id":"https:\/\/scsystems.ro\/magazin\/produs\/nina-io\/#breadcrumb"},"inLanguage":"ro-RO","potentialAction":[{"@type":"ReadAction","target":["https:\/\/scsystems.ro\/magazin\/produs\/nina-io\/"]}]},{"@type":"ImageObject","inLanguage":"ro-RO","@id":"https:\/\/scsystems.ro\/magazin\/produs\/nina-io\/#primaryimage","url":"https:\/\/scsystems.ro\/magazin\/wp-content\/uploads\/sites\/2\/2019\/10\/Nina-io-telecomanda-scaled.webp","contentUrl":"https:\/\/scsystems.ro\/magazin\/wp-content\/uploads\/sites\/2\/2019\/10\/Nina-io-telecomanda-scaled.webp","width":2364,"height":2560},{"@type":"BreadcrumbList","@id":"https:\/\/scsystems.ro\/magazin\/produs\/nina-io\/#breadcrumb","itemListElement":[{"@type":"ListItem","position":1,"name":"Magazin","item":"https:\/\/scsystems.ro\/magazin\/"},{"@type":"ListItem","position":2,"name":"Toate Produsele","item":"https:\/\/scsystems.ro\/magazin\/toate-produsele\/"},{"@type":"ListItem","position":3,"name":"Telecomanda Nina Io"}]},{"@type":"WebSite","@id":"https:\/\/scsystems.ro\/magazin\/#website","url":"https:\/\/scsystems.ro\/magazin\/","name":"Magazin SCS","description":"Smart Closing Systems Magazin","publisher":{"@id":"https:\/\/scsystems.ro\/magazin\/#organization"},"potentialAction":[{"@type":"SearchAction","target":{"@type":"EntryPoint","urlTemplate":"https:\/\/scsystems.ro\/magazin\/?s={search_term_string}"},"query-input":{"@type":"PropertyValueSpecification","valueRequired":true,"valueName":"search_term_string"}}],"inLanguage":"ro-RO"},{"@type":"Organization","@id":"https:\/\/scsystems.ro\/magazin\/#organization","name":"Smart Closing Systems","alternateName":"SCS","url":"https:\/\/scsystems.ro\/magazin\/","logo":{"@type":"ImageObject","inLanguage":"ro-RO","@id":"https:\/\/scsystems.ro\/magazin\/#\/schema\/logo\/image\/","url":"https:\/\/scsystems.ro\/magazin\/wp-content\/uploads\/sites\/2\/2023\/03\/logo-SCS-Negru-vm.png","contentUrl":"https:\/\/scsystems.ro\/magazin\/wp-content\/uploads\/sites\/2\/2023\/03\/logo-SCS-Negru-vm.png","width":2241,"height":1459,"caption":"Smart Closing Systems"},"image":{"@id":"https:\/\/scsystems.ro\/magazin\/#\/schema\/logo\/image\/"},"sameAs":["https:\/\/www.facebook.com\/smartclosingsystems\/"]}]}},"jetpack_sharing_enabled":true,"brands":[{"id":40,"name":"Somfy","slug":"somfy"}],"_links":{"self":[{"href":"https:\/\/scsystems.ro\/magazin\/wp-json\/wp\/v2\/product\/256","targetHints":{"allow":["GET"]}}],"collection":[{"href":"https:\/\/scsystems.ro\/magazin\/wp-json\/wp\/v2\/product"}],"about":[{"href":"https:\/\/scsystems.ro\/magazin\/wp-json\/wp\/v2\/types\/product"}],"replies":[{"embeddable":true,"href":"https:\/\/scsystems.ro\/magazin\/wp-json\/wp\/v2\/comments?post=256"}],"wp:featuredmedia":[{"embeddable":true,"href":"https:\/\/scsystems.ro\/magazin\/wp-json\/wp\/v2\/media\/682"}],"wp:attachment":[{"href":"https:\/\/scsystems.ro\/magazin\/wp-json\/wp\/v2\/media?parent=256"}],"wp:term":[{"taxonomy":"pwb-brand","embeddable":true,"href":"https:\/\/scsystems.ro\/magazin\/wp-json\/wp\/v2\/pwb-brand?post=256"},{"taxonomy":"product_brand","embeddable":true,"href":"https:\/\/scsystems.ro\/magazin\/wp-json\/wp\/v2\/product_brand?post=256"},{"taxonomy":"product_cat","embeddable":true,"href":"https:\/\/scsystems.ro\/magazin\/wp-json\/wp\/v2\/product_cat?post=256"},{"taxonomy":"product_tag","embeddable":true,"href":"https:\/\/scsystems.ro\/magazin\/wp-json\/wp\/v2\/product_tag?post=256"}],"curies":[{"name":"wp","href":"https:\/\/api.w.org\/{rel}","templated":true}]}}