{"id":2350,"date":"2025-07-09T08:39:48","date_gmt":"2025-07-09T08:39:48","guid":{"rendered":"https:\/\/scsystems.ro\/magazin\/?post_type=product&#038;p=2350"},"modified":"2025-07-31T22:38:42","modified_gmt":"2025-07-31T22:38:42","slug":"kit-automatizare-batanta-sommer-twist-350-s2-2","status":"publish","type":"product","link":"https:\/\/scsystems.ro\/magazin\/produs\/kit-automatizare-batanta-sommer-twist-350-s2-2\/","title":{"rendered":"Kit automatizare batanta Sommer Twist 350 S2+"},"content":{"rendered":"<p><strong>Kit automatizare batanta Sommer Twist 350 S2+<br \/>\nKit automatizare batanta<\/strong> 2 brate <strong>Sommer Twist 350 S2<\/strong>, 700Kg, MAX cod produs: TWIST350S2+<br \/>\n868,95 MHz SOMloq2, FAST VERSION vmax 40mm\/s, include: 1xTC4MCAPEARL (4018V000), 1xLAMPA LED SLIM 3W IP44 (S13645-00001), 1xper FOTOCELULE UN SENS 10M 4\u00a0FIRE\u00a0(7020V000)<\/p>\n<p>pentru por\u0163ile batante de p\u00e2n\u0103 la 3,5 m l\u0103\u0163ime<\/p>\n<p><strong>Beneficii:<\/strong><\/p>\n<p>\uf0a7 2 ani garan\u021bie de func\u021bionare, sus\u021binut\u0103 de produc\u0103tor<br \/>\n\uf0a7 Func\u021bioneaz\u0103 cu por\u021bi de p\u00e2n\u0103 la 3,5m l\u0103\u021bime \u0219i greutate maxim\u0103 de 300kg pe fiecare bra\u021b al por\u021bii<br \/>\n\uf0a7 Se poate instala pe por\u021bi cu unul sau dou\u0103 bra\u021be, cu deschidere pe st\u00e2nga sau pe dreapta<br \/>\n\uf0a7 Nu necesit\u0103 \u00eentre\u021binere special\u0103<br \/>\n\uf0a7 Deschidere \u00een interior sau \u00een exterior<\/p>\n<p><strong>Carcasa motorului<\/strong><br \/>\n\uf0a7 Rezistent\u0103 la intemperii \u0219i radia\u021bii UV<br \/>\n\uf0a7 Durabil\u0103<br \/>\n\uf0a7 De culoarea antracitului<\/p>\n<p><strong>Unitatea de comand\u0103 (DST-A24)<\/strong><br \/>\n\uf0a7 Se folose\u0219te at\u00e2t pentru variantele cu un bra\u021b, c\u00e2t \u0219i pentru cele cu 2 bra\u021be<br \/>\n\uf0a7 U\u0219or de programat<br \/>\n\uf0a7 Posibilitate programare cu \u201cTorMinal\u201d<br \/>\n\uf0a7 Clas\u0103 de protec\u0163ie IP65<\/p>\n<p><strong>Deblocare de urgen\u021b\u0103<\/strong><br \/>\n\u00cen cazul unei pene de curent, motoarele SOMMER se pot debloca \u0219i bloca manual, \u00een orice pozi\u021bie este l\u0103sat\u0103 u\u0219a. Acest lucru ofer\u0103 siguran\u021b\u0103 \u0219i confort familiei dumneavoastr\u0103.<\/p>\n<p><strong>Sistem de prindere pe poart\u0103<\/strong><br \/>\n\uf0a7 Reglabil<br \/>\n\uf0a7 Poate fi \u00een\u0219urubat sau sudat<\/p>\n<p><strong>Reglare electronic\u0103 a cursei<\/strong><br \/>\n\uf0a7 Cu contact de tip \u201cReed\u201d<br \/>\n\uf0a7 Reglarea precis\u0103 a cursei<br \/>\n\uf0a7 U\u0219or de reglat<br \/>\n\uf0a7 F\u0103r\u0103 ajust\u0103ri mecanice<\/p>\n<p><strong>Pachetul Twist350 con\u021bine:<\/strong><br \/>\n\uf0a7 Unitate de comand\u0103 (DST-A24)<br \/>\n\uf0a7 2 motoare cu dispozitiv de deblocare cu cheie<br \/>\n\uf0a7 Telecomand\u0103 cu 4 canale<br \/>\n\uf0a7 Sistem de fotocelule<br \/>\n\uf0a7 Lamp\u0103 de avertizare<br \/>\n\uf0a7 Sistem de prindere pe st\u00e2lp \u0219i pe poart\u0103<br \/>\n868,95 MHz SOMloq2<\/p>\n<h4><strong>Beneficii suplimentare ale Kit automatizare batanta Sommer Twist 350 S2<\/strong><br \/>\n\uf0a7 Func\u021bionare silen\u021bioas\u0103 \u0219i lin\u0103<br \/>\n\uf0a7 Se pot folosi at\u00e2t pentru por\u021bile care se deschid spre interior, c\u00e2t \u0219i spre exterior<br \/>\n\uf0a7 Ie\u0219iri \u0219i intr\u0103ri pentru conectare: posibilitate conectare selector cu cheie \u0219i buton de impuls; alimentare 24V, maxim 1A \u0219i 20W; yal\u0103 electromagnetic\u0103<br \/>\n\uf0a7 Permite configur\u0103ri multiple precum: folosire pietonal\u0103, \u00eenchidere automat\u0103, stabilirea comportamentului la \u00eent\u00e2lnirea unui obstacol (poarta se deschide par\u021bial sau complet)<\/h4>\n","protected":false},"excerpt":{"rendered":"<p><strong>Kit automatizare batanta<\/strong> 2 brate <strong>Sommer Twist 350<\/strong>, 700KG, MAX cod produs: TWIST350S2+<\/p>\n<p>pentru por\u0163ile batante de p\u00e2n\u0103 la 3,5 m l\u0103\u0163ime<\/p>\n","protected":false},"featured_media":1716,"comment_status":"open","ping_status":"closed","template":"","meta":{"_eb_attr":""},"pwb-brand":[41],"product_brand":[],"product_cat":[25,26],"product_tag":[77,119,39,125,135,203],"class_list":{"0":"post-2350","1":"product","2":"type-product","3":"status-publish","4":"has-post-thumbnail","6":"pwb-brand-sommer","7":"product_cat-kituri-automatizari","8":"product_cat-smart-home","9":"product_tag-kit-automatizari","10":"product_tag-poarta-batanta","11":"product_tag-smart-home","12":"product_tag-sommer","13":"product_tag-twist-350","14":"product_tag-twist-350-s2","16":"first","17":"instock","18":"taxable","19":"shipping-taxable","20":"purchasable","21":"product-type-simple"},"yoast_head":"<!-- This site is optimized with the Yoast SEO plugin v27.2 - https:\/\/yoast.com\/product\/yoast-seo-wordpress\/ -->\n<title>Kit automatizare batanta Sommer Twist 350 S2+ - Magazin SCS<\/title>\n<meta name=\"description\" content=\"Kit automatizare batanta Sommer Twist 350 S2+ ofer\u0103 protec\u021bie maxim\u0103 \u00eempotriva hackerilor datorit\u0103 cript\u0103rii AES de 128 de bi\u021bi cu cod de rulare SOMloq2\" \/>\n<meta name=\"robots\" content=\"index, follow, max-snippet:-1, max-image-preview:large, max-video-preview:-1\" \/>\n<link rel=\"canonical\" href=\"https:\/\/scsystems.ro\/magazin\/produs\/kit-automatizare-batanta-sommer-twist-350-s2-2\/\" \/>\n<meta property=\"og:locale\" content=\"ro_RO\" \/>\n<meta property=\"og:type\" content=\"article\" \/>\n<meta property=\"og:title\" content=\"Kit automatizare batanta Sommer Twist 350 S2+ - Magazin SCS\" \/>\n<meta property=\"og:description\" content=\"Kit automatizare batanta Sommer Twist 350 S2+ ofer\u0103 protec\u021bie maxim\u0103 \u00eempotriva hackerilor datorit\u0103 cript\u0103rii AES de 128 de bi\u021bi cu cod de rulare SOMloq2\" \/>\n<meta property=\"og:url\" content=\"https:\/\/scsystems.ro\/magazin\/produs\/kit-automatizare-batanta-sommer-twist-350-s2-2\/\" \/>\n<meta property=\"og:site_name\" content=\"Magazin SCS\" \/>\n<meta property=\"article:publisher\" content=\"https:\/\/www.facebook.com\/smartclosingsystems\/\" \/>\n<meta property=\"article:modified_time\" content=\"2025-07-31T22:38:42+00:00\" \/>\n<meta property=\"og:image\" content=\"https:\/\/scsystems.ro\/magazin\/wp-content\/uploads\/sites\/2\/2023\/06\/Kit-automatizare-batanta-Sommer-Twist-350-2-scaled-e1686049722383.webp\" \/>\n\t<meta property=\"og:image:width\" content=\"2348\" \/>\n\t<meta property=\"og:image:height\" content=\"2297\" \/>\n\t<meta property=\"og:image:type\" content=\"image\/webp\" \/>\n<meta name=\"twitter:card\" content=\"summary_large_image\" \/>\n<meta name=\"twitter:label1\" content=\"Timp estimat pentru citire\" \/>\n\t<meta name=\"twitter:data1\" content=\"3 minute\" \/>\n<script type=\"application\/ld+json\" class=\"yoast-schema-graph\">{\"@context\":\"https:\/\/schema.org\",\"@graph\":[{\"@type\":\"WebPage\",\"@id\":\"https:\/\/scsystems.ro\/magazin\/produs\/kit-automatizare-batanta-sommer-twist-350-s2-2\/\",\"url\":\"https:\/\/scsystems.ro\/magazin\/produs\/kit-automatizare-batanta-sommer-twist-350-s2-2\/\",\"name\":\"Kit automatizare batanta Sommer Twist 350 S2+ - Magazin SCS\",\"isPartOf\":{\"@id\":\"https:\/\/scsystems.ro\/magazin\/#website\"},\"primaryImageOfPage\":{\"@id\":\"https:\/\/scsystems.ro\/magazin\/produs\/kit-automatizare-batanta-sommer-twist-350-s2-2\/#primaryimage\"},\"image\":{\"@id\":\"https:\/\/scsystems.ro\/magazin\/produs\/kit-automatizare-batanta-sommer-twist-350-s2-2\/#primaryimage\"},\"thumbnailUrl\":\"https:\/\/scsystems.ro\/magazin\/wp-content\/uploads\/sites\/2\/2023\/06\/Kit-automatizare-batanta-Sommer-Twist-350-2-scaled-e1686049722383.webp\",\"datePublished\":\"2025-07-09T08:39:48+00:00\",\"dateModified\":\"2025-07-31T22:38:42+00:00\",\"description\":\"Kit automatizare batanta Sommer Twist 350 S2+ ofer\u0103 protec\u021bie maxim\u0103 \u00eempotriva hackerilor datorit\u0103 cript\u0103rii AES de 128 de bi\u021bi cu cod de rulare SOMloq2\",\"breadcrumb\":{\"@id\":\"https:\/\/scsystems.ro\/magazin\/produs\/kit-automatizare-batanta-sommer-twist-350-s2-2\/#breadcrumb\"},\"inLanguage\":\"ro-RO\",\"potentialAction\":[{\"@type\":\"ReadAction\",\"target\":[\"https:\/\/scsystems.ro\/magazin\/produs\/kit-automatizare-batanta-sommer-twist-350-s2-2\/\"]}]},{\"@type\":\"ImageObject\",\"inLanguage\":\"ro-RO\",\"@id\":\"https:\/\/scsystems.ro\/magazin\/produs\/kit-automatizare-batanta-sommer-twist-350-s2-2\/#primaryimage\",\"url\":\"https:\/\/scsystems.ro\/magazin\/wp-content\/uploads\/sites\/2\/2023\/06\/Kit-automatizare-batanta-Sommer-Twist-350-2-scaled-e1686049722383.webp\",\"contentUrl\":\"https:\/\/scsystems.ro\/magazin\/wp-content\/uploads\/sites\/2\/2023\/06\/Kit-automatizare-batanta-Sommer-Twist-350-2-scaled-e1686049722383.webp\",\"width\":2348,\"height\":2297,\"caption\":\"Kit automatizare batanta Sommer Twist 350\"},{\"@type\":\"BreadcrumbList\",\"@id\":\"https:\/\/scsystems.ro\/magazin\/produs\/kit-automatizare-batanta-sommer-twist-350-s2-2\/#breadcrumb\",\"itemListElement\":[{\"@type\":\"ListItem\",\"position\":1,\"name\":\"Magazin\",\"item\":\"https:\/\/scsystems.ro\/magazin\/\"},{\"@type\":\"ListItem\",\"position\":2,\"name\":\"Toate Produsele\",\"item\":\"https:\/\/scsystems.ro\/magazin\/toate-produsele\/\"},{\"@type\":\"ListItem\",\"position\":3,\"name\":\"Kit automatizare batanta Sommer Twist 350 S2+\"}]},{\"@type\":\"WebSite\",\"@id\":\"https:\/\/scsystems.ro\/magazin\/#website\",\"url\":\"https:\/\/scsystems.ro\/magazin\/\",\"name\":\"Magazin SCS\",\"description\":\"Smart Closing Systems Magazin\",\"publisher\":{\"@id\":\"https:\/\/scsystems.ro\/magazin\/#organization\"},\"potentialAction\":[{\"@type\":\"SearchAction\",\"target\":{\"@type\":\"EntryPoint\",\"urlTemplate\":\"https:\/\/scsystems.ro\/magazin\/?s={search_term_string}\"},\"query-input\":{\"@type\":\"PropertyValueSpecification\",\"valueRequired\":true,\"valueName\":\"search_term_string\"}}],\"inLanguage\":\"ro-RO\"},{\"@type\":\"Organization\",\"@id\":\"https:\/\/scsystems.ro\/magazin\/#organization\",\"name\":\"Smart Closing Systems\",\"alternateName\":\"SCS\",\"url\":\"https:\/\/scsystems.ro\/magazin\/\",\"logo\":{\"@type\":\"ImageObject\",\"inLanguage\":\"ro-RO\",\"@id\":\"https:\/\/scsystems.ro\/magazin\/#\/schema\/logo\/image\/\",\"url\":\"https:\/\/scsystems.ro\/magazin\/wp-content\/uploads\/sites\/2\/2023\/03\/logo-SCS-Negru-vm.png\",\"contentUrl\":\"https:\/\/scsystems.ro\/magazin\/wp-content\/uploads\/sites\/2\/2023\/03\/logo-SCS-Negru-vm.png\",\"width\":2241,\"height\":1459,\"caption\":\"Smart Closing Systems\"},\"image\":{\"@id\":\"https:\/\/scsystems.ro\/magazin\/#\/schema\/logo\/image\/\"},\"sameAs\":[\"https:\/\/www.facebook.com\/smartclosingsystems\/\"]}]}<\/script>\n<!-- \/ Yoast SEO plugin. -->","yoast_head_json":{"title":"Kit automatizare batanta Sommer Twist 350 S2+ - Magazin SCS","description":"Kit automatizare batanta Sommer Twist 350 S2+ ofer\u0103 protec\u021bie maxim\u0103 \u00eempotriva hackerilor datorit\u0103 cript\u0103rii AES de 128 de bi\u021bi cu cod de rulare SOMloq2","robots":{"index":"index","follow":"follow","max-snippet":"max-snippet:-1","max-image-preview":"max-image-preview:large","max-video-preview":"max-video-preview:-1"},"canonical":"https:\/\/scsystems.ro\/magazin\/produs\/kit-automatizare-batanta-sommer-twist-350-s2-2\/","og_locale":"ro_RO","og_type":"article","og_title":"Kit automatizare batanta Sommer Twist 350 S2+ - Magazin SCS","og_description":"Kit automatizare batanta Sommer Twist 350 S2+ ofer\u0103 protec\u021bie maxim\u0103 \u00eempotriva hackerilor datorit\u0103 cript\u0103rii AES de 128 de bi\u021bi cu cod de rulare SOMloq2","og_url":"https:\/\/scsystems.ro\/magazin\/produs\/kit-automatizare-batanta-sommer-twist-350-s2-2\/","og_site_name":"Magazin SCS","article_publisher":"https:\/\/www.facebook.com\/smartclosingsystems\/","article_modified_time":"2025-07-31T22:38:42+00:00","og_image":[{"width":2348,"height":2297,"url":"https:\/\/scsystems.ro\/magazin\/wp-content\/uploads\/sites\/2\/2023\/06\/Kit-automatizare-batanta-Sommer-Twist-350-2-scaled-e1686049722383.webp","type":"image\/webp"}],"twitter_card":"summary_large_image","twitter_misc":{"Timp estimat pentru citire":"3 minute"},"schema":{"@context":"https:\/\/schema.org","@graph":[{"@type":"WebPage","@id":"https:\/\/scsystems.ro\/magazin\/produs\/kit-automatizare-batanta-sommer-twist-350-s2-2\/","url":"https:\/\/scsystems.ro\/magazin\/produs\/kit-automatizare-batanta-sommer-twist-350-s2-2\/","name":"Kit automatizare batanta Sommer Twist 350 S2+ - Magazin SCS","isPartOf":{"@id":"https:\/\/scsystems.ro\/magazin\/#website"},"primaryImageOfPage":{"@id":"https:\/\/scsystems.ro\/magazin\/produs\/kit-automatizare-batanta-sommer-twist-350-s2-2\/#primaryimage"},"image":{"@id":"https:\/\/scsystems.ro\/magazin\/produs\/kit-automatizare-batanta-sommer-twist-350-s2-2\/#primaryimage"},"thumbnailUrl":"https:\/\/scsystems.ro\/magazin\/wp-content\/uploads\/sites\/2\/2023\/06\/Kit-automatizare-batanta-Sommer-Twist-350-2-scaled-e1686049722383.webp","datePublished":"2025-07-09T08:39:48+00:00","dateModified":"2025-07-31T22:38:42+00:00","description":"Kit automatizare batanta Sommer Twist 350 S2+ ofer\u0103 protec\u021bie maxim\u0103 \u00eempotriva hackerilor datorit\u0103 cript\u0103rii AES de 128 de bi\u021bi cu cod de rulare SOMloq2","breadcrumb":{"@id":"https:\/\/scsystems.ro\/magazin\/produs\/kit-automatizare-batanta-sommer-twist-350-s2-2\/#breadcrumb"},"inLanguage":"ro-RO","potentialAction":[{"@type":"ReadAction","target":["https:\/\/scsystems.ro\/magazin\/produs\/kit-automatizare-batanta-sommer-twist-350-s2-2\/"]}]},{"@type":"ImageObject","inLanguage":"ro-RO","@id":"https:\/\/scsystems.ro\/magazin\/produs\/kit-automatizare-batanta-sommer-twist-350-s2-2\/#primaryimage","url":"https:\/\/scsystems.ro\/magazin\/wp-content\/uploads\/sites\/2\/2023\/06\/Kit-automatizare-batanta-Sommer-Twist-350-2-scaled-e1686049722383.webp","contentUrl":"https:\/\/scsystems.ro\/magazin\/wp-content\/uploads\/sites\/2\/2023\/06\/Kit-automatizare-batanta-Sommer-Twist-350-2-scaled-e1686049722383.webp","width":2348,"height":2297,"caption":"Kit automatizare batanta Sommer Twist 350"},{"@type":"BreadcrumbList","@id":"https:\/\/scsystems.ro\/magazin\/produs\/kit-automatizare-batanta-sommer-twist-350-s2-2\/#breadcrumb","itemListElement":[{"@type":"ListItem","position":1,"name":"Magazin","item":"https:\/\/scsystems.ro\/magazin\/"},{"@type":"ListItem","position":2,"name":"Toate Produsele","item":"https:\/\/scsystems.ro\/magazin\/toate-produsele\/"},{"@type":"ListItem","position":3,"name":"Kit automatizare batanta Sommer Twist 350 S2+"}]},{"@type":"WebSite","@id":"https:\/\/scsystems.ro\/magazin\/#website","url":"https:\/\/scsystems.ro\/magazin\/","name":"Magazin SCS","description":"Smart Closing Systems Magazin","publisher":{"@id":"https:\/\/scsystems.ro\/magazin\/#organization"},"potentialAction":[{"@type":"SearchAction","target":{"@type":"EntryPoint","urlTemplate":"https:\/\/scsystems.ro\/magazin\/?s={search_term_string}"},"query-input":{"@type":"PropertyValueSpecification","valueRequired":true,"valueName":"search_term_string"}}],"inLanguage":"ro-RO"},{"@type":"Organization","@id":"https:\/\/scsystems.ro\/magazin\/#organization","name":"Smart Closing Systems","alternateName":"SCS","url":"https:\/\/scsystems.ro\/magazin\/","logo":{"@type":"ImageObject","inLanguage":"ro-RO","@id":"https:\/\/scsystems.ro\/magazin\/#\/schema\/logo\/image\/","url":"https:\/\/scsystems.ro\/magazin\/wp-content\/uploads\/sites\/2\/2023\/03\/logo-SCS-Negru-vm.png","contentUrl":"https:\/\/scsystems.ro\/magazin\/wp-content\/uploads\/sites\/2\/2023\/03\/logo-SCS-Negru-vm.png","width":2241,"height":1459,"caption":"Smart Closing Systems"},"image":{"@id":"https:\/\/scsystems.ro\/magazin\/#\/schema\/logo\/image\/"},"sameAs":["https:\/\/www.facebook.com\/smartclosingsystems\/"]}]}},"jetpack_sharing_enabled":true,"brands":[{"id":41,"name":"Sommer","slug":"sommer"}],"_links":{"self":[{"href":"https:\/\/scsystems.ro\/magazin\/wp-json\/wp\/v2\/product\/2350","targetHints":{"allow":["GET"]}}],"collection":[{"href":"https:\/\/scsystems.ro\/magazin\/wp-json\/wp\/v2\/product"}],"about":[{"href":"https:\/\/scsystems.ro\/magazin\/wp-json\/wp\/v2\/types\/product"}],"replies":[{"embeddable":true,"href":"https:\/\/scsystems.ro\/magazin\/wp-json\/wp\/v2\/comments?post=2350"}],"wp:featuredmedia":[{"embeddable":true,"href":"https:\/\/scsystems.ro\/magazin\/wp-json\/wp\/v2\/media\/1716"}],"wp:attachment":[{"href":"https:\/\/scsystems.ro\/magazin\/wp-json\/wp\/v2\/media?parent=2350"}],"wp:term":[{"taxonomy":"pwb-brand","embeddable":true,"href":"https:\/\/scsystems.ro\/magazin\/wp-json\/wp\/v2\/pwb-brand?post=2350"},{"taxonomy":"product_brand","embeddable":true,"href":"https:\/\/scsystems.ro\/magazin\/wp-json\/wp\/v2\/product_brand?post=2350"},{"taxonomy":"product_cat","embeddable":true,"href":"https:\/\/scsystems.ro\/magazin\/wp-json\/wp\/v2\/product_cat?post=2350"},{"taxonomy":"product_tag","embeddable":true,"href":"https:\/\/scsystems.ro\/magazin\/wp-json\/wp\/v2\/product_tag?post=2350"}],"curies":[{"name":"wp","href":"https:\/\/api.w.org\/{rel}","templated":true}]}}