{"id":1934,"date":"2023-12-16T13:05:52","date_gmt":"2023-12-16T13:05:52","guid":{"rendered":"https:\/\/scsystems.ro\/magazin\/?post_type=product&#038;p=1934"},"modified":"2025-07-31T23:51:00","modified_gmt":"2025-07-31T23:51:00","slug":"kit-automatizare-sommer-pro500","status":"publish","type":"product","link":"https:\/\/scsystems.ro\/magazin\/produs\/kit-automatizare-sommer-pro500\/","title":{"rendered":"Kit automatizare Sommer PRO500"},"content":{"rendered":"<p>Kit automatizare Sommer PRO500<\/p>\n<p>\u2022 For\u021b\u0103 de tragere \u0219i ap\u0103sare 500N<br \/>\n\u2022 C\u0103rucior cu receptor radio integrat (MF 868,95 MHz SOMloq2, 40 de loca\u021bii de memorie)<br \/>\n\u2022 Iluminare LED \u00een c\u0103rucior cu 3 LED-uri<br \/>\n\u2022 C\u0103rucior de rulare din trei p\u0103r\u021bi, c\u0103rucior, suspensie de tavan, protec\u021bie \u00eempotriva c\u0103derii, bra\u021b de \u00eempingere, suport de fixare a u\u0219ii \u0219i material de montare<\/p>\n<p>Noul SOMMER S 9050 pro este modelul inovator \u0219i avansat care \u00eei succede popularului duo de viziune. Cutia de control separat\u0103 ofer\u0103 \u0219i mai mult\u0103 flexibilitate \u0219i confort. SOMMER S 9050 pro este un pachet de motorizare complet, universal \u0219i gata de utilizare. Automatizarea pre-asamblat\u0103 pentru a fi fixat\u0103 pe tavan poate fi utilizat\u0103 la toate tipurile de u\u0219i de garaj.<\/p>\n<p><strong>Continut:<\/strong><\/p>\n<p>motor S 9050 pro pt usa de garaj rezidentiala, 500N, 868,8Mhz,<br \/>\nL max=3 m, H max = 3.8 m,<br \/>\n1 Telecomanda Pearl 4 canale (868,8Mhz) ,<br \/>\nsina H max = 2500<\/p>\n<p><strong>Kit automatizare usa garaj sectionala\u00a0<\/strong><\/p>\n<p>Un kit automatizare Sommer PRO500 usa de garaj sectionala are unitate de comanda inclusa. Unitatea are frecventa de 868,8 MHz si 112 sloturi de memorie. Ea are functie de <strong>detectare obstacole<\/strong>, adica ridica usa automat la intalnirea unui obstacol.\u00a0<strong>Tehnologia Dynamic Power System<\/strong>\u00a0calculeaza automat forta necesara actionarii usii si\u00a0<strong>auto-regleaza motorul<\/strong>\u00a0pentru o functionare sigura si precisa. Unitatea de comanda inclusa are incorporata o lampa de semnalizare.<\/p>\n<p>Acest kit Sommer PRO500 are un motor cu <strong>consum redus<\/strong>\u00a0de energie, fiind foarte fiabil si avand durabilitate mare in timp. El are un\u00a0<strong>sistem de autoblocare<\/strong>\u00a0si are o functionare silentioasa.<\/p>\n<p><strong>Instalarea<\/strong>\u00a0unui\u00a0<strong>kit automatizare usa de garaj sectionala Sommer PRO500<\/strong>\u00a0este foarte usoara si rapida. De altfel, orice automatizare Sommer este facila si poate fi realizata intr-un timp foarte mic.<\/p>\n<p>Orice automatizare usa de garaj Sommer are un sistem de deschidere realizat astfel incat sa ofere posibilitatea deschiderii usii in cazul panelor de curent. Deblocarea unui kit Sommer este posibila, indiferent de pozitia usii de garaj sectionala, aceasta din urma putand fi deschisa si inchisa manual.<\/p>\n<p><strong>Componente :<\/strong><\/p>\n<ul>\n<li><strong>Motor Sommer S 9050<\/strong>\u00a0(1 buc);<\/li>\n<li><strong>Telecomanda Sommer<\/strong>\u00a0cu 4 canale (1 buc);<\/li>\n<li><strong>Unitate de comanda Sommer<\/strong>, (1 buc.);<\/li>\n<li><strong>Kit de instalare sina<\/strong>\u00a0pentru distant maxima tavan: 300 mm ( 2 buc.).<\/li>\n<\/ul>\n<p><img fetchpriority=\"high\" decoding=\"async\" class=\"alignnone wp-image-1686 size-full\" src=\"https:\/\/scsystems.ro\/magazin\/wp-content\/uploads\/sites\/2\/2023\/06\/Kit-automatizare-Sommer-Duo-Vision-500-2.webp\" alt=\"\" width=\"1250\" height=\"954\" srcset=\"https:\/\/scsystems.ro\/magazin\/wp-content\/uploads\/sites\/2\/2023\/06\/Kit-automatizare-Sommer-Duo-Vision-500-2.webp 1250w, https:\/\/scsystems.ro\/magazin\/wp-content\/uploads\/sites\/2\/2023\/06\/Kit-automatizare-Sommer-Duo-Vision-500-2-200x153.webp 200w, https:\/\/scsystems.ro\/magazin\/wp-content\/uploads\/sites\/2\/2023\/06\/Kit-automatizare-Sommer-Duo-Vision-500-2-300x229.webp 300w, https:\/\/scsystems.ro\/magazin\/wp-content\/uploads\/sites\/2\/2023\/06\/Kit-automatizare-Sommer-Duo-Vision-500-2-600x458.webp 600w\" sizes=\"(max-width: 1250px) 100vw, 1250px\" \/><\/p>\n<h4><strong>Caracteristici tehnice Kit automatizare Sommer PRO500 :<\/strong><\/h4>\n<table style=\"height: 117px;\" width=\"404\">\n<tbody>\n<tr>\n<td>Alimentare:<\/td>\n<td>230 Vac<\/td>\n<\/tr>\n<tr>\n<td>Putere absorbita:<\/td>\n<td>110 W<\/td>\n<\/tr>\n<tr>\n<td>Forta:<\/td>\n<td>500 N<\/td>\n<\/tr>\n<tr>\n<td>Viteza:<\/td>\n<td>180 mm\/sec<\/td>\n<\/tr>\n<\/tbody>\n<\/table>\n<table style=\"height: 78px;\" width=\"403\">\n<tbody>\n<tr>\n<td>Grad de protectie:<\/td>\n<td>IP21<\/td>\n<\/tr>\n<tr>\n<td>Latime usa:<\/td>\n<td>3 metri<\/td>\n<\/tr>\n<tr>\n<td>Temperatura:<\/td>\n<td>-20 \/ 50?C<\/td>\n<\/tr>\n<\/tbody>\n<\/table>\n<p>Alege\u021bi kitul de automatizare Sommer PRO500 pentru a v\u0103 bucura de confort, siguran\u021b\u0103 \u0219i performan\u021b\u0103 \u00een automatizarea u\u0219ii de garaj sectionale.<\/p>\n","protected":false},"excerpt":{"rendered":"<p>Kit automatizare Sommer PRO500<br \/>\n<strong>Continut:<br \/>\n<\/strong>motor S 9050 pro pt usa de garaj rezidentiala, 500N, 868,8Mhz,<br \/>\nL max=3 m, H max = 3.8 m,<br \/>\n1 Telecomanda Pearl 4 canale (868,8Mhz) ,<br \/>\nsina H max = 2500<\/p>\n","protected":false},"featured_media":1935,"comment_status":"open","ping_status":"closed","template":"","meta":{"_eb_attr":""},"pwb-brand":[41],"product_brand":[],"product_cat":[25,26],"product_tag":[77,127,39,125,88],"class_list":{"0":"post-1934","1":"product","2":"type-product","3":"status-publish","4":"has-post-thumbnail","6":"pwb-brand-sommer","7":"product_cat-kituri-automatizari","8":"product_cat-smart-home","9":"product_tag-kit-automatizari","10":"product_tag-rezidential","11":"product_tag-smart-home","12":"product_tag-sommer","13":"product_tag-usi-de-garaj","15":"first","16":"instock","17":"taxable","18":"shipping-taxable","19":"purchasable","20":"product-type-simple"},"yoast_head":"<!-- This site is optimized with the Yoast SEO plugin v27.2 - https:\/\/yoast.com\/product\/yoast-seo-wordpress\/ -->\n<title>Kit automatizare Sommer PRO500 - Magazin SCS<\/title>\n<meta name=\"description\" content=\"Kit automatizare Sommer PRO500 are un motor cu\u00a0consum redus\u00a0de energie, fiind foarte fiabil si avand durabilitate mare in timp.\" \/>\n<meta name=\"robots\" content=\"index, follow, max-snippet:-1, max-image-preview:large, max-video-preview:-1\" \/>\n<link rel=\"canonical\" href=\"https:\/\/scsystems.ro\/magazin\/produs\/kit-automatizare-sommer-pro500\/\" \/>\n<meta property=\"og:locale\" content=\"ro_RO\" \/>\n<meta property=\"og:type\" content=\"article\" \/>\n<meta property=\"og:title\" content=\"Kit automatizare Sommer PRO500 - Magazin SCS\" \/>\n<meta property=\"og:description\" content=\"Kit automatizare Sommer PRO500 are un motor cu\u00a0consum redus\u00a0de energie, fiind foarte fiabil si avand durabilitate mare in timp.\" \/>\n<meta property=\"og:url\" content=\"https:\/\/scsystems.ro\/magazin\/produs\/kit-automatizare-sommer-pro500\/\" \/>\n<meta property=\"og:site_name\" content=\"Magazin SCS\" \/>\n<meta property=\"article:publisher\" content=\"https:\/\/www.facebook.com\/smartclosingsystems\/\" \/>\n<meta property=\"article:modified_time\" content=\"2025-07-31T23:51:00+00:00\" \/>\n<meta property=\"og:image\" content=\"https:\/\/scsystems.ro\/magazin\/wp-content\/uploads\/sites\/2\/2023\/12\/Kit-automatizare-Sommer-PRO500.webp\" \/>\n\t<meta property=\"og:image:width\" content=\"985\" \/>\n\t<meta property=\"og:image:height\" content=\"727\" \/>\n\t<meta property=\"og:image:type\" content=\"image\/webp\" \/>\n<meta name=\"twitter:card\" content=\"summary_large_image\" \/>\n<meta name=\"twitter:label1\" content=\"Timp estimat pentru citire\" \/>\n\t<meta name=\"twitter:data1\" content=\"3 minute\" \/>\n<script type=\"application\/ld+json\" class=\"yoast-schema-graph\">{\"@context\":\"https:\/\/schema.org\",\"@graph\":[{\"@type\":\"WebPage\",\"@id\":\"https:\/\/scsystems.ro\/magazin\/produs\/kit-automatizare-sommer-pro500\/\",\"url\":\"https:\/\/scsystems.ro\/magazin\/produs\/kit-automatizare-sommer-pro500\/\",\"name\":\"Kit automatizare Sommer PRO500 - Magazin SCS\",\"isPartOf\":{\"@id\":\"https:\/\/scsystems.ro\/magazin\/#website\"},\"primaryImageOfPage\":{\"@id\":\"https:\/\/scsystems.ro\/magazin\/produs\/kit-automatizare-sommer-pro500\/#primaryimage\"},\"image\":{\"@id\":\"https:\/\/scsystems.ro\/magazin\/produs\/kit-automatizare-sommer-pro500\/#primaryimage\"},\"thumbnailUrl\":\"https:\/\/scsystems.ro\/magazin\/wp-content\/uploads\/sites\/2\/2023\/12\/Kit-automatizare-Sommer-PRO500.webp\",\"datePublished\":\"2023-12-16T13:05:52+00:00\",\"dateModified\":\"2025-07-31T23:51:00+00:00\",\"description\":\"Kit automatizare Sommer PRO500 are un motor cu\u00a0consum redus\u00a0de energie, fiind foarte fiabil si avand durabilitate mare in timp.\",\"breadcrumb\":{\"@id\":\"https:\/\/scsystems.ro\/magazin\/produs\/kit-automatizare-sommer-pro500\/#breadcrumb\"},\"inLanguage\":\"ro-RO\",\"potentialAction\":[{\"@type\":\"ReadAction\",\"target\":[\"https:\/\/scsystems.ro\/magazin\/produs\/kit-automatizare-sommer-pro500\/\"]}]},{\"@type\":\"ImageObject\",\"inLanguage\":\"ro-RO\",\"@id\":\"https:\/\/scsystems.ro\/magazin\/produs\/kit-automatizare-sommer-pro500\/#primaryimage\",\"url\":\"https:\/\/scsystems.ro\/magazin\/wp-content\/uploads\/sites\/2\/2023\/12\/Kit-automatizare-Sommer-PRO500.webp\",\"contentUrl\":\"https:\/\/scsystems.ro\/magazin\/wp-content\/uploads\/sites\/2\/2023\/12\/Kit-automatizare-Sommer-PRO500.webp\",\"width\":985,\"height\":727,\"caption\":\"Kit automatizare Sommer PRO500\"},{\"@type\":\"BreadcrumbList\",\"@id\":\"https:\/\/scsystems.ro\/magazin\/produs\/kit-automatizare-sommer-pro500\/#breadcrumb\",\"itemListElement\":[{\"@type\":\"ListItem\",\"position\":1,\"name\":\"Magazin\",\"item\":\"https:\/\/scsystems.ro\/magazin\/\"},{\"@type\":\"ListItem\",\"position\":2,\"name\":\"Toate Produsele\",\"item\":\"https:\/\/scsystems.ro\/magazin\/toate-produsele\/\"},{\"@type\":\"ListItem\",\"position\":3,\"name\":\"Kit automatizare Sommer PRO500\"}]},{\"@type\":\"WebSite\",\"@id\":\"https:\/\/scsystems.ro\/magazin\/#website\",\"url\":\"https:\/\/scsystems.ro\/magazin\/\",\"name\":\"Magazin SCS\",\"description\":\"Smart Closing Systems Magazin\",\"publisher\":{\"@id\":\"https:\/\/scsystems.ro\/magazin\/#organization\"},\"potentialAction\":[{\"@type\":\"SearchAction\",\"target\":{\"@type\":\"EntryPoint\",\"urlTemplate\":\"https:\/\/scsystems.ro\/magazin\/?s={search_term_string}\"},\"query-input\":{\"@type\":\"PropertyValueSpecification\",\"valueRequired\":true,\"valueName\":\"search_term_string\"}}],\"inLanguage\":\"ro-RO\"},{\"@type\":\"Organization\",\"@id\":\"https:\/\/scsystems.ro\/magazin\/#organization\",\"name\":\"Smart Closing Systems\",\"alternateName\":\"SCS\",\"url\":\"https:\/\/scsystems.ro\/magazin\/\",\"logo\":{\"@type\":\"ImageObject\",\"inLanguage\":\"ro-RO\",\"@id\":\"https:\/\/scsystems.ro\/magazin\/#\/schema\/logo\/image\/\",\"url\":\"https:\/\/scsystems.ro\/magazin\/wp-content\/uploads\/sites\/2\/2023\/03\/logo-SCS-Negru-vm.png\",\"contentUrl\":\"https:\/\/scsystems.ro\/magazin\/wp-content\/uploads\/sites\/2\/2023\/03\/logo-SCS-Negru-vm.png\",\"width\":2241,\"height\":1459,\"caption\":\"Smart Closing Systems\"},\"image\":{\"@id\":\"https:\/\/scsystems.ro\/magazin\/#\/schema\/logo\/image\/\"},\"sameAs\":[\"https:\/\/www.facebook.com\/smartclosingsystems\/\"]}]}<\/script>\n<!-- \/ Yoast SEO plugin. -->","yoast_head_json":{"title":"Kit automatizare Sommer PRO500 - Magazin SCS","description":"Kit automatizare Sommer PRO500 are un motor cu\u00a0consum redus\u00a0de energie, fiind foarte fiabil si avand durabilitate mare in timp.","robots":{"index":"index","follow":"follow","max-snippet":"max-snippet:-1","max-image-preview":"max-image-preview:large","max-video-preview":"max-video-preview:-1"},"canonical":"https:\/\/scsystems.ro\/magazin\/produs\/kit-automatizare-sommer-pro500\/","og_locale":"ro_RO","og_type":"article","og_title":"Kit automatizare Sommer PRO500 - Magazin SCS","og_description":"Kit automatizare Sommer PRO500 are un motor cu\u00a0consum redus\u00a0de energie, fiind foarte fiabil si avand durabilitate mare in timp.","og_url":"https:\/\/scsystems.ro\/magazin\/produs\/kit-automatizare-sommer-pro500\/","og_site_name":"Magazin SCS","article_publisher":"https:\/\/www.facebook.com\/smartclosingsystems\/","article_modified_time":"2025-07-31T23:51:00+00:00","og_image":[{"width":985,"height":727,"url":"https:\/\/scsystems.ro\/magazin\/wp-content\/uploads\/sites\/2\/2023\/12\/Kit-automatizare-Sommer-PRO500.webp","type":"image\/webp"}],"twitter_card":"summary_large_image","twitter_misc":{"Timp estimat pentru citire":"3 minute"},"schema":{"@context":"https:\/\/schema.org","@graph":[{"@type":"WebPage","@id":"https:\/\/scsystems.ro\/magazin\/produs\/kit-automatizare-sommer-pro500\/","url":"https:\/\/scsystems.ro\/magazin\/produs\/kit-automatizare-sommer-pro500\/","name":"Kit automatizare Sommer PRO500 - Magazin SCS","isPartOf":{"@id":"https:\/\/scsystems.ro\/magazin\/#website"},"primaryImageOfPage":{"@id":"https:\/\/scsystems.ro\/magazin\/produs\/kit-automatizare-sommer-pro500\/#primaryimage"},"image":{"@id":"https:\/\/scsystems.ro\/magazin\/produs\/kit-automatizare-sommer-pro500\/#primaryimage"},"thumbnailUrl":"https:\/\/scsystems.ro\/magazin\/wp-content\/uploads\/sites\/2\/2023\/12\/Kit-automatizare-Sommer-PRO500.webp","datePublished":"2023-12-16T13:05:52+00:00","dateModified":"2025-07-31T23:51:00+00:00","description":"Kit automatizare Sommer PRO500 are un motor cu\u00a0consum redus\u00a0de energie, fiind foarte fiabil si avand durabilitate mare in timp.","breadcrumb":{"@id":"https:\/\/scsystems.ro\/magazin\/produs\/kit-automatizare-sommer-pro500\/#breadcrumb"},"inLanguage":"ro-RO","potentialAction":[{"@type":"ReadAction","target":["https:\/\/scsystems.ro\/magazin\/produs\/kit-automatizare-sommer-pro500\/"]}]},{"@type":"ImageObject","inLanguage":"ro-RO","@id":"https:\/\/scsystems.ro\/magazin\/produs\/kit-automatizare-sommer-pro500\/#primaryimage","url":"https:\/\/scsystems.ro\/magazin\/wp-content\/uploads\/sites\/2\/2023\/12\/Kit-automatizare-Sommer-PRO500.webp","contentUrl":"https:\/\/scsystems.ro\/magazin\/wp-content\/uploads\/sites\/2\/2023\/12\/Kit-automatizare-Sommer-PRO500.webp","width":985,"height":727,"caption":"Kit automatizare Sommer PRO500"},{"@type":"BreadcrumbList","@id":"https:\/\/scsystems.ro\/magazin\/produs\/kit-automatizare-sommer-pro500\/#breadcrumb","itemListElement":[{"@type":"ListItem","position":1,"name":"Magazin","item":"https:\/\/scsystems.ro\/magazin\/"},{"@type":"ListItem","position":2,"name":"Toate Produsele","item":"https:\/\/scsystems.ro\/magazin\/toate-produsele\/"},{"@type":"ListItem","position":3,"name":"Kit automatizare Sommer PRO500"}]},{"@type":"WebSite","@id":"https:\/\/scsystems.ro\/magazin\/#website","url":"https:\/\/scsystems.ro\/magazin\/","name":"Magazin SCS","description":"Smart Closing Systems Magazin","publisher":{"@id":"https:\/\/scsystems.ro\/magazin\/#organization"},"potentialAction":[{"@type":"SearchAction","target":{"@type":"EntryPoint","urlTemplate":"https:\/\/scsystems.ro\/magazin\/?s={search_term_string}"},"query-input":{"@type":"PropertyValueSpecification","valueRequired":true,"valueName":"search_term_string"}}],"inLanguage":"ro-RO"},{"@type":"Organization","@id":"https:\/\/scsystems.ro\/magazin\/#organization","name":"Smart Closing Systems","alternateName":"SCS","url":"https:\/\/scsystems.ro\/magazin\/","logo":{"@type":"ImageObject","inLanguage":"ro-RO","@id":"https:\/\/scsystems.ro\/magazin\/#\/schema\/logo\/image\/","url":"https:\/\/scsystems.ro\/magazin\/wp-content\/uploads\/sites\/2\/2023\/03\/logo-SCS-Negru-vm.png","contentUrl":"https:\/\/scsystems.ro\/magazin\/wp-content\/uploads\/sites\/2\/2023\/03\/logo-SCS-Negru-vm.png","width":2241,"height":1459,"caption":"Smart Closing Systems"},"image":{"@id":"https:\/\/scsystems.ro\/magazin\/#\/schema\/logo\/image\/"},"sameAs":["https:\/\/www.facebook.com\/smartclosingsystems\/"]}]}},"jetpack_sharing_enabled":true,"brands":[{"id":41,"name":"Sommer","slug":"sommer"}],"_links":{"self":[{"href":"https:\/\/scsystems.ro\/magazin\/wp-json\/wp\/v2\/product\/1934","targetHints":{"allow":["GET"]}}],"collection":[{"href":"https:\/\/scsystems.ro\/magazin\/wp-json\/wp\/v2\/product"}],"about":[{"href":"https:\/\/scsystems.ro\/magazin\/wp-json\/wp\/v2\/types\/product"}],"replies":[{"embeddable":true,"href":"https:\/\/scsystems.ro\/magazin\/wp-json\/wp\/v2\/comments?post=1934"}],"wp:featuredmedia":[{"embeddable":true,"href":"https:\/\/scsystems.ro\/magazin\/wp-json\/wp\/v2\/media\/1935"}],"wp:attachment":[{"href":"https:\/\/scsystems.ro\/magazin\/wp-json\/wp\/v2\/media?parent=1934"}],"wp:term":[{"taxonomy":"pwb-brand","embeddable":true,"href":"https:\/\/scsystems.ro\/magazin\/wp-json\/wp\/v2\/pwb-brand?post=1934"},{"taxonomy":"product_brand","embeddable":true,"href":"https:\/\/scsystems.ro\/magazin\/wp-json\/wp\/v2\/product_brand?post=1934"},{"taxonomy":"product_cat","embeddable":true,"href":"https:\/\/scsystems.ro\/magazin\/wp-json\/wp\/v2\/product_cat?post=1934"},{"taxonomy":"product_tag","embeddable":true,"href":"https:\/\/scsystems.ro\/magazin\/wp-json\/wp\/v2\/product_tag?post=1934"}],"curies":[{"name":"wp","href":"https:\/\/api.w.org\/{rel}","templated":true}]}}