{"id":1877,"date":"2023-07-28T14:08:58","date_gmt":"2023-07-28T14:08:58","guid":{"rendered":"https:\/\/scsystems.ro\/magazin\/?post_type=product&#038;p=1877"},"modified":"2026-03-27T17:22:51","modified_gmt":"2026-03-27T17:22:51","slug":"fotocelule-somfy-set-1841233","status":"publish","type":"product","link":"https:\/\/scsystems.ro\/magazin\/produs\/fotocelule-somfy-set-1841233\/","title":{"rendered":"Fotocelule Somfy set 1841233"},"content":{"rendered":"<p>Fotocelule Somfy set 1841233<\/p>\n<p>Bariera luminoas\u0103 Pro BiTech &#8211; Siguran\u021b\u0103 Avansat\u0103 pentru Por\u021bile Dvs. de Garaj \u0219i Curte<\/p>\n<p>Bariera luminoas\u0103 Pro BiTech este solu\u021bia de v\u00e2rf pentru a v\u0103 asigura c\u0103 por\u021bile dvs. de garaj \u0219i curte func\u021bioneaz\u0103 \u00een mod sigur \u0219i eficient. Cu ajutorul acestei tehnologii inteligente, pute\u021bi avea \u00eencredere c\u0103 orice obstacol detectat va determina oprirea imediat\u0103 a por\u021bii \u00een mi\u0219care. Prin \u00eentreruperea fasciculului de lumin\u0103 \u00eentre cele dou\u0103 elemente ale barierei luminoase, dispozitivul reac\u021bioneaz\u0103 instantaneu, oferind siguran\u021b\u0103 sporit\u0103 pentru to\u021bi membrii familiei.<\/p>\n<p>G\u00e2ndi\u021bi-v\u0103 la un c\u00e2ine sau la copii care se joac\u0103 \u00een apropierea por\u021bii. Cu Bariera Pro BiTech, pute\u021bi preveni cu u\u0219urin\u021b\u0103 orice incident nedorit, oferindu-v\u0103 lini\u0219tea c\u0103 cei dragi sunt proteja\u021bi \u00een permanen\u021b\u0103.<\/p>\n<p>Pentru a beneficia pe deplin de avantajele unui sistem inteligent de ac\u021bionare a por\u021bilor, solu\u021bia TaHoma Premium este cea mai potrivit\u0103. Bariera luminoas\u0103 este esen\u021bial\u0103 pentru integrarea poartelor dvs. \u00een aceast\u0103 platform\u0103 avansat\u0103. Acum, chiar \u0219i c\u00e2nd sunte\u021bi departe de cas\u0103, ave\u021bi control total asupra por\u021bilor, put\u00e2nd s\u0103 le deschide\u021bi sau s\u0103 le \u00eenchide\u021bi de pe smartphone-ul dvs.<\/p>\n<p>Odat\u0103 cu Bariera Pro BiTech, nu trebuie s\u0103 v\u0103 mai face\u021bi griji \u00een leg\u0103tur\u0103 cu situa\u021biile neprev\u0103zute sau lipsa dvs. fizic\u0103 la loca\u021bie. Dispozitivul preia controlul \u0219i asigur\u0103 c\u0103 por\u021bile se comport\u0103 \u00een mod sigur \u0219i inteligent \u00een fiecare moment.<\/p>\n<p>Montarea barierei este simpl\u0103 \u0219i eficient\u0103. Aceasta este pozi\u021bionat\u0103 strategic pe partea st\u00e2ng\u0103 \u0219i dreapt\u0103 a por\u021bilor cur\u021bii sau, \u00een cazul u\u0219ilor de garaj, direct pe perete. Designul s\u0103u compact \u0219i modern se integreaz\u0103 armonios \u00een orice mediu.<\/p>\n<p>\u00cen concluzie, Bariera luminoas\u0103 Pro BiTech este investi\u021bia perfect\u0103 pentru a transforma casa dvs. \u00eentr-un mediu sigur \u0219i inteligent. Cu aceast\u0103 solu\u021bie avansat\u0103 de siguran\u021b\u0103, v\u0103 pute\u021bi bucura de lini\u0219te, control \u0219i protec\u021bie deplin\u0103 pentru \u00eentreaga familie. Fie c\u0103 sunte\u021bi acas\u0103 sau departe, Bariera Pro BiTech este partenerul de \u00eencredere ce v\u0103 aduce confortul \u0219i securitatea dorite \u00een fiecare zi.<\/p>\n<p>Detalii tehnice<\/p>\n<p>|&#8211;&#8211;&#8211;&#8211;&#8211;&#8211;&#8211;&#8211;&#8211;&#8211;&#8211;|&#8211;&#8211;&#8211;&#8211;&#8211;&#8211;&#8211;&#8211;|<br \/>\n| Produc\u0103tor | Somfy |<br \/>\n|&#8211;&#8211;&#8211;&#8211;&#8211;&#8211;&#8211;&#8211;&#8211;&#8211;&#8211;|&#8211;&#8211;&#8211;&#8211;&#8211;&#8211;&#8211;&#8211;|<br \/>\n| Num\u0103r de pies\u0103 | 1841233 |<br \/>\n|&#8211;&#8211;&#8211;&#8211;&#8211;&#8211;&#8211;&#8211;&#8211;&#8211;&#8211;|&#8211;&#8211;&#8211;&#8211;&#8211;&#8211;&#8211;&#8211;|<br \/>\n| Dimensiuni produs | 10 x 10 x 10 cm |<br \/>\n|&#8211;&#8211;&#8211;&#8211;&#8211;&#8211;&#8211;&#8211;&#8211;&#8211;&#8211;|&#8211;&#8211;&#8211;&#8211;&#8211;&#8211;&#8211;&#8211;|<br \/>\n| Greutate produs | 200 grame |<br \/>\n|&#8211;&#8211;&#8211;&#8211;&#8211;&#8211;&#8211;&#8211;&#8211;&#8211;&#8211;|&#8211;&#8211;&#8211;&#8211;&#8211;&#8211;&#8211;&#8211;|<br \/>\n| Model produs | 1300151 |<br \/>\n|&#8211;&#8211;&#8211;&#8211;&#8211;&#8211;&#8211;&#8211;&#8211;&#8211;&#8211;|&#8211;&#8211;&#8211;&#8211;&#8211;&#8211;&#8211;&#8211;|<br \/>\n| Cantitate \u00een pachetul de produse| 1 |<br \/>\n|&#8211;&#8211;&#8211;&#8211;&#8211;&#8211;&#8211;&#8211;&#8211;&#8211;&#8211;|&#8211;&#8211;&#8211;&#8211;&#8211;&#8211;&#8211;&#8211;|<br \/>\n| Num\u0103r de piese | 1 |<br \/>\n|&#8211;&#8211;&#8211;&#8211;&#8211;&#8211;&#8211;&#8211;&#8211;&#8211;&#8211;|&#8211;&#8211;&#8211;&#8211;&#8211;&#8211;&#8211;&#8211;|<br \/>\n| Sunt necesare baterii? | Nu |<br \/>\n|&#8211;&#8211;&#8211;&#8211;&#8211;&#8211;&#8211;&#8211;&#8211;&#8211;&#8211;|&#8211;&#8211;&#8211;&#8211;&#8211;&#8211;&#8211;&#8211;|<\/p>\n<p>&nbsp;<\/p>\n","protected":false},"excerpt":{"rendered":"<p>Pro BiTech v\u0103 ofer\u0103 mai mult\u0103 siguran\u021b\u0103 atunci c\u00e2nd utiliza\u021bi sistemele de ac\u021bionare pentru por\u021bile garajelor \u0219i ale cur\u021bii.<\/p>\n","protected":false},"featured_media":1878,"comment_status":"open","ping_status":"closed","template":"","meta":{"_eb_attr":""},"pwb-brand":[40],"product_brand":[],"product_cat":[34,26],"product_tag":[90,47],"class_list":{"0":"post-1877","1":"product","2":"type-product","3":"status-publish","4":"has-post-thumbnail","6":"pwb-brand-somfy","7":"product_cat-accesorii-automatizari-smart","8":"product_cat-smart-home","9":"product_tag-fotocelule","10":"product_tag-somfy","12":"first","13":"instock","14":"taxable","15":"shipping-taxable","16":"purchasable","17":"product-type-simple"},"yoast_head":"<!-- This site is optimized with the Yoast SEO plugin v27.2 - https:\/\/yoast.com\/product\/yoast-seo-wordpress\/ -->\n<title>Fotocelule Somfy set 1841233 - Magazin SCS<\/title>\n<meta name=\"description\" content=\"Fotocelule Somfy set 1841233 . Detecteaz\u0103 obstacole \u0219i opre\u0219te poarta automat. Ideal\u0103 pentru controlul inteligent al casei cu TaHoma Premium.\" \/>\n<meta name=\"robots\" content=\"index, follow, max-snippet:-1, max-image-preview:large, max-video-preview:-1\" \/>\n<link rel=\"canonical\" href=\"https:\/\/scsystems.ro\/magazin\/produs\/fotocelule-somfy-set-1841233\/\" \/>\n<meta property=\"og:locale\" content=\"ro_RO\" \/>\n<meta property=\"og:type\" content=\"article\" \/>\n<meta property=\"og:title\" content=\"Fotocelule Somfy set 1841233 - Magazin SCS\" \/>\n<meta property=\"og:description\" content=\"Fotocelule Somfy set 1841233 . Detecteaz\u0103 obstacole \u0219i opre\u0219te poarta automat. Ideal\u0103 pentru controlul inteligent al casei cu TaHoma Premium.\" \/>\n<meta property=\"og:url\" content=\"https:\/\/scsystems.ro\/magazin\/produs\/fotocelule-somfy-set-1841233\/\" \/>\n<meta property=\"og:site_name\" content=\"Magazin SCS\" \/>\n<meta property=\"article:publisher\" content=\"https:\/\/www.facebook.com\/smartclosingsystems\/\" \/>\n<meta property=\"article:modified_time\" content=\"2026-03-27T17:22:51+00:00\" \/>\n<meta property=\"og:image\" content=\"https:\/\/scsystems.ro\/magazin\/wp-content\/uploads\/sites\/2\/2023\/07\/Fotocelule-Somfy-set-1841233.webp\" \/>\n\t<meta property=\"og:image:width\" content=\"1400\" \/>\n\t<meta property=\"og:image:height\" content=\"1190\" \/>\n\t<meta property=\"og:image:type\" content=\"image\/webp\" \/>\n<meta name=\"twitter:card\" content=\"summary_large_image\" \/>\n<meta name=\"twitter:label1\" content=\"Timp estimat pentru citire\" \/>\n\t<meta name=\"twitter:data1\" content=\"3 minute\" \/>\n<script type=\"application\/ld+json\" class=\"yoast-schema-graph\">{\"@context\":\"https:\/\/schema.org\",\"@graph\":[{\"@type\":\"WebPage\",\"@id\":\"https:\/\/scsystems.ro\/magazin\/produs\/fotocelule-somfy-set-1841233\/\",\"url\":\"https:\/\/scsystems.ro\/magazin\/produs\/fotocelule-somfy-set-1841233\/\",\"name\":\"Fotocelule Somfy set 1841233 - Magazin SCS\",\"isPartOf\":{\"@id\":\"https:\/\/scsystems.ro\/magazin\/#website\"},\"primaryImageOfPage\":{\"@id\":\"https:\/\/scsystems.ro\/magazin\/produs\/fotocelule-somfy-set-1841233\/#primaryimage\"},\"image\":{\"@id\":\"https:\/\/scsystems.ro\/magazin\/produs\/fotocelule-somfy-set-1841233\/#primaryimage\"},\"thumbnailUrl\":\"https:\/\/scsystems.ro\/magazin\/wp-content\/uploads\/sites\/2\/2023\/07\/Fotocelule-Somfy-set-1841233.webp\",\"datePublished\":\"2023-07-28T14:08:58+00:00\",\"dateModified\":\"2026-03-27T17:22:51+00:00\",\"description\":\"Fotocelule Somfy set 1841233 . Detecteaz\u0103 obstacole \u0219i opre\u0219te poarta automat. Ideal\u0103 pentru controlul inteligent al casei cu TaHoma Premium.\",\"breadcrumb\":{\"@id\":\"https:\/\/scsystems.ro\/magazin\/produs\/fotocelule-somfy-set-1841233\/#breadcrumb\"},\"inLanguage\":\"ro-RO\",\"potentialAction\":[{\"@type\":\"ReadAction\",\"target\":[\"https:\/\/scsystems.ro\/magazin\/produs\/fotocelule-somfy-set-1841233\/\"]}]},{\"@type\":\"ImageObject\",\"inLanguage\":\"ro-RO\",\"@id\":\"https:\/\/scsystems.ro\/magazin\/produs\/fotocelule-somfy-set-1841233\/#primaryimage\",\"url\":\"https:\/\/scsystems.ro\/magazin\/wp-content\/uploads\/sites\/2\/2023\/07\/Fotocelule-Somfy-set-1841233.webp\",\"contentUrl\":\"https:\/\/scsystems.ro\/magazin\/wp-content\/uploads\/sites\/2\/2023\/07\/Fotocelule-Somfy-set-1841233.webp\",\"width\":1400,\"height\":1190,\"caption\":\"Fotocelule Somfy set 1841233\"},{\"@type\":\"BreadcrumbList\",\"@id\":\"https:\/\/scsystems.ro\/magazin\/produs\/fotocelule-somfy-set-1841233\/#breadcrumb\",\"itemListElement\":[{\"@type\":\"ListItem\",\"position\":1,\"name\":\"Magazin\",\"item\":\"https:\/\/scsystems.ro\/magazin\/\"},{\"@type\":\"ListItem\",\"position\":2,\"name\":\"Toate Produsele\",\"item\":\"https:\/\/scsystems.ro\/magazin\/toate-produsele\/\"},{\"@type\":\"ListItem\",\"position\":3,\"name\":\"Fotocelule Somfy set 1841233\"}]},{\"@type\":\"WebSite\",\"@id\":\"https:\/\/scsystems.ro\/magazin\/#website\",\"url\":\"https:\/\/scsystems.ro\/magazin\/\",\"name\":\"Magazin SCS\",\"description\":\"Smart Closing Systems Magazin\",\"publisher\":{\"@id\":\"https:\/\/scsystems.ro\/magazin\/#organization\"},\"potentialAction\":[{\"@type\":\"SearchAction\",\"target\":{\"@type\":\"EntryPoint\",\"urlTemplate\":\"https:\/\/scsystems.ro\/magazin\/?s={search_term_string}\"},\"query-input\":{\"@type\":\"PropertyValueSpecification\",\"valueRequired\":true,\"valueName\":\"search_term_string\"}}],\"inLanguage\":\"ro-RO\"},{\"@type\":\"Organization\",\"@id\":\"https:\/\/scsystems.ro\/magazin\/#organization\",\"name\":\"Smart Closing Systems\",\"alternateName\":\"SCS\",\"url\":\"https:\/\/scsystems.ro\/magazin\/\",\"logo\":{\"@type\":\"ImageObject\",\"inLanguage\":\"ro-RO\",\"@id\":\"https:\/\/scsystems.ro\/magazin\/#\/schema\/logo\/image\/\",\"url\":\"https:\/\/scsystems.ro\/magazin\/wp-content\/uploads\/sites\/2\/2023\/03\/logo-SCS-Negru-vm.png\",\"contentUrl\":\"https:\/\/scsystems.ro\/magazin\/wp-content\/uploads\/sites\/2\/2023\/03\/logo-SCS-Negru-vm.png\",\"width\":2241,\"height\":1459,\"caption\":\"Smart Closing Systems\"},\"image\":{\"@id\":\"https:\/\/scsystems.ro\/magazin\/#\/schema\/logo\/image\/\"},\"sameAs\":[\"https:\/\/www.facebook.com\/smartclosingsystems\/\"]}]}<\/script>\n<!-- \/ Yoast SEO plugin. -->","yoast_head_json":{"title":"Fotocelule Somfy set 1841233 - Magazin SCS","description":"Fotocelule Somfy set 1841233 . Detecteaz\u0103 obstacole \u0219i opre\u0219te poarta automat. Ideal\u0103 pentru controlul inteligent al casei cu TaHoma Premium.","robots":{"index":"index","follow":"follow","max-snippet":"max-snippet:-1","max-image-preview":"max-image-preview:large","max-video-preview":"max-video-preview:-1"},"canonical":"https:\/\/scsystems.ro\/magazin\/produs\/fotocelule-somfy-set-1841233\/","og_locale":"ro_RO","og_type":"article","og_title":"Fotocelule Somfy set 1841233 - Magazin SCS","og_description":"Fotocelule Somfy set 1841233 . Detecteaz\u0103 obstacole \u0219i opre\u0219te poarta automat. Ideal\u0103 pentru controlul inteligent al casei cu TaHoma Premium.","og_url":"https:\/\/scsystems.ro\/magazin\/produs\/fotocelule-somfy-set-1841233\/","og_site_name":"Magazin SCS","article_publisher":"https:\/\/www.facebook.com\/smartclosingsystems\/","article_modified_time":"2026-03-27T17:22:51+00:00","og_image":[{"width":1400,"height":1190,"url":"https:\/\/scsystems.ro\/magazin\/wp-content\/uploads\/sites\/2\/2023\/07\/Fotocelule-Somfy-set-1841233.webp","type":"image\/webp"}],"twitter_card":"summary_large_image","twitter_misc":{"Timp estimat pentru citire":"3 minute"},"schema":{"@context":"https:\/\/schema.org","@graph":[{"@type":"WebPage","@id":"https:\/\/scsystems.ro\/magazin\/produs\/fotocelule-somfy-set-1841233\/","url":"https:\/\/scsystems.ro\/magazin\/produs\/fotocelule-somfy-set-1841233\/","name":"Fotocelule Somfy set 1841233 - Magazin SCS","isPartOf":{"@id":"https:\/\/scsystems.ro\/magazin\/#website"},"primaryImageOfPage":{"@id":"https:\/\/scsystems.ro\/magazin\/produs\/fotocelule-somfy-set-1841233\/#primaryimage"},"image":{"@id":"https:\/\/scsystems.ro\/magazin\/produs\/fotocelule-somfy-set-1841233\/#primaryimage"},"thumbnailUrl":"https:\/\/scsystems.ro\/magazin\/wp-content\/uploads\/sites\/2\/2023\/07\/Fotocelule-Somfy-set-1841233.webp","datePublished":"2023-07-28T14:08:58+00:00","dateModified":"2026-03-27T17:22:51+00:00","description":"Fotocelule Somfy set 1841233 . Detecteaz\u0103 obstacole \u0219i opre\u0219te poarta automat. Ideal\u0103 pentru controlul inteligent al casei cu TaHoma Premium.","breadcrumb":{"@id":"https:\/\/scsystems.ro\/magazin\/produs\/fotocelule-somfy-set-1841233\/#breadcrumb"},"inLanguage":"ro-RO","potentialAction":[{"@type":"ReadAction","target":["https:\/\/scsystems.ro\/magazin\/produs\/fotocelule-somfy-set-1841233\/"]}]},{"@type":"ImageObject","inLanguage":"ro-RO","@id":"https:\/\/scsystems.ro\/magazin\/produs\/fotocelule-somfy-set-1841233\/#primaryimage","url":"https:\/\/scsystems.ro\/magazin\/wp-content\/uploads\/sites\/2\/2023\/07\/Fotocelule-Somfy-set-1841233.webp","contentUrl":"https:\/\/scsystems.ro\/magazin\/wp-content\/uploads\/sites\/2\/2023\/07\/Fotocelule-Somfy-set-1841233.webp","width":1400,"height":1190,"caption":"Fotocelule Somfy set 1841233"},{"@type":"BreadcrumbList","@id":"https:\/\/scsystems.ro\/magazin\/produs\/fotocelule-somfy-set-1841233\/#breadcrumb","itemListElement":[{"@type":"ListItem","position":1,"name":"Magazin","item":"https:\/\/scsystems.ro\/magazin\/"},{"@type":"ListItem","position":2,"name":"Toate Produsele","item":"https:\/\/scsystems.ro\/magazin\/toate-produsele\/"},{"@type":"ListItem","position":3,"name":"Fotocelule Somfy set 1841233"}]},{"@type":"WebSite","@id":"https:\/\/scsystems.ro\/magazin\/#website","url":"https:\/\/scsystems.ro\/magazin\/","name":"Magazin SCS","description":"Smart Closing Systems Magazin","publisher":{"@id":"https:\/\/scsystems.ro\/magazin\/#organization"},"potentialAction":[{"@type":"SearchAction","target":{"@type":"EntryPoint","urlTemplate":"https:\/\/scsystems.ro\/magazin\/?s={search_term_string}"},"query-input":{"@type":"PropertyValueSpecification","valueRequired":true,"valueName":"search_term_string"}}],"inLanguage":"ro-RO"},{"@type":"Organization","@id":"https:\/\/scsystems.ro\/magazin\/#organization","name":"Smart Closing Systems","alternateName":"SCS","url":"https:\/\/scsystems.ro\/magazin\/","logo":{"@type":"ImageObject","inLanguage":"ro-RO","@id":"https:\/\/scsystems.ro\/magazin\/#\/schema\/logo\/image\/","url":"https:\/\/scsystems.ro\/magazin\/wp-content\/uploads\/sites\/2\/2023\/03\/logo-SCS-Negru-vm.png","contentUrl":"https:\/\/scsystems.ro\/magazin\/wp-content\/uploads\/sites\/2\/2023\/03\/logo-SCS-Negru-vm.png","width":2241,"height":1459,"caption":"Smart Closing Systems"},"image":{"@id":"https:\/\/scsystems.ro\/magazin\/#\/schema\/logo\/image\/"},"sameAs":["https:\/\/www.facebook.com\/smartclosingsystems\/"]}]}},"jetpack_sharing_enabled":true,"brands":[{"id":40,"name":"Somfy","slug":"somfy"}],"_links":{"self":[{"href":"https:\/\/scsystems.ro\/magazin\/wp-json\/wp\/v2\/product\/1877","targetHints":{"allow":["GET"]}}],"collection":[{"href":"https:\/\/scsystems.ro\/magazin\/wp-json\/wp\/v2\/product"}],"about":[{"href":"https:\/\/scsystems.ro\/magazin\/wp-json\/wp\/v2\/types\/product"}],"replies":[{"embeddable":true,"href":"https:\/\/scsystems.ro\/magazin\/wp-json\/wp\/v2\/comments?post=1877"}],"wp:featuredmedia":[{"embeddable":true,"href":"https:\/\/scsystems.ro\/magazin\/wp-json\/wp\/v2\/media\/1878"}],"wp:attachment":[{"href":"https:\/\/scsystems.ro\/magazin\/wp-json\/wp\/v2\/media?parent=1877"}],"wp:term":[{"taxonomy":"pwb-brand","embeddable":true,"href":"https:\/\/scsystems.ro\/magazin\/wp-json\/wp\/v2\/pwb-brand?post=1877"},{"taxonomy":"product_brand","embeddable":true,"href":"https:\/\/scsystems.ro\/magazin\/wp-json\/wp\/v2\/product_brand?post=1877"},{"taxonomy":"product_cat","embeddable":true,"href":"https:\/\/scsystems.ro\/magazin\/wp-json\/wp\/v2\/product_cat?post=1877"},{"taxonomy":"product_tag","embeddable":true,"href":"https:\/\/scsystems.ro\/magazin\/wp-json\/wp\/v2\/product_tag?post=1877"}],"curies":[{"name":"wp","href":"https:\/\/api.w.org\/{rel}","templated":true}]}}