{"id":1723,"date":"2023-06-07T19:54:03","date_gmt":"2023-06-07T19:54:03","guid":{"rendered":"https:\/\/scsystems.ro\/magazin\/?post_type=product&#038;p=1723"},"modified":"2025-04-11T18:02:40","modified_gmt":"2025-04-11T18:02:40","slug":"kit-automatizare-liniara-sommer-runner-600","status":"publish","type":"product","link":"https:\/\/scsystems.ro\/magazin\/produs\/kit-automatizare-liniara-sommer-runner-600\/","title":{"rendered":"Kit automatizare liniara Sommer Runner 600"},"content":{"rendered":"<p>Kit automatizare liniara Sommer Runner 600, Cod produs: RUN600<\/p>\n<p>600KG, MAX 8m\u00a0 (include: 4x1mcremaliera; lampa avertizare; fotocelule; telecomanda 4 canale)<\/p>\n<p><strong>RUNer<\/strong><\/p>\n<p>\uf0a7 Ideale pentru por\u021bile liniare sau por\u021bile foarte grele<br \/>\n\uf0a7 Func\u021bioneaz\u0103 cu por\u021bi de p\u00e2n\u0103 la 8m l\u0103\u0163ime \u0219i greutate maxim\u0103 de 600kg<br \/>\n\uf0a7 Func\u021bionare irepro\u0219abil\u0103 \u00een condi\u021biile unor por\u021bi grele<br \/>\n\uf0a7 Nu necesit\u0103 \u00eentre\u021binere \u0219i au o perioad\u0103 de via\u021b\u0103 foarte lung\u0103<\/p>\n<p><strong>Pachetul RUNer:<\/strong><\/p>\n<p>\uf0a7 1 motor pentru poarta liniar\u0103<br \/>\n\uf0a7 Unitate de control<br \/>\n\uf0a7 Cremalier\u0103 din teflon cu inser\u021bii metalice, 4m l\u0103\u0163ime (4buc x 1m)<br \/>\n\uf0a7 Receptor radio FM 868,6 MHz mufabil<br \/>\n\uf0a7 Telecomand\u0103 cu 4 canale<br \/>\n\uf0a7 Lamp\u0103 de avertizare<br \/>\n\uf0a7 Sistem de fotocelule<\/p>\n<p><strong>Cremalier\u0103<\/strong><\/p>\n<p>\uf0a7 Cremalier\u0103 din teflon cu inser\u021bii metalice<br \/>\n\uf0a7 Confer\u0103 func\u021bionare silen\u021bioas\u0103<br \/>\n\uf0a7 L\u0103\u0163ime standard 4m, se poate extinde p\u00e2n\u0103 la 8m<\/p>\n<p><strong>Carcasa motorului<\/strong><\/p>\n<p>\uf0a7 Rezisten\u0163\u0103 la intemperii \u0219i radia\u021bii UV<br \/>\n\uf0a7 Durabil\u0103<br \/>\n\uf0a7 De culoarea antracitului<\/p>\n<p><strong>Reglare electronic\u0103 a cursei<\/strong><\/p>\n<p>Reglarea precis\u0103 a cursei<br \/>\n\uf0a7 U\u0219or de reglat<\/p>\n<p><strong>Unitatea de comand\u0103<\/strong><\/p>\n<p>\uf0a7 Conexiunea se realizeaz\u0103 prin mufare<br \/>\n\uf0a7 U\u0219or de programat<br \/>\n\uf0a7 Posibilitate programare cu \u201cTorMinal\u201d<br \/>\n\uf0a7 Receptor radio integrat \u00een carcasa motorului (FM 868,6 MHz)<\/p>\n<p><strong>Beneficii Runner<\/strong><\/p>\n<ul>\n<li><strong>ECO Friendly:<\/strong>\n<ul>\n<li>Un motor prietenos cu mediul,\u00a0<strong>eco<\/strong>logic<\/li>\n<li>Prietenos cu cardul clientului,\u00a0<strong>eco<\/strong>nomic<\/li>\n<\/ul>\n<\/li>\n<li>Motor performant cu destinatie rezidentiala\/industriala<\/li>\n<li>Ideal pentru porti liniare:\n<ul>\n<li>Cu greutate de pana la 600 kg<\/li>\n<li>Cu o lungime de cursa de pana la 8m<\/li>\n<\/ul>\n<\/li>\n<li><strong>Baterie de backup &#8211; optional<\/strong>: cand se opreste curentul, intra bateria si automatizarea isi continua functionarea, fara a fi nevoie de deblocare manuala<\/li>\n<li><strong>Sistem de recunoastere automata a obstacolelor<\/strong><\/li>\n<li>Senzori safety edge &#8211; optional<\/li>\n<\/ul>\n<h3><strong>CARACTERISTICI TEHNICE:<\/strong><\/h3>\n<table>\n<tfoot><\/tfoot>\n<tbody>\n<tr>\n<td><strong>Greutate maxima poarta (Kg)<\/strong><\/td>\n<td><\/td>\n<td>600<\/td>\n<\/tr>\n<tr>\n<td><strong>Latime maxima foaie de poarta (m)<\/strong><\/td>\n<td><\/td>\n<td>8<\/td>\n<\/tr>\n<tr>\n<td><strong>Alimentare\u00a0 (V)<\/strong><\/td>\n<td><\/td>\n<td>240<\/td>\n<\/tr>\n<tr>\n<td><strong>Viteza\u00a0 (mm\/sec)<\/strong><\/td>\n<td><\/td>\n<td>210<\/td>\n<\/tr>\n<tr>\n<td><strong>Temperatura de lucru (\u00b0C)<\/strong><\/td>\n<td><\/td>\n<td>&#8211; 30 \/ + 50<\/td>\n<\/tr>\n<tr>\n<td><strong>Ciclu de lucru (%)<\/strong><\/td>\n<td><\/td>\n<td>40<\/td>\n<\/tr>\n<tr>\n<td><strong>Clasa de protectie (IP)<\/strong><\/td>\n<td><\/td>\n<td>54<\/td>\n<\/tr>\n<\/tbody>\n<\/table>\n<p><strong>Beneficii suplimentare Kit automatizare liniara Sommer Runner 600<\/strong><\/p>\n<p>\uf0a7 Func\u021bionare foarte silen\u021bioas\u0103 \u0219i lin\u0103 datorit\u0103 \u0219inei de calitate superioar\u0103<br \/>\n\uf0a7 Prevenire accidente prin oprirea automat\u0103 la \u00eent\u00e2lnirea unui obstacol<br \/>\n\uf0a7 Ie\u0219iri \u0219i intr\u0103ri pentru conectare: posibilitate conectare selector cu cheie \u0219i buton de impuls; 2 intr\u0103ri pentru sistemul de fotocelule; alimentare 24V, maxim 0,1A;<br \/>\n\uf0a7 Sistem controlat de un microprocesor care permite configur\u0103ri multiple precum: folosire pietonal\u0103, \u00eenchidere automat\u0103, stabilirea comportamentului la \u00eent\u00e2lnirea unui obstacol (poarta se poate deschide par\u021bial sau complet)<\/p>\n","protected":false},"excerpt":{"rendered":"<p><strong>Pachetul RUNer: Cod produs: RUN600\u00a0<\/strong><\/p>\n<p>\uf0a7 1 motor pentru poarta liniar\u0103<br \/>\n\uf0a7 Unitate de control<br \/>\n\uf0a7 Cremalier\u0103 din teflon cu inser\u021bii metalice, 4m l\u0103\u0163ime (4buc x 1m)<br \/>\n\uf0a7 Receptor radio FM 868,6 MHz mufabil<br \/>\n\uf0a7 Telecomand\u0103 cu 4 canale<br \/>\n\uf0a7 Lamp\u0103 de avertizare<br \/>\n\uf0a7 Sistem de fotocelule<\/p>\n","protected":false},"featured_media":1724,"comment_status":"open","ping_status":"closed","template":"","meta":{"_eb_attr":""},"pwb-brand":[41],"product_brand":[],"product_cat":[25,26],"product_tag":[77,137,138,39,125],"class_list":{"0":"post-1723","1":"product","2":"type-product","3":"status-publish","4":"has-post-thumbnail","6":"pwb-brand-sommer","7":"product_cat-kituri-automatizari","8":"product_cat-smart-home","9":"product_tag-kit-automatizari","10":"product_tag-poarta-liniara","11":"product_tag-runner-600","12":"product_tag-smart-home","13":"product_tag-sommer","15":"first","16":"outofstock","17":"taxable","18":"shipping-taxable","19":"purchasable","20":"product-type-simple"},"yoast_head":"<!-- This site is optimized with the Yoast SEO plugin v27.2 - https:\/\/yoast.com\/product\/yoast-seo-wordpress\/ -->\n<title>Kit automatizare liniara Sommer Runner 600 - Magazin SCS<\/title>\n<meta name=\"description\" content=\"Kit automatizare liniara Sommer Runner 600 Prevenire accidente prin oprirea automat\u0103 la \u00eent\u00e2lnirea unui obstacol Posibilitate programare cu \u201cTorMinal\u201d\" \/>\n<meta name=\"robots\" content=\"index, follow, max-snippet:-1, max-image-preview:large, max-video-preview:-1\" \/>\n<link rel=\"canonical\" href=\"https:\/\/scsystems.ro\/magazin\/produs\/kit-automatizare-liniara-sommer-runner-600\/\" \/>\n<meta property=\"og:locale\" content=\"ro_RO\" \/>\n<meta property=\"og:type\" content=\"article\" \/>\n<meta property=\"og:title\" content=\"Kit automatizare liniara Sommer Runner 600 - Magazin SCS\" \/>\n<meta property=\"og:description\" content=\"Kit automatizare liniara Sommer Runner 600 Prevenire accidente prin oprirea automat\u0103 la \u00eent\u00e2lnirea unui obstacol Posibilitate programare cu \u201cTorMinal\u201d\" \/>\n<meta property=\"og:url\" content=\"https:\/\/scsystems.ro\/magazin\/produs\/kit-automatizare-liniara-sommer-runner-600\/\" \/>\n<meta property=\"og:site_name\" content=\"Magazin SCS\" \/>\n<meta property=\"article:publisher\" content=\"https:\/\/www.facebook.com\/smartclosingsystems\/\" \/>\n<meta property=\"article:modified_time\" content=\"2025-04-11T18:02:40+00:00\" \/>\n<meta property=\"og:image\" content=\"https:\/\/scsystems.ro\/magazin\/wp-content\/uploads\/sites\/2\/2023\/06\/Kit-automatizare-liniara-Sommer-Runner-600-scaled.webp\" \/>\n\t<meta property=\"og:image:width\" content=\"2560\" \/>\n\t<meta property=\"og:image:height\" content=\"2560\" \/>\n\t<meta property=\"og:image:type\" content=\"image\/webp\" \/>\n<meta name=\"twitter:card\" content=\"summary_large_image\" \/>\n<meta name=\"twitter:label1\" content=\"Timp estimat pentru citire\" \/>\n\t<meta name=\"twitter:data1\" content=\"3 minute\" \/>\n<script type=\"application\/ld+json\" class=\"yoast-schema-graph\">{\"@context\":\"https:\/\/schema.org\",\"@graph\":[{\"@type\":\"WebPage\",\"@id\":\"https:\/\/scsystems.ro\/magazin\/produs\/kit-automatizare-liniara-sommer-runner-600\/\",\"url\":\"https:\/\/scsystems.ro\/magazin\/produs\/kit-automatizare-liniara-sommer-runner-600\/\",\"name\":\"Kit automatizare liniara Sommer Runner 600 - Magazin SCS\",\"isPartOf\":{\"@id\":\"https:\/\/scsystems.ro\/magazin\/#website\"},\"primaryImageOfPage\":{\"@id\":\"https:\/\/scsystems.ro\/magazin\/produs\/kit-automatizare-liniara-sommer-runner-600\/#primaryimage\"},\"image\":{\"@id\":\"https:\/\/scsystems.ro\/magazin\/produs\/kit-automatizare-liniara-sommer-runner-600\/#primaryimage\"},\"thumbnailUrl\":\"https:\/\/scsystems.ro\/magazin\/wp-content\/uploads\/sites\/2\/2023\/06\/Kit-automatizare-liniara-Sommer-Runner-600-scaled.webp\",\"datePublished\":\"2023-06-07T19:54:03+00:00\",\"dateModified\":\"2025-04-11T18:02:40+00:00\",\"description\":\"Kit automatizare liniara Sommer Runner 600 Prevenire accidente prin oprirea automat\u0103 la \u00eent\u00e2lnirea unui obstacol Posibilitate programare cu \u201cTorMinal\u201d\",\"breadcrumb\":{\"@id\":\"https:\/\/scsystems.ro\/magazin\/produs\/kit-automatizare-liniara-sommer-runner-600\/#breadcrumb\"},\"inLanguage\":\"ro-RO\",\"potentialAction\":[{\"@type\":\"ReadAction\",\"target\":[\"https:\/\/scsystems.ro\/magazin\/produs\/kit-automatizare-liniara-sommer-runner-600\/\"]}]},{\"@type\":\"ImageObject\",\"inLanguage\":\"ro-RO\",\"@id\":\"https:\/\/scsystems.ro\/magazin\/produs\/kit-automatizare-liniara-sommer-runner-600\/#primaryimage\",\"url\":\"https:\/\/scsystems.ro\/magazin\/wp-content\/uploads\/sites\/2\/2023\/06\/Kit-automatizare-liniara-Sommer-Runner-600-scaled.webp\",\"contentUrl\":\"https:\/\/scsystems.ro\/magazin\/wp-content\/uploads\/sites\/2\/2023\/06\/Kit-automatizare-liniara-Sommer-Runner-600-scaled.webp\",\"width\":2560,\"height\":2560},{\"@type\":\"BreadcrumbList\",\"@id\":\"https:\/\/scsystems.ro\/magazin\/produs\/kit-automatizare-liniara-sommer-runner-600\/#breadcrumb\",\"itemListElement\":[{\"@type\":\"ListItem\",\"position\":1,\"name\":\"Magazin\",\"item\":\"https:\/\/scsystems.ro\/magazin\/\"},{\"@type\":\"ListItem\",\"position\":2,\"name\":\"Toate Produsele\",\"item\":\"https:\/\/scsystems.ro\/magazin\/toate-produsele\/\"},{\"@type\":\"ListItem\",\"position\":3,\"name\":\"Kit automatizare liniara Sommer Runner 600\"}]},{\"@type\":\"WebSite\",\"@id\":\"https:\/\/scsystems.ro\/magazin\/#website\",\"url\":\"https:\/\/scsystems.ro\/magazin\/\",\"name\":\"Magazin SCS\",\"description\":\"Smart Closing Systems Magazin\",\"publisher\":{\"@id\":\"https:\/\/scsystems.ro\/magazin\/#organization\"},\"potentialAction\":[{\"@type\":\"SearchAction\",\"target\":{\"@type\":\"EntryPoint\",\"urlTemplate\":\"https:\/\/scsystems.ro\/magazin\/?s={search_term_string}\"},\"query-input\":{\"@type\":\"PropertyValueSpecification\",\"valueRequired\":true,\"valueName\":\"search_term_string\"}}],\"inLanguage\":\"ro-RO\"},{\"@type\":\"Organization\",\"@id\":\"https:\/\/scsystems.ro\/magazin\/#organization\",\"name\":\"Smart Closing Systems\",\"alternateName\":\"SCS\",\"url\":\"https:\/\/scsystems.ro\/magazin\/\",\"logo\":{\"@type\":\"ImageObject\",\"inLanguage\":\"ro-RO\",\"@id\":\"https:\/\/scsystems.ro\/magazin\/#\/schema\/logo\/image\/\",\"url\":\"https:\/\/scsystems.ro\/magazin\/wp-content\/uploads\/sites\/2\/2023\/03\/logo-SCS-Negru-vm.png\",\"contentUrl\":\"https:\/\/scsystems.ro\/magazin\/wp-content\/uploads\/sites\/2\/2023\/03\/logo-SCS-Negru-vm.png\",\"width\":2241,\"height\":1459,\"caption\":\"Smart Closing Systems\"},\"image\":{\"@id\":\"https:\/\/scsystems.ro\/magazin\/#\/schema\/logo\/image\/\"},\"sameAs\":[\"https:\/\/www.facebook.com\/smartclosingsystems\/\"]}]}<\/script>\n<!-- \/ Yoast SEO plugin. -->","yoast_head_json":{"title":"Kit automatizare liniara Sommer Runner 600 - Magazin SCS","description":"Kit automatizare liniara Sommer Runner 600 Prevenire accidente prin oprirea automat\u0103 la \u00eent\u00e2lnirea unui obstacol Posibilitate programare cu \u201cTorMinal\u201d","robots":{"index":"index","follow":"follow","max-snippet":"max-snippet:-1","max-image-preview":"max-image-preview:large","max-video-preview":"max-video-preview:-1"},"canonical":"https:\/\/scsystems.ro\/magazin\/produs\/kit-automatizare-liniara-sommer-runner-600\/","og_locale":"ro_RO","og_type":"article","og_title":"Kit automatizare liniara Sommer Runner 600 - Magazin SCS","og_description":"Kit automatizare liniara Sommer Runner 600 Prevenire accidente prin oprirea automat\u0103 la \u00eent\u00e2lnirea unui obstacol Posibilitate programare cu \u201cTorMinal\u201d","og_url":"https:\/\/scsystems.ro\/magazin\/produs\/kit-automatizare-liniara-sommer-runner-600\/","og_site_name":"Magazin SCS","article_publisher":"https:\/\/www.facebook.com\/smartclosingsystems\/","article_modified_time":"2025-04-11T18:02:40+00:00","og_image":[{"width":2560,"height":2560,"url":"https:\/\/scsystems.ro\/magazin\/wp-content\/uploads\/sites\/2\/2023\/06\/Kit-automatizare-liniara-Sommer-Runner-600-scaled.webp","type":"image\/webp"}],"twitter_card":"summary_large_image","twitter_misc":{"Timp estimat pentru citire":"3 minute"},"schema":{"@context":"https:\/\/schema.org","@graph":[{"@type":"WebPage","@id":"https:\/\/scsystems.ro\/magazin\/produs\/kit-automatizare-liniara-sommer-runner-600\/","url":"https:\/\/scsystems.ro\/magazin\/produs\/kit-automatizare-liniara-sommer-runner-600\/","name":"Kit automatizare liniara Sommer Runner 600 - Magazin SCS","isPartOf":{"@id":"https:\/\/scsystems.ro\/magazin\/#website"},"primaryImageOfPage":{"@id":"https:\/\/scsystems.ro\/magazin\/produs\/kit-automatizare-liniara-sommer-runner-600\/#primaryimage"},"image":{"@id":"https:\/\/scsystems.ro\/magazin\/produs\/kit-automatizare-liniara-sommer-runner-600\/#primaryimage"},"thumbnailUrl":"https:\/\/scsystems.ro\/magazin\/wp-content\/uploads\/sites\/2\/2023\/06\/Kit-automatizare-liniara-Sommer-Runner-600-scaled.webp","datePublished":"2023-06-07T19:54:03+00:00","dateModified":"2025-04-11T18:02:40+00:00","description":"Kit automatizare liniara Sommer Runner 600 Prevenire accidente prin oprirea automat\u0103 la \u00eent\u00e2lnirea unui obstacol Posibilitate programare cu \u201cTorMinal\u201d","breadcrumb":{"@id":"https:\/\/scsystems.ro\/magazin\/produs\/kit-automatizare-liniara-sommer-runner-600\/#breadcrumb"},"inLanguage":"ro-RO","potentialAction":[{"@type":"ReadAction","target":["https:\/\/scsystems.ro\/magazin\/produs\/kit-automatizare-liniara-sommer-runner-600\/"]}]},{"@type":"ImageObject","inLanguage":"ro-RO","@id":"https:\/\/scsystems.ro\/magazin\/produs\/kit-automatizare-liniara-sommer-runner-600\/#primaryimage","url":"https:\/\/scsystems.ro\/magazin\/wp-content\/uploads\/sites\/2\/2023\/06\/Kit-automatizare-liniara-Sommer-Runner-600-scaled.webp","contentUrl":"https:\/\/scsystems.ro\/magazin\/wp-content\/uploads\/sites\/2\/2023\/06\/Kit-automatizare-liniara-Sommer-Runner-600-scaled.webp","width":2560,"height":2560},{"@type":"BreadcrumbList","@id":"https:\/\/scsystems.ro\/magazin\/produs\/kit-automatizare-liniara-sommer-runner-600\/#breadcrumb","itemListElement":[{"@type":"ListItem","position":1,"name":"Magazin","item":"https:\/\/scsystems.ro\/magazin\/"},{"@type":"ListItem","position":2,"name":"Toate Produsele","item":"https:\/\/scsystems.ro\/magazin\/toate-produsele\/"},{"@type":"ListItem","position":3,"name":"Kit automatizare liniara Sommer Runner 600"}]},{"@type":"WebSite","@id":"https:\/\/scsystems.ro\/magazin\/#website","url":"https:\/\/scsystems.ro\/magazin\/","name":"Magazin SCS","description":"Smart Closing Systems Magazin","publisher":{"@id":"https:\/\/scsystems.ro\/magazin\/#organization"},"potentialAction":[{"@type":"SearchAction","target":{"@type":"EntryPoint","urlTemplate":"https:\/\/scsystems.ro\/magazin\/?s={search_term_string}"},"query-input":{"@type":"PropertyValueSpecification","valueRequired":true,"valueName":"search_term_string"}}],"inLanguage":"ro-RO"},{"@type":"Organization","@id":"https:\/\/scsystems.ro\/magazin\/#organization","name":"Smart Closing Systems","alternateName":"SCS","url":"https:\/\/scsystems.ro\/magazin\/","logo":{"@type":"ImageObject","inLanguage":"ro-RO","@id":"https:\/\/scsystems.ro\/magazin\/#\/schema\/logo\/image\/","url":"https:\/\/scsystems.ro\/magazin\/wp-content\/uploads\/sites\/2\/2023\/03\/logo-SCS-Negru-vm.png","contentUrl":"https:\/\/scsystems.ro\/magazin\/wp-content\/uploads\/sites\/2\/2023\/03\/logo-SCS-Negru-vm.png","width":2241,"height":1459,"caption":"Smart Closing Systems"},"image":{"@id":"https:\/\/scsystems.ro\/magazin\/#\/schema\/logo\/image\/"},"sameAs":["https:\/\/www.facebook.com\/smartclosingsystems\/"]}]}},"jetpack_sharing_enabled":true,"brands":[{"id":41,"name":"Sommer","slug":"sommer"}],"_links":{"self":[{"href":"https:\/\/scsystems.ro\/magazin\/wp-json\/wp\/v2\/product\/1723","targetHints":{"allow":["GET"]}}],"collection":[{"href":"https:\/\/scsystems.ro\/magazin\/wp-json\/wp\/v2\/product"}],"about":[{"href":"https:\/\/scsystems.ro\/magazin\/wp-json\/wp\/v2\/types\/product"}],"replies":[{"embeddable":true,"href":"https:\/\/scsystems.ro\/magazin\/wp-json\/wp\/v2\/comments?post=1723"}],"wp:featuredmedia":[{"embeddable":true,"href":"https:\/\/scsystems.ro\/magazin\/wp-json\/wp\/v2\/media\/1724"}],"wp:attachment":[{"href":"https:\/\/scsystems.ro\/magazin\/wp-json\/wp\/v2\/media?parent=1723"}],"wp:term":[{"taxonomy":"pwb-brand","embeddable":true,"href":"https:\/\/scsystems.ro\/magazin\/wp-json\/wp\/v2\/pwb-brand?post=1723"},{"taxonomy":"product_brand","embeddable":true,"href":"https:\/\/scsystems.ro\/magazin\/wp-json\/wp\/v2\/product_brand?post=1723"},{"taxonomy":"product_cat","embeddable":true,"href":"https:\/\/scsystems.ro\/magazin\/wp-json\/wp\/v2\/product_cat?post=1723"},{"taxonomy":"product_tag","embeddable":true,"href":"https:\/\/scsystems.ro\/magazin\/wp-json\/wp\/v2\/product_tag?post=1723"}],"curies":[{"name":"wp","href":"https:\/\/api.w.org\/{rel}","templated":true}]}}