{"id":1703,"date":"2023-06-05T11:45:19","date_gmt":"2023-06-05T11:45:19","guid":{"rendered":"https:\/\/scsystems.ro\/magazin\/?post_type=product&#038;p=1703"},"modified":"2025-08-01T00:03:07","modified_gmt":"2025-08-01T00:03:07","slug":"kit-automatizare-sommer-s-9110-base","status":"publish","type":"product","link":"https:\/\/scsystems.ro\/magazin\/produs\/kit-automatizare-sommer-s-9110-base\/","title":{"rendered":"Kit automatizare Sommer S 9110 base+"},"content":{"rendered":"<p>Kit automatizare Sommer S 9110 base+<\/p>\n<p><strong>Contine:<\/strong><\/p>\n<p>motor S 9110 base+ pt usa de garaj rezidentiala, 1100N, 868,8Mhz,<br \/>\nLmax=8m,Hmax=3.15m, pt parcari comune de masini, ciclu de lucru 40%<br \/>\n(raportat la 10min), 1 Tlc 4 canale (868,8Mhz) ,include sina Hmax=2500,<br \/>\ncompatibil cu NEW Generation<\/p>\n<p>integreaza o tehnologie LED durabila, eficienta si care salveaza energie (&lt;1 watt in standby);<\/p>\n<ul>\n<li>este un produs flexibil ce poate fi dezasamblat fara a demonta sina;<\/li>\n<li>asigura un grad superior de siguranta avand auto-blocare inalta si contra-presiune activa in toate pozitiile in caz de tentativa de spargere.<\/li>\n<\/ul>\n<p><strong>Siguranta\u00a0prin:<\/strong><\/p>\n<ul>\n<li>optiunea de conectare a acumulatorului pentru functionare de urgenta in cazul intreruperii alimentarii;<\/li>\n<li>declasarea integrata de siguranta (motorul poate fi cuplat si dezactivat in orice pozitie);<\/li>\n<li>sistem de control radio bidirectional si sigur SOMloq2.<\/li>\n<\/ul>\n<p><strong>Flexibilitate si inteligenta<\/strong>\u00a0prin:<\/p>\n<ul>\n<li>numeroase accesorii pentru extensie;<\/li>\n<li>scurtarea sau prelungirea sinei care se fac foarte usor;<\/li>\n<li>proces automat de invatare (mod vara\/iarna);<\/li>\n<li>profile de viteza optimizate pentru deschidere rapida si inchidere sigura;<\/li>\n<li>functionare conforma standardelor;<\/li>\n<li>calibrarea automata a functionarii usilor de garaj;<\/li>\n<li>tipuri de usa pre-selectabile prin intermediul comutatorului DIP;<\/li>\n<li>franare activa pentru usile de garaj in miscare;<\/li>\n<li>numeroase setari si optiuni de interogare prin SOMlink;<\/li>\n<li>sistem de economisire start\/stop;<\/li>\n<li>detectare automata la programare a pozitiei finale la inchiderea usii de garaj (presiunea de inchidere poate fi, de asemenea, adaptata individual la conditiile de constructie).<\/li>\n<\/ul>\n<p><strong>Elemente componente<\/strong>:<\/p>\n<ul>\n<li>carucior pentru motor cu receptor radio integrat (FM 868.8 MHz SOMloq2, cu 40 pozitii radio);<\/li>\n<li>iluminare LED in cadrul caruciorului pentru motor;<\/li>\n<li>emitator portabil pre-programat cu feedback pentru comenzile radio prin vibratii;<\/li>\n<li>3 unitati de sina (echipamentul standard deschide usi sectionale care au o inaltime de pana la 2.500 mm,dar prin extinderea sinei pot fi deschise si usi cu o inaltime mai mare);<\/li>\n<li>motor cu sisteme suplimentare de conectare;<\/li>\n<li>unitate de suspensie pe tavan (usor de instalat si versatila);<\/li>\n<li>unitate de control pe tavan (prevazuta cu buton de impulsuri, lumina de avertizare, 2\/4 fotocelule, slot pentru acumulatori);<\/li>\n<li>brat de impingere;<\/li>\n<li>lant fix de calitate superioara, galvanizat si placat cu nichel, pretensionat cu arcuri, cu rezistenta la tractiune si uzura;<\/li>\n<li>suport pentru usi si material de montare.<\/li>\n<\/ul>\n<p><strong>Caracteristici Motoare SOMMER base+<\/strong><\/p>\n<p>Unitate de comanda pe sina<br \/>\nIesire releu<br \/>\nIntrare Lumi+ \/Lumi pro<br \/>\nIesire lampa avertizare<br \/>\nIntrare fotocelule inchidere usa<br \/>\nIntrare Safety-Edge<\/p>\n<p><strong>Caracteristici tehnice Kit automatizare Sommer S 9110 base+:<\/p>\n<p><\/strong><\/p>\n<p>Adancime totala (mm) 3554 \/ 4650 + 23 mm<br \/>\nLatimea maxima usa (mm) 8000<br \/>\nInaltimea maxima usa (mm) 3150<br \/>\nGreutate maxima usa (kg) 200<br \/>\nForta (N) 1100<br \/>\nViteza (mm\/s) 180<br \/>\nPuterea consumata in Stand-by (W)\u00a0 ~1<br \/>\nCiclu de lucru %\u00a0 40<br \/>\nAlimentare (V\/AC) 230<br \/>\nFrecventa (Hz)\u00a0 50\/60<br \/>\nTemperatura de lucru (C) -25 &#8211; + 65<br \/>\nPutere absorbita (W)\u00a0 160<br \/>\nClasa de protectie IP 21<br \/>\nNivel zgomot (dBA) &lt; 59<br \/>\nSina inclusa in Kit- Hmax usa 2500<br \/>\nKit de instalare sina 1 Set Inclus in kit<br \/>\nBec incorporat\u00a0 da<br \/>\nPosibilitate conectare Fotocelule 2\/4 fire da<br \/>\nPosibilitate conectare safety edge da<br \/>\nPosibilitate Lampa de avertizare da<br \/>\nInchidere automata da<br \/>\nIesire 24 Vcc 0,1 A da<br \/>\nIntrare Baterie Back up da<br \/>\nClasa de protectie IP 21<\/p>\n","protected":false},"excerpt":{"rendered":"<p>Kitul de automatizare Sommer S 9110 base+ este solu\u021bia ideal\u0103 pentru automatizarea u\u0219ii de garaj reziden\u021biale. Acest kit include un motor puternic S 9110 base+ cu o for\u021b\u0103 de 1100N \u0219i frecven\u021b\u0103 de 868,8 MHz, fiind potrivit pentru u\u0219i de garaj de p\u00e2n\u0103 la 8m l\u0103\u021bime \u0219i 3,15m \u00een\u0103l\u021bime. Este compatibil cu sistemul NEW Generation \u0219i ofer\u0103 un ciclu de lucru de 40%<\/p>\n","protected":false},"featured_media":1706,"comment_status":"open","ping_status":"closed","template":"","meta":{"_eb_attr":""},"pwb-brand":[41],"product_brand":[],"product_cat":[25,26],"product_tag":[77,127,131,39,125,88],"class_list":{"0":"post-1703","1":"product","2":"type-product","3":"status-publish","4":"has-post-thumbnail","6":"pwb-brand-sommer","7":"product_cat-kituri-automatizari","8":"product_cat-smart-home","9":"product_tag-kit-automatizari","10":"product_tag-rezidential","11":"product_tag-s-9110-base","12":"product_tag-smart-home","13":"product_tag-sommer","14":"product_tag-usi-de-garaj","16":"first","17":"instock","18":"taxable","19":"shipping-taxable","20":"purchasable","21":"product-type-simple"},"yoast_head":"<!-- This site is optimized with the Yoast SEO plugin v27.2 - https:\/\/yoast.com\/product\/yoast-seo-wordpress\/ -->\n<title>Kit automatizare Sommer S 9110 base+ - Magazin SCS<\/title>\n<meta name=\"description\" content=\"Kit automatizare Sommer S 9110 base+ asigura un grad superior de siguranta cu auto-blocare si contra-presiune activa in caz de tentativa de spargere\" \/>\n<meta name=\"robots\" content=\"index, follow, max-snippet:-1, max-image-preview:large, max-video-preview:-1\" \/>\n<link rel=\"canonical\" href=\"https:\/\/scsystems.ro\/magazin\/produs\/kit-automatizare-sommer-s-9110-base\/\" \/>\n<meta property=\"og:locale\" content=\"ro_RO\" \/>\n<meta property=\"og:type\" content=\"article\" \/>\n<meta property=\"og:title\" content=\"Kit automatizare Sommer S 9110 base+ - Magazin SCS\" \/>\n<meta property=\"og:description\" content=\"Kit automatizare Sommer S 9110 base+ asigura un grad superior de siguranta cu auto-blocare si contra-presiune activa in caz de tentativa de spargere\" \/>\n<meta property=\"og:url\" content=\"https:\/\/scsystems.ro\/magazin\/produs\/kit-automatizare-sommer-s-9110-base\/\" \/>\n<meta property=\"og:site_name\" content=\"Magazin SCS\" \/>\n<meta property=\"article:publisher\" content=\"https:\/\/www.facebook.com\/smartclosingsystems\/\" \/>\n<meta property=\"article:modified_time\" content=\"2025-08-01T00:03:07+00:00\" \/>\n<meta property=\"og:image\" content=\"https:\/\/scsystems.ro\/magazin\/wp-content\/uploads\/sites\/2\/2023\/06\/Kit-automatizare-Sommer-S-9110-base.webp\" \/>\n\t<meta property=\"og:image:width\" content=\"1440\" \/>\n\t<meta property=\"og:image:height\" content=\"1440\" \/>\n\t<meta property=\"og:image:type\" content=\"image\/webp\" \/>\n<meta name=\"twitter:card\" content=\"summary_large_image\" \/>\n<meta name=\"twitter:label1\" content=\"Timp estimat pentru citire\" \/>\n\t<meta name=\"twitter:data1\" content=\"3 minute\" \/>\n<script type=\"application\/ld+json\" class=\"yoast-schema-graph\">{\"@context\":\"https:\/\/schema.org\",\"@graph\":[{\"@type\":\"WebPage\",\"@id\":\"https:\/\/scsystems.ro\/magazin\/produs\/kit-automatizare-sommer-s-9110-base\/\",\"url\":\"https:\/\/scsystems.ro\/magazin\/produs\/kit-automatizare-sommer-s-9110-base\/\",\"name\":\"Kit automatizare Sommer S 9110 base+ - Magazin SCS\",\"isPartOf\":{\"@id\":\"https:\/\/scsystems.ro\/magazin\/#website\"},\"primaryImageOfPage\":{\"@id\":\"https:\/\/scsystems.ro\/magazin\/produs\/kit-automatizare-sommer-s-9110-base\/#primaryimage\"},\"image\":{\"@id\":\"https:\/\/scsystems.ro\/magazin\/produs\/kit-automatizare-sommer-s-9110-base\/#primaryimage\"},\"thumbnailUrl\":\"https:\/\/scsystems.ro\/magazin\/wp-content\/uploads\/sites\/2\/2023\/06\/Kit-automatizare-Sommer-S-9110-base.webp\",\"datePublished\":\"2023-06-05T11:45:19+00:00\",\"dateModified\":\"2025-08-01T00:03:07+00:00\",\"description\":\"Kit automatizare Sommer S 9110 base+ asigura un grad superior de siguranta cu auto-blocare si contra-presiune activa in caz de tentativa de spargere\",\"breadcrumb\":{\"@id\":\"https:\/\/scsystems.ro\/magazin\/produs\/kit-automatizare-sommer-s-9110-base\/#breadcrumb\"},\"inLanguage\":\"ro-RO\",\"potentialAction\":[{\"@type\":\"ReadAction\",\"target\":[\"https:\/\/scsystems.ro\/magazin\/produs\/kit-automatizare-sommer-s-9110-base\/\"]}]},{\"@type\":\"ImageObject\",\"inLanguage\":\"ro-RO\",\"@id\":\"https:\/\/scsystems.ro\/magazin\/produs\/kit-automatizare-sommer-s-9110-base\/#primaryimage\",\"url\":\"https:\/\/scsystems.ro\/magazin\/wp-content\/uploads\/sites\/2\/2023\/06\/Kit-automatizare-Sommer-S-9110-base.webp\",\"contentUrl\":\"https:\/\/scsystems.ro\/magazin\/wp-content\/uploads\/sites\/2\/2023\/06\/Kit-automatizare-Sommer-S-9110-base.webp\",\"width\":1440,\"height\":1440,\"caption\":\"Kit automatizare Sommer S 9110 base+\"},{\"@type\":\"BreadcrumbList\",\"@id\":\"https:\/\/scsystems.ro\/magazin\/produs\/kit-automatizare-sommer-s-9110-base\/#breadcrumb\",\"itemListElement\":[{\"@type\":\"ListItem\",\"position\":1,\"name\":\"Magazin\",\"item\":\"https:\/\/scsystems.ro\/magazin\/\"},{\"@type\":\"ListItem\",\"position\":2,\"name\":\"Toate Produsele\",\"item\":\"https:\/\/scsystems.ro\/magazin\/toate-produsele\/\"},{\"@type\":\"ListItem\",\"position\":3,\"name\":\"Kit automatizare Sommer S 9110 base+\"}]},{\"@type\":\"WebSite\",\"@id\":\"https:\/\/scsystems.ro\/magazin\/#website\",\"url\":\"https:\/\/scsystems.ro\/magazin\/\",\"name\":\"Magazin SCS\",\"description\":\"Smart Closing Systems Magazin\",\"publisher\":{\"@id\":\"https:\/\/scsystems.ro\/magazin\/#organization\"},\"potentialAction\":[{\"@type\":\"SearchAction\",\"target\":{\"@type\":\"EntryPoint\",\"urlTemplate\":\"https:\/\/scsystems.ro\/magazin\/?s={search_term_string}\"},\"query-input\":{\"@type\":\"PropertyValueSpecification\",\"valueRequired\":true,\"valueName\":\"search_term_string\"}}],\"inLanguage\":\"ro-RO\"},{\"@type\":\"Organization\",\"@id\":\"https:\/\/scsystems.ro\/magazin\/#organization\",\"name\":\"Smart Closing Systems\",\"alternateName\":\"SCS\",\"url\":\"https:\/\/scsystems.ro\/magazin\/\",\"logo\":{\"@type\":\"ImageObject\",\"inLanguage\":\"ro-RO\",\"@id\":\"https:\/\/scsystems.ro\/magazin\/#\/schema\/logo\/image\/\",\"url\":\"https:\/\/scsystems.ro\/magazin\/wp-content\/uploads\/sites\/2\/2023\/03\/logo-SCS-Negru-vm.png\",\"contentUrl\":\"https:\/\/scsystems.ro\/magazin\/wp-content\/uploads\/sites\/2\/2023\/03\/logo-SCS-Negru-vm.png\",\"width\":2241,\"height\":1459,\"caption\":\"Smart Closing Systems\"},\"image\":{\"@id\":\"https:\/\/scsystems.ro\/magazin\/#\/schema\/logo\/image\/\"},\"sameAs\":[\"https:\/\/www.facebook.com\/smartclosingsystems\/\"]}]}<\/script>\n<!-- \/ Yoast SEO plugin. -->","yoast_head_json":{"title":"Kit automatizare Sommer S 9110 base+ - Magazin SCS","description":"Kit automatizare Sommer S 9110 base+ asigura un grad superior de siguranta cu auto-blocare si contra-presiune activa in caz de tentativa de spargere","robots":{"index":"index","follow":"follow","max-snippet":"max-snippet:-1","max-image-preview":"max-image-preview:large","max-video-preview":"max-video-preview:-1"},"canonical":"https:\/\/scsystems.ro\/magazin\/produs\/kit-automatizare-sommer-s-9110-base\/","og_locale":"ro_RO","og_type":"article","og_title":"Kit automatizare Sommer S 9110 base+ - Magazin SCS","og_description":"Kit automatizare Sommer S 9110 base+ asigura un grad superior de siguranta cu auto-blocare si contra-presiune activa in caz de tentativa de spargere","og_url":"https:\/\/scsystems.ro\/magazin\/produs\/kit-automatizare-sommer-s-9110-base\/","og_site_name":"Magazin SCS","article_publisher":"https:\/\/www.facebook.com\/smartclosingsystems\/","article_modified_time":"2025-08-01T00:03:07+00:00","og_image":[{"width":1440,"height":1440,"url":"https:\/\/scsystems.ro\/magazin\/wp-content\/uploads\/sites\/2\/2023\/06\/Kit-automatizare-Sommer-S-9110-base.webp","type":"image\/webp"}],"twitter_card":"summary_large_image","twitter_misc":{"Timp estimat pentru citire":"3 minute"},"schema":{"@context":"https:\/\/schema.org","@graph":[{"@type":"WebPage","@id":"https:\/\/scsystems.ro\/magazin\/produs\/kit-automatizare-sommer-s-9110-base\/","url":"https:\/\/scsystems.ro\/magazin\/produs\/kit-automatizare-sommer-s-9110-base\/","name":"Kit automatizare Sommer S 9110 base+ - Magazin SCS","isPartOf":{"@id":"https:\/\/scsystems.ro\/magazin\/#website"},"primaryImageOfPage":{"@id":"https:\/\/scsystems.ro\/magazin\/produs\/kit-automatizare-sommer-s-9110-base\/#primaryimage"},"image":{"@id":"https:\/\/scsystems.ro\/magazin\/produs\/kit-automatizare-sommer-s-9110-base\/#primaryimage"},"thumbnailUrl":"https:\/\/scsystems.ro\/magazin\/wp-content\/uploads\/sites\/2\/2023\/06\/Kit-automatizare-Sommer-S-9110-base.webp","datePublished":"2023-06-05T11:45:19+00:00","dateModified":"2025-08-01T00:03:07+00:00","description":"Kit automatizare Sommer S 9110 base+ asigura un grad superior de siguranta cu auto-blocare si contra-presiune activa in caz de tentativa de spargere","breadcrumb":{"@id":"https:\/\/scsystems.ro\/magazin\/produs\/kit-automatizare-sommer-s-9110-base\/#breadcrumb"},"inLanguage":"ro-RO","potentialAction":[{"@type":"ReadAction","target":["https:\/\/scsystems.ro\/magazin\/produs\/kit-automatizare-sommer-s-9110-base\/"]}]},{"@type":"ImageObject","inLanguage":"ro-RO","@id":"https:\/\/scsystems.ro\/magazin\/produs\/kit-automatizare-sommer-s-9110-base\/#primaryimage","url":"https:\/\/scsystems.ro\/magazin\/wp-content\/uploads\/sites\/2\/2023\/06\/Kit-automatizare-Sommer-S-9110-base.webp","contentUrl":"https:\/\/scsystems.ro\/magazin\/wp-content\/uploads\/sites\/2\/2023\/06\/Kit-automatizare-Sommer-S-9110-base.webp","width":1440,"height":1440,"caption":"Kit automatizare Sommer S 9110 base+"},{"@type":"BreadcrumbList","@id":"https:\/\/scsystems.ro\/magazin\/produs\/kit-automatizare-sommer-s-9110-base\/#breadcrumb","itemListElement":[{"@type":"ListItem","position":1,"name":"Magazin","item":"https:\/\/scsystems.ro\/magazin\/"},{"@type":"ListItem","position":2,"name":"Toate Produsele","item":"https:\/\/scsystems.ro\/magazin\/toate-produsele\/"},{"@type":"ListItem","position":3,"name":"Kit automatizare Sommer S 9110 base+"}]},{"@type":"WebSite","@id":"https:\/\/scsystems.ro\/magazin\/#website","url":"https:\/\/scsystems.ro\/magazin\/","name":"Magazin SCS","description":"Smart Closing Systems Magazin","publisher":{"@id":"https:\/\/scsystems.ro\/magazin\/#organization"},"potentialAction":[{"@type":"SearchAction","target":{"@type":"EntryPoint","urlTemplate":"https:\/\/scsystems.ro\/magazin\/?s={search_term_string}"},"query-input":{"@type":"PropertyValueSpecification","valueRequired":true,"valueName":"search_term_string"}}],"inLanguage":"ro-RO"},{"@type":"Organization","@id":"https:\/\/scsystems.ro\/magazin\/#organization","name":"Smart Closing Systems","alternateName":"SCS","url":"https:\/\/scsystems.ro\/magazin\/","logo":{"@type":"ImageObject","inLanguage":"ro-RO","@id":"https:\/\/scsystems.ro\/magazin\/#\/schema\/logo\/image\/","url":"https:\/\/scsystems.ro\/magazin\/wp-content\/uploads\/sites\/2\/2023\/03\/logo-SCS-Negru-vm.png","contentUrl":"https:\/\/scsystems.ro\/magazin\/wp-content\/uploads\/sites\/2\/2023\/03\/logo-SCS-Negru-vm.png","width":2241,"height":1459,"caption":"Smart Closing Systems"},"image":{"@id":"https:\/\/scsystems.ro\/magazin\/#\/schema\/logo\/image\/"},"sameAs":["https:\/\/www.facebook.com\/smartclosingsystems\/"]}]}},"jetpack_sharing_enabled":true,"brands":[{"id":41,"name":"Sommer","slug":"sommer"}],"_links":{"self":[{"href":"https:\/\/scsystems.ro\/magazin\/wp-json\/wp\/v2\/product\/1703","targetHints":{"allow":["GET"]}}],"collection":[{"href":"https:\/\/scsystems.ro\/magazin\/wp-json\/wp\/v2\/product"}],"about":[{"href":"https:\/\/scsystems.ro\/magazin\/wp-json\/wp\/v2\/types\/product"}],"replies":[{"embeddable":true,"href":"https:\/\/scsystems.ro\/magazin\/wp-json\/wp\/v2\/comments?post=1703"}],"wp:featuredmedia":[{"embeddable":true,"href":"https:\/\/scsystems.ro\/magazin\/wp-json\/wp\/v2\/media\/1706"}],"wp:attachment":[{"href":"https:\/\/scsystems.ro\/magazin\/wp-json\/wp\/v2\/media?parent=1703"}],"wp:term":[{"taxonomy":"pwb-brand","embeddable":true,"href":"https:\/\/scsystems.ro\/magazin\/wp-json\/wp\/v2\/pwb-brand?post=1703"},{"taxonomy":"product_brand","embeddable":true,"href":"https:\/\/scsystems.ro\/magazin\/wp-json\/wp\/v2\/product_brand?post=1703"},{"taxonomy":"product_cat","embeddable":true,"href":"https:\/\/scsystems.ro\/magazin\/wp-json\/wp\/v2\/product_cat?post=1703"},{"taxonomy":"product_tag","embeddable":true,"href":"https:\/\/scsystems.ro\/magazin\/wp-json\/wp\/v2\/product_tag?post=1703"}],"curies":[{"name":"wp","href":"https:\/\/api.w.org\/{rel}","templated":true}]}}