{"id":1681,"date":"2023-06-01T19:20:04","date_gmt":"2023-06-01T19:20:04","guid":{"rendered":"https:\/\/scsystems.ro\/magazin\/?post_type=product&#038;p=1681"},"modified":"2025-01-14T16:22:42","modified_gmt":"2025-01-14T16:22:42","slug":"kit-automatizare-sommer-duo-rapido-650","status":"publish","type":"product","link":"https:\/\/scsystems.ro\/magazin\/produs\/kit-automatizare-sommer-duo-rapido-650\/","title":{"rendered":"Kit Automatizare Sommer Duo Rapido 650"},"content":{"rendered":"<p>Kit Automatizare Sommer Duo Rapido 650<\/p>\n<p><strong>Contine:<\/strong> Motor Duo Rapido 650 pt usa de garaj rezidentiala, 650N, 868,8Mhz,<br \/>\nLmax=5m,Hmax=3.15m, 1 Tlc 4 canale (868,8Mhz) , NU include sina<\/p>\n<p><img fetchpriority=\"high\" decoding=\"async\" class=\"alignnone wp-image-1690 \" src=\"https:\/\/scsystems.ro\/magazin\/wp-content\/uploads\/sites\/2\/2023\/06\/Telecomanda-cu-4-canale-Sommer-Pearl-Vibe-868.8-MHz-868.95-MHz-scaled.webp\" alt=\"\" width=\"460\" height=\"460\" srcset=\"https:\/\/scsystems.ro\/magazin\/wp-content\/uploads\/sites\/2\/2023\/06\/Telecomanda-cu-4-canale-Sommer-Pearl-Vibe-868.8-MHz-868.95-MHz-scaled.webp 2560w, https:\/\/scsystems.ro\/magazin\/wp-content\/uploads\/sites\/2\/2023\/06\/Telecomanda-cu-4-canale-Sommer-Pearl-Vibe-868.8-MHz-868.95-MHz-300x300.webp 300w, https:\/\/scsystems.ro\/magazin\/wp-content\/uploads\/sites\/2\/2023\/06\/Telecomanda-cu-4-canale-Sommer-Pearl-Vibe-868.8-MHz-868.95-MHz-1024x1024.webp 1024w, https:\/\/scsystems.ro\/magazin\/wp-content\/uploads\/sites\/2\/2023\/06\/Telecomanda-cu-4-canale-Sommer-Pearl-Vibe-868.8-MHz-868.95-MHz-150x150.webp 150w, https:\/\/scsystems.ro\/magazin\/wp-content\/uploads\/sites\/2\/2023\/06\/Telecomanda-cu-4-canale-Sommer-Pearl-Vibe-868.8-MHz-868.95-MHz-768x768.webp 768w, https:\/\/scsystems.ro\/magazin\/wp-content\/uploads\/sites\/2\/2023\/06\/Telecomanda-cu-4-canale-Sommer-Pearl-Vibe-868.8-MHz-868.95-MHz-1536x1536.webp 1536w, https:\/\/scsystems.ro\/magazin\/wp-content\/uploads\/sites\/2\/2023\/06\/Telecomanda-cu-4-canale-Sommer-Pearl-Vibe-868.8-MHz-868.95-MHz-2048x2048.webp 2048w, https:\/\/scsystems.ro\/magazin\/wp-content\/uploads\/sites\/2\/2023\/06\/Telecomanda-cu-4-canale-Sommer-Pearl-Vibe-868.8-MHz-868.95-MHz-200x200.webp 200w, https:\/\/scsystems.ro\/magazin\/wp-content\/uploads\/sites\/2\/2023\/06\/Telecomanda-cu-4-canale-Sommer-Pearl-Vibe-868.8-MHz-868.95-MHz-600x600.webp 600w, https:\/\/scsystems.ro\/magazin\/wp-content\/uploads\/sites\/2\/2023\/06\/Telecomanda-cu-4-canale-Sommer-Pearl-Vibe-868.8-MHz-868.95-MHz-100x100.webp 100w\" sizes=\"(max-width: 460px) 100vw, 460px\" \/><\/p>\n<p><strong>Beneficii<\/strong><\/p>\n<p>Design elegant cu unitatea de comand\u0103 separat\u0103 pentru o instalare u\u0219oar\u0103 \u0219i rapid\u0103<br \/>\nFor\u021ba de trac\u021biune a motorului 650 N<br \/>\nRecomandat u\u0219ilor cu l\u0103\u021bimea de maxim 5,5 m<br \/>\nMontaj u\u0219or \u0219i rapid datorit\u0103 preasambl\u0103rii<br \/>\nConsum redus de energie<br \/>\nPosibilitate conectare barier\u0103 cu celule fotoelectrice<\/p>\n<p><strong>Sistem deschidere de urgen\u021b\u0103<\/strong><\/p>\n<p>\uf0a7 Solu\u021biile de automatizare a u\u0219ilor de garaj SOMMER ofer\u0103 posibilitatea deschiderii de urgen\u021b\u0103 \u00een cazul unei pene de curent. Indiferent de pozi\u021bia u\u0219ii, motorul poate fi deblocat manual, iar u\u0219a de garaj se poate deschide \u0219i \u00eenchide.<\/p>\n<p><strong>Motorul<\/strong><\/p>\n<p>\uf0a7 Fiabilitate \u0219i durabilitate ridicate datorit\u0103 tehnologieide func\u021bionare<br \/>\n\uf0a7 Lan\u0163ul este sta\u0163ionar, astfel \u00eenc\u00e2t pierderea de energie este minim\u0103 datorit\u0103 faptului c\u0103 nu exist\u0103 frecare precum \u00een cazul tehnologiei cu lan\u0163 circumferen\u0163ial<br \/>\n\uf0a7 Lan\u021bul nu necesit\u0103 \u00eentre\u021binere, nu trebuie uns, ceea ce \u00eenseamn\u0103 c\u0103 nu exist\u0103 pericolul apari\u021biei petelor de ulei<br \/>\n\uf0a7 Sistem de autoblocare \u00eempotriva ho\u021bilor<br \/>\n\uf0a7 Func\u021bionare silen\u021bioas\u0103<\/p>\n<p><strong>Accesoriu prindere de plafon<\/strong><\/p>\n<p>Este reglabil \u0219i u\u0219or de folosit.<br \/>\n\uf0a7 Ofer\u0103 flexibilitate la montaj<br \/>\n\uf0a7 Distan\u021ba minim\u0103 de instalare este de 35 mm<\/p>\n<p><strong>\u0218ina<\/strong><\/p>\n<p>\uf0a7 <strong>\u0218ina NU este inclus\u0103 \u00een pachet<\/strong><br \/>\n\uf0a7 Ideal\u0103 pentru u\u0219ile grele<br \/>\n\uf0a7 Este posibil\u0103 livrarea cu alimentare electric\u0103 la ambele capete ale \u0219inei pentru u\u0219urarea instal\u0103rii<br \/>\n\uf0a7 Include 5 m de cablu<br \/>\n\uf0a7 Exist\u0103 variante de \u0219in\u0103 pentru u\u0219i cu \u00een\u0103l\u021bimile maxime de 2350 mm, 2750 mm \u0219i 3150 mm<\/p>\n<p><strong>Unitatea de comand\u0103<\/strong><\/p>\n<p>\uf0a7 Include receptorul radio (FM 868,8 MHz cu 112 sloturi de memorie)<br \/>\n\uf0a7 Lamp\u0103 iluminare integrat\u0103<br \/>\n\uf0a7 Detec\u021bie automat\u0103 a obstacolelor: ridicare automat\u0103 la \u00eent\u00e2lnirea unui obstacol<br \/>\n\uf0a7 Tehnologie de reglare automat\u0103 a for\u021bei (Dynamic Power System): calculeaz\u0103 automat for\u021ba necesar\u0103 ac\u021bion\u0103rii u\u0219ii, regl\u00e2ndu-se pentru o func\u021bionare \u00een condi\u021bii de siguran\u021b\u0103 maxim\u0103<br \/>\n\uf0a7 Asigur\u0103 viteza optim\u0103 de ridicare<\/p>\n<p><strong>Concluzie Kit Automatizare Sommer Duo Rapido 650<\/strong><\/p>\n<p>Kitul de automatizare Sommer Duo Rapido 650 este o solu\u021bie complet\u0103 pentru automatizarea u\u0219ilor de garaj reziden\u021biale. Acesta include motorul Duo Rapido 650, cu o for\u021b\u0103 de trac\u021biune de 650 N, fiind recomandat pentru u\u0219i cu l\u0103\u021bimea maxim\u0103 de 5,5 m. Kitul nu include sina, dar ofer\u0103 posibilitatea conect\u0103rii unei bariere cu celule fotoelectrice pentru siguran\u021b\u0103 suplimentar\u0103.<\/p>\n","protected":false},"excerpt":{"rendered":"<p><strong>Kit Automatizare Sommer Duo Rapido 650<br \/>\nContine:<\/strong> Motor Duo Rapido 650 pt usa de garaj rezidentiala, 650N, 868,8Mhz,<br \/>\nLmax=5m,Hmax=3.15m, 1 Tlc 4 canale (868,8Mhz) , NU include sina<\/p>\n","protected":false},"featured_media":1688,"comment_status":"open","ping_status":"closed","template":"","meta":{"_eb_attr":""},"pwb-brand":[41],"product_brand":[],"product_cat":[25,26],"product_tag":[128,77,127,39,125,88],"class_list":{"0":"post-1681","1":"product","2":"type-product","3":"status-publish","4":"has-post-thumbnail","6":"pwb-brand-sommer","7":"product_cat-kituri-automatizari","8":"product_cat-smart-home","9":"product_tag-duo-rapido","10":"product_tag-kit-automatizari","11":"product_tag-rezidential","12":"product_tag-smart-home","13":"product_tag-sommer","14":"product_tag-usi-de-garaj","16":"first","17":"outofstock","18":"taxable","19":"shipping-taxable","20":"purchasable","21":"product-type-simple"},"yoast_head":"<!-- This site is optimized with the Yoast SEO plugin v27.2 - https:\/\/yoast.com\/product\/yoast-seo-wordpress\/ -->\n<title>Kit Automatizare Sommer Duo Rapido 650 - Magazin SCS<\/title>\n<meta name=\"description\" content=\"Kit Automatizare Sommer Duo Rapido 650 ofer\u0103 posibilitatea deschiderii de urgen\u021b\u0103 \u00een cazul unei pene de curent. Indiferent de pozi\u021bia u\u0219ii.\" \/>\n<meta name=\"robots\" content=\"index, follow, max-snippet:-1, max-image-preview:large, max-video-preview:-1\" \/>\n<link rel=\"canonical\" href=\"https:\/\/scsystems.ro\/magazin\/produs\/kit-automatizare-sommer-duo-rapido-650\/\" \/>\n<meta property=\"og:locale\" content=\"ro_RO\" \/>\n<meta property=\"og:type\" content=\"article\" \/>\n<meta property=\"og:title\" content=\"Kit Automatizare Sommer Duo Rapido 650 - Magazin SCS\" \/>\n<meta property=\"og:description\" content=\"Kit Automatizare Sommer Duo Rapido 650 ofer\u0103 posibilitatea deschiderii de urgen\u021b\u0103 \u00een cazul unei pene de curent. Indiferent de pozi\u021bia u\u0219ii.\" \/>\n<meta property=\"og:url\" content=\"https:\/\/scsystems.ro\/magazin\/produs\/kit-automatizare-sommer-duo-rapido-650\/\" \/>\n<meta property=\"og:site_name\" content=\"Magazin SCS\" \/>\n<meta property=\"article:publisher\" content=\"https:\/\/www.facebook.com\/smartclosingsystems\/\" \/>\n<meta property=\"article:modified_time\" content=\"2025-01-14T16:22:42+00:00\" \/>\n<meta property=\"og:image\" content=\"https:\/\/scsystems.ro\/magazin\/wp-content\/uploads\/sites\/2\/2023\/06\/Kit-Automatizare-Sommer-Duo-Rapido-650-scaled.webp\" \/>\n\t<meta property=\"og:image:width\" content=\"2560\" \/>\n\t<meta property=\"og:image:height\" content=\"1705\" \/>\n\t<meta property=\"og:image:type\" content=\"image\/webp\" \/>\n<meta name=\"twitter:card\" content=\"summary_large_image\" \/>\n<meta name=\"twitter:label1\" content=\"Timp estimat pentru citire\" \/>\n\t<meta name=\"twitter:data1\" content=\"3 minute\" \/>\n<script type=\"application\/ld+json\" class=\"yoast-schema-graph\">{\"@context\":\"https:\/\/schema.org\",\"@graph\":[{\"@type\":\"WebPage\",\"@id\":\"https:\/\/scsystems.ro\/magazin\/produs\/kit-automatizare-sommer-duo-rapido-650\/\",\"url\":\"https:\/\/scsystems.ro\/magazin\/produs\/kit-automatizare-sommer-duo-rapido-650\/\",\"name\":\"Kit Automatizare Sommer Duo Rapido 650 - Magazin SCS\",\"isPartOf\":{\"@id\":\"https:\/\/scsystems.ro\/magazin\/#website\"},\"primaryImageOfPage\":{\"@id\":\"https:\/\/scsystems.ro\/magazin\/produs\/kit-automatizare-sommer-duo-rapido-650\/#primaryimage\"},\"image\":{\"@id\":\"https:\/\/scsystems.ro\/magazin\/produs\/kit-automatizare-sommer-duo-rapido-650\/#primaryimage\"},\"thumbnailUrl\":\"https:\/\/scsystems.ro\/magazin\/wp-content\/uploads\/sites\/2\/2023\/06\/Kit-Automatizare-Sommer-Duo-Rapido-650-scaled.webp\",\"datePublished\":\"2023-06-01T19:20:04+00:00\",\"dateModified\":\"2025-01-14T16:22:42+00:00\",\"description\":\"Kit Automatizare Sommer Duo Rapido 650 ofer\u0103 posibilitatea deschiderii de urgen\u021b\u0103 \u00een cazul unei pene de curent. Indiferent de pozi\u021bia u\u0219ii.\",\"breadcrumb\":{\"@id\":\"https:\/\/scsystems.ro\/magazin\/produs\/kit-automatizare-sommer-duo-rapido-650\/#breadcrumb\"},\"inLanguage\":\"ro-RO\",\"potentialAction\":[{\"@type\":\"ReadAction\",\"target\":[\"https:\/\/scsystems.ro\/magazin\/produs\/kit-automatizare-sommer-duo-rapido-650\/\"]}]},{\"@type\":\"ImageObject\",\"inLanguage\":\"ro-RO\",\"@id\":\"https:\/\/scsystems.ro\/magazin\/produs\/kit-automatizare-sommer-duo-rapido-650\/#primaryimage\",\"url\":\"https:\/\/scsystems.ro\/magazin\/wp-content\/uploads\/sites\/2\/2023\/06\/Kit-Automatizare-Sommer-Duo-Rapido-650-scaled.webp\",\"contentUrl\":\"https:\/\/scsystems.ro\/magazin\/wp-content\/uploads\/sites\/2\/2023\/06\/Kit-Automatizare-Sommer-Duo-Rapido-650-scaled.webp\",\"width\":2560,\"height\":1705,\"caption\":\"Kit Automatizare Sommer Duo Rapido 650\"},{\"@type\":\"BreadcrumbList\",\"@id\":\"https:\/\/scsystems.ro\/magazin\/produs\/kit-automatizare-sommer-duo-rapido-650\/#breadcrumb\",\"itemListElement\":[{\"@type\":\"ListItem\",\"position\":1,\"name\":\"Magazin\",\"item\":\"https:\/\/scsystems.ro\/magazin\/\"},{\"@type\":\"ListItem\",\"position\":2,\"name\":\"Toate Produsele\",\"item\":\"https:\/\/scsystems.ro\/magazin\/toate-produsele\/\"},{\"@type\":\"ListItem\",\"position\":3,\"name\":\"Kit Automatizare Sommer Duo Rapido 650\"}]},{\"@type\":\"WebSite\",\"@id\":\"https:\/\/scsystems.ro\/magazin\/#website\",\"url\":\"https:\/\/scsystems.ro\/magazin\/\",\"name\":\"Magazin SCS\",\"description\":\"Smart Closing Systems Magazin\",\"publisher\":{\"@id\":\"https:\/\/scsystems.ro\/magazin\/#organization\"},\"potentialAction\":[{\"@type\":\"SearchAction\",\"target\":{\"@type\":\"EntryPoint\",\"urlTemplate\":\"https:\/\/scsystems.ro\/magazin\/?s={search_term_string}\"},\"query-input\":{\"@type\":\"PropertyValueSpecification\",\"valueRequired\":true,\"valueName\":\"search_term_string\"}}],\"inLanguage\":\"ro-RO\"},{\"@type\":\"Organization\",\"@id\":\"https:\/\/scsystems.ro\/magazin\/#organization\",\"name\":\"Smart Closing Systems\",\"alternateName\":\"SCS\",\"url\":\"https:\/\/scsystems.ro\/magazin\/\",\"logo\":{\"@type\":\"ImageObject\",\"inLanguage\":\"ro-RO\",\"@id\":\"https:\/\/scsystems.ro\/magazin\/#\/schema\/logo\/image\/\",\"url\":\"https:\/\/scsystems.ro\/magazin\/wp-content\/uploads\/sites\/2\/2023\/03\/logo-SCS-Negru-vm.png\",\"contentUrl\":\"https:\/\/scsystems.ro\/magazin\/wp-content\/uploads\/sites\/2\/2023\/03\/logo-SCS-Negru-vm.png\",\"width\":2241,\"height\":1459,\"caption\":\"Smart Closing Systems\"},\"image\":{\"@id\":\"https:\/\/scsystems.ro\/magazin\/#\/schema\/logo\/image\/\"},\"sameAs\":[\"https:\/\/www.facebook.com\/smartclosingsystems\/\"]}]}<\/script>\n<!-- \/ Yoast SEO plugin. -->","yoast_head_json":{"title":"Kit Automatizare Sommer Duo Rapido 650 - Magazin SCS","description":"Kit Automatizare Sommer Duo Rapido 650 ofer\u0103 posibilitatea deschiderii de urgen\u021b\u0103 \u00een cazul unei pene de curent. Indiferent de pozi\u021bia u\u0219ii.","robots":{"index":"index","follow":"follow","max-snippet":"max-snippet:-1","max-image-preview":"max-image-preview:large","max-video-preview":"max-video-preview:-1"},"canonical":"https:\/\/scsystems.ro\/magazin\/produs\/kit-automatizare-sommer-duo-rapido-650\/","og_locale":"ro_RO","og_type":"article","og_title":"Kit Automatizare Sommer Duo Rapido 650 - Magazin SCS","og_description":"Kit Automatizare Sommer Duo Rapido 650 ofer\u0103 posibilitatea deschiderii de urgen\u021b\u0103 \u00een cazul unei pene de curent. Indiferent de pozi\u021bia u\u0219ii.","og_url":"https:\/\/scsystems.ro\/magazin\/produs\/kit-automatizare-sommer-duo-rapido-650\/","og_site_name":"Magazin SCS","article_publisher":"https:\/\/www.facebook.com\/smartclosingsystems\/","article_modified_time":"2025-01-14T16:22:42+00:00","og_image":[{"width":2560,"height":1705,"url":"https:\/\/scsystems.ro\/magazin\/wp-content\/uploads\/sites\/2\/2023\/06\/Kit-Automatizare-Sommer-Duo-Rapido-650-scaled.webp","type":"image\/webp"}],"twitter_card":"summary_large_image","twitter_misc":{"Timp estimat pentru citire":"3 minute"},"schema":{"@context":"https:\/\/schema.org","@graph":[{"@type":"WebPage","@id":"https:\/\/scsystems.ro\/magazin\/produs\/kit-automatizare-sommer-duo-rapido-650\/","url":"https:\/\/scsystems.ro\/magazin\/produs\/kit-automatizare-sommer-duo-rapido-650\/","name":"Kit Automatizare Sommer Duo Rapido 650 - Magazin SCS","isPartOf":{"@id":"https:\/\/scsystems.ro\/magazin\/#website"},"primaryImageOfPage":{"@id":"https:\/\/scsystems.ro\/magazin\/produs\/kit-automatizare-sommer-duo-rapido-650\/#primaryimage"},"image":{"@id":"https:\/\/scsystems.ro\/magazin\/produs\/kit-automatizare-sommer-duo-rapido-650\/#primaryimage"},"thumbnailUrl":"https:\/\/scsystems.ro\/magazin\/wp-content\/uploads\/sites\/2\/2023\/06\/Kit-Automatizare-Sommer-Duo-Rapido-650-scaled.webp","datePublished":"2023-06-01T19:20:04+00:00","dateModified":"2025-01-14T16:22:42+00:00","description":"Kit Automatizare Sommer Duo Rapido 650 ofer\u0103 posibilitatea deschiderii de urgen\u021b\u0103 \u00een cazul unei pene de curent. Indiferent de pozi\u021bia u\u0219ii.","breadcrumb":{"@id":"https:\/\/scsystems.ro\/magazin\/produs\/kit-automatizare-sommer-duo-rapido-650\/#breadcrumb"},"inLanguage":"ro-RO","potentialAction":[{"@type":"ReadAction","target":["https:\/\/scsystems.ro\/magazin\/produs\/kit-automatizare-sommer-duo-rapido-650\/"]}]},{"@type":"ImageObject","inLanguage":"ro-RO","@id":"https:\/\/scsystems.ro\/magazin\/produs\/kit-automatizare-sommer-duo-rapido-650\/#primaryimage","url":"https:\/\/scsystems.ro\/magazin\/wp-content\/uploads\/sites\/2\/2023\/06\/Kit-Automatizare-Sommer-Duo-Rapido-650-scaled.webp","contentUrl":"https:\/\/scsystems.ro\/magazin\/wp-content\/uploads\/sites\/2\/2023\/06\/Kit-Automatizare-Sommer-Duo-Rapido-650-scaled.webp","width":2560,"height":1705,"caption":"Kit Automatizare Sommer Duo Rapido 650"},{"@type":"BreadcrumbList","@id":"https:\/\/scsystems.ro\/magazin\/produs\/kit-automatizare-sommer-duo-rapido-650\/#breadcrumb","itemListElement":[{"@type":"ListItem","position":1,"name":"Magazin","item":"https:\/\/scsystems.ro\/magazin\/"},{"@type":"ListItem","position":2,"name":"Toate Produsele","item":"https:\/\/scsystems.ro\/magazin\/toate-produsele\/"},{"@type":"ListItem","position":3,"name":"Kit Automatizare Sommer Duo Rapido 650"}]},{"@type":"WebSite","@id":"https:\/\/scsystems.ro\/magazin\/#website","url":"https:\/\/scsystems.ro\/magazin\/","name":"Magazin SCS","description":"Smart Closing Systems Magazin","publisher":{"@id":"https:\/\/scsystems.ro\/magazin\/#organization"},"potentialAction":[{"@type":"SearchAction","target":{"@type":"EntryPoint","urlTemplate":"https:\/\/scsystems.ro\/magazin\/?s={search_term_string}"},"query-input":{"@type":"PropertyValueSpecification","valueRequired":true,"valueName":"search_term_string"}}],"inLanguage":"ro-RO"},{"@type":"Organization","@id":"https:\/\/scsystems.ro\/magazin\/#organization","name":"Smart Closing Systems","alternateName":"SCS","url":"https:\/\/scsystems.ro\/magazin\/","logo":{"@type":"ImageObject","inLanguage":"ro-RO","@id":"https:\/\/scsystems.ro\/magazin\/#\/schema\/logo\/image\/","url":"https:\/\/scsystems.ro\/magazin\/wp-content\/uploads\/sites\/2\/2023\/03\/logo-SCS-Negru-vm.png","contentUrl":"https:\/\/scsystems.ro\/magazin\/wp-content\/uploads\/sites\/2\/2023\/03\/logo-SCS-Negru-vm.png","width":2241,"height":1459,"caption":"Smart Closing Systems"},"image":{"@id":"https:\/\/scsystems.ro\/magazin\/#\/schema\/logo\/image\/"},"sameAs":["https:\/\/www.facebook.com\/smartclosingsystems\/"]}]}},"jetpack_sharing_enabled":true,"brands":[{"id":41,"name":"Sommer","slug":"sommer"}],"_links":{"self":[{"href":"https:\/\/scsystems.ro\/magazin\/wp-json\/wp\/v2\/product\/1681","targetHints":{"allow":["GET"]}}],"collection":[{"href":"https:\/\/scsystems.ro\/magazin\/wp-json\/wp\/v2\/product"}],"about":[{"href":"https:\/\/scsystems.ro\/magazin\/wp-json\/wp\/v2\/types\/product"}],"replies":[{"embeddable":true,"href":"https:\/\/scsystems.ro\/magazin\/wp-json\/wp\/v2\/comments?post=1681"}],"wp:featuredmedia":[{"embeddable":true,"href":"https:\/\/scsystems.ro\/magazin\/wp-json\/wp\/v2\/media\/1688"}],"wp:attachment":[{"href":"https:\/\/scsystems.ro\/magazin\/wp-json\/wp\/v2\/media?parent=1681"}],"wp:term":[{"taxonomy":"pwb-brand","embeddable":true,"href":"https:\/\/scsystems.ro\/magazin\/wp-json\/wp\/v2\/pwb-brand?post=1681"},{"taxonomy":"product_brand","embeddable":true,"href":"https:\/\/scsystems.ro\/magazin\/wp-json\/wp\/v2\/product_brand?post=1681"},{"taxonomy":"product_cat","embeddable":true,"href":"https:\/\/scsystems.ro\/magazin\/wp-json\/wp\/v2\/product_cat?post=1681"},{"taxonomy":"product_tag","embeddable":true,"href":"https:\/\/scsystems.ro\/magazin\/wp-json\/wp\/v2\/product_tag?post=1681"}],"curies":[{"name":"wp","href":"https:\/\/api.w.org\/{rel}","templated":true}]}}