{"id":1554,"date":"2023-05-28T08:49:10","date_gmt":"2023-05-28T08:49:10","guid":{"rendered":"https:\/\/scsystems.ro\/magazin\/?post_type=product&#038;p=1554"},"modified":"2026-03-27T17:14:24","modified_gmt":"2026-03-27T17:14:24","slug":"plug-io-tip-f-receptor-somfy","status":"publish","type":"product","link":"https:\/\/scsystems.ro\/magazin\/produs\/plug-io-tip-f-receptor-somfy\/","title":{"rendered":"Plug io tip F receptor Somfy"},"content":{"rendered":"<p><span data-sheets-value=\"{&quot;1&quot;:2,&quot;2&quot;:&quot;Plug io - tip F receptor pentru priza 230V&quot;}\" data-sheets-userformat=\"{&quot;2&quot;:7043,&quot;3&quot;:{&quot;1&quot;:0},&quot;4&quot;:{&quot;1&quot;:2,&quot;2&quot;:14081252},&quot;10&quot;:0,&quot;11&quot;:0,&quot;12&quot;:0,&quot;14&quot;:{&quot;1&quot;:2,&quot;2&quot;:16711680},&quot;15&quot;:&quot;\\&quot;Calibri Light\\&quot;, serif&quot;}\">Plug io tip F receptor Somfy\u00a0pentru priza 230V 1822618<\/span><\/p>\n<p>Pute\u021bi transforma orice corp de iluminat \u00eentr-unul inteligent.<\/p>\n<div class=\"title_content\">\n<h2 class=\"title_3\">Beneficii<\/h2>\n<\/div>\n<div class=\"text_big\">\n<p>Priza poate fi integrat\u0103\u00a0in universul de cas\u0103\u00a0conectat\u0103\u00a0Somfy al\u0103turi de sisteme de umbrire motorizate (rulouri, obloane, perdele, jaluzele) si acces (porti si usi de garaj) sau alte dispozitive de control smart (camere, alarme).<\/p>\n<p>&nbsp;<\/p>\n<ul>\n<li>Permite controlul de la distan\u021b\u0103\u00a0al corpurilor de iluminat: pornit-oprit.<\/li>\n<li>Poate simula prezen\u021ba\u00a0atunci c\u00e2nd sunte\u021bi \u00een vacan\u021b\u0103, anim\u00e2ndu-v\u0103 casa de la distan\u021b\u0103.<\/li>\n<li>Permite verificarea st\u0103rii echipamentelor, pornit-oprit, de la distan\u021b\u0103.<\/li>\n<li>Ofera posibilitatea de creare de ambian\u021be cu ajutorul corpurilor de iluminat (pentru citit, vizion\u0103ri, cin\u0103, etc.) pentru redarea lor ulterioar\u0103.<\/li>\n<li>Poate sincroniza un corp de iluminat cu un senzor de mi\u0219care pentru a crea un culoar luminos pe timpul nop\u021bii.<\/li>\n<\/ul>\n<\/div>\n<div class=\"title_content\">\n<h2 class=\"title_3\">Specifica\u0163ii<\/h2>\n<\/div>\n<div id=\"accordion-details\" class=\"accordion_wrap\">\n<div class=\"accordion-content-block\">\n<h3 class=\"d-flex align-items-center accordion-item-title subtitle_2\" role=\"link\" data-toggle=\"collapse\" aria-expanded=\"true\" aria-controls=\"detailsCollapse\">Descriere<\/h3>\n<div id=\"detailsCollapse\" class=\"accordion-item-content collapse show\" data-parent=\"#accordion-details\">\n<p><strong>Pute\u021bi\u00a0transforma orice corp de iluminat\u00a0\u00eentr-unul\u00a0inteligent.<\/strong><\/p>\n<p>Utilizarea prizei inteligente\u00a0v\u0103 poate oferi mai mult\u0103 stare de bine \u0219i confort zilnic.<\/p>\n<p>Pute\u021bi\u00a0conecta\u00a0corpuri de iluminat\u00a0\u0219i\u00a0chiar mici aparate electrice\u00a0(\u00eenc\u0103lzire suplimentar\u0103, acvariu, TV, unele aparate\u00a0de cafea).<\/p>\n<p>&nbsp;<\/p>\n<p>Controla\u021bi \u0219i monitoriza\u021bi dispozitivul cablat cu ajutorul telecomenzii io-homecontrol sau prin smartphone-ul sau tableta pe care ave\u021bi instalat\u0103 aplica\u021bia unit\u0103\u021bilor\u00a0de comand\u0103\u00a0TaHoma sau Connexoon. Aceea\u0219i telecomand\u0103 io-homecontrol sau smartphone sau tablet\u0103 pot controla mai multe corpuri de iluminat\u00a0sau aparate electrice mici, at\u00e2ta timp c\u00e2t sunt echipate cu aceast\u0103 priz\u0103.<\/p>\n<p>&nbsp;<\/p>\n<p><strong>&gt; Caracteristici:<\/strong><\/p>\n<p>&nbsp;<\/p>\n<ul>\n<li>Preg\u0103tite pentru casa conectat\u0103: TaHoma, Connexoon io;<\/li>\n<li>Performan\u021b\u0103 io-homecontrol dovedit\u0103: tehnologie radio bidirec\u021bional\u0103\u00a0pentru o gam\u0103 larg\u0103 de utiliz\u0103ri, conexiune securizat\u0103 \u0219i feedback;<\/li>\n<li>Design compact, prietenos pentru\u00a0asortarea cu stilul casei;<\/li>\n<li>Se potrive\u0219te\u00a0adaptorilor cu mai multe prize;<\/li>\n<li>U\u0219or de instalat, u\u0219or de configurat \u0219i\u00a0utilizat.<\/li>\n<\/ul>\n<p><img fetchpriority=\"high\" decoding=\"async\" class=\"alignnone wp-image-1555 \" src=\"https:\/\/scsystems.ro\/magazin\/wp-content\/uploads\/sites\/2\/2023\/05\/plug-io-tip-f-receptor-pentru-priza-230v-necesita-timp-scurt-de-instalare-scaled.webp\" alt=\"\" width=\"1111\" height=\"1227\" srcset=\"https:\/\/scsystems.ro\/magazin\/wp-content\/uploads\/sites\/2\/2023\/05\/plug-io-tip-f-receptor-pentru-priza-230v-necesita-timp-scurt-de-instalare-scaled.webp 2317w, https:\/\/scsystems.ro\/magazin\/wp-content\/uploads\/sites\/2\/2023\/05\/plug-io-tip-f-receptor-pentru-priza-230v-necesita-timp-scurt-de-instalare-1390x1536.webp 1390w, https:\/\/scsystems.ro\/magazin\/wp-content\/uploads\/sites\/2\/2023\/05\/plug-io-tip-f-receptor-pentru-priza-230v-necesita-timp-scurt-de-instalare-1854x2048.webp 1854w, https:\/\/scsystems.ro\/magazin\/wp-content\/uploads\/sites\/2\/2023\/05\/plug-io-tip-f-receptor-pentru-priza-230v-necesita-timp-scurt-de-instalare-200x221.webp 200w, https:\/\/scsystems.ro\/magazin\/wp-content\/uploads\/sites\/2\/2023\/05\/plug-io-tip-f-receptor-pentru-priza-230v-necesita-timp-scurt-de-instalare-300x331.webp 300w, https:\/\/scsystems.ro\/magazin\/wp-content\/uploads\/sites\/2\/2023\/05\/plug-io-tip-f-receptor-pentru-priza-230v-necesita-timp-scurt-de-instalare-600x663.webp 600w\" sizes=\"(max-width: 1111px) 100vw, 1111px\" \/><\/p>\n<p><strong>Compatibilitate:<\/strong><\/p>\n<p>&nbsp;<\/p>\n<p>Cu produse de uz casnic:<\/p>\n<ul type=\"disc\">\n<li>Prin intermediul telecomenzilor\u00a0io-homecontrol<\/li>\n<li>Prin intermediul videointerfoanelor\u00a0io-homecontrol<\/li>\n<\/ul>\n<p>&nbsp;<\/p>\n<p>Cu ajutorul aplica\u0163iile de mobil:<\/p>\n<ul type=\"disc\">\n<li>Cu unitatea de comanda TaHoma: o singur\u0103\u00a0aplica\u021bie pentru supravegherea, monitorizarea \u0219i controlul casei conectate (de c\u0103tre Somfy)<\/li>\n<li>Prin intermediul Connexoon io-homecontrol:\u00a03 aplica\u021bii pentru conectarea separat\u0103\u00a0\u0219i controlul echipamentelor\u00a0de umbrire motorizate pentru: Teras\u0103 &#8211; Ferestre\u00a0&#8211; Acces (de\u00a0c\u0103tre\u00a0Somfy)<\/li>\n<\/ul>\n<p>&nbsp;<\/p>\n<\/div>\n<h3 class=\"d-flex align-items-center accordion-item-title subtitle_2\" role=\"link\" data-toggle=\"collapse\" aria-expanded=\"true\" aria-controls=\"dimCollapse\">Dimensiunea \u0219i greutatea<\/h3>\n<div id=\"dimCollapse\" class=\"accordion-item-content collapse show\" data-parent=\"#accordion-details\">\n<div class=\"row\">\n<div class=\"col-12 col-md-9 text_medium text-left\">\n<p>Lungime : 77 mm<\/p>\n<p>L\u0103\u021bime : 45 mm<\/p>\n<div class=\"title_content\">\n<h2 class=\"title_3\">Caracteristici tehnice<\/h2>\n<\/div>\n<div class=\"collapse-wrapper\">\n<div id=\"collapseExample-3\" class=\"wysiwyg collapse-content\">\n<table class=\"table\">\n<tbody>\n<tr>\n<td>Frecven\u021b\u0103 radio<\/td>\n<td>868,000MHz \u2013 868,600MHz e.r.p. &lt; 25mW \/\/ 868,700MHz \u2013 869,200MHz e.r.p. &lt; 25 mW \/\/ 869,700MHz \u2013 870,000MHz e.r.p. &lt; 25 mW MHz<\/td>\n<\/tr>\n<tr>\n<td>Raza la interior<\/td>\n<td>8m prin 2 pere\u021bi de beton<\/td>\n<\/tr>\n<tr>\n<td>Voltaj Nominal \/ Frecven\u021b\u0103<\/td>\n<td>Mains<\/td>\n<\/tr>\n<tr>\n<td>Index Protec\u021bie<\/td>\n<td>IP20<\/td>\n<\/tr>\n<\/tbody>\n<\/table>\n<\/div>\n<\/div>\n<\/div>\n<\/div>\n<\/div>\n<\/div>\n<\/div>\n","protected":false},"excerpt":{"rendered":"<p><span data-sheets-value=\"{&quot;1&quot;:2,&quot;2&quot;:&quot;Plug io - tip F receptor pentru priza 230V&quot;}\" data-sheets-userformat=\"{&quot;2&quot;:7043,&quot;3&quot;:{&quot;1&quot;:0},&quot;4&quot;:{&quot;1&quot;:2,&quot;2&quot;:14081252},&quot;10&quot;:0,&quot;11&quot;:0,&quot;12&quot;:0,&quot;14&quot;:{&quot;1&quot;:2,&quot;2&quot;:16711680},&quot;15&quot;:&quot;\\&quot;Calibri Light\\&quot;, serif&quot;}\">Plug io tip F receptor Somfy\u00a0pentru priza 230V 1822618<br \/>\n<\/span>Pute\u021bi transforma orice corp de iluminat \u00eentr-unul inteligent.<br \/>\nPriza poate fi integrat\u0103 in universul de cas\u0103 conectat\u0103 Somfy al\u0103turi de sisteme de umbrire motorizate (rulouri, obloane, perdele, jaluzele) si acces (porti si usi de garaj) sau alte dispozitive de control smart (camere, alarme).<\/p>\n","protected":false},"featured_media":1556,"comment_status":"open","ping_status":"closed","template":"","meta":{"_eb_attr":""},"pwb-brand":[40],"product_brand":[],"product_cat":[34,26],"product_tag":[87,105,39,47,37],"class_list":{"0":"post-1554","1":"product","2":"type-product","3":"status-publish","4":"has-post-thumbnail","6":"pwb-brand-somfy","7":"product_cat-accesorii-automatizari-smart","8":"product_cat-smart-home","9":"product_tag-accesorii-automatizari","10":"product_tag-plug-io","11":"product_tag-smart-home","12":"product_tag-somfy","13":"product_tag-tahoma","15":"first","16":"instock","17":"taxable","18":"shipping-taxable","19":"purchasable","20":"product-type-simple"},"yoast_head":"<!-- This site is optimized with the Yoast SEO plugin v27.2 - https:\/\/yoast.com\/product\/yoast-seo-wordpress\/ -->\n<title>Plug io tip F receptor Somfy - Magazin SCS<\/title>\n<meta name=\"description\" content=\"Plug io tip F receptor Somfy. Pute\u021bi transforma orice corp de iluminat \u00eentr-unul inteligent, priza inteligenta\u00a0v\u0103 ofera mai mult\u0103 stare de bine \u0219i confort\" \/>\n<meta name=\"robots\" content=\"index, follow, max-snippet:-1, max-image-preview:large, max-video-preview:-1\" \/>\n<link rel=\"canonical\" href=\"https:\/\/scsystems.ro\/magazin\/produs\/plug-io-tip-f-receptor-somfy\/\" \/>\n<meta property=\"og:locale\" content=\"ro_RO\" \/>\n<meta property=\"og:type\" content=\"article\" \/>\n<meta property=\"og:title\" content=\"Plug io tip F receptor Somfy - Magazin SCS\" \/>\n<meta property=\"og:description\" content=\"Plug io tip F receptor Somfy. Pute\u021bi transforma orice corp de iluminat \u00eentr-unul inteligent, priza inteligenta\u00a0v\u0103 ofera mai mult\u0103 stare de bine \u0219i confort\" \/>\n<meta property=\"og:url\" content=\"https:\/\/scsystems.ro\/magazin\/produs\/plug-io-tip-f-receptor-somfy\/\" \/>\n<meta property=\"og:site_name\" content=\"Magazin SCS\" \/>\n<meta property=\"article:publisher\" content=\"https:\/\/www.facebook.com\/smartclosingsystems\/\" \/>\n<meta property=\"article:modified_time\" content=\"2026-03-27T17:14:24+00:00\" \/>\n<meta property=\"og:image\" content=\"https:\/\/scsystems.ro\/magazin\/wp-content\/uploads\/sites\/2\/2023\/05\/priza-inteligenta-somfy-io-230v-plug-play-tip-f-compatibil-cu-tahoma-connexoon-io-a-telecomenzilor-si-videointerfoanelor-io-homecontrol.webp\" \/>\n\t<meta property=\"og:image:width\" content=\"1000\" \/>\n\t<meta property=\"og:image:height\" content=\"1000\" \/>\n\t<meta property=\"og:image:type\" content=\"image\/webp\" \/>\n<meta name=\"twitter:card\" content=\"summary_large_image\" \/>\n<meta name=\"twitter:label1\" content=\"Timp estimat pentru citire\" \/>\n\t<meta name=\"twitter:data1\" content=\"3 minute\" \/>\n<script type=\"application\/ld+json\" class=\"yoast-schema-graph\">{\"@context\":\"https:\/\/schema.org\",\"@graph\":[{\"@type\":\"WebPage\",\"@id\":\"https:\/\/scsystems.ro\/magazin\/produs\/plug-io-tip-f-receptor-somfy\/\",\"url\":\"https:\/\/scsystems.ro\/magazin\/produs\/plug-io-tip-f-receptor-somfy\/\",\"name\":\"Plug io tip F receptor Somfy - Magazin SCS\",\"isPartOf\":{\"@id\":\"https:\/\/scsystems.ro\/magazin\/#website\"},\"primaryImageOfPage\":{\"@id\":\"https:\/\/scsystems.ro\/magazin\/produs\/plug-io-tip-f-receptor-somfy\/#primaryimage\"},\"image\":{\"@id\":\"https:\/\/scsystems.ro\/magazin\/produs\/plug-io-tip-f-receptor-somfy\/#primaryimage\"},\"thumbnailUrl\":\"https:\/\/scsystems.ro\/magazin\/wp-content\/uploads\/sites\/2\/2023\/05\/priza-inteligenta-somfy-io-230v-plug-play-tip-f-compatibil-cu-tahoma-connexoon-io-a-telecomenzilor-si-videointerfoanelor-io-homecontrol.webp\",\"datePublished\":\"2023-05-28T08:49:10+00:00\",\"dateModified\":\"2026-03-27T17:14:24+00:00\",\"description\":\"Plug io tip F receptor Somfy. Pute\u021bi transforma orice corp de iluminat \u00eentr-unul inteligent, priza inteligenta\u00a0v\u0103 ofera mai mult\u0103 stare de bine \u0219i confort\",\"breadcrumb\":{\"@id\":\"https:\/\/scsystems.ro\/magazin\/produs\/plug-io-tip-f-receptor-somfy\/#breadcrumb\"},\"inLanguage\":\"ro-RO\",\"potentialAction\":[{\"@type\":\"ReadAction\",\"target\":[\"https:\/\/scsystems.ro\/magazin\/produs\/plug-io-tip-f-receptor-somfy\/\"]}]},{\"@type\":\"ImageObject\",\"inLanguage\":\"ro-RO\",\"@id\":\"https:\/\/scsystems.ro\/magazin\/produs\/plug-io-tip-f-receptor-somfy\/#primaryimage\",\"url\":\"https:\/\/scsystems.ro\/magazin\/wp-content\/uploads\/sites\/2\/2023\/05\/priza-inteligenta-somfy-io-230v-plug-play-tip-f-compatibil-cu-tahoma-connexoon-io-a-telecomenzilor-si-videointerfoanelor-io-homecontrol.webp\",\"contentUrl\":\"https:\/\/scsystems.ro\/magazin\/wp-content\/uploads\/sites\/2\/2023\/05\/priza-inteligenta-somfy-io-230v-plug-play-tip-f-compatibil-cu-tahoma-connexoon-io-a-telecomenzilor-si-videointerfoanelor-io-homecontrol.webp\",\"width\":1000,\"height\":1000,\"caption\":\"Plug io tip F receptor Somfy\"},{\"@type\":\"BreadcrumbList\",\"@id\":\"https:\/\/scsystems.ro\/magazin\/produs\/plug-io-tip-f-receptor-somfy\/#breadcrumb\",\"itemListElement\":[{\"@type\":\"ListItem\",\"position\":1,\"name\":\"Magazin\",\"item\":\"https:\/\/scsystems.ro\/magazin\/\"},{\"@type\":\"ListItem\",\"position\":2,\"name\":\"Toate Produsele\",\"item\":\"https:\/\/scsystems.ro\/magazin\/toate-produsele\/\"},{\"@type\":\"ListItem\",\"position\":3,\"name\":\"Plug io tip F receptor Somfy\"}]},{\"@type\":\"WebSite\",\"@id\":\"https:\/\/scsystems.ro\/magazin\/#website\",\"url\":\"https:\/\/scsystems.ro\/magazin\/\",\"name\":\"Magazin SCS\",\"description\":\"Smart Closing Systems Magazin\",\"publisher\":{\"@id\":\"https:\/\/scsystems.ro\/magazin\/#organization\"},\"potentialAction\":[{\"@type\":\"SearchAction\",\"target\":{\"@type\":\"EntryPoint\",\"urlTemplate\":\"https:\/\/scsystems.ro\/magazin\/?s={search_term_string}\"},\"query-input\":{\"@type\":\"PropertyValueSpecification\",\"valueRequired\":true,\"valueName\":\"search_term_string\"}}],\"inLanguage\":\"ro-RO\"},{\"@type\":\"Organization\",\"@id\":\"https:\/\/scsystems.ro\/magazin\/#organization\",\"name\":\"Smart Closing Systems\",\"alternateName\":\"SCS\",\"url\":\"https:\/\/scsystems.ro\/magazin\/\",\"logo\":{\"@type\":\"ImageObject\",\"inLanguage\":\"ro-RO\",\"@id\":\"https:\/\/scsystems.ro\/magazin\/#\/schema\/logo\/image\/\",\"url\":\"https:\/\/scsystems.ro\/magazin\/wp-content\/uploads\/sites\/2\/2023\/03\/logo-SCS-Negru-vm.png\",\"contentUrl\":\"https:\/\/scsystems.ro\/magazin\/wp-content\/uploads\/sites\/2\/2023\/03\/logo-SCS-Negru-vm.png\",\"width\":2241,\"height\":1459,\"caption\":\"Smart Closing Systems\"},\"image\":{\"@id\":\"https:\/\/scsystems.ro\/magazin\/#\/schema\/logo\/image\/\"},\"sameAs\":[\"https:\/\/www.facebook.com\/smartclosingsystems\/\"]}]}<\/script>\n<!-- \/ Yoast SEO plugin. -->","yoast_head_json":{"title":"Plug io tip F receptor Somfy - Magazin SCS","description":"Plug io tip F receptor Somfy. Pute\u021bi transforma orice corp de iluminat \u00eentr-unul inteligent, priza inteligenta\u00a0v\u0103 ofera mai mult\u0103 stare de bine \u0219i confort","robots":{"index":"index","follow":"follow","max-snippet":"max-snippet:-1","max-image-preview":"max-image-preview:large","max-video-preview":"max-video-preview:-1"},"canonical":"https:\/\/scsystems.ro\/magazin\/produs\/plug-io-tip-f-receptor-somfy\/","og_locale":"ro_RO","og_type":"article","og_title":"Plug io tip F receptor Somfy - Magazin SCS","og_description":"Plug io tip F receptor Somfy. Pute\u021bi transforma orice corp de iluminat \u00eentr-unul inteligent, priza inteligenta\u00a0v\u0103 ofera mai mult\u0103 stare de bine \u0219i confort","og_url":"https:\/\/scsystems.ro\/magazin\/produs\/plug-io-tip-f-receptor-somfy\/","og_site_name":"Magazin SCS","article_publisher":"https:\/\/www.facebook.com\/smartclosingsystems\/","article_modified_time":"2026-03-27T17:14:24+00:00","og_image":[{"width":1000,"height":1000,"url":"https:\/\/scsystems.ro\/magazin\/wp-content\/uploads\/sites\/2\/2023\/05\/priza-inteligenta-somfy-io-230v-plug-play-tip-f-compatibil-cu-tahoma-connexoon-io-a-telecomenzilor-si-videointerfoanelor-io-homecontrol.webp","type":"image\/webp"}],"twitter_card":"summary_large_image","twitter_misc":{"Timp estimat pentru citire":"3 minute"},"schema":{"@context":"https:\/\/schema.org","@graph":[{"@type":"WebPage","@id":"https:\/\/scsystems.ro\/magazin\/produs\/plug-io-tip-f-receptor-somfy\/","url":"https:\/\/scsystems.ro\/magazin\/produs\/plug-io-tip-f-receptor-somfy\/","name":"Plug io tip F receptor Somfy - Magazin SCS","isPartOf":{"@id":"https:\/\/scsystems.ro\/magazin\/#website"},"primaryImageOfPage":{"@id":"https:\/\/scsystems.ro\/magazin\/produs\/plug-io-tip-f-receptor-somfy\/#primaryimage"},"image":{"@id":"https:\/\/scsystems.ro\/magazin\/produs\/plug-io-tip-f-receptor-somfy\/#primaryimage"},"thumbnailUrl":"https:\/\/scsystems.ro\/magazin\/wp-content\/uploads\/sites\/2\/2023\/05\/priza-inteligenta-somfy-io-230v-plug-play-tip-f-compatibil-cu-tahoma-connexoon-io-a-telecomenzilor-si-videointerfoanelor-io-homecontrol.webp","datePublished":"2023-05-28T08:49:10+00:00","dateModified":"2026-03-27T17:14:24+00:00","description":"Plug io tip F receptor Somfy. Pute\u021bi transforma orice corp de iluminat \u00eentr-unul inteligent, priza inteligenta\u00a0v\u0103 ofera mai mult\u0103 stare de bine \u0219i confort","breadcrumb":{"@id":"https:\/\/scsystems.ro\/magazin\/produs\/plug-io-tip-f-receptor-somfy\/#breadcrumb"},"inLanguage":"ro-RO","potentialAction":[{"@type":"ReadAction","target":["https:\/\/scsystems.ro\/magazin\/produs\/plug-io-tip-f-receptor-somfy\/"]}]},{"@type":"ImageObject","inLanguage":"ro-RO","@id":"https:\/\/scsystems.ro\/magazin\/produs\/plug-io-tip-f-receptor-somfy\/#primaryimage","url":"https:\/\/scsystems.ro\/magazin\/wp-content\/uploads\/sites\/2\/2023\/05\/priza-inteligenta-somfy-io-230v-plug-play-tip-f-compatibil-cu-tahoma-connexoon-io-a-telecomenzilor-si-videointerfoanelor-io-homecontrol.webp","contentUrl":"https:\/\/scsystems.ro\/magazin\/wp-content\/uploads\/sites\/2\/2023\/05\/priza-inteligenta-somfy-io-230v-plug-play-tip-f-compatibil-cu-tahoma-connexoon-io-a-telecomenzilor-si-videointerfoanelor-io-homecontrol.webp","width":1000,"height":1000,"caption":"Plug io tip F receptor Somfy"},{"@type":"BreadcrumbList","@id":"https:\/\/scsystems.ro\/magazin\/produs\/plug-io-tip-f-receptor-somfy\/#breadcrumb","itemListElement":[{"@type":"ListItem","position":1,"name":"Magazin","item":"https:\/\/scsystems.ro\/magazin\/"},{"@type":"ListItem","position":2,"name":"Toate Produsele","item":"https:\/\/scsystems.ro\/magazin\/toate-produsele\/"},{"@type":"ListItem","position":3,"name":"Plug io tip F receptor Somfy"}]},{"@type":"WebSite","@id":"https:\/\/scsystems.ro\/magazin\/#website","url":"https:\/\/scsystems.ro\/magazin\/","name":"Magazin SCS","description":"Smart Closing Systems Magazin","publisher":{"@id":"https:\/\/scsystems.ro\/magazin\/#organization"},"potentialAction":[{"@type":"SearchAction","target":{"@type":"EntryPoint","urlTemplate":"https:\/\/scsystems.ro\/magazin\/?s={search_term_string}"},"query-input":{"@type":"PropertyValueSpecification","valueRequired":true,"valueName":"search_term_string"}}],"inLanguage":"ro-RO"},{"@type":"Organization","@id":"https:\/\/scsystems.ro\/magazin\/#organization","name":"Smart Closing Systems","alternateName":"SCS","url":"https:\/\/scsystems.ro\/magazin\/","logo":{"@type":"ImageObject","inLanguage":"ro-RO","@id":"https:\/\/scsystems.ro\/magazin\/#\/schema\/logo\/image\/","url":"https:\/\/scsystems.ro\/magazin\/wp-content\/uploads\/sites\/2\/2023\/03\/logo-SCS-Negru-vm.png","contentUrl":"https:\/\/scsystems.ro\/magazin\/wp-content\/uploads\/sites\/2\/2023\/03\/logo-SCS-Negru-vm.png","width":2241,"height":1459,"caption":"Smart Closing Systems"},"image":{"@id":"https:\/\/scsystems.ro\/magazin\/#\/schema\/logo\/image\/"},"sameAs":["https:\/\/www.facebook.com\/smartclosingsystems\/"]}]}},"jetpack_sharing_enabled":true,"brands":[{"id":40,"name":"Somfy","slug":"somfy"}],"_links":{"self":[{"href":"https:\/\/scsystems.ro\/magazin\/wp-json\/wp\/v2\/product\/1554","targetHints":{"allow":["GET"]}}],"collection":[{"href":"https:\/\/scsystems.ro\/magazin\/wp-json\/wp\/v2\/product"}],"about":[{"href":"https:\/\/scsystems.ro\/magazin\/wp-json\/wp\/v2\/types\/product"}],"replies":[{"embeddable":true,"href":"https:\/\/scsystems.ro\/magazin\/wp-json\/wp\/v2\/comments?post=1554"}],"wp:featuredmedia":[{"embeddable":true,"href":"https:\/\/scsystems.ro\/magazin\/wp-json\/wp\/v2\/media\/1556"}],"wp:attachment":[{"href":"https:\/\/scsystems.ro\/magazin\/wp-json\/wp\/v2\/media?parent=1554"}],"wp:term":[{"taxonomy":"pwb-brand","embeddable":true,"href":"https:\/\/scsystems.ro\/magazin\/wp-json\/wp\/v2\/pwb-brand?post=1554"},{"taxonomy":"product_brand","embeddable":true,"href":"https:\/\/scsystems.ro\/magazin\/wp-json\/wp\/v2\/product_brand?post=1554"},{"taxonomy":"product_cat","embeddable":true,"href":"https:\/\/scsystems.ro\/magazin\/wp-json\/wp\/v2\/product_cat?post=1554"},{"taxonomy":"product_tag","embeddable":true,"href":"https:\/\/scsystems.ro\/magazin\/wp-json\/wp\/v2\/product_tag?post=1554"}],"curies":[{"name":"wp","href":"https:\/\/api.w.org\/{rel}","templated":true}]}}