{"id":1520,"date":"2023-05-26T17:31:40","date_gmt":"2023-05-26T17:31:40","guid":{"rendered":"https:\/\/scsystems.ro\/magazin\/?post_type=product&#038;p=1520"},"modified":"2026-03-27T17:12:39","modified_gmt":"2026-03-27T17:12:39","slug":"somfy-outdoor-camera","status":"publish","type":"product","link":"https:\/\/scsystems.ro\/magazin\/produs\/somfy-outdoor-camera\/","title":{"rendered":"Somfy Outdoor Camera"},"content":{"rendered":"<p>Somfy Outdoor Camera alba &#8211; camera de supraveghere de exterior<\/p>\n<h2 class=\"title_1 bwi_title\">Camer\u0103 de exterior cu siren\u0103 \u00eencorporat\u0103<\/h2>\n<h3 class=\"subtitle_1 bwi_title\">Somfy Outdoor Camera este prima linie de ap\u0103rare a siguran\u021bei casei tale. Sistemul unic de detectare, care con\u021bine sirena \u00eencorporat\u0103 de 110 dB, te protejeaz\u0103 \u00eempotriva intr\u0103rilor prin efrac\u021bie.<\/h3>\n<div class=\"title_content col-8 offset-md-2 col-md-8\">\n<h2 class=\"title_2\">Un sistem de securitate care intimideaz\u0103 posibilii intru\u0219i<\/h2>\n<p><iframe title=\"SOMFY PROTECT | Camera de supraveghere pentru exterior\" width=\"500\" height=\"281\" src=\"https:\/\/www.youtube.com\/embed\/nVaITmbSseo?feature=oembed\" frameborder=\"0\" allow=\"accelerometer; autoplay; clipboard-write; encrypted-media; gyroscope; picture-in-picture; web-share\" referrerpolicy=\"strict-origin-when-cross-origin\" allowfullscreen><\/iframe><\/p>\n<\/div>\n<div class=\"accordion-container col-12 offset-md-2 col-md-8\">\n<div class=\"set\">\n<h3 class=\"m-0 text_big\">Detectarea intru\u0219ilor<\/h3>\n<div class=\"content text_medium\">Camera detecteaz\u0103 mi\u0219c\u0103rile unei persoane care se apropie.<\/div>\n<div>\n<h3 class=\"m-0 text_big\">Notificare \u0219i video<\/h3>\n<div class=\"content text_medium\">Prime\u0219ti imediat o notificare \u0219i o \u00eenregistrare video pe smartphone.<\/div>\n<div>\n<h2 class=\"title_2\">Luminile sunt un factor suplimentar de protec\u021bie<\/h2>\n<div class=\"text_big text_content cms-simple\">\n<p>Pentru un grad suplimentar de\u00a0descurajare a intru\u0219ilor \u0219i mai mult confort, camera se poate conecta la un corp de iluminat existent. Noaptea, aceasta va descuraja intru\u0219ii \u0219i te va conduce spre\u00a0u\u0219\u0103.<\/p>\n<h2 class=\"title_2\">Siguran\u021b\u0103 \u00een fiecare zi<\/h2>\n<div class=\"text_big text_content cms-simple\">\n<p>Pe l\u00e2ng\u0103 tehnologia avansat\u0103 de detectare care combin\u0103 analiza imaginii cu detectorul termic, se pot selecta foarte u\u0219or zone inactive pentru ca, de exemplu, s\u0103 nu fie detectat\u0103 mi\u0219carea din gr\u0103dina vecinului.<\/p>\n<div class=\"title_content\">\n<h2 class=\"title_2 mb-0\">Gestionare u\u0219oar\u0103<\/h2>\n<\/div>\n<div class=\"app_slider_accordion_wrap\">\n<div class=\"accordion-item bg-white\" data-src=\"\/common\/img\/library\/\/\/480x960\/alarm-somfy-protect-app-notification.jpg \">\n<div class=\"d-flex align-items-center accordion-item-title active\">\n<h3 class=\"text_big mb-0\" tabindex=\"0\">Siguran\u021b\u0103 sporit\u0103<\/h3>\n<\/div>\n<div class=\"accordion-item-content text_big\">\n<div class=\"row\">\n<div class=\"col-12 text_big\">\n<p>Cu Smart Activation, camera de exterior permite activarea\u00a0sau dezactivarea detectorului de mi\u0219care.<\/p>\n<div class=\"d-flex align-items-center accordion-item-title active\">\n<h3 class=\"text_big mb-0\" tabindex=\"0\">Monitorizarea exteriorului casei<\/h3>\n<\/div>\n<div class=\"accordion-item-content text_big\">\n<div class=\"row\">\n<div class=\"col-12 text_big\">\n<p>Aplica\u021bia \u00ee\u021bi permite s\u0103 vezi ce se \u00eent\u00e2mpl\u0103 \u00een gr\u0103dina ta oriunde ai fi, chiar \u0219i noaptea, gra\u021bie vederii pe timp de noapte.<\/p>\n<div class=\"app_slider_accordion_wrap\">\n<div class=\"accordion-item bg-white\" data-src=\"\/common\/img\/library\/\/\/480x960\/bloc-18-entendre-parler.png \">\n<div class=\"d-flex align-items-center accordion-item-title\">\n<div class=\"app_slider_accordion_wrap\">\n<div class=\"accordion-item bg-white\" data-src=\"\/common\/img\/library\/\/\/480x960\/bloc-18-entendre-parler.png \">\n<div class=\"d-flex align-items-center accordion-item-title\">\n<div class=\"d-flex align-items-center accordion-item-title active\">\n<h3 class=\"text_big mb-0\" tabindex=\"0\">Ascult\u0103 \u0219i vorbe\u0219te<\/h3>\n<\/div>\n<div class=\"accordion-item-content text_big\">\n<div class=\"row\">\n<div class=\"col-12 text_big\">\n<div>Microfonul \u0219i difuzoarele \u00ee\u021bi permit s\u0103 ascul\u021bi \u0219i s\u0103 vorbe\u0219ti prin intermediul aplica\u021biei.<\/div>\n<\/div>\n<div>\n<div class=\"row text-center\">\n<div class=\"col-12\">\n<div class=\"title_content\">\n<h2 class=\"title_2\">\u0218i asta nu e tot\u2026<\/h2>\n<\/div>\n<\/div>\n<\/div>\n<div class=\"list_icons row list_icons_mobile d-flex justify-content-center\">\n<div class=\"list_icon col-11 col-sm-6 col-md-3 flex-column text-center\">\n<div class=\"icon-wrap\">\n<div class=\"rp-title-icon\"><\/div>\n<\/div>\n<p class=\"subtitle_2 mx-auto\">Securizarea film\u0103rilor<\/p>\n<div class=\"text_medium cms-simple\">\n<p>Protec\u021bia datelor este o preocupare major\u0103 pentru noi. De aceea, difuzarea \u0219i stocarea tuturor film\u0103rilor sunt protejate \u0219i criptate.<\/p>\n<\/div>\n<\/div>\n<div class=\"list_icon col-11 col-sm-6 col-md-3 flex-column text-center\">\n<p class=\"subtitle_2 mx-auto\">Zoom de 8x<\/p>\n<div class=\"text_medium cms-simple\">\n<p>Calitate excep\u021bional\u0103 a imaginii gra\u021bie zoomului digital de 8x<\/p>\n<\/div>\n<\/div>\n<div class=\"list_icon col-11 col-sm-6 col-md-3 flex-column text-center\">\n<p class=\"subtitle_2 mx-auto\">Rezisten\u021ba la intemperii<\/p>\n<div class=\"text_medium cms-simple\">Proiectat\u0103 special pentru a fi utilizat\u0103 \u00een exterior, camera este rezistent\u0103 la diferite intemperii.<\/div>\n<\/div>\n<div class=\"list_icon col-11 col-sm-6 col-md-3 flex-column text-center\">\n<p class=\"subtitle_2 mx-auto\">Casa inteligent\u0103<\/p>\n<div class=\"text_medium cms-simple\">\n<p>TaHoma\u00ae, Amazon Alexa, Google Assistant, IFTTT.<\/p>\n<div class=\"title_content\">\n<h2 class=\"title_3\">Beneficii<\/h2>\n<\/div>\n<div class=\"text_big\">\n<ul>\n<li><strong>Supravegherea \u0219i protec\u021bia \u00eemprejurimilor locuin\u021bei<\/strong><\/li>\n<\/ul>\n<p>Din aplica\u021bia \u201eSomfy Protect\u201d, pute\u0163i \u00een orice moment s\u0103 vede\u0163i ce se \u00eent\u00e2mpl\u0103 acas\u0103 \u0219i s\u0103 v\u01ce asigura\u0163i c\u0103 totul este \u00een regul\u0103. Atunci c\u00e2nd este detectat\u0103 o intruziune, ve\u0163i primi \u00een mod gratuit \u00eenregistrarea unei secven\u021be video de 10 secunde.<\/p>\n<p>Dac\u0103 este vorba de un intrus, ve\u0163i putea activa sirena integrat\u0103.<\/p>\n<p>Dac\u0103 este vorba de o persoan\u01ce cunoscut\u01ce, ve\u0163i putea s\u0103 vorbi\u0163i cu ea prin intermediul difuzorului integrat.<\/p>\n<p>\u00cen oricare dintre aceste situa\u0163ii, secven\u021ba video este disponibil\u01ce p\u00e2n\u0103 la 24 de ore de la eveniment.<\/p>\n<p>&nbsp;<\/p>\n<ul>\n<li><strong>\u00cenalt\u0103 performan\u021b\u0103 pentru un produs fiabil \u0219i eficient<\/strong><\/li>\n<\/ul>\n<p>Imagini Full HD 1080p cu vedere nocturn\u0103 p\u00e2n\u01ce la 8m<\/p>\n<p>Unghi larg de vizualizare de 130\u00b0 \u0219i zoom 8x<\/p>\n<p>Siren\u0103 integrat\u0103 de 110dB<\/p>\n<p>Detectare avansat\u0103 a mi\u0219c\u0103rii SomfyVisionTM<\/p>\n<p>Func\u021bie HDR (High Dynamic Range) pentru a oferi vizibilitate \u00een orice situa\u0163ie<\/p>\n<p>Difuzor \u0219i microfon integrate<\/p>\n<p>Activare inteligent\u0103: dezactivarea automat\u0103 a protec\u021biei atunci c\u00e2nd reveni\u0163i acas\u0103 \u0219i trimiterea unei notific\u01ceri pentru a v\u01ce reaminti s\u0103 o activa\u0163i \u00een momentul plec\u0103rii<\/p>\n<p>Date securizate cu o criptare AES-256<\/p>\n<p>&nbsp;<\/p>\n<ul>\n<li><strong>Se adapteaz\u0103 oric\u0103rui tip de habitat<\/strong><\/li>\n<\/ul>\n<p>Propus\u0103 \u00een dou\u0103 culori (gri antracit \u0219i alb), \u00eendepline\u0219te cerin\u021be variate de estetic\u01ce.<\/p>\n<p>\u00cen plus, pute\u021bi alege modul de instalare care va corespunde cel mai bine configura\u021biei:<\/p>\n<ul>\n<li>Bran\u0219at\u0103 la o priz\u0103 de curent (cablu furnizat)<\/li>\n<li>Racordat\u0103 la o alimentare electric\u0103<\/li>\n<li>Bran\u0219at\u0103 la sursa de alimentare a unui corp de iluminat existent.<\/li>\n<\/ul>\n<p><strong>Caracteristici :<\/strong><\/p>\n<p>&#8211; Calitate Full HD: 1080 p \/ 30 fps<br \/>\n&#8211; Unghi de vizualizare\/ Zoom: 130\u00b0, zoom x8<br \/>\n&#8211; Siren\u0103 integrat\u0103: 110dB<br \/>\n&#8211; Vedere nocturn\u0103: p\u00e2n\u01ce la 8m cu filtru infraro\u0219u mecanic<br \/>\n&#8211; Audio: difuzor \u0219i microfon integrate<br \/>\n&#8211; \u00cenregistrare video:<br \/>\n&#8211; Clipuri gratuite de 10 secunde stocate 1 zi \u00een caz de detectare a mi\u0219c\u0103rii.<\/p>\n<p>&#8211; P\u00e2n\u0103 la 7 zile de \u00eenregistrare continu\u0103 (op\u021bional)<\/p>\n<p>&#8211; Compatibilitate WIFI: 802.11 b\/g\/n (2.4 GHz)<\/p>\n<p>&#8211;\u00a0Alimentare:<\/p>\n<p>&#8211; 100-240V, max 50-60Hz 4A (Cablu de alimentare \u0219i priz\u0103 incluse)<\/p>\n<p>&#8211; Racordarea la un corp de iluminat extern: puterea maxim\u0103 suportat\u0103 500W (halogen) 100W (LED).<br \/>\n&#8211; Aplica\u021bie: Aplica\u021bie gratuit\u0103 pentru iOS9 \u0219i versiuni recente, Android 4.4 \u0219i versiunile recente.<\/p>\n<p>&#8211; Grad de protec\u021bie: IP54<\/p>\n<p>&#8211; Temperatura de func\u021bionare: -20\u00b0\/+50\u00b0<\/p>\n<p>&#8211; Compatibilitate:<\/p>\n<p>&#8211; Func\u021bioneaz\u0103 independent sau \u00een tandem cu o camer\u01ce de supraveghere cu alarm\u01ce inclus\u01ce Somfy One, Somfy ONE + sau a unui sistem<\/p>\n<p>de securitate Somfy Home Alarm, Home Keeper.<\/p>\n<p>&#8211; Compatibilitate cu TaHoma, unitatea de control inteligent al casei, Nest, Amazon Alexa, IFTTT,\u00a0Google Assistant<\/p>\n<div class=\"title_content\">\n<h2 class=\"title_3\">Specifica\u0163ii<\/h2>\n<\/div>\n<div id=\"accordion-details\" class=\"accordion_wrap\">\n<div class=\"accordion-content-block\">\n<h3 class=\"d-flex align-items-center accordion-item-title subtitle_2\" role=\"link\" data-toggle=\"collapse\" aria-expanded=\"true\" aria-controls=\"detailsCollapse\">Descriere<\/h3>\n<div id=\"detailsCollapse\" class=\"accordion-item-content collapse show\" data-parent=\"#accordion-details\">\n<p><strong>Somfy Outdoor Camera este o camer\u01ce de supraveghere de exterior cu alarm\u01ce inclus\u01ce, cu posibilitatea de ac\u0163ionare a sistemelor de iluminat \u015fi control de la distan\u0163\u01ce prin intermediul aplica\u0163iei de mobil \u201eSomfy Protect\u201d.<\/strong><\/p>\n<p><strong>\u00a0<\/strong><\/p>\n<p><strong>\u00cen caz de intruziune, ve\u0163i fi alertat \u00een timp real, iar o secven\u021b\u0103 video de 10 secunde a evenimentului va fi trimis\u0103 prin aplica\u0163ia de mobil. Astfel, pute\u0163i declan\u0219a sirena de 110 dB, iar \u00een cazul \u00een care camera este conectat\u0103 la un corp de iluminat, acesta se va aprinde automat pentru a intensifica efectul de descurajare a tentativei de intruziune.<\/strong><\/p>\n<p><strong>\u00cen caz de intruziune, sunte\u021bi alertat imediat pe telefonul dvs. Smartphone \u0219i v\u0103 este trimis\u0103 o secven\u021b\u0103 video a evenimentului.<\/strong><\/p>\n<p><strong>Apoi pute\u021bi declan\u0219a sirena de 110 dB din aplica\u021bia &#8222;Somfy Protect&#8221;.<\/strong><\/p>\n<h3 class=\"d-flex align-items-center accordion-item-title subtitle_2\" role=\"link\" data-toggle=\"collapse\" aria-expanded=\"true\" aria-controls=\"dimCollapse\">Dimensiunea \u0219i greutatea<\/h3>\n<div id=\"dimCollapse\" class=\"accordion-item-content collapse show\" data-parent=\"#accordion-details\">\n<div class=\"row\">\n<div class=\"col-12 col-md-9 text_medium text-left\">\n<p>Lungime : 150 mm<\/p>\n<p>L\u0103\u021bime : 85 mm<\/p>\n<p>\u00cen\u0103l\u021bime : 150 mm<\/p>\n<div class=\"title_content\">\n<h2 class=\"title_3\">Caracteristici tehnice<\/h2>\n<\/div>\n<div class=\"collapse-wrapper\">\n<div id=\"collapseExample-3\" class=\"wysiwyg collapse-content\">\n<table class=\"table\">\n<tbody>\n<tr>\n<td>Voltaj Nominal \/ Frecven\u021b\u0103<\/td>\n<td>AC &#8211; RGE 1 &#8211; 230V\/50HZ<\/td>\n<\/tr>\n<tr>\n<td>Culoare \/ Finisaj<\/td>\n<td>White<\/td>\n<\/tr>\n<tr>\n<td>Index Protec\u021bie<\/td>\n<td>IP 54<\/td>\n<\/tr>\n<\/tbody>\n<\/table>\n<\/div>\n<\/div>\n<\/div>\n<\/div>\n<\/div>\n<\/div>\n<\/div>\n<\/div>\n<\/div>\n<\/div>\n<\/div>\n<\/div>\n<\/div>\n<\/div>\n<\/div>\n<\/div>\n<\/div>\n<\/div>\n<\/div>\n<\/div>\n<\/div>\n<\/div>\n<\/div>\n<\/div>\n<\/div>\n<\/div>\n<\/div>\n<\/div>\n<\/div>\n<\/div>\n<\/div>\n<\/div>\n<\/div>\n<\/div>\n<\/div>\n","protected":false},"excerpt":{"rendered":"<p><strong>Somfy Outdoor Camera este o camer\u01ce de supraveghere de exterior cu alarm\u01ce inclus\u01ce, cu posibilitatea de ac\u0163ionare a sistemelor de iluminat \u015fi control de la distan\u0163\u01ce prin intermediul aplica\u0163iei de mobil \u201eSomfy Protect\u201d.<\/strong><\/p>\n<p><strong>\u00a0<\/strong><\/p>\n","protected":false},"featured_media":1522,"comment_status":"open","ping_status":"closed","template":"","meta":{"_eb_attr":""},"pwb-brand":[40],"product_brand":[],"product_cat":[34,26],"product_tag":[39,47,99],"class_list":{"0":"post-1520","1":"product","2":"type-product","3":"status-publish","4":"has-post-thumbnail","6":"pwb-brand-somfy","7":"product_cat-accesorii-automatizari-smart","8":"product_cat-smart-home","9":"product_tag-smart-home","10":"product_tag-somfy","11":"product_tag-somfy-outdoor-camera","13":"first","14":"instock","15":"taxable","16":"shipping-taxable","17":"purchasable","18":"product-type-variable"},"yoast_head":"<!-- This site is optimized with the Yoast SEO plugin v27.2 - https:\/\/yoast.com\/product\/yoast-seo-wordpress\/ -->\n<title>Somfy Outdoor Camera - Magazin SCS<\/title>\n<meta name=\"description\" content=\"Somfy Outdoor Camera este o camer\u01ce de supraveghere de exterior cu alarm\u01ce inclus\u01ce, cu posibilitatea de ac\u0163ionare a sistemelor de iluminat \u015fi control.\" \/>\n<meta name=\"robots\" content=\"index, follow, max-snippet:-1, max-image-preview:large, max-video-preview:-1\" \/>\n<link rel=\"canonical\" href=\"https:\/\/scsystems.ro\/magazin\/produs\/somfy-outdoor-camera\/\" \/>\n<meta property=\"og:locale\" content=\"ro_RO\" \/>\n<meta property=\"og:type\" content=\"article\" \/>\n<meta property=\"og:title\" content=\"Somfy Outdoor Camera - Magazin SCS\" \/>\n<meta property=\"og:description\" content=\"Somfy Outdoor Camera este o camer\u01ce de supraveghere de exterior cu alarm\u01ce inclus\u01ce, cu posibilitatea de ac\u0163ionare a sistemelor de iluminat \u015fi control.\" \/>\n<meta property=\"og:url\" content=\"https:\/\/scsystems.ro\/magazin\/produs\/somfy-outdoor-camera\/\" \/>\n<meta property=\"og:site_name\" content=\"Magazin SCS\" \/>\n<meta property=\"article:publisher\" content=\"https:\/\/www.facebook.com\/smartclosingsystems\/\" \/>\n<meta property=\"article:modified_time\" content=\"2026-03-27T17:12:39+00:00\" \/>\n<meta property=\"og:image\" content=\"https:\/\/scsystems.ro\/magazin\/wp-content\/uploads\/sites\/2\/2023\/05\/Somfy-Outdoor-Camera.webp\" \/>\n\t<meta property=\"og:image:width\" content=\"1000\" \/>\n\t<meta property=\"og:image:height\" content=\"1000\" \/>\n\t<meta property=\"og:image:type\" content=\"image\/webp\" \/>\n<meta name=\"twitter:card\" content=\"summary_large_image\" \/>\n<meta name=\"twitter:label1\" content=\"Timp estimat pentru citire\" \/>\n\t<meta name=\"twitter:data1\" content=\"5 minute\" \/>\n<script type=\"application\/ld+json\" class=\"yoast-schema-graph\">{\"@context\":\"https:\/\/schema.org\",\"@graph\":[{\"@type\":\"WebPage\",\"@id\":\"https:\/\/scsystems.ro\/magazin\/produs\/somfy-outdoor-camera\/\",\"url\":\"https:\/\/scsystems.ro\/magazin\/produs\/somfy-outdoor-camera\/\",\"name\":\"Somfy Outdoor Camera - Magazin SCS\",\"isPartOf\":{\"@id\":\"https:\/\/scsystems.ro\/magazin\/#website\"},\"primaryImageOfPage\":{\"@id\":\"https:\/\/scsystems.ro\/magazin\/produs\/somfy-outdoor-camera\/#primaryimage\"},\"image\":{\"@id\":\"https:\/\/scsystems.ro\/magazin\/produs\/somfy-outdoor-camera\/#primaryimage\"},\"thumbnailUrl\":\"https:\/\/scsystems.ro\/magazin\/wp-content\/uploads\/sites\/2\/2023\/05\/Somfy-Outdoor-Camera.webp\",\"datePublished\":\"2023-05-26T17:31:40+00:00\",\"dateModified\":\"2026-03-27T17:12:39+00:00\",\"description\":\"Somfy Outdoor Camera este o camer\u01ce de supraveghere de exterior cu alarm\u01ce inclus\u01ce, cu posibilitatea de ac\u0163ionare a sistemelor de iluminat \u015fi control.\",\"breadcrumb\":{\"@id\":\"https:\/\/scsystems.ro\/magazin\/produs\/somfy-outdoor-camera\/#breadcrumb\"},\"inLanguage\":\"ro-RO\",\"potentialAction\":[{\"@type\":\"ReadAction\",\"target\":[\"https:\/\/scsystems.ro\/magazin\/produs\/somfy-outdoor-camera\/\"]}]},{\"@type\":\"ImageObject\",\"inLanguage\":\"ro-RO\",\"@id\":\"https:\/\/scsystems.ro\/magazin\/produs\/somfy-outdoor-camera\/#primaryimage\",\"url\":\"https:\/\/scsystems.ro\/magazin\/wp-content\/uploads\/sites\/2\/2023\/05\/Somfy-Outdoor-Camera.webp\",\"contentUrl\":\"https:\/\/scsystems.ro\/magazin\/wp-content\/uploads\/sites\/2\/2023\/05\/Somfy-Outdoor-Camera.webp\",\"width\":1000,\"height\":1000,\"caption\":\"Somfy Outdoor Camera\"},{\"@type\":\"BreadcrumbList\",\"@id\":\"https:\/\/scsystems.ro\/magazin\/produs\/somfy-outdoor-camera\/#breadcrumb\",\"itemListElement\":[{\"@type\":\"ListItem\",\"position\":1,\"name\":\"Magazin\",\"item\":\"https:\/\/scsystems.ro\/magazin\/\"},{\"@type\":\"ListItem\",\"position\":2,\"name\":\"Toate Produsele\",\"item\":\"https:\/\/scsystems.ro\/magazin\/toate-produsele\/\"},{\"@type\":\"ListItem\",\"position\":3,\"name\":\"Somfy Outdoor Camera\"}]},{\"@type\":\"WebSite\",\"@id\":\"https:\/\/scsystems.ro\/magazin\/#website\",\"url\":\"https:\/\/scsystems.ro\/magazin\/\",\"name\":\"Magazin SCS\",\"description\":\"Smart Closing Systems Magazin\",\"publisher\":{\"@id\":\"https:\/\/scsystems.ro\/magazin\/#organization\"},\"potentialAction\":[{\"@type\":\"SearchAction\",\"target\":{\"@type\":\"EntryPoint\",\"urlTemplate\":\"https:\/\/scsystems.ro\/magazin\/?s={search_term_string}\"},\"query-input\":{\"@type\":\"PropertyValueSpecification\",\"valueRequired\":true,\"valueName\":\"search_term_string\"}}],\"inLanguage\":\"ro-RO\"},{\"@type\":\"Organization\",\"@id\":\"https:\/\/scsystems.ro\/magazin\/#organization\",\"name\":\"Smart Closing Systems\",\"alternateName\":\"SCS\",\"url\":\"https:\/\/scsystems.ro\/magazin\/\",\"logo\":{\"@type\":\"ImageObject\",\"inLanguage\":\"ro-RO\",\"@id\":\"https:\/\/scsystems.ro\/magazin\/#\/schema\/logo\/image\/\",\"url\":\"https:\/\/scsystems.ro\/magazin\/wp-content\/uploads\/sites\/2\/2023\/03\/logo-SCS-Negru-vm.png\",\"contentUrl\":\"https:\/\/scsystems.ro\/magazin\/wp-content\/uploads\/sites\/2\/2023\/03\/logo-SCS-Negru-vm.png\",\"width\":2241,\"height\":1459,\"caption\":\"Smart Closing Systems\"},\"image\":{\"@id\":\"https:\/\/scsystems.ro\/magazin\/#\/schema\/logo\/image\/\"},\"sameAs\":[\"https:\/\/www.facebook.com\/smartclosingsystems\/\"]}]}<\/script>\n<!-- \/ Yoast SEO plugin. -->","yoast_head_json":{"title":"Somfy Outdoor Camera - Magazin SCS","description":"Somfy Outdoor Camera este o camer\u01ce de supraveghere de exterior cu alarm\u01ce inclus\u01ce, cu posibilitatea de ac\u0163ionare a sistemelor de iluminat \u015fi control.","robots":{"index":"index","follow":"follow","max-snippet":"max-snippet:-1","max-image-preview":"max-image-preview:large","max-video-preview":"max-video-preview:-1"},"canonical":"https:\/\/scsystems.ro\/magazin\/produs\/somfy-outdoor-camera\/","og_locale":"ro_RO","og_type":"article","og_title":"Somfy Outdoor Camera - Magazin SCS","og_description":"Somfy Outdoor Camera este o camer\u01ce de supraveghere de exterior cu alarm\u01ce inclus\u01ce, cu posibilitatea de ac\u0163ionare a sistemelor de iluminat \u015fi control.","og_url":"https:\/\/scsystems.ro\/magazin\/produs\/somfy-outdoor-camera\/","og_site_name":"Magazin SCS","article_publisher":"https:\/\/www.facebook.com\/smartclosingsystems\/","article_modified_time":"2026-03-27T17:12:39+00:00","og_image":[{"width":1000,"height":1000,"url":"https:\/\/scsystems.ro\/magazin\/wp-content\/uploads\/sites\/2\/2023\/05\/Somfy-Outdoor-Camera.webp","type":"image\/webp"}],"twitter_card":"summary_large_image","twitter_misc":{"Timp estimat pentru citire":"5 minute"},"schema":{"@context":"https:\/\/schema.org","@graph":[{"@type":"WebPage","@id":"https:\/\/scsystems.ro\/magazin\/produs\/somfy-outdoor-camera\/","url":"https:\/\/scsystems.ro\/magazin\/produs\/somfy-outdoor-camera\/","name":"Somfy Outdoor Camera - Magazin SCS","isPartOf":{"@id":"https:\/\/scsystems.ro\/magazin\/#website"},"primaryImageOfPage":{"@id":"https:\/\/scsystems.ro\/magazin\/produs\/somfy-outdoor-camera\/#primaryimage"},"image":{"@id":"https:\/\/scsystems.ro\/magazin\/produs\/somfy-outdoor-camera\/#primaryimage"},"thumbnailUrl":"https:\/\/scsystems.ro\/magazin\/wp-content\/uploads\/sites\/2\/2023\/05\/Somfy-Outdoor-Camera.webp","datePublished":"2023-05-26T17:31:40+00:00","dateModified":"2026-03-27T17:12:39+00:00","description":"Somfy Outdoor Camera este o camer\u01ce de supraveghere de exterior cu alarm\u01ce inclus\u01ce, cu posibilitatea de ac\u0163ionare a sistemelor de iluminat \u015fi control.","breadcrumb":{"@id":"https:\/\/scsystems.ro\/magazin\/produs\/somfy-outdoor-camera\/#breadcrumb"},"inLanguage":"ro-RO","potentialAction":[{"@type":"ReadAction","target":["https:\/\/scsystems.ro\/magazin\/produs\/somfy-outdoor-camera\/"]}]},{"@type":"ImageObject","inLanguage":"ro-RO","@id":"https:\/\/scsystems.ro\/magazin\/produs\/somfy-outdoor-camera\/#primaryimage","url":"https:\/\/scsystems.ro\/magazin\/wp-content\/uploads\/sites\/2\/2023\/05\/Somfy-Outdoor-Camera.webp","contentUrl":"https:\/\/scsystems.ro\/magazin\/wp-content\/uploads\/sites\/2\/2023\/05\/Somfy-Outdoor-Camera.webp","width":1000,"height":1000,"caption":"Somfy Outdoor Camera"},{"@type":"BreadcrumbList","@id":"https:\/\/scsystems.ro\/magazin\/produs\/somfy-outdoor-camera\/#breadcrumb","itemListElement":[{"@type":"ListItem","position":1,"name":"Magazin","item":"https:\/\/scsystems.ro\/magazin\/"},{"@type":"ListItem","position":2,"name":"Toate Produsele","item":"https:\/\/scsystems.ro\/magazin\/toate-produsele\/"},{"@type":"ListItem","position":3,"name":"Somfy Outdoor Camera"}]},{"@type":"WebSite","@id":"https:\/\/scsystems.ro\/magazin\/#website","url":"https:\/\/scsystems.ro\/magazin\/","name":"Magazin SCS","description":"Smart Closing Systems Magazin","publisher":{"@id":"https:\/\/scsystems.ro\/magazin\/#organization"},"potentialAction":[{"@type":"SearchAction","target":{"@type":"EntryPoint","urlTemplate":"https:\/\/scsystems.ro\/magazin\/?s={search_term_string}"},"query-input":{"@type":"PropertyValueSpecification","valueRequired":true,"valueName":"search_term_string"}}],"inLanguage":"ro-RO"},{"@type":"Organization","@id":"https:\/\/scsystems.ro\/magazin\/#organization","name":"Smart Closing Systems","alternateName":"SCS","url":"https:\/\/scsystems.ro\/magazin\/","logo":{"@type":"ImageObject","inLanguage":"ro-RO","@id":"https:\/\/scsystems.ro\/magazin\/#\/schema\/logo\/image\/","url":"https:\/\/scsystems.ro\/magazin\/wp-content\/uploads\/sites\/2\/2023\/03\/logo-SCS-Negru-vm.png","contentUrl":"https:\/\/scsystems.ro\/magazin\/wp-content\/uploads\/sites\/2\/2023\/03\/logo-SCS-Negru-vm.png","width":2241,"height":1459,"caption":"Smart Closing Systems"},"image":{"@id":"https:\/\/scsystems.ro\/magazin\/#\/schema\/logo\/image\/"},"sameAs":["https:\/\/www.facebook.com\/smartclosingsystems\/"]}]}},"jetpack_sharing_enabled":true,"brands":[{"id":40,"name":"Somfy","slug":"somfy"}],"_links":{"self":[{"href":"https:\/\/scsystems.ro\/magazin\/wp-json\/wp\/v2\/product\/1520","targetHints":{"allow":["GET"]}}],"collection":[{"href":"https:\/\/scsystems.ro\/magazin\/wp-json\/wp\/v2\/product"}],"about":[{"href":"https:\/\/scsystems.ro\/magazin\/wp-json\/wp\/v2\/types\/product"}],"replies":[{"embeddable":true,"href":"https:\/\/scsystems.ro\/magazin\/wp-json\/wp\/v2\/comments?post=1520"}],"wp:featuredmedia":[{"embeddable":true,"href":"https:\/\/scsystems.ro\/magazin\/wp-json\/wp\/v2\/media\/1522"}],"wp:attachment":[{"href":"https:\/\/scsystems.ro\/magazin\/wp-json\/wp\/v2\/media?parent=1520"}],"wp:term":[{"taxonomy":"pwb-brand","embeddable":true,"href":"https:\/\/scsystems.ro\/magazin\/wp-json\/wp\/v2\/pwb-brand?post=1520"},{"taxonomy":"product_brand","embeddable":true,"href":"https:\/\/scsystems.ro\/magazin\/wp-json\/wp\/v2\/product_brand?post=1520"},{"taxonomy":"product_cat","embeddable":true,"href":"https:\/\/scsystems.ro\/magazin\/wp-json\/wp\/v2\/product_cat?post=1520"},{"taxonomy":"product_tag","embeddable":true,"href":"https:\/\/scsystems.ro\/magazin\/wp-json\/wp\/v2\/product_tag?post=1520"}],"curies":[{"name":"wp","href":"https:\/\/api.w.org\/{rel}","templated":true}]}}