{"id":1496,"date":"2023-05-22T19:39:57","date_gmt":"2023-05-22T19:39:57","guid":{"rendered":"https:\/\/scsystems.ro\/magazin\/?post_type=product&#038;p=1496"},"modified":"2025-08-01T00:17:59","modified_gmt":"2025-08-01T00:17:59","slug":"lampa-semnalizare-eco-pro-24v-io-rts","status":"publish","type":"product","link":"https:\/\/scsystems.ro\/magazin\/produs\/lampa-semnalizare-eco-pro-24v-io-rts\/","title":{"rendered":"Lampa semnalizare Eco Pro 24V io\/RTS"},"content":{"rendered":"<p><span data-sheets-value=\"{&quot;1&quot;:2,&quot;2&quot;:&quot;Lampa semnalizare Eco Pro 24V io\/RTS&quot;}\" data-sheets-userformat=\"{&quot;2&quot;:4995,&quot;3&quot;:{&quot;1&quot;:0},&quot;4&quot;:{&quot;1&quot;:2,&quot;2&quot;:14081252},&quot;10&quot;:0,&quot;11&quot;:0,&quot;12&quot;:0,&quot;15&quot;:&quot;\\&quot;Calibri Light\\&quot;, sans-serif&quot;}\">Lampa semnalizare Eco Pro 24V io\/RTS cod produs: 9026385<\/span><\/p>\n<p>Dispozitivul semnalizeaz\u0103 mi\u0219carea por\u021bii de acces sau a u\u0219ii de garaj.<\/p>\n<p><strong>Specifica\u021bii tehnice:<\/strong><\/p>\n<p>Putere: 15 W<br \/>\nAlimentare: 24 V AC\/DC<br \/>\nControlul bli\u021bului: controlat de unitatea de ac\u021bionare central\u0103<br \/>\nClas\u0103 de izola\u021bie electric\u0103: clas\u0103 III &#8211; tensiune foarte mic\u0103 \u0219i sigur\u0103<br \/>\nDimensiuni (\u00een\u0103l\u021bime x diametru): 92 x 107 mm<br \/>\nCondi\u021bii de lucru: de la -20\u00b0C la +60\u00b0C<br \/>\nGrad de protec\u021bie: IP54<\/p>\n<p><strong>Compatibilitate:<\/strong><\/p>\n<p>Axovia 3S io Axovia220B RTS<br \/>\nAxovia MultiPro 3S RTS\/io<br \/>\nIxengo S\/L 3S RTS<br \/>\nIxengo L 3S io<br \/>\nElixo Smart io<br \/>\nElixo 500 3SRTS\/io<br \/>\nElixo Optimo RTS<br \/>\nControl Box 3S RTS\/io<br \/>\nDexxo Smart io<br \/>\nDexxo Pro RTS\/io<br \/>\nDexxo Optimo RTS<br \/>\nDexxo Compact RTS<br \/>\nLevixo 40\/60 24V<\/p>\n<p>Setul include:<\/p>\n<ul>\n<li>Lampa semnalizare portocalie Eco Pro 24V x 1 buc\u0103\u021b\u0103<\/li>\n<li>Garan\u021bie de la dealerul autorizat Somfy<\/li>\n<li>Manual de instruc\u021biuni \u00een limba polonez\u0103<\/li>\n<\/ul>\n<p><strong>Despre Somfy<\/strong> &#8211; Nu este \u00eent\u00e2mpl\u0103tor c\u0103 speciali\u0219tii \u00een controlul accesului la cl\u0103dirile reziden\u021biale aleg marca Somfy. Somfy \u00eenseamn\u0103 calitate, economie de energie, siguran\u021b\u0103 \u0219i confort. Tehnologia Somfy &#8211; o via\u021b\u0103 mai bun\u0103 \u00een jurul casei.<\/p>\n<p>Inova\u021biile Somfy: pentru \u00eembun\u0103t\u0103\u021birea confortului vie\u021bii tale. 10% din veniturile din v\u00e2nz\u0103ri sunt dedicate inova\u021biei. \u00cen fiecare zi, 400 de ingineri Somfy dezvolt\u0103 noi modalit\u0103\u021bi de \u00eembun\u0103t\u0103\u021bire a confortului \u0219i siguran\u021bei casei tale. \u00cen fiecare an, din eforturile lor de inova\u021bie, rezult\u0103 aproximativ 400 de brevete care \u00ee\u021bi fac via\u021ba mai bun\u0103. Lu\u0103m ca exemplu aplica\u021bia sigur\u0103 Somfy &#8211; TaHoma\u00ae, care controleaz\u0103 toate dispozitivele de acas\u0103 prin internet, printr-o singur\u0103 ap\u0103sare de buton.<\/p>\n<p>Somfy garanteaz\u0103 fiabilitatea. C\u00e2nd vine vorba de siguran\u021ba \u0219i confortul t\u0103u, nu exist\u0103 loc pentru compromisuri. Toate produsele Somfy, \u00een special unit\u0103\u021bile de ac\u021bionare, sunt testate \u0219i verificate \u00een cele mai exigente condi\u021bii, ceea ce se reflect\u0103 \u00eentr-o garan\u021bie lung\u0103: 5 ani pentru unit\u0103\u021bile de ac\u021bionare*, componente automate, accesorii \u0219i sisteme de alarm\u0103.* Perioada de garan\u021bie pentru unit\u0103\u021bile de ac\u021bionare \u0219i componente automate pentru por\u021bile de acces este de 3 ani. Avem parteneri numero\u0219i, produc\u0103tori de \u00eenalt\u0103 calitate, care ofer\u0103 cele mai bune solu\u021bii de automatizare.<\/p>\n<p><strong>Parametri <span data-sheets-value=\"{&quot;1&quot;:2,&quot;2&quot;:&quot;Lampa semnalizare Eco Pro 24V io\/RTS&quot;}\" data-sheets-userformat=\"{&quot;2&quot;:4995,&quot;3&quot;:{&quot;1&quot;:0},&quot;4&quot;:{&quot;1&quot;:2,&quot;2&quot;:14081252},&quot;10&quot;:0,&quot;11&quot;:0,&quot;12&quot;:0,&quot;15&quot;:&quot;\\&quot;Calibri Light\\&quot;, sans-serif&quot;}\">Lampa semnalizare Eco Pro 24V io\/RTS<\/span><\/strong><\/p>\n<p>Produc\u0103tor: Somfy<br \/>\nAlimentare: 24V<br \/>\nAnten\u0103 \u00eencorporat\u0103: nu<\/p>\n","protected":false},"excerpt":{"rendered":"<p>Lampa semnalizare Eco Pro 24V io\/RTS cod produs: 9026385 Dispozitivul semnalizeaz\u0103 mi\u0219carea por\u021bii de acces sau a u\u0219ii de garaj. Specifica\u021bii tehnice: Putere: 15 W Alimentare: 24 V AC\/DC Controlul bli\u021bului: controlat de unitatea de ac\u021bionare central\u0103 Clas\u0103 de izola\u021bie electric\u0103: clas\u0103 III &#8211; tensiune foarte mic\u0103 \u0219i sigur\u0103 Dimensiuni (\u00een\u0103l\u021bime x diametru): 92 x [&hellip;]<\/p>\n","protected":false},"featured_media":1497,"comment_status":"open","ping_status":"closed","template":"","meta":{"_eb_attr":""},"pwb-brand":[],"product_brand":[],"product_cat":[34,26],"product_tag":[74,77,92,39,47],"class_list":{"0":"post-1496","1":"product","2":"type-product","3":"status-publish","4":"has-post-thumbnail","6":"product_cat-accesorii-automatizari-smart","7":"product_cat-smart-home","8":"product_tag-automatizari","9":"product_tag-kit-automatizari","10":"product_tag-lampa-de-semnalizare","11":"product_tag-smart-home","12":"product_tag-somfy","14":"first","15":"instock","16":"taxable","17":"shipping-taxable","18":"purchasable","19":"product-type-simple"},"yoast_head":"<!-- This site is optimized with the Yoast SEO plugin v27.2 - https:\/\/yoast.com\/product\/yoast-seo-wordpress\/ -->\n<title>Lampa semnalizare Eco Pro 24V io\/RTS - Magazin SCS<\/title>\n<meta name=\"description\" content=\"Lampa semnalizare Eco Pro 24V io\/RTS Dispozitivul semnalizeaz\u0103 mi\u0219carea por\u021bii de acces sau a u\u0219ii de garaj. Cod produs: 9026385\" \/>\n<meta name=\"robots\" content=\"index, follow, max-snippet:-1, max-image-preview:large, max-video-preview:-1\" \/>\n<link rel=\"canonical\" href=\"https:\/\/scsystems.ro\/magazin\/produs\/lampa-semnalizare-eco-pro-24v-io-rts\/\" \/>\n<meta property=\"og:locale\" content=\"ro_RO\" \/>\n<meta property=\"og:type\" content=\"article\" \/>\n<meta property=\"og:title\" content=\"Lampa semnalizare Eco Pro 24V io\/RTS - Magazin SCS\" \/>\n<meta property=\"og:description\" content=\"Lampa semnalizare Eco Pro 24V io\/RTS Dispozitivul semnalizeaz\u0103 mi\u0219carea por\u021bii de acces sau a u\u0219ii de garaj. Cod produs: 9026385\" \/>\n<meta property=\"og:url\" content=\"https:\/\/scsystems.ro\/magazin\/produs\/lampa-semnalizare-eco-pro-24v-io-rts\/\" \/>\n<meta property=\"og:site_name\" content=\"Magazin SCS\" \/>\n<meta property=\"article:publisher\" content=\"https:\/\/www.facebook.com\/smartclosingsystems\/\" \/>\n<meta property=\"article:modified_time\" content=\"2025-08-01T00:17:59+00:00\" \/>\n<meta property=\"og:image\" content=\"https:\/\/scsystems.ro\/magazin\/wp-content\/uploads\/sites\/2\/2023\/05\/Lampa-semnalizare-Eco-Pro-24V-ioRTS-9026385-scaled.webp\" \/>\n\t<meta property=\"og:image:width\" content=\"2171\" \/>\n\t<meta property=\"og:image:height\" content=\"2560\" \/>\n\t<meta property=\"og:image:type\" content=\"image\/webp\" \/>\n<meta name=\"twitter:card\" content=\"summary_large_image\" \/>\n<meta name=\"twitter:label1\" content=\"Timp estimat pentru citire\" \/>\n\t<meta name=\"twitter:data1\" content=\"2 minute\" \/>\n<script type=\"application\/ld+json\" class=\"yoast-schema-graph\">{\"@context\":\"https:\/\/schema.org\",\"@graph\":[{\"@type\":\"WebPage\",\"@id\":\"https:\/\/scsystems.ro\/magazin\/produs\/lampa-semnalizare-eco-pro-24v-io-rts\/\",\"url\":\"https:\/\/scsystems.ro\/magazin\/produs\/lampa-semnalizare-eco-pro-24v-io-rts\/\",\"name\":\"Lampa semnalizare Eco Pro 24V io\/RTS - Magazin SCS\",\"isPartOf\":{\"@id\":\"https:\/\/scsystems.ro\/magazin\/#website\"},\"primaryImageOfPage\":{\"@id\":\"https:\/\/scsystems.ro\/magazin\/produs\/lampa-semnalizare-eco-pro-24v-io-rts\/#primaryimage\"},\"image\":{\"@id\":\"https:\/\/scsystems.ro\/magazin\/produs\/lampa-semnalizare-eco-pro-24v-io-rts\/#primaryimage\"},\"thumbnailUrl\":\"https:\/\/scsystems.ro\/magazin\/wp-content\/uploads\/sites\/2\/2023\/05\/Lampa-semnalizare-Eco-Pro-24V-ioRTS-9026385-scaled.webp\",\"datePublished\":\"2023-05-22T19:39:57+00:00\",\"dateModified\":\"2025-08-01T00:17:59+00:00\",\"description\":\"Lampa semnalizare Eco Pro 24V io\/RTS Dispozitivul semnalizeaz\u0103 mi\u0219carea por\u021bii de acces sau a u\u0219ii de garaj. Cod produs: 9026385\",\"breadcrumb\":{\"@id\":\"https:\/\/scsystems.ro\/magazin\/produs\/lampa-semnalizare-eco-pro-24v-io-rts\/#breadcrumb\"},\"inLanguage\":\"ro-RO\",\"potentialAction\":[{\"@type\":\"ReadAction\",\"target\":[\"https:\/\/scsystems.ro\/magazin\/produs\/lampa-semnalizare-eco-pro-24v-io-rts\/\"]}]},{\"@type\":\"ImageObject\",\"inLanguage\":\"ro-RO\",\"@id\":\"https:\/\/scsystems.ro\/magazin\/produs\/lampa-semnalizare-eco-pro-24v-io-rts\/#primaryimage\",\"url\":\"https:\/\/scsystems.ro\/magazin\/wp-content\/uploads\/sites\/2\/2023\/05\/Lampa-semnalizare-Eco-Pro-24V-ioRTS-9026385-scaled.webp\",\"contentUrl\":\"https:\/\/scsystems.ro\/magazin\/wp-content\/uploads\/sites\/2\/2023\/05\/Lampa-semnalizare-Eco-Pro-24V-ioRTS-9026385-scaled.webp\",\"width\":2171,\"height\":2560,\"caption\":\"Lampa semnalizare Eco Pro 24V ioRTS\"},{\"@type\":\"BreadcrumbList\",\"@id\":\"https:\/\/scsystems.ro\/magazin\/produs\/lampa-semnalizare-eco-pro-24v-io-rts\/#breadcrumb\",\"itemListElement\":[{\"@type\":\"ListItem\",\"position\":1,\"name\":\"Magazin\",\"item\":\"https:\/\/scsystems.ro\/magazin\/\"},{\"@type\":\"ListItem\",\"position\":2,\"name\":\"Toate Produsele\",\"item\":\"https:\/\/scsystems.ro\/magazin\/toate-produsele\/\"},{\"@type\":\"ListItem\",\"position\":3,\"name\":\"Lampa semnalizare Eco Pro 24V io\/RTS\"}]},{\"@type\":\"WebSite\",\"@id\":\"https:\/\/scsystems.ro\/magazin\/#website\",\"url\":\"https:\/\/scsystems.ro\/magazin\/\",\"name\":\"Magazin SCS\",\"description\":\"Smart Closing Systems Magazin\",\"publisher\":{\"@id\":\"https:\/\/scsystems.ro\/magazin\/#organization\"},\"potentialAction\":[{\"@type\":\"SearchAction\",\"target\":{\"@type\":\"EntryPoint\",\"urlTemplate\":\"https:\/\/scsystems.ro\/magazin\/?s={search_term_string}\"},\"query-input\":{\"@type\":\"PropertyValueSpecification\",\"valueRequired\":true,\"valueName\":\"search_term_string\"}}],\"inLanguage\":\"ro-RO\"},{\"@type\":\"Organization\",\"@id\":\"https:\/\/scsystems.ro\/magazin\/#organization\",\"name\":\"Smart Closing Systems\",\"alternateName\":\"SCS\",\"url\":\"https:\/\/scsystems.ro\/magazin\/\",\"logo\":{\"@type\":\"ImageObject\",\"inLanguage\":\"ro-RO\",\"@id\":\"https:\/\/scsystems.ro\/magazin\/#\/schema\/logo\/image\/\",\"url\":\"https:\/\/scsystems.ro\/magazin\/wp-content\/uploads\/sites\/2\/2023\/03\/logo-SCS-Negru-vm.png\",\"contentUrl\":\"https:\/\/scsystems.ro\/magazin\/wp-content\/uploads\/sites\/2\/2023\/03\/logo-SCS-Negru-vm.png\",\"width\":2241,\"height\":1459,\"caption\":\"Smart Closing Systems\"},\"image\":{\"@id\":\"https:\/\/scsystems.ro\/magazin\/#\/schema\/logo\/image\/\"},\"sameAs\":[\"https:\/\/www.facebook.com\/smartclosingsystems\/\"]}]}<\/script>\n<!-- \/ Yoast SEO plugin. -->","yoast_head_json":{"title":"Lampa semnalizare Eco Pro 24V io\/RTS - Magazin SCS","description":"Lampa semnalizare Eco Pro 24V io\/RTS Dispozitivul semnalizeaz\u0103 mi\u0219carea por\u021bii de acces sau a u\u0219ii de garaj. Cod produs: 9026385","robots":{"index":"index","follow":"follow","max-snippet":"max-snippet:-1","max-image-preview":"max-image-preview:large","max-video-preview":"max-video-preview:-1"},"canonical":"https:\/\/scsystems.ro\/magazin\/produs\/lampa-semnalizare-eco-pro-24v-io-rts\/","og_locale":"ro_RO","og_type":"article","og_title":"Lampa semnalizare Eco Pro 24V io\/RTS - Magazin SCS","og_description":"Lampa semnalizare Eco Pro 24V io\/RTS Dispozitivul semnalizeaz\u0103 mi\u0219carea por\u021bii de acces sau a u\u0219ii de garaj. Cod produs: 9026385","og_url":"https:\/\/scsystems.ro\/magazin\/produs\/lampa-semnalizare-eco-pro-24v-io-rts\/","og_site_name":"Magazin SCS","article_publisher":"https:\/\/www.facebook.com\/smartclosingsystems\/","article_modified_time":"2025-08-01T00:17:59+00:00","og_image":[{"width":2171,"height":2560,"url":"https:\/\/scsystems.ro\/magazin\/wp-content\/uploads\/sites\/2\/2023\/05\/Lampa-semnalizare-Eco-Pro-24V-ioRTS-9026385-scaled.webp","type":"image\/webp"}],"twitter_card":"summary_large_image","twitter_misc":{"Timp estimat pentru citire":"2 minute"},"schema":{"@context":"https:\/\/schema.org","@graph":[{"@type":"WebPage","@id":"https:\/\/scsystems.ro\/magazin\/produs\/lampa-semnalizare-eco-pro-24v-io-rts\/","url":"https:\/\/scsystems.ro\/magazin\/produs\/lampa-semnalizare-eco-pro-24v-io-rts\/","name":"Lampa semnalizare Eco Pro 24V io\/RTS - Magazin SCS","isPartOf":{"@id":"https:\/\/scsystems.ro\/magazin\/#website"},"primaryImageOfPage":{"@id":"https:\/\/scsystems.ro\/magazin\/produs\/lampa-semnalizare-eco-pro-24v-io-rts\/#primaryimage"},"image":{"@id":"https:\/\/scsystems.ro\/magazin\/produs\/lampa-semnalizare-eco-pro-24v-io-rts\/#primaryimage"},"thumbnailUrl":"https:\/\/scsystems.ro\/magazin\/wp-content\/uploads\/sites\/2\/2023\/05\/Lampa-semnalizare-Eco-Pro-24V-ioRTS-9026385-scaled.webp","datePublished":"2023-05-22T19:39:57+00:00","dateModified":"2025-08-01T00:17:59+00:00","description":"Lampa semnalizare Eco Pro 24V io\/RTS Dispozitivul semnalizeaz\u0103 mi\u0219carea por\u021bii de acces sau a u\u0219ii de garaj. Cod produs: 9026385","breadcrumb":{"@id":"https:\/\/scsystems.ro\/magazin\/produs\/lampa-semnalizare-eco-pro-24v-io-rts\/#breadcrumb"},"inLanguage":"ro-RO","potentialAction":[{"@type":"ReadAction","target":["https:\/\/scsystems.ro\/magazin\/produs\/lampa-semnalizare-eco-pro-24v-io-rts\/"]}]},{"@type":"ImageObject","inLanguage":"ro-RO","@id":"https:\/\/scsystems.ro\/magazin\/produs\/lampa-semnalizare-eco-pro-24v-io-rts\/#primaryimage","url":"https:\/\/scsystems.ro\/magazin\/wp-content\/uploads\/sites\/2\/2023\/05\/Lampa-semnalizare-Eco-Pro-24V-ioRTS-9026385-scaled.webp","contentUrl":"https:\/\/scsystems.ro\/magazin\/wp-content\/uploads\/sites\/2\/2023\/05\/Lampa-semnalizare-Eco-Pro-24V-ioRTS-9026385-scaled.webp","width":2171,"height":2560,"caption":"Lampa semnalizare Eco Pro 24V ioRTS"},{"@type":"BreadcrumbList","@id":"https:\/\/scsystems.ro\/magazin\/produs\/lampa-semnalizare-eco-pro-24v-io-rts\/#breadcrumb","itemListElement":[{"@type":"ListItem","position":1,"name":"Magazin","item":"https:\/\/scsystems.ro\/magazin\/"},{"@type":"ListItem","position":2,"name":"Toate Produsele","item":"https:\/\/scsystems.ro\/magazin\/toate-produsele\/"},{"@type":"ListItem","position":3,"name":"Lampa semnalizare Eco Pro 24V io\/RTS"}]},{"@type":"WebSite","@id":"https:\/\/scsystems.ro\/magazin\/#website","url":"https:\/\/scsystems.ro\/magazin\/","name":"Magazin SCS","description":"Smart Closing Systems Magazin","publisher":{"@id":"https:\/\/scsystems.ro\/magazin\/#organization"},"potentialAction":[{"@type":"SearchAction","target":{"@type":"EntryPoint","urlTemplate":"https:\/\/scsystems.ro\/magazin\/?s={search_term_string}"},"query-input":{"@type":"PropertyValueSpecification","valueRequired":true,"valueName":"search_term_string"}}],"inLanguage":"ro-RO"},{"@type":"Organization","@id":"https:\/\/scsystems.ro\/magazin\/#organization","name":"Smart Closing Systems","alternateName":"SCS","url":"https:\/\/scsystems.ro\/magazin\/","logo":{"@type":"ImageObject","inLanguage":"ro-RO","@id":"https:\/\/scsystems.ro\/magazin\/#\/schema\/logo\/image\/","url":"https:\/\/scsystems.ro\/magazin\/wp-content\/uploads\/sites\/2\/2023\/03\/logo-SCS-Negru-vm.png","contentUrl":"https:\/\/scsystems.ro\/magazin\/wp-content\/uploads\/sites\/2\/2023\/03\/logo-SCS-Negru-vm.png","width":2241,"height":1459,"caption":"Smart Closing Systems"},"image":{"@id":"https:\/\/scsystems.ro\/magazin\/#\/schema\/logo\/image\/"},"sameAs":["https:\/\/www.facebook.com\/smartclosingsystems\/"]}]}},"jetpack_sharing_enabled":true,"brands":[],"_links":{"self":[{"href":"https:\/\/scsystems.ro\/magazin\/wp-json\/wp\/v2\/product\/1496","targetHints":{"allow":["GET"]}}],"collection":[{"href":"https:\/\/scsystems.ro\/magazin\/wp-json\/wp\/v2\/product"}],"about":[{"href":"https:\/\/scsystems.ro\/magazin\/wp-json\/wp\/v2\/types\/product"}],"replies":[{"embeddable":true,"href":"https:\/\/scsystems.ro\/magazin\/wp-json\/wp\/v2\/comments?post=1496"}],"wp:featuredmedia":[{"embeddable":true,"href":"https:\/\/scsystems.ro\/magazin\/wp-json\/wp\/v2\/media\/1497"}],"wp:attachment":[{"href":"https:\/\/scsystems.ro\/magazin\/wp-json\/wp\/v2\/media?parent=1496"}],"wp:term":[{"taxonomy":"pwb-brand","embeddable":true,"href":"https:\/\/scsystems.ro\/magazin\/wp-json\/wp\/v2\/pwb-brand?post=1496"},{"taxonomy":"product_brand","embeddable":true,"href":"https:\/\/scsystems.ro\/magazin\/wp-json\/wp\/v2\/product_brand?post=1496"},{"taxonomy":"product_cat","embeddable":true,"href":"https:\/\/scsystems.ro\/magazin\/wp-json\/wp\/v2\/product_cat?post=1496"},{"taxonomy":"product_tag","embeddable":true,"href":"https:\/\/scsystems.ro\/magazin\/wp-json\/wp\/v2\/product_tag?post=1496"}],"curies":[{"name":"wp","href":"https:\/\/api.w.org\/{rel}","templated":true}]}}