{"id":1477,"date":"2023-05-21T10:44:29","date_gmt":"2023-05-21T10:44:29","guid":{"rendered":"https:\/\/scsystems.ro\/magazin\/?post_type=product&#038;p=1477"},"modified":"2026-03-27T17:06:52","modified_gmt":"2026-03-27T17:06:52","slug":"dexxo-pro-1000-3s-rts-keygo","status":"publish","type":"product","link":"https:\/\/scsystems.ro\/magazin\/produs\/dexxo-pro-1000-3s-rts-keygo\/","title":{"rendered":"Dexxo Pro 1000 3S RTS\u00a0Keygo"},"content":{"rendered":"<p><strong>Dexxo Pro 1000 3S RTS Keygo cu 2 telecomenzi 4 RTS <\/strong>este un motor sigur \u0219i robust, potrivit pentru orice tip de instalare a u\u0219ii de garaj\u00a0fiind un sistem avansat de automatizare, echipat cu un motor puternic \u0219i certificat, care permite controlul u\u0219ii prin intermediul unei conexiuni rts . Acesta vine \u00eenso\u021bit de dou\u0103 telecomenzi 4 RTS Keygo, oferind un pachet complet pentru controlul \u0219i automatizarea u\u0219ii de garaj.<\/p>\n<p>Motor sigur \u0219i robust pentru orice tip de instalare<\/p>\n<p><strong>Foarte u\u0219or de folosit \u2013 3S Tehnology<\/strong><br \/>\n\u2022 Se pune \u00een func\u021biune \u00een maxim 90 secunde<br \/>\n\u2022 Toate set\u0103rile sunt pre-programate din fabric\u0103<br \/>\n\u2022 Programare intuitiv\u0103 datorit\u0103 display-ului LCD<\/p>\n<p><strong>Personalizare extins\u0103<\/strong><br \/>\n\u202217 parametri ajustabili<br \/>\n\u2022 O gam\u0103 larg\u0103 de accesorii conectabile<br \/>\n\u2022 Se poate \u00eencorpora baterie de backup \u0219i iluminat separat de maxim 500 W<\/p>\n<p><strong>Mentenan\u021b\u0103 asistat\u0103<\/strong><br \/>\n\u2022 Status-ul motorului se verific\u0103 \u00een timp real pe display<br \/>\n\u2022 Codurile de eroare se verific\u0103 \u00een timp real pe display<br \/>\n\u2022 Informa\u021bii referitoare la numarul de cicluri \u0219i erori<br \/>\n\u2022 Avertizare pentru sevice<\/p>\n<p><strong>Siguran\u021b\u0103<\/strong><br \/>\n\u2022 Detec\u021bie obstacol \u00eencorporat\u0103 \u00een motor<br \/>\n\u2022 Posibilitatea de a ata\u0219a o siren\u0103 \u00een caz de for\u021bare<br \/>\n\u2022 Posibilitatea de a ata\u0219a un blocator mecanic antiefrac\u021bie<\/p>\n<p><strong>Fiabilitate<\/strong><br \/>\n\u2022 Testat p\u00e2n\u0103 la 90 000 cicluri ( cu sin\u0103 performant\u0103)<br \/>\n\u2022 Adaptabil la mai multe tipuri de sine<\/p>\n<p><strong>Kitul con\u021bine:<\/strong><br \/>\nmotor electromecanic \u0219i accesorii de montaj,<br \/>\n2 telecomenzi Keygo cu 4 canale personalizabile<br \/>\n<span style=\"color: #ff0000;\">! Atentie! Kitul nu include si sina<\/span><\/p>\n<p><strong>Dexxo Pro 1000 3S RTS\u00a0 Keygo Caracteristici tehnice:<\/strong><\/p>\n<p>Alimentare unitate control: 230 V &#8211; 50 Hz<br \/>\nVoltaj motor: 24 Vdc<br \/>\nPuterea consumat\u0103 : 600 W (cu 500 W iluminatul suplimentar)<br \/>\nIluminat integrat bec de 21 W<br \/>\nIes\u0219re accesorii 24 Vdc\/500 mA<br \/>\nFrecven\u021b\u0103 radio 433,42 Mhz<br \/>\nTestat pentru 36500 cicluri cu sina standard<br \/>\nNr. telecomenzi memorabile: 32<br \/>\nNr.max de cicluri\/zi: 20 cicluri cu sina standard<br \/>\nTemperatura de functionare: de la -20 C pana la +60 C<br \/>\nViteza maxima 18 cm\/sec<br \/>\nForta de tractiune 1000 N<\/p>\n","protected":false},"excerpt":{"rendered":"<p><strong>Dexxo Pro 1000 3S RTS\u00a0 Keygo cu 2 telecomenzi 4 RTS <\/strong>este un motor sigur \u0219i robust, potrivit pentru orice tip de instalare a u\u0219ii de garaj. Acesta vine \u00eenso\u021bit de dou\u0103 telecomenzi 4 RTS Keygo, oferind un pachet complet pentru controlul \u0219i automatizarea u\u0219ii de garaj.<br \/>\nKitul Dexxo Pro 1000 3S RTS Keygo include un motor electromecanic \u0219i accesorii de montaj, \u00eempreun\u0103 cu dou\u0103 telecomenzi Keygo cu 4 canale personalizabile.<\/p>\n","protected":false},"featured_media":1479,"comment_status":"open","ping_status":"closed","template":"","meta":{"_eb_attr":""},"pwb-brand":[40],"product_brand":[],"product_cat":[25,27,26],"product_tag":[74,85,77,58,39],"class_list":{"0":"post-1477","1":"product","2":"type-product","3":"status-publish","4":"has-post-thumbnail","6":"pwb-brand-somfy","7":"product_cat-kituri-automatizari","8":"product_cat-motoare","9":"product_cat-smart-home","10":"product_tag-automatizari","11":"product_tag-dexxo","12":"product_tag-kit-automatizari","13":"product_tag-rts","14":"product_tag-smart-home","16":"first","17":"instock","18":"taxable","19":"shipping-taxable","20":"purchasable","21":"product-type-simple"},"yoast_head":"<!-- This site is optimized with the Yoast SEO plugin v27.2 - https:\/\/yoast.com\/product\/yoast-seo-wordpress\/ -->\n<title>Dexxo Pro 1000 3S RTS Keygo - Magazin SCS<\/title>\n<meta name=\"description\" content=\"Dexxo Pro 1000 3S RTS\u00a0Keygo este un motor sigur \u0219i robust, potrivit pentru orice tip de instalare a u\u0219ii de garaj\u00a0fiind un sistem avansat de automatizare.\" \/>\n<meta name=\"robots\" content=\"index, follow, max-snippet:-1, max-image-preview:large, max-video-preview:-1\" \/>\n<link rel=\"canonical\" href=\"https:\/\/scsystems.ro\/magazin\/produs\/dexxo-pro-1000-3s-rts-keygo\/\" \/>\n<meta property=\"og:locale\" content=\"ro_RO\" \/>\n<meta property=\"og:type\" content=\"article\" \/>\n<meta property=\"og:title\" content=\"Dexxo Pro 1000 3S RTS Keygo - Magazin SCS\" \/>\n<meta property=\"og:description\" content=\"Dexxo Pro 1000 3S RTS\u00a0Keygo este un motor sigur \u0219i robust, potrivit pentru orice tip de instalare a u\u0219ii de garaj\u00a0fiind un sistem avansat de automatizare.\" \/>\n<meta property=\"og:url\" content=\"https:\/\/scsystems.ro\/magazin\/produs\/dexxo-pro-1000-3s-rts-keygo\/\" \/>\n<meta property=\"og:site_name\" content=\"Magazin SCS\" \/>\n<meta property=\"article:publisher\" content=\"https:\/\/www.facebook.com\/smartclosingsystems\/\" \/>\n<meta property=\"article:modified_time\" content=\"2026-03-27T17:06:52+00:00\" \/>\n<meta property=\"og:image\" content=\"https:\/\/scsystems.ro\/magazin\/wp-content\/uploads\/sites\/2\/2023\/05\/Dexxo-Pro-1000-3S-RTS-Keygo-4-RTS.webp\" \/>\n\t<meta property=\"og:image:width\" content=\"1200\" \/>\n\t<meta property=\"og:image:height\" content=\"1200\" \/>\n\t<meta property=\"og:image:type\" content=\"image\/webp\" \/>\n<meta name=\"twitter:card\" content=\"summary_large_image\" \/>\n<meta name=\"twitter:label1\" content=\"Timp estimat pentru citire\" \/>\n\t<meta name=\"twitter:data1\" content=\"2 minute\" \/>\n<script type=\"application\/ld+json\" class=\"yoast-schema-graph\">{\"@context\":\"https:\/\/schema.org\",\"@graph\":[{\"@type\":\"WebPage\",\"@id\":\"https:\/\/scsystems.ro\/magazin\/produs\/dexxo-pro-1000-3s-rts-keygo\/\",\"url\":\"https:\/\/scsystems.ro\/magazin\/produs\/dexxo-pro-1000-3s-rts-keygo\/\",\"name\":\"Dexxo Pro 1000 3S RTS Keygo - Magazin SCS\",\"isPartOf\":{\"@id\":\"https:\/\/scsystems.ro\/magazin\/#website\"},\"primaryImageOfPage\":{\"@id\":\"https:\/\/scsystems.ro\/magazin\/produs\/dexxo-pro-1000-3s-rts-keygo\/#primaryimage\"},\"image\":{\"@id\":\"https:\/\/scsystems.ro\/magazin\/produs\/dexxo-pro-1000-3s-rts-keygo\/#primaryimage\"},\"thumbnailUrl\":\"https:\/\/scsystems.ro\/magazin\/wp-content\/uploads\/sites\/2\/2023\/05\/Dexxo-Pro-1000-3S-RTS-Keygo-4-RTS.webp\",\"datePublished\":\"2023-05-21T10:44:29+00:00\",\"dateModified\":\"2026-03-27T17:06:52+00:00\",\"description\":\"Dexxo Pro 1000 3S RTS\u00a0Keygo este un motor sigur \u0219i robust, potrivit pentru orice tip de instalare a u\u0219ii de garaj\u00a0fiind un sistem avansat de automatizare.\",\"breadcrumb\":{\"@id\":\"https:\/\/scsystems.ro\/magazin\/produs\/dexxo-pro-1000-3s-rts-keygo\/#breadcrumb\"},\"inLanguage\":\"ro-RO\",\"potentialAction\":[{\"@type\":\"ReadAction\",\"target\":[\"https:\/\/scsystems.ro\/magazin\/produs\/dexxo-pro-1000-3s-rts-keygo\/\"]}]},{\"@type\":\"ImageObject\",\"inLanguage\":\"ro-RO\",\"@id\":\"https:\/\/scsystems.ro\/magazin\/produs\/dexxo-pro-1000-3s-rts-keygo\/#primaryimage\",\"url\":\"https:\/\/scsystems.ro\/magazin\/wp-content\/uploads\/sites\/2\/2023\/05\/Dexxo-Pro-1000-3S-RTS-Keygo-4-RTS.webp\",\"contentUrl\":\"https:\/\/scsystems.ro\/magazin\/wp-content\/uploads\/sites\/2\/2023\/05\/Dexxo-Pro-1000-3S-RTS-Keygo-4-RTS.webp\",\"width\":1200,\"height\":1200,\"caption\":\"Dexxo Pro 1000 3S RTS Keygo\"},{\"@type\":\"BreadcrumbList\",\"@id\":\"https:\/\/scsystems.ro\/magazin\/produs\/dexxo-pro-1000-3s-rts-keygo\/#breadcrumb\",\"itemListElement\":[{\"@type\":\"ListItem\",\"position\":1,\"name\":\"Magazin\",\"item\":\"https:\/\/scsystems.ro\/magazin\/\"},{\"@type\":\"ListItem\",\"position\":2,\"name\":\"Toate Produsele\",\"item\":\"https:\/\/scsystems.ro\/magazin\/toate-produsele\/\"},{\"@type\":\"ListItem\",\"position\":3,\"name\":\"Dexxo Pro 1000 3S RTS\u00a0Keygo\"}]},{\"@type\":\"WebSite\",\"@id\":\"https:\/\/scsystems.ro\/magazin\/#website\",\"url\":\"https:\/\/scsystems.ro\/magazin\/\",\"name\":\"Magazin SCS\",\"description\":\"Smart Closing Systems Magazin\",\"publisher\":{\"@id\":\"https:\/\/scsystems.ro\/magazin\/#organization\"},\"potentialAction\":[{\"@type\":\"SearchAction\",\"target\":{\"@type\":\"EntryPoint\",\"urlTemplate\":\"https:\/\/scsystems.ro\/magazin\/?s={search_term_string}\"},\"query-input\":{\"@type\":\"PropertyValueSpecification\",\"valueRequired\":true,\"valueName\":\"search_term_string\"}}],\"inLanguage\":\"ro-RO\"},{\"@type\":\"Organization\",\"@id\":\"https:\/\/scsystems.ro\/magazin\/#organization\",\"name\":\"Smart Closing Systems\",\"alternateName\":\"SCS\",\"url\":\"https:\/\/scsystems.ro\/magazin\/\",\"logo\":{\"@type\":\"ImageObject\",\"inLanguage\":\"ro-RO\",\"@id\":\"https:\/\/scsystems.ro\/magazin\/#\/schema\/logo\/image\/\",\"url\":\"https:\/\/scsystems.ro\/magazin\/wp-content\/uploads\/sites\/2\/2023\/03\/logo-SCS-Negru-vm.png\",\"contentUrl\":\"https:\/\/scsystems.ro\/magazin\/wp-content\/uploads\/sites\/2\/2023\/03\/logo-SCS-Negru-vm.png\",\"width\":2241,\"height\":1459,\"caption\":\"Smart Closing Systems\"},\"image\":{\"@id\":\"https:\/\/scsystems.ro\/magazin\/#\/schema\/logo\/image\/\"},\"sameAs\":[\"https:\/\/www.facebook.com\/smartclosingsystems\/\"]}]}<\/script>\n<!-- \/ Yoast SEO plugin. -->","yoast_head_json":{"title":"Dexxo Pro 1000 3S RTS Keygo - Magazin SCS","description":"Dexxo Pro 1000 3S RTS\u00a0Keygo este un motor sigur \u0219i robust, potrivit pentru orice tip de instalare a u\u0219ii de garaj\u00a0fiind un sistem avansat de automatizare.","robots":{"index":"index","follow":"follow","max-snippet":"max-snippet:-1","max-image-preview":"max-image-preview:large","max-video-preview":"max-video-preview:-1"},"canonical":"https:\/\/scsystems.ro\/magazin\/produs\/dexxo-pro-1000-3s-rts-keygo\/","og_locale":"ro_RO","og_type":"article","og_title":"Dexxo Pro 1000 3S RTS Keygo - Magazin SCS","og_description":"Dexxo Pro 1000 3S RTS\u00a0Keygo este un motor sigur \u0219i robust, potrivit pentru orice tip de instalare a u\u0219ii de garaj\u00a0fiind un sistem avansat de automatizare.","og_url":"https:\/\/scsystems.ro\/magazin\/produs\/dexxo-pro-1000-3s-rts-keygo\/","og_site_name":"Magazin SCS","article_publisher":"https:\/\/www.facebook.com\/smartclosingsystems\/","article_modified_time":"2026-03-27T17:06:52+00:00","og_image":[{"width":1200,"height":1200,"url":"https:\/\/scsystems.ro\/magazin\/wp-content\/uploads\/sites\/2\/2023\/05\/Dexxo-Pro-1000-3S-RTS-Keygo-4-RTS.webp","type":"image\/webp"}],"twitter_card":"summary_large_image","twitter_misc":{"Timp estimat pentru citire":"2 minute"},"schema":{"@context":"https:\/\/schema.org","@graph":[{"@type":"WebPage","@id":"https:\/\/scsystems.ro\/magazin\/produs\/dexxo-pro-1000-3s-rts-keygo\/","url":"https:\/\/scsystems.ro\/magazin\/produs\/dexxo-pro-1000-3s-rts-keygo\/","name":"Dexxo Pro 1000 3S RTS Keygo - Magazin SCS","isPartOf":{"@id":"https:\/\/scsystems.ro\/magazin\/#website"},"primaryImageOfPage":{"@id":"https:\/\/scsystems.ro\/magazin\/produs\/dexxo-pro-1000-3s-rts-keygo\/#primaryimage"},"image":{"@id":"https:\/\/scsystems.ro\/magazin\/produs\/dexxo-pro-1000-3s-rts-keygo\/#primaryimage"},"thumbnailUrl":"https:\/\/scsystems.ro\/magazin\/wp-content\/uploads\/sites\/2\/2023\/05\/Dexxo-Pro-1000-3S-RTS-Keygo-4-RTS.webp","datePublished":"2023-05-21T10:44:29+00:00","dateModified":"2026-03-27T17:06:52+00:00","description":"Dexxo Pro 1000 3S RTS\u00a0Keygo este un motor sigur \u0219i robust, potrivit pentru orice tip de instalare a u\u0219ii de garaj\u00a0fiind un sistem avansat de automatizare.","breadcrumb":{"@id":"https:\/\/scsystems.ro\/magazin\/produs\/dexxo-pro-1000-3s-rts-keygo\/#breadcrumb"},"inLanguage":"ro-RO","potentialAction":[{"@type":"ReadAction","target":["https:\/\/scsystems.ro\/magazin\/produs\/dexxo-pro-1000-3s-rts-keygo\/"]}]},{"@type":"ImageObject","inLanguage":"ro-RO","@id":"https:\/\/scsystems.ro\/magazin\/produs\/dexxo-pro-1000-3s-rts-keygo\/#primaryimage","url":"https:\/\/scsystems.ro\/magazin\/wp-content\/uploads\/sites\/2\/2023\/05\/Dexxo-Pro-1000-3S-RTS-Keygo-4-RTS.webp","contentUrl":"https:\/\/scsystems.ro\/magazin\/wp-content\/uploads\/sites\/2\/2023\/05\/Dexxo-Pro-1000-3S-RTS-Keygo-4-RTS.webp","width":1200,"height":1200,"caption":"Dexxo Pro 1000 3S RTS Keygo"},{"@type":"BreadcrumbList","@id":"https:\/\/scsystems.ro\/magazin\/produs\/dexxo-pro-1000-3s-rts-keygo\/#breadcrumb","itemListElement":[{"@type":"ListItem","position":1,"name":"Magazin","item":"https:\/\/scsystems.ro\/magazin\/"},{"@type":"ListItem","position":2,"name":"Toate Produsele","item":"https:\/\/scsystems.ro\/magazin\/toate-produsele\/"},{"@type":"ListItem","position":3,"name":"Dexxo Pro 1000 3S RTS\u00a0Keygo"}]},{"@type":"WebSite","@id":"https:\/\/scsystems.ro\/magazin\/#website","url":"https:\/\/scsystems.ro\/magazin\/","name":"Magazin SCS","description":"Smart Closing Systems Magazin","publisher":{"@id":"https:\/\/scsystems.ro\/magazin\/#organization"},"potentialAction":[{"@type":"SearchAction","target":{"@type":"EntryPoint","urlTemplate":"https:\/\/scsystems.ro\/magazin\/?s={search_term_string}"},"query-input":{"@type":"PropertyValueSpecification","valueRequired":true,"valueName":"search_term_string"}}],"inLanguage":"ro-RO"},{"@type":"Organization","@id":"https:\/\/scsystems.ro\/magazin\/#organization","name":"Smart Closing Systems","alternateName":"SCS","url":"https:\/\/scsystems.ro\/magazin\/","logo":{"@type":"ImageObject","inLanguage":"ro-RO","@id":"https:\/\/scsystems.ro\/magazin\/#\/schema\/logo\/image\/","url":"https:\/\/scsystems.ro\/magazin\/wp-content\/uploads\/sites\/2\/2023\/03\/logo-SCS-Negru-vm.png","contentUrl":"https:\/\/scsystems.ro\/magazin\/wp-content\/uploads\/sites\/2\/2023\/03\/logo-SCS-Negru-vm.png","width":2241,"height":1459,"caption":"Smart Closing Systems"},"image":{"@id":"https:\/\/scsystems.ro\/magazin\/#\/schema\/logo\/image\/"},"sameAs":["https:\/\/www.facebook.com\/smartclosingsystems\/"]}]}},"jetpack_sharing_enabled":true,"brands":[{"id":40,"name":"Somfy","slug":"somfy"}],"_links":{"self":[{"href":"https:\/\/scsystems.ro\/magazin\/wp-json\/wp\/v2\/product\/1477","targetHints":{"allow":["GET"]}}],"collection":[{"href":"https:\/\/scsystems.ro\/magazin\/wp-json\/wp\/v2\/product"}],"about":[{"href":"https:\/\/scsystems.ro\/magazin\/wp-json\/wp\/v2\/types\/product"}],"replies":[{"embeddable":true,"href":"https:\/\/scsystems.ro\/magazin\/wp-json\/wp\/v2\/comments?post=1477"}],"wp:featuredmedia":[{"embeddable":true,"href":"https:\/\/scsystems.ro\/magazin\/wp-json\/wp\/v2\/media\/1479"}],"wp:attachment":[{"href":"https:\/\/scsystems.ro\/magazin\/wp-json\/wp\/v2\/media?parent=1477"}],"wp:term":[{"taxonomy":"pwb-brand","embeddable":true,"href":"https:\/\/scsystems.ro\/magazin\/wp-json\/wp\/v2\/pwb-brand?post=1477"},{"taxonomy":"product_brand","embeddable":true,"href":"https:\/\/scsystems.ro\/magazin\/wp-json\/wp\/v2\/product_brand?post=1477"},{"taxonomy":"product_cat","embeddable":true,"href":"https:\/\/scsystems.ro\/magazin\/wp-json\/wp\/v2\/product_cat?post=1477"},{"taxonomy":"product_tag","embeddable":true,"href":"https:\/\/scsystems.ro\/magazin\/wp-json\/wp\/v2\/product_tag?post=1477"}],"curies":[{"name":"wp","href":"https:\/\/api.w.org\/{rel}","templated":true}]}}