{"id":1321,"date":"2023-05-10T14:38:15","date_gmt":"2023-05-10T14:38:15","guid":{"rendered":"https:\/\/scsystems.ro\/magazin\/?post_type=product&#038;p=1321"},"modified":"2026-03-27T16:50:05","modified_gmt":"2026-03-27T16:50:05","slug":"ixengo-l-3s-io-confort-24v","status":"publish","type":"product","link":"https:\/\/scsystems.ro\/magazin\/produs\/ixengo-l-3s-io-confort-24v\/","title":{"rendered":"Ixengo L 3S io Confort 24V"},"content":{"rendered":"<p><strong>Ixengo L 3S io Confort 24V<\/strong><\/p>\n<p>Ixengo L 3S io pachet Confort 24 V este un kit de automatizare pentru u\u0219i batante, produs de Somfy. Acest kit ofer\u0103 facilit\u0103\u021bi de confort \u0219i siguran\u021b\u0103 pentru u\u0219ile batante cu dou\u0103 canate, av\u00e2nd o capacitate maxim\u0103 de 400 kg pentru fiecare canat. Mecanismul nereversibil asigur\u0103 o rezisten\u021b\u0103 excelent\u0103 la v\u00e2nt sau la for\u021barea deschiderii din exterior.<\/p>\n<p>Kitul Ixengo L 3S io pachet Confort se remarc\u0103 prin puterea \u0219i rezisten\u021ba sa, fiind potrivit pentru por\u021bi de mari dimensiuni, cu o greutate de p\u00e2n\u0103 la 400 kg sau o lungime de p\u00e2n\u0103 la 4 metri. Utilizarea sa este sigur\u0103, fiind testat la 110.000 de cicluri de deschidere\/inchidere. Mecanismul nereversibil asigur\u0103 o rezisten\u021b\u0103 excelent\u0103 la v\u00e2nt sau la for\u021barea deschiderii din exterior. Kitul este adecvat \u0219i pentru st\u00e2lpi de mici dimensiuni, av\u00e2nd o l\u0103\u021bime de doar 80 mm. De asemenea, este prev\u0103zut cu o cheie individual\u0103 pentru o decuplare u\u0219oar\u0103 \u0219i sigur\u0103.<\/p>\n<p>Instalarea kitului Ixengo L 3S io pachet Confort permite personalizarea, oferind op\u021biuni precum oprirea u\u0219oar\u0103 \u0219i reglabil\u0103, pozi\u021bia precis\u0103 de \u00eenchidere \u0219i reglarea for\u021bei de \u00eenchidere. De asemenea, permite reglarea zonei cu vitez\u0103 redus\u0103 \u0219i a decalajului dintre cele dou\u0103 laturi, p\u00e2n\u0103 la nivelul minim dorit.<\/p>\n<p>Un avantaj al acestui kit este integrarea tehnologiei io-homecontrol\u00ae, permi\u021b\u00e2nd compatibilitatea cu toate produsele din gama Somfy io. Feedback-ul de la toate telecomenzile cu dou\u0103 canale io este posibil, iar opera\u021bia \u0219i comanda la distan\u021b\u0103 sunt posibile prin intermediul unit\u0103\u021bilor de comand\u0103 Somfy TaHoma\u00ae \u0219i Somfy Connexoon.<\/p>\n<p>Pachetul Ixengo L 3S io pachet Confort 24 V con\u021bine 2 motoare, 1 modul de comand\u0103 CBX 3S Ixengo I, 2 telecomenzi KeyGO I, 1 set de celule fotoelectrice MasterPro, 1 lamp\u0103 orange MasterPro 24V cu anten\u0103 io \u0219i 1 baterie de siguran\u021b\u0103 9.6V-1600mAh.<\/p>\n<p>Motorul puternic al acestui kit permite motorizarea u\u0219ilor cu aripi de p\u00e2n\u0103 la 4 metri \u0219i o greutate de p\u00e2n\u0103 la 400 kg. Este proiectat pentru utilizare intensiv\u0103, rezist\u00e2nd p\u00e2n\u0103 la 60 de deschideri \u0219i \u00eenchideri pe zi. Kitul ofer\u0103 eficien\u021b\u0103 \u0219i siguran\u021b\u0103, fiind u\u0219or de instalat f\u0103r\u0103 unelte speciale sau sudur\u0103.<\/p>\n<p><strong>Utilizare sigur\u0103<\/strong><br \/>\n&#8211; Testat la 110.000 cicluri deschidere\/inchidere<br \/>\n&#8211; Mecanismul nereversibil ofer\u0103 o rezisten\u021b\u0103 excelent\u0103 la v\u00e2nt sau for\u021barea deschiderii din exterior<br \/>\n&#8211; Model adecvat pentru st\u00e2lpi de mici dimensiuni &#8211; st\u00e2lpi cu o l\u0103\u021bime de doar 80 mm<br \/>\nDecuplare u\u0219oar\u0103 \u0219i sigur\u0103 cu ajutorul cheii individuale<\/p>\n<p><strong>Instalare personalizat\u0103<br \/>\n&#8211;<\/strong>\u00a0Oprire u\u0219oar\u0103 \u0219i cuplu reglabil<br \/>\n&#8211; Pozi\u021bie precis\u0103 de \u00eenchidere \u0219i reglarea for\u021bei de \u00eenchidere<br \/>\n&#8211; Zon\u0103 cu vitez\u0103 redus\u0103 \u0219i decalaj dintre cele 2 laturi, reglabil p\u00e2n\u0103 la nivelul minim<\/p>\n<p><strong>Avantajele tehnologiei io-homecontrol\u00ae<\/strong><br \/>\n&#8211; Compatibil cu toate produsele din gama Somfy io range<br \/>\n&#8211; Feedback de la toate telecomenzile cu dou\u0103 canale io<br \/>\n&#8211; Operare \u0219i comand\u0103 de la distan\u021b\u0103 prin intermediul unit\u0103\u021bilor de comand\u0103 Somfy TaHoma\u00ae \u0219i Somfy Connexoon<\/p>\n<h3>Informa\u0163ii generale<\/h3>\n<h4>Acest pachet contine:<\/h4>\n<ul>\n<li>\u00a02 motoare<\/li>\n<li>\u00a01 modul comandaCBX 3S Ixengo I + 2 KeyGO I (\u00a0ref: 1841148\u00a0)<\/li>\n<li>\u00a01 set celule fotoelectrice MasterPro (\u00a0ref: 1841155\u00a0)<\/li>\n<li>\u00a01 lampa orange MasterPro 24V + antena io (r\u00e9f : 9016924)<\/li>\n<li>\u00a01 baterie de siguranta 9.6V-1600mAh (r\u00e9f : 9001001)<\/li>\n<\/ul>\n<h3>Beneficiile produsului<\/h3>\n<h4>Motor puternic:<\/h4>\n<ul>\n<li>\n<div>Motorizare pentru aripi de 4m-400kg<\/div>\n<\/li>\n<li>\n<div>Anduranta adecvat\u0103 pentru utilizare de p\u00e2n\u0103 la 60 de deschideri si inchideri pe zi<\/div>\n<\/li>\n<\/ul>\n<h4>Eficient\u0103 \u0219i \u00een condi\u021bii de siguran\u021b\u0103:<\/h4>\n<ul>\n<li>\n<div>Instalarea f\u0103r\u0103 unelte speciale \u0219i f\u0103r\u0103 sudur\u0103<\/div>\n<\/li>\n<li>\n<div>Fixare reglabila cu configurari pentru diferite optiuni<\/div>\n<\/li>\n<li>\n<div>Blocarea \u00eempotriva v\u00e2ntului sau intruziunii prin intermediul sistemului mecanic ireversibil<\/div>\n<\/li>\n<li>\n<div>\n<p>Deblocare usoara cu cheia special\u0103 pentru operare manual\u0103<\/p>\n<div class=\"sb2bp__container\">\n<div class=\"sb2bp__container sb2bp__products__list active\" data-list=\"accessories\"><\/div>\n<\/div>\n<div class=\"sb2bp__container\">\n<h2><strong>Ixengo L 3S io Confort 24V 24 V <\/strong>Informa\u021bii tehnice<\/h2>\n<h3>Tehnologie<\/h3>\n<dl class=\"sb2bp--clearfix\">\n<dt>frecven\u021b\u0103 radioI 868-870 MHz<\/dt>\n<dt>Num\u0103r de canale 30<\/dt>\n<dt>Num\u0103rul de cicluri pe zi 60 cicluri<\/dt>\n<\/dl>\n<h3>Electric<\/h3>\n<dl class=\"sb2bp--clearfix\">\n<dt>Tensiune alimentare\u00a0230 V<\/dt>\n<dt>Iluminat cu \u00eent\u00e2rziere programabil de 0 la 600s<\/dt>\n<dt>Putere LED\u00a0500 W<\/dt>\n<dt>Consumul opera\u021bional\u00a0800W (cu 500W iluminare la distan\u021b\u0103) W<\/dt>\n<dt>Tensiune \/ frecven\u021b\u0103\u00a0230V \u2013 50Hz<\/dt>\n<\/dl>\n<h3>Mecanic<\/h3>\n<dl class=\"sb2bp--clearfix\">\n<dt>op\u021biune de actionare manual\u0103 integrat\u0103\u00a0da<\/dt>\n<dt>Forta de tractiune\u00a02000\u00a0Kg<\/dt>\n<\/dl>\n<h3>Standard<\/h3>\n<dl class=\"sb2bp--clearfix\">\n<dt>Indice de protectie IP 44<\/dt>\n<\/dl>\n<h3>Dimensiune<\/h3>\n<dl class=\"sb2bp--clearfix\">\n<dt><\/dt>\n<dt>lungime 1040 mm<\/dt>\n<dt>greutate 17\u00a0kg<\/dt>\n<dt>minim dimensiune stalp 275 mm<\/dt>\n<dt>balamale aliniate la maxim183 mm<\/dt>\n<\/dl>\n<h3>Altele<\/h3>\n<dl class=\"sb2bp--clearfix\">\n<dt>Limit\u0103ri de utilizare4,00 m si la 400 kg mas\u0103 maxim\u0103 per aripa<\/dt>\n<dt>informa\u021bie Garantie 3 ani<\/dt>\n<dt>Temperatura de func\u021bionare \u2013 20 \u00b0 \/ + 60 \u00b0<\/dt>\n<\/dl>\n<\/div>\n<\/div>\n<\/li>\n<\/ul>\n<p><a href=\"https:\/\/scsystems.ro\/magazin\/wp-content\/uploads\/sites\/2\/2023\/05\/Brosura-Noul-Ixengo-L24V-3S_Somfy_RO_2017.pdf\">Brosura Noul Ixengo L24V 3S_Somfy_RO_PDF<\/a><\/p>\n","protected":false},"excerpt":{"rendered":"<p>&nbsp;<\/p>\n<p><strong>Ixengo L 3S io Confort 24V<\/strong> pachet este un kit de automatizare pentru u\u0219i batante, produs de Somfy. Acest kit ofer\u0103 facilit\u0103\u021bi de confort \u0219i siguran\u021b\u0103 pentru u\u0219ile batante cu dou\u0103 canate, av\u00e2nd o capacitate maxim\u0103 de 400 kg pentru fiecare canat. Mecanismul nereversibil asigur\u0103 o rezisten\u021b\u0103 excelent\u0103 la v\u00e2nt sau la for\u021barea deschiderii din exterior.<\/p>\n","protected":false},"featured_media":1323,"comment_status":"open","ping_status":"closed","template":"","meta":{"_eb_attr":""},"pwb-brand":[40],"product_brand":[],"product_cat":[25,26],"product_tag":[76,45,78,77,39,47,37],"class_list":{"0":"post-1321","1":"product","2":"type-product","3":"status-publish","4":"has-post-thumbnail","6":"pwb-brand-somfy","7":"product_cat-kituri-automatizari","8":"product_cat-smart-home","9":"product_tag-connexoon","10":"product_tag-io","11":"product_tag-ixengo","12":"product_tag-kit-automatizari","13":"product_tag-smart-home","14":"product_tag-somfy","15":"product_tag-tahoma","17":"first","18":"instock","19":"taxable","20":"shipping-taxable","21":"purchasable","22":"product-type-simple"},"yoast_head":"<!-- This site is optimized with the Yoast SEO plugin v27.2 - https:\/\/yoast.com\/product\/yoast-seo-wordpress\/ -->\n<title>Ixengo L 3S io Confort 24V - Magazin SCS<\/title>\n<meta name=\"description\" content=\"Ixengo L 3S io Confort 24V este un kit de automatizare pentru u\u0219i batante, produs de Somfy. Ofer\u0103 facilit\u0103\u021bi de confort \u0219i siguran\u021b\u0103 pentru u\u0219ile batante.\" \/>\n<meta name=\"robots\" content=\"index, follow, max-snippet:-1, max-image-preview:large, max-video-preview:-1\" \/>\n<link rel=\"canonical\" href=\"https:\/\/scsystems.ro\/magazin\/produs\/ixengo-l-3s-io-confort-24v\/\" \/>\n<meta property=\"og:locale\" content=\"ro_RO\" \/>\n<meta property=\"og:type\" content=\"article\" \/>\n<meta property=\"og:title\" content=\"Ixengo L 3S io Confort 24V - Magazin SCS\" \/>\n<meta property=\"og:description\" content=\"Ixengo L 3S io Confort 24V este un kit de automatizare pentru u\u0219i batante, produs de Somfy. Ofer\u0103 facilit\u0103\u021bi de confort \u0219i siguran\u021b\u0103 pentru u\u0219ile batante.\" \/>\n<meta property=\"og:url\" content=\"https:\/\/scsystems.ro\/magazin\/produs\/ixengo-l-3s-io-confort-24v\/\" \/>\n<meta property=\"og:site_name\" content=\"Magazin SCS\" \/>\n<meta property=\"article:publisher\" content=\"https:\/\/www.facebook.com\/smartclosingsystems\/\" \/>\n<meta property=\"article:modified_time\" content=\"2026-03-27T16:50:05+00:00\" \/>\n<meta property=\"og:image\" content=\"https:\/\/scsystems.ro\/magazin\/wp-content\/uploads\/sites\/2\/2023\/05\/Ixengo-L-3S-io-Confort-24V-somfy-1216558.webp\" \/>\n\t<meta property=\"og:image:width\" content=\"1100\" \/>\n\t<meta property=\"og:image:height\" content=\"1100\" \/>\n\t<meta property=\"og:image:type\" content=\"image\/webp\" \/>\n<meta name=\"twitter:card\" content=\"summary_large_image\" \/>\n<meta name=\"twitter:label1\" content=\"Timp estimat pentru citire\" \/>\n\t<meta name=\"twitter:data1\" content=\"4 minute\" \/>\n<script type=\"application\/ld+json\" class=\"yoast-schema-graph\">{\"@context\":\"https:\/\/schema.org\",\"@graph\":[{\"@type\":\"WebPage\",\"@id\":\"https:\/\/scsystems.ro\/magazin\/produs\/ixengo-l-3s-io-confort-24v\/\",\"url\":\"https:\/\/scsystems.ro\/magazin\/produs\/ixengo-l-3s-io-confort-24v\/\",\"name\":\"Ixengo L 3S io Confort 24V - Magazin SCS\",\"isPartOf\":{\"@id\":\"https:\/\/scsystems.ro\/magazin\/#website\"},\"primaryImageOfPage\":{\"@id\":\"https:\/\/scsystems.ro\/magazin\/produs\/ixengo-l-3s-io-confort-24v\/#primaryimage\"},\"image\":{\"@id\":\"https:\/\/scsystems.ro\/magazin\/produs\/ixengo-l-3s-io-confort-24v\/#primaryimage\"},\"thumbnailUrl\":\"https:\/\/scsystems.ro\/magazin\/wp-content\/uploads\/sites\/2\/2023\/05\/Ixengo-L-3S-io-Confort-24V-somfy-1216558.webp\",\"datePublished\":\"2023-05-10T14:38:15+00:00\",\"dateModified\":\"2026-03-27T16:50:05+00:00\",\"description\":\"Ixengo L 3S io Confort 24V este un kit de automatizare pentru u\u0219i batante, produs de Somfy. Ofer\u0103 facilit\u0103\u021bi de confort \u0219i siguran\u021b\u0103 pentru u\u0219ile batante.\",\"breadcrumb\":{\"@id\":\"https:\/\/scsystems.ro\/magazin\/produs\/ixengo-l-3s-io-confort-24v\/#breadcrumb\"},\"inLanguage\":\"ro-RO\",\"potentialAction\":[{\"@type\":\"ReadAction\",\"target\":[\"https:\/\/scsystems.ro\/magazin\/produs\/ixengo-l-3s-io-confort-24v\/\"]}]},{\"@type\":\"ImageObject\",\"inLanguage\":\"ro-RO\",\"@id\":\"https:\/\/scsystems.ro\/magazin\/produs\/ixengo-l-3s-io-confort-24v\/#primaryimage\",\"url\":\"https:\/\/scsystems.ro\/magazin\/wp-content\/uploads\/sites\/2\/2023\/05\/Ixengo-L-3S-io-Confort-24V-somfy-1216558.webp\",\"contentUrl\":\"https:\/\/scsystems.ro\/magazin\/wp-content\/uploads\/sites\/2\/2023\/05\/Ixengo-L-3S-io-Confort-24V-somfy-1216558.webp\",\"width\":1100,\"height\":1100,\"caption\":\"Ixengo L 3S io Confort 24V\"},{\"@type\":\"BreadcrumbList\",\"@id\":\"https:\/\/scsystems.ro\/magazin\/produs\/ixengo-l-3s-io-confort-24v\/#breadcrumb\",\"itemListElement\":[{\"@type\":\"ListItem\",\"position\":1,\"name\":\"Magazin\",\"item\":\"https:\/\/scsystems.ro\/magazin\/\"},{\"@type\":\"ListItem\",\"position\":2,\"name\":\"Toate Produsele\",\"item\":\"https:\/\/scsystems.ro\/magazin\/toate-produsele\/\"},{\"@type\":\"ListItem\",\"position\":3,\"name\":\"Ixengo L 3S io Confort 24V\"}]},{\"@type\":\"WebSite\",\"@id\":\"https:\/\/scsystems.ro\/magazin\/#website\",\"url\":\"https:\/\/scsystems.ro\/magazin\/\",\"name\":\"Magazin SCS\",\"description\":\"Smart Closing Systems Magazin\",\"publisher\":{\"@id\":\"https:\/\/scsystems.ro\/magazin\/#organization\"},\"potentialAction\":[{\"@type\":\"SearchAction\",\"target\":{\"@type\":\"EntryPoint\",\"urlTemplate\":\"https:\/\/scsystems.ro\/magazin\/?s={search_term_string}\"},\"query-input\":{\"@type\":\"PropertyValueSpecification\",\"valueRequired\":true,\"valueName\":\"search_term_string\"}}],\"inLanguage\":\"ro-RO\"},{\"@type\":\"Organization\",\"@id\":\"https:\/\/scsystems.ro\/magazin\/#organization\",\"name\":\"Smart Closing Systems\",\"alternateName\":\"SCS\",\"url\":\"https:\/\/scsystems.ro\/magazin\/\",\"logo\":{\"@type\":\"ImageObject\",\"inLanguage\":\"ro-RO\",\"@id\":\"https:\/\/scsystems.ro\/magazin\/#\/schema\/logo\/image\/\",\"url\":\"https:\/\/scsystems.ro\/magazin\/wp-content\/uploads\/sites\/2\/2023\/03\/logo-SCS-Negru-vm.png\",\"contentUrl\":\"https:\/\/scsystems.ro\/magazin\/wp-content\/uploads\/sites\/2\/2023\/03\/logo-SCS-Negru-vm.png\",\"width\":2241,\"height\":1459,\"caption\":\"Smart Closing Systems\"},\"image\":{\"@id\":\"https:\/\/scsystems.ro\/magazin\/#\/schema\/logo\/image\/\"},\"sameAs\":[\"https:\/\/www.facebook.com\/smartclosingsystems\/\"]}]}<\/script>\n<!-- \/ Yoast SEO plugin. -->","yoast_head_json":{"title":"Ixengo L 3S io Confort 24V - Magazin SCS","description":"Ixengo L 3S io Confort 24V este un kit de automatizare pentru u\u0219i batante, produs de Somfy. Ofer\u0103 facilit\u0103\u021bi de confort \u0219i siguran\u021b\u0103 pentru u\u0219ile batante.","robots":{"index":"index","follow":"follow","max-snippet":"max-snippet:-1","max-image-preview":"max-image-preview:large","max-video-preview":"max-video-preview:-1"},"canonical":"https:\/\/scsystems.ro\/magazin\/produs\/ixengo-l-3s-io-confort-24v\/","og_locale":"ro_RO","og_type":"article","og_title":"Ixengo L 3S io Confort 24V - Magazin SCS","og_description":"Ixengo L 3S io Confort 24V este un kit de automatizare pentru u\u0219i batante, produs de Somfy. Ofer\u0103 facilit\u0103\u021bi de confort \u0219i siguran\u021b\u0103 pentru u\u0219ile batante.","og_url":"https:\/\/scsystems.ro\/magazin\/produs\/ixengo-l-3s-io-confort-24v\/","og_site_name":"Magazin SCS","article_publisher":"https:\/\/www.facebook.com\/smartclosingsystems\/","article_modified_time":"2026-03-27T16:50:05+00:00","og_image":[{"width":1100,"height":1100,"url":"https:\/\/scsystems.ro\/magazin\/wp-content\/uploads\/sites\/2\/2023\/05\/Ixengo-L-3S-io-Confort-24V-somfy-1216558.webp","type":"image\/webp"}],"twitter_card":"summary_large_image","twitter_misc":{"Timp estimat pentru citire":"4 minute"},"schema":{"@context":"https:\/\/schema.org","@graph":[{"@type":"WebPage","@id":"https:\/\/scsystems.ro\/magazin\/produs\/ixengo-l-3s-io-confort-24v\/","url":"https:\/\/scsystems.ro\/magazin\/produs\/ixengo-l-3s-io-confort-24v\/","name":"Ixengo L 3S io Confort 24V - Magazin SCS","isPartOf":{"@id":"https:\/\/scsystems.ro\/magazin\/#website"},"primaryImageOfPage":{"@id":"https:\/\/scsystems.ro\/magazin\/produs\/ixengo-l-3s-io-confort-24v\/#primaryimage"},"image":{"@id":"https:\/\/scsystems.ro\/magazin\/produs\/ixengo-l-3s-io-confort-24v\/#primaryimage"},"thumbnailUrl":"https:\/\/scsystems.ro\/magazin\/wp-content\/uploads\/sites\/2\/2023\/05\/Ixengo-L-3S-io-Confort-24V-somfy-1216558.webp","datePublished":"2023-05-10T14:38:15+00:00","dateModified":"2026-03-27T16:50:05+00:00","description":"Ixengo L 3S io Confort 24V este un kit de automatizare pentru u\u0219i batante, produs de Somfy. Ofer\u0103 facilit\u0103\u021bi de confort \u0219i siguran\u021b\u0103 pentru u\u0219ile batante.","breadcrumb":{"@id":"https:\/\/scsystems.ro\/magazin\/produs\/ixengo-l-3s-io-confort-24v\/#breadcrumb"},"inLanguage":"ro-RO","potentialAction":[{"@type":"ReadAction","target":["https:\/\/scsystems.ro\/magazin\/produs\/ixengo-l-3s-io-confort-24v\/"]}]},{"@type":"ImageObject","inLanguage":"ro-RO","@id":"https:\/\/scsystems.ro\/magazin\/produs\/ixengo-l-3s-io-confort-24v\/#primaryimage","url":"https:\/\/scsystems.ro\/magazin\/wp-content\/uploads\/sites\/2\/2023\/05\/Ixengo-L-3S-io-Confort-24V-somfy-1216558.webp","contentUrl":"https:\/\/scsystems.ro\/magazin\/wp-content\/uploads\/sites\/2\/2023\/05\/Ixengo-L-3S-io-Confort-24V-somfy-1216558.webp","width":1100,"height":1100,"caption":"Ixengo L 3S io Confort 24V"},{"@type":"BreadcrumbList","@id":"https:\/\/scsystems.ro\/magazin\/produs\/ixengo-l-3s-io-confort-24v\/#breadcrumb","itemListElement":[{"@type":"ListItem","position":1,"name":"Magazin","item":"https:\/\/scsystems.ro\/magazin\/"},{"@type":"ListItem","position":2,"name":"Toate Produsele","item":"https:\/\/scsystems.ro\/magazin\/toate-produsele\/"},{"@type":"ListItem","position":3,"name":"Ixengo L 3S io Confort 24V"}]},{"@type":"WebSite","@id":"https:\/\/scsystems.ro\/magazin\/#website","url":"https:\/\/scsystems.ro\/magazin\/","name":"Magazin SCS","description":"Smart Closing Systems Magazin","publisher":{"@id":"https:\/\/scsystems.ro\/magazin\/#organization"},"potentialAction":[{"@type":"SearchAction","target":{"@type":"EntryPoint","urlTemplate":"https:\/\/scsystems.ro\/magazin\/?s={search_term_string}"},"query-input":{"@type":"PropertyValueSpecification","valueRequired":true,"valueName":"search_term_string"}}],"inLanguage":"ro-RO"},{"@type":"Organization","@id":"https:\/\/scsystems.ro\/magazin\/#organization","name":"Smart Closing Systems","alternateName":"SCS","url":"https:\/\/scsystems.ro\/magazin\/","logo":{"@type":"ImageObject","inLanguage":"ro-RO","@id":"https:\/\/scsystems.ro\/magazin\/#\/schema\/logo\/image\/","url":"https:\/\/scsystems.ro\/magazin\/wp-content\/uploads\/sites\/2\/2023\/03\/logo-SCS-Negru-vm.png","contentUrl":"https:\/\/scsystems.ro\/magazin\/wp-content\/uploads\/sites\/2\/2023\/03\/logo-SCS-Negru-vm.png","width":2241,"height":1459,"caption":"Smart Closing Systems"},"image":{"@id":"https:\/\/scsystems.ro\/magazin\/#\/schema\/logo\/image\/"},"sameAs":["https:\/\/www.facebook.com\/smartclosingsystems\/"]}]}},"jetpack_sharing_enabled":true,"brands":[{"id":40,"name":"Somfy","slug":"somfy"}],"_links":{"self":[{"href":"https:\/\/scsystems.ro\/magazin\/wp-json\/wp\/v2\/product\/1321","targetHints":{"allow":["GET"]}}],"collection":[{"href":"https:\/\/scsystems.ro\/magazin\/wp-json\/wp\/v2\/product"}],"about":[{"href":"https:\/\/scsystems.ro\/magazin\/wp-json\/wp\/v2\/types\/product"}],"replies":[{"embeddable":true,"href":"https:\/\/scsystems.ro\/magazin\/wp-json\/wp\/v2\/comments?post=1321"}],"wp:featuredmedia":[{"embeddable":true,"href":"https:\/\/scsystems.ro\/magazin\/wp-json\/wp\/v2\/media\/1323"}],"wp:attachment":[{"href":"https:\/\/scsystems.ro\/magazin\/wp-json\/wp\/v2\/media?parent=1321"}],"wp:term":[{"taxonomy":"pwb-brand","embeddable":true,"href":"https:\/\/scsystems.ro\/magazin\/wp-json\/wp\/v2\/pwb-brand?post=1321"},{"taxonomy":"product_brand","embeddable":true,"href":"https:\/\/scsystems.ro\/magazin\/wp-json\/wp\/v2\/product_brand?post=1321"},{"taxonomy":"product_cat","embeddable":true,"href":"https:\/\/scsystems.ro\/magazin\/wp-json\/wp\/v2\/product_cat?post=1321"},{"taxonomy":"product_tag","embeddable":true,"href":"https:\/\/scsystems.ro\/magazin\/wp-json\/wp\/v2\/product_tag?post=1321"}],"curies":[{"name":"wp","href":"https:\/\/api.w.org\/{rel}","templated":true}]}}