{"id":1297,"date":"2023-05-07T09:54:11","date_gmt":"2023-05-07T09:54:11","guid":{"rendered":"https:\/\/scsystems.ro\/magazin\/?post_type=product&#038;p=1297"},"modified":"2026-03-27T16:47:43","modified_gmt":"2026-03-27T16:47:43","slug":"receptor-io-iluminat-on-off-somfy","status":"publish","type":"product","link":"https:\/\/scsystems.ro\/magazin\/produs\/receptor-io-iluminat-on-off-somfy\/","title":{"rendered":"Receptor io iluminat on-off Somfy"},"content":{"rendered":"<p><strong>Receptor io iluminat on-off Somfy<\/strong><\/p>\n<p>Receptorul io pentru iluminat on-off Somfy &#8211; Control \u0219i confort pentru lumin\u0103<\/p>\n<p>Experimenteaz\u0103 confortul \u0219i flexibilitatea de a controla iluminatul \u00een locuin\u021ba ta cu receptorul io pentru iluminat on-off de la Somfy. Indiferent dac\u0103 e\u0219ti \u00een interiorul sau \u00een exteriorul casei, po\u021bi porni \u0219i opri lumina la distan\u021b\u0103 folosind telecomanda Somfy sau comutatorul de perete. Acest dispozitiv io homecontrol ofer\u0103 un feedback clar atunci c\u00e2nd produsul este controlat cu ajutorul unei telecomenzi cu dou\u0103 c\u0103i io, asigur\u00e2ndu-\u021bi o perspectiv\u0103 global\u0103 asupra iluminatului din locuin\u021ba ta. De asemenea, po\u021bi controla lumina cu u\u0219urin\u021b\u0103 din mai multe loca\u021bii, folosind multiplele comenzi io disponibile.<\/p>\n<p>Receptorul io pentru iluminat on-off se integreaz\u0103 discret \u0219i armonios \u00een casa ta. Este proiectat pentru a se potrivi perfect \u00een orice decor \u0219i se camufleaz\u0103 u\u0219or \u00een interiorul sau \u00een apropierea produsului final. Po\u021bi beneficia de convenien\u021ba acestui dispozitiv \u00een mai multe aplica\u021bii \u00een aer liber, cum ar fi activarea luminilor pentru copertin\u0103, fa\u021bad\u0103, gr\u0103din\u0103, poart\u0103, asfalt sau piscin\u0103. Cu ajutorul telecomenzilor Somfy cu canale multiple, po\u021bi controla mai multe aplica\u021bii de la distan\u021b\u0103 folosind o singur\u0103 telecomand\u0103. Receptorul io este compatibil cu orice echipament io nou, oferindu-\u021bi flexibilitate \u0219i posibilit\u0103\u021bi extinse de control.<\/p>\n<p>Confort de utilizare \u0219i adaptabilitate la nevoi<\/p>\n<p>&#8211; Porni\u021bi \/ opri\u021bi lumina de la distan\u021b\u0103 cu telecomanda Somfy (comutatorul de perete interior \u0219i \/ sau exterior poate fi, de asemenea, utilizat)<\/p>\n<p>&#8211; Este un dispozitiv io homecontrol care furnizeaz\u0103 feedback c\u00e2nd produsul este controlat cu ajutorul unei telecomenzi cu dou\u0103 c\u0103i io (perspectiv\u0103 global\u0103)<\/p>\n<p>&#8211; Lumina poate fi controlat\u0103 cu u\u0219urin\u021b\u0103 din loca\u021bii diferite (cu ajutorul multiplelor comenzi io)<\/p>\n<p>Integrare discret\u0103 \u0219i armonie \u00een cas\u0103<\/p>\n<p>&#8211; Proiectat pentru a se integra<\/p>\n<p>Convenabil<\/p>\n<p>&#8211; Multi-aplica\u021bie pentru utilizarea \u00een aer liber: ac\u021bioneaz\u0103 luminile copertinei, fa\u021badei, gr\u0103dinii, por\u021bii, asfaltului \u0219i piscinei;<\/p>\n<p>&#8211; Mul\u021bumit\u0103 telecomenzilor Somfy cu canale multiple pute\u021bi activa mai multe aplica\u021bii de la distan\u021b\u0103 folosind o singur\u0103 telecomand\u0103. (Se poate folosi oric\u00e2nd echipament io nou).<\/p>\n<p>Cu o dimensiune mic\u0103 \u0219i o alimentare de 500W sub 230V, receptorul io pentru iluminat on-off se integreaz\u0103 u\u0219or \u00een sistemul t\u0103u de iluminat existent. Po\u021bi amplasa dispozitivul \u00eentr-o pozi\u021bie discret\u0103 pentru a asigura o func\u021bionalitate eficient\u0103 \u0219i pentru a crea o atmosfer\u0103 pl\u0103cut\u0103 \u00een locuin\u021ba ta.<\/p>\n<div id=\"collapse-wrapper-description\">\n<div class=\"product-page-description description-banner-right\">\n<div class=\"product-page-description-text\">\n<div id=\"description-body\" class=\"collapse-offset collapse in\">\n<div class=\"title_content\">\n<h2 class=\"title_3\">Specifica\u0163ii <strong>Receptor io iluminat on-off Somfy<\/strong><\/h2>\n<\/div>\n<div id=\"accordion-details\" class=\"\">\n<div class=\"accordion-content-block\">\n<div id=\"detailsCollapse\" class=\"accordion-item-content collapse show\" data-parent=\"#accordion-details\">\n<p>Integrare u\u0219oar\u0103<\/p>\n<p>Dimensiune mica. Poate fi camuflat u\u0219or \u00een interiorul sau \u00een apropierea produsului final.<\/p>\n<p>Alimentare 500 W (sub 230 V)<\/p>\n<p>Receptor radio ON\/OFF<\/p>\n<\/div>\n<\/div>\n<\/div>\n<div class=\"d-flex\">\n<div class=\"specifications-body\">\n<div class=\"title_content\">\n<h2 class=\"title_3\">Caracteristici tehnice<\/h2>\n<\/div>\n<div class=\"collapse-wrapper\">\n<div id=\"collapseExample-3\" class=\"wysiwyg collapse-content\">\n<table class=\"table\">\n<tbody>\n<tr>\n<td>Frecven\u021b\u0103 radio<\/td>\n<td>868.25\/868.95\/869.85 MHz<\/td>\n<\/tr>\n<tr>\n<td>Voltaj Nominal \/ Frecven\u021b\u0103<\/td>\n<td>230V &#8211; 50Hz<\/td>\n<\/tr>\n<tr>\n<td>Index Protec\u021bie<\/td>\n<td>IP 44<\/td>\n<\/tr>\n<\/tbody>\n<\/table>\n<\/div>\n<\/div>\n<\/div>\n<\/div>\n<\/div>\n<\/div>\n<\/div>\n<\/div>\n","protected":false},"excerpt":{"rendered":"<p>Receptorul io pentru iluminat on-off Somfy &#8211; Control \u0219i confort pentru lumin\u0103<\/p>\n<p>Experimenteaz\u0103 confortul \u0219i flexibilitatea de a controla iluminatul \u00een locuin\u021ba ta cu receptorul io pentru iluminat on-off de la Somfy. Indiferent dac\u0103 e\u0219ti \u00een interiorul sau \u00een exteriorul casei, po\u021bi porni \u0219i opri lumina la distan\u021b\u0103 folosind telecomanda Somfy sau comutatorul de perete. Acest dispozitiv io homecontrol ofer\u0103 un feedback clar atunci c\u00e2nd produsul este controlat cu ajutorul unei telecomenzi cu dou\u0103 c\u0103i io, asigur\u00e2ndu-\u021bi o perspectiv\u0103 global\u0103 asupra iluminatului din locuin\u021ba ta. De asemenea, po\u021bi controla lumina cu u\u0219urin\u021b\u0103 din mai multe loca\u021bii, folosind multiplele comenzi io disponibile.<\/p>\n","protected":false},"featured_media":1301,"comment_status":"open","ping_status":"closed","template":"","meta":{"_eb_attr":""},"pwb-brand":[40],"product_brand":[],"product_cat":[34,26],"product_tag":[59,39,47,37],"class_list":{"0":"post-1297","1":"product","2":"type-product","3":"status-publish","4":"has-post-thumbnail","6":"pwb-brand-somfy","7":"product_cat-accesorii-automatizari-smart","8":"product_cat-smart-home","9":"product_tag-receptor","10":"product_tag-smart-home","11":"product_tag-somfy","12":"product_tag-tahoma","14":"first","15":"instock","16":"taxable","17":"shipping-taxable","18":"purchasable","19":"product-type-simple"},"yoast_head":"<!-- This site is optimized with the Yoast SEO plugin v27.2 - https:\/\/yoast.com\/product\/yoast-seo-wordpress\/ -->\n<title>Receptor io iluminat on-off Somfy - Magazin SCS<\/title>\n<meta name=\"description\" content=\"Receptor io iluminat on-off Somfy io \u00ee\u021bi ofer\u0103 posibilitatea de a transforma orice ntrerup\u0103tor, \u00eentr-un comutator inteligent.\" \/>\n<meta name=\"robots\" content=\"index, follow, max-snippet:-1, max-image-preview:large, max-video-preview:-1\" \/>\n<link rel=\"canonical\" href=\"https:\/\/scsystems.ro\/magazin\/produs\/receptor-io-iluminat-on-off-somfy\/\" \/>\n<meta property=\"og:locale\" content=\"ro_RO\" \/>\n<meta property=\"og:type\" content=\"article\" \/>\n<meta property=\"og:title\" content=\"Receptor io iluminat on-off Somfy - Magazin SCS\" \/>\n<meta property=\"og:description\" content=\"Receptor io iluminat on-off Somfy io \u00ee\u021bi ofer\u0103 posibilitatea de a transforma orice ntrerup\u0103tor, \u00eentr-un comutator inteligent.\" \/>\n<meta property=\"og:url\" content=\"https:\/\/scsystems.ro\/magazin\/produs\/receptor-io-iluminat-on-off-somfy\/\" \/>\n<meta property=\"og:site_name\" content=\"Magazin SCS\" \/>\n<meta property=\"article:publisher\" content=\"https:\/\/www.facebook.com\/smartclosingsystems\/\" \/>\n<meta property=\"article:modified_time\" content=\"2026-03-27T16:47:43+00:00\" \/>\n<meta property=\"og:image\" content=\"https:\/\/scsystems.ro\/magazin\/wp-content\/uploads\/sites\/2\/2023\/05\/Receptor-io-iluminat-on-off-Somfy-2.webp\" \/>\n\t<meta property=\"og:image:width\" content=\"731\" \/>\n\t<meta property=\"og:image:height\" content=\"680\" \/>\n\t<meta property=\"og:image:type\" content=\"image\/webp\" \/>\n<meta name=\"twitter:card\" content=\"summary_large_image\" \/>\n<meta name=\"twitter:label1\" content=\"Timp estimat pentru citire\" \/>\n\t<meta name=\"twitter:data1\" content=\"3 minute\" \/>\n<script type=\"application\/ld+json\" class=\"yoast-schema-graph\">{\"@context\":\"https:\/\/schema.org\",\"@graph\":[{\"@type\":\"WebPage\",\"@id\":\"https:\/\/scsystems.ro\/magazin\/produs\/receptor-io-iluminat-on-off-somfy\/\",\"url\":\"https:\/\/scsystems.ro\/magazin\/produs\/receptor-io-iluminat-on-off-somfy\/\",\"name\":\"Receptor io iluminat on-off Somfy - Magazin SCS\",\"isPartOf\":{\"@id\":\"https:\/\/scsystems.ro\/magazin\/#website\"},\"primaryImageOfPage\":{\"@id\":\"https:\/\/scsystems.ro\/magazin\/produs\/receptor-io-iluminat-on-off-somfy\/#primaryimage\"},\"image\":{\"@id\":\"https:\/\/scsystems.ro\/magazin\/produs\/receptor-io-iluminat-on-off-somfy\/#primaryimage\"},\"thumbnailUrl\":\"https:\/\/scsystems.ro\/magazin\/wp-content\/uploads\/sites\/2\/2023\/05\/Receptor-io-iluminat-on-off-Somfy-2.webp\",\"datePublished\":\"2023-05-07T09:54:11+00:00\",\"dateModified\":\"2026-03-27T16:47:43+00:00\",\"description\":\"Receptor io iluminat on-off Somfy io \u00ee\u021bi ofer\u0103 posibilitatea de a transforma orice ntrerup\u0103tor, \u00eentr-un comutator inteligent.\",\"breadcrumb\":{\"@id\":\"https:\/\/scsystems.ro\/magazin\/produs\/receptor-io-iluminat-on-off-somfy\/#breadcrumb\"},\"inLanguage\":\"ro-RO\",\"potentialAction\":[{\"@type\":\"ReadAction\",\"target\":[\"https:\/\/scsystems.ro\/magazin\/produs\/receptor-io-iluminat-on-off-somfy\/\"]}]},{\"@type\":\"ImageObject\",\"inLanguage\":\"ro-RO\",\"@id\":\"https:\/\/scsystems.ro\/magazin\/produs\/receptor-io-iluminat-on-off-somfy\/#primaryimage\",\"url\":\"https:\/\/scsystems.ro\/magazin\/wp-content\/uploads\/sites\/2\/2023\/05\/Receptor-io-iluminat-on-off-Somfy-2.webp\",\"contentUrl\":\"https:\/\/scsystems.ro\/magazin\/wp-content\/uploads\/sites\/2\/2023\/05\/Receptor-io-iluminat-on-off-Somfy-2.webp\",\"width\":731,\"height\":680,\"caption\":\"Receptor io iluminat on-off Somfy\"},{\"@type\":\"BreadcrumbList\",\"@id\":\"https:\/\/scsystems.ro\/magazin\/produs\/receptor-io-iluminat-on-off-somfy\/#breadcrumb\",\"itemListElement\":[{\"@type\":\"ListItem\",\"position\":1,\"name\":\"Magazin\",\"item\":\"https:\/\/scsystems.ro\/magazin\/\"},{\"@type\":\"ListItem\",\"position\":2,\"name\":\"Toate Produsele\",\"item\":\"https:\/\/scsystems.ro\/magazin\/toate-produsele\/\"},{\"@type\":\"ListItem\",\"position\":3,\"name\":\"Receptor io iluminat on-off Somfy\"}]},{\"@type\":\"WebSite\",\"@id\":\"https:\/\/scsystems.ro\/magazin\/#website\",\"url\":\"https:\/\/scsystems.ro\/magazin\/\",\"name\":\"Magazin SCS\",\"description\":\"Smart Closing Systems Magazin\",\"publisher\":{\"@id\":\"https:\/\/scsystems.ro\/magazin\/#organization\"},\"potentialAction\":[{\"@type\":\"SearchAction\",\"target\":{\"@type\":\"EntryPoint\",\"urlTemplate\":\"https:\/\/scsystems.ro\/magazin\/?s={search_term_string}\"},\"query-input\":{\"@type\":\"PropertyValueSpecification\",\"valueRequired\":true,\"valueName\":\"search_term_string\"}}],\"inLanguage\":\"ro-RO\"},{\"@type\":\"Organization\",\"@id\":\"https:\/\/scsystems.ro\/magazin\/#organization\",\"name\":\"Smart Closing Systems\",\"alternateName\":\"SCS\",\"url\":\"https:\/\/scsystems.ro\/magazin\/\",\"logo\":{\"@type\":\"ImageObject\",\"inLanguage\":\"ro-RO\",\"@id\":\"https:\/\/scsystems.ro\/magazin\/#\/schema\/logo\/image\/\",\"url\":\"https:\/\/scsystems.ro\/magazin\/wp-content\/uploads\/sites\/2\/2023\/03\/logo-SCS-Negru-vm.png\",\"contentUrl\":\"https:\/\/scsystems.ro\/magazin\/wp-content\/uploads\/sites\/2\/2023\/03\/logo-SCS-Negru-vm.png\",\"width\":2241,\"height\":1459,\"caption\":\"Smart Closing Systems\"},\"image\":{\"@id\":\"https:\/\/scsystems.ro\/magazin\/#\/schema\/logo\/image\/\"},\"sameAs\":[\"https:\/\/www.facebook.com\/smartclosingsystems\/\"]}]}<\/script>\n<!-- \/ Yoast SEO plugin. -->","yoast_head_json":{"title":"Receptor io iluminat on-off Somfy - Magazin SCS","description":"Receptor io iluminat on-off Somfy io \u00ee\u021bi ofer\u0103 posibilitatea de a transforma orice ntrerup\u0103tor, \u00eentr-un comutator inteligent.","robots":{"index":"index","follow":"follow","max-snippet":"max-snippet:-1","max-image-preview":"max-image-preview:large","max-video-preview":"max-video-preview:-1"},"canonical":"https:\/\/scsystems.ro\/magazin\/produs\/receptor-io-iluminat-on-off-somfy\/","og_locale":"ro_RO","og_type":"article","og_title":"Receptor io iluminat on-off Somfy - Magazin SCS","og_description":"Receptor io iluminat on-off Somfy io \u00ee\u021bi ofer\u0103 posibilitatea de a transforma orice ntrerup\u0103tor, \u00eentr-un comutator inteligent.","og_url":"https:\/\/scsystems.ro\/magazin\/produs\/receptor-io-iluminat-on-off-somfy\/","og_site_name":"Magazin SCS","article_publisher":"https:\/\/www.facebook.com\/smartclosingsystems\/","article_modified_time":"2026-03-27T16:47:43+00:00","og_image":[{"width":731,"height":680,"url":"https:\/\/scsystems.ro\/magazin\/wp-content\/uploads\/sites\/2\/2023\/05\/Receptor-io-iluminat-on-off-Somfy-2.webp","type":"image\/webp"}],"twitter_card":"summary_large_image","twitter_misc":{"Timp estimat pentru citire":"3 minute"},"schema":{"@context":"https:\/\/schema.org","@graph":[{"@type":"WebPage","@id":"https:\/\/scsystems.ro\/magazin\/produs\/receptor-io-iluminat-on-off-somfy\/","url":"https:\/\/scsystems.ro\/magazin\/produs\/receptor-io-iluminat-on-off-somfy\/","name":"Receptor io iluminat on-off Somfy - Magazin SCS","isPartOf":{"@id":"https:\/\/scsystems.ro\/magazin\/#website"},"primaryImageOfPage":{"@id":"https:\/\/scsystems.ro\/magazin\/produs\/receptor-io-iluminat-on-off-somfy\/#primaryimage"},"image":{"@id":"https:\/\/scsystems.ro\/magazin\/produs\/receptor-io-iluminat-on-off-somfy\/#primaryimage"},"thumbnailUrl":"https:\/\/scsystems.ro\/magazin\/wp-content\/uploads\/sites\/2\/2023\/05\/Receptor-io-iluminat-on-off-Somfy-2.webp","datePublished":"2023-05-07T09:54:11+00:00","dateModified":"2026-03-27T16:47:43+00:00","description":"Receptor io iluminat on-off Somfy io \u00ee\u021bi ofer\u0103 posibilitatea de a transforma orice ntrerup\u0103tor, \u00eentr-un comutator inteligent.","breadcrumb":{"@id":"https:\/\/scsystems.ro\/magazin\/produs\/receptor-io-iluminat-on-off-somfy\/#breadcrumb"},"inLanguage":"ro-RO","potentialAction":[{"@type":"ReadAction","target":["https:\/\/scsystems.ro\/magazin\/produs\/receptor-io-iluminat-on-off-somfy\/"]}]},{"@type":"ImageObject","inLanguage":"ro-RO","@id":"https:\/\/scsystems.ro\/magazin\/produs\/receptor-io-iluminat-on-off-somfy\/#primaryimage","url":"https:\/\/scsystems.ro\/magazin\/wp-content\/uploads\/sites\/2\/2023\/05\/Receptor-io-iluminat-on-off-Somfy-2.webp","contentUrl":"https:\/\/scsystems.ro\/magazin\/wp-content\/uploads\/sites\/2\/2023\/05\/Receptor-io-iluminat-on-off-Somfy-2.webp","width":731,"height":680,"caption":"Receptor io iluminat on-off Somfy"},{"@type":"BreadcrumbList","@id":"https:\/\/scsystems.ro\/magazin\/produs\/receptor-io-iluminat-on-off-somfy\/#breadcrumb","itemListElement":[{"@type":"ListItem","position":1,"name":"Magazin","item":"https:\/\/scsystems.ro\/magazin\/"},{"@type":"ListItem","position":2,"name":"Toate Produsele","item":"https:\/\/scsystems.ro\/magazin\/toate-produsele\/"},{"@type":"ListItem","position":3,"name":"Receptor io iluminat on-off Somfy"}]},{"@type":"WebSite","@id":"https:\/\/scsystems.ro\/magazin\/#website","url":"https:\/\/scsystems.ro\/magazin\/","name":"Magazin SCS","description":"Smart Closing Systems Magazin","publisher":{"@id":"https:\/\/scsystems.ro\/magazin\/#organization"},"potentialAction":[{"@type":"SearchAction","target":{"@type":"EntryPoint","urlTemplate":"https:\/\/scsystems.ro\/magazin\/?s={search_term_string}"},"query-input":{"@type":"PropertyValueSpecification","valueRequired":true,"valueName":"search_term_string"}}],"inLanguage":"ro-RO"},{"@type":"Organization","@id":"https:\/\/scsystems.ro\/magazin\/#organization","name":"Smart Closing Systems","alternateName":"SCS","url":"https:\/\/scsystems.ro\/magazin\/","logo":{"@type":"ImageObject","inLanguage":"ro-RO","@id":"https:\/\/scsystems.ro\/magazin\/#\/schema\/logo\/image\/","url":"https:\/\/scsystems.ro\/magazin\/wp-content\/uploads\/sites\/2\/2023\/03\/logo-SCS-Negru-vm.png","contentUrl":"https:\/\/scsystems.ro\/magazin\/wp-content\/uploads\/sites\/2\/2023\/03\/logo-SCS-Negru-vm.png","width":2241,"height":1459,"caption":"Smart Closing Systems"},"image":{"@id":"https:\/\/scsystems.ro\/magazin\/#\/schema\/logo\/image\/"},"sameAs":["https:\/\/www.facebook.com\/smartclosingsystems\/"]}]}},"jetpack_sharing_enabled":true,"brands":[{"id":40,"name":"Somfy","slug":"somfy"}],"_links":{"self":[{"href":"https:\/\/scsystems.ro\/magazin\/wp-json\/wp\/v2\/product\/1297","targetHints":{"allow":["GET"]}}],"collection":[{"href":"https:\/\/scsystems.ro\/magazin\/wp-json\/wp\/v2\/product"}],"about":[{"href":"https:\/\/scsystems.ro\/magazin\/wp-json\/wp\/v2\/types\/product"}],"replies":[{"embeddable":true,"href":"https:\/\/scsystems.ro\/magazin\/wp-json\/wp\/v2\/comments?post=1297"}],"wp:featuredmedia":[{"embeddable":true,"href":"https:\/\/scsystems.ro\/magazin\/wp-json\/wp\/v2\/media\/1301"}],"wp:attachment":[{"href":"https:\/\/scsystems.ro\/magazin\/wp-json\/wp\/v2\/media?parent=1297"}],"wp:term":[{"taxonomy":"pwb-brand","embeddable":true,"href":"https:\/\/scsystems.ro\/magazin\/wp-json\/wp\/v2\/pwb-brand?post=1297"},{"taxonomy":"product_brand","embeddable":true,"href":"https:\/\/scsystems.ro\/magazin\/wp-json\/wp\/v2\/product_brand?post=1297"},{"taxonomy":"product_cat","embeddable":true,"href":"https:\/\/scsystems.ro\/magazin\/wp-json\/wp\/v2\/product_cat?post=1297"},{"taxonomy":"product_tag","embeddable":true,"href":"https:\/\/scsystems.ro\/magazin\/wp-json\/wp\/v2\/product_tag?post=1297"}],"curies":[{"name":"wp","href":"https:\/\/api.w.org\/{rel}","templated":true}]}}