{"id":1290,"date":"2023-05-07T07:09:44","date_gmt":"2023-05-07T07:09:44","guid":{"rendered":"https:\/\/scsystems.ro\/magazin\/?post_type=product&#038;p=1290"},"modified":"2026-03-27T16:46:46","modified_gmt":"2026-03-27T16:46:46","slug":"termostat-conectat-comunicare-radio-tahoma-io","status":"publish","type":"product","link":"https:\/\/scsystems.ro\/magazin\/produs\/termostat-conectat-comunicare-radio-tahoma-io\/","title":{"rendered":"Termostat conectat comunicare radio Tahoma io"},"content":{"rendered":"<p><strong>Termostat conectat comunicare radio Tahoma io<\/strong><\/p>\n<p>Termostatul Somfy analizeaz\u0103 at\u00e2t temperatura, c\u00e2t \u0219i nivelul de umiditate al instala\u021biei pentru a p\u0103stra temperatura \u0219i confortul la nivelul stabilit.<\/p>\n<div class=\"slider_container\">\n<div class=\"slider_text d-flex flex-column\">\n<div class=\"container_title d-flex flex-column\">\n<div class=\"content_title d-flex flex-column align-items-center justify-content-center\">\n<div class=\"text_big cms-simple\">\n<p>Termostatul conectat analizeaz\u0103 consumul de energie din cas\u0103, condi\u021biile atmosferice din zona \u00een care tr\u0103ie\u0219ti, precum \u0219i obiceiurile tale \u0219i estimeaz\u0103 astfel costurile.<img decoding=\"async\" src=\"https:\/\/www.somfy.ro\/common\/img\/library\/\/\/500x510\/somfy-connected-thermostat-humidity-temperature-control.jpg\" border=\"0\" \/><\/p>\n<p>Recomand\u0103rile personalizate te vor ajuta s\u0103 economise\u0219ti.<\/p>\n<\/div>\n<\/div>\n<div class=\"content_title d-flex flex-column align-items-center justify-content-center\">\n<h3 class=\"title_2\">Bucur\u0103-te de lini\u0219te<\/h3>\n<div class=\"text_big cms-simple\">Datorit\u0103 func\u021biei de geoloca\u021bie, termostatul se adapteaz\u0103 stilului t\u0103u de via\u021b\u0103. Acesta scade temperatura c\u00e2nd pleci de acas\u0103 \u0219i o cre\u0219te c\u00e2nd revii.<\/div>\n<\/div>\n<\/div>\n<\/div>\n<\/div>\n<div class=\"slider_img d-flex flex-column\">\n<div class=\"container_img d-flex flex-column\">\n<div class=\"content_img\"><img decoding=\"async\" src=\"https:\/\/www.somfy.ro\/common\/img\/library\/\/\/500x510\/somfy-connected-thermostat-energy-savings.jpg\" border=\"0\" \/><\/div>\n<div><\/div>\n<div class=\"content_img\"><img decoding=\"async\" src=\"https:\/\/www.somfy.ro\/common\/img\/library\/\/\/500x510\/somfy-connected-thermostat-geolocation-peace-of-mind.jpg\" border=\"0\" \/><\/div>\n<div>\n<p><iframe title=\"SOMFY CONNECTED THERMOSTAT english version\" width=\"500\" height=\"281\" src=\"https:\/\/www.youtube.com\/embed\/oRN7rv4cV_I?start=1&#038;feature=oembed\" frameborder=\"0\" allow=\"accelerometer; autoplay; clipboard-write; encrypted-media; gyroscope; picture-in-picture; web-share\" referrerpolicy=\"strict-origin-when-cross-origin\" allowfullscreen><\/iframe><\/p>\n<div class=\"title_content\">\n<div class=\"flex-1 overflow-hidden\">\n<div class=\"react-scroll-to-bottom--css-ocvjx-79elbk h-full dark:bg-gray-800\">\n<div class=\"react-scroll-to-bottom--css-ocvjx-1n7m0yu\">\n<div class=\"flex flex-col items-center text-sm dark:bg-gray-800\">\n<div class=\"group w-full text-gray-800 dark:text-gray-100 border-b border-black\/10 dark:border-gray-900\/50 bg-gray-50 dark:bg-[#444654]\">\n<div class=\"flex p-4 gap-4 text-base md:gap-6 md:max-w-2xl lg:max-w-xl xl:max-w-3xl md:py-6 lg:px-0 m-auto\">\n<div class=\"relative flex flex-col w-[calc(100%-50px)] gap-1 md:gap-3 lg:w-[calc(100%-115px)]\">\n<div class=\"flex flex-grow flex-col gap-3\">\n<div class=\"min-h-[20px] flex flex-col items-start gap-4 whitespace-pre-wrap break-words\">\n<div class=\"markdown prose w-full break-words dark:prose-invert light\">\n<p>&nbsp;<\/p>\n<p>Termostatul Somfy este solu\u021bia ideal\u0103 pentru a men\u021bine temperatura \u0219i confortul \u00een locuin\u021ba ta. Cu ajutorul s\u0103u, po\u021bi analiza \u0219i controla at\u00e2t temperatura, c\u00e2t \u0219i nivelul de umiditate al instala\u021biei, asigur\u00e2nd astfel un mediu optim \u0219i pl\u0103cut.<\/p>\n<p>Unul dintre punctele forte ale acestui termostat este abilitatea sa de a analiza consumul de energie din casa ta, condi\u021biile atmosferice din zona \u00een care tr\u0103ie\u0219ti \u0219i obiceiurile tale. Pe baza acestor informa\u021bii, termostatul poate estima costurile \u0219i \u00ee\u021bi poate oferi recomand\u0103ri personalizate pentru a economisi energie.<\/p>\n<p>Bucur\u0103-te de lini\u0219te \u0219i comoditate cu func\u021bia de geoloca\u021bie a termostatului. Acesta se adapteaz\u0103 stilului t\u0103u de via\u021b\u0103, sc\u0103z\u00e2nd temperatura atunci c\u00e2nd pleci de acas\u0103 \u0219i cre\u0219te-o c\u00e2nd revii, astfel \u00eenc\u00e2t s\u0103 te \u00eent\u00e2mpine mereu \u00eentr-un mediu confortabil.<\/p>\n<p>Termostatul conectat radio vine cu o serie de beneficii \u0219i caracteristici avansate. Este compatibil cu o gam\u0103 larg\u0103 de centrale termice, inclusiv cele pe gaz, p\u0103cur\u0103 \u0219i lemne, centralele cu \u00eenc\u0103lzire \u00een pardoseal\u0103, pompele de c\u0103ldur\u0103 \u0219i sobele pe pele\u021bi. De asemenea, se integreaz\u0103 perfect cu unitatea TaHoma, permi\u021b\u00e2ndu-\u021bi s\u0103 gestionezi sistemul de \u00eenc\u0103lzire de la distan\u021b\u0103, folosind tableta sau smartphone-ul t\u0103u.<\/p>\n<p>Termostatul este echipat cu senzori de temperatur\u0103 \u0219i de umiditate \u00eencorpora\u021bi, asigur\u00e2nd o monitorizare precis\u0103 \u0219i o reglare optim\u0103 a mediului ambiental. Po\u021bi ajusta temperatura cu o precizie de +\/-0,5\u00b0C, \u00eentr-un interval generos de reglare cuprins \u00eentre 5\u00b0 \u0219i +26\u00b0C.<\/p>\n<p>Cu dimensiuni compacte \u0219i un design elegant, termostatul se fixeaz\u0103 u\u0219or pe perete, asigur\u00e2nd o integrare discret\u0103 \u00een interiorul casei tale. De asemenea, beneficiaz\u0103 de o raz\u0103 radio \u00een c\u00e2mp deschis de 200 m, oferindu-\u021bi flexibilitate \u00een a controla sistemul de \u00eenc\u0103lzire din diferite locuri din casa ta.<\/p>\n<p>Termostatul conectat radio este parte a gamei de termostate conectate Somfy, care ofer\u0103 avantaje considerabile. Acestea includ compatibilitatea cu RT 2012, control optimizat pentru memorarea iner\u021biei termice \u0219i a izol\u0103rii locuin\u021bei, posibilitatea de a programa \u00een avans set\u0103rile s\u0103pt\u0103m\u00e2nale, posibilitatea de a realiza p\u00e2n\u0103 la 2 program\u0103ri \u00een paralel, func\u021bia de copy\/paste pentru u\u0219urin\u021ba program\u0103rii \u0219i integrarea ultimelor inova\u021bii prin actualiz\u0103ri frecvente \u0219i gratuite. Termostatele sunt, de asemenea, perfect compatibile cu unitate<\/p>\n<\/div>\n<\/div>\n<\/div>\n<div class=\"flex justify-between lg:block\">\n<div class=\"text-gray-400 flex self-end lg:self-center justify-center mt-2 gap-2 md:gap-3 lg:gap-1 lg:absolute lg:top-0 lg:translate-x-full lg:right-0 lg:mt-0 lg:pl-2 visible\">\n<p>&nbsp;<\/p>\n<div class=\"flex gap-1\"><\/div>\n<\/div>\n<\/div>\n<\/div>\n<\/div>\n<\/div>\n<div class=\"w-full h-32 md:h-48 flex-shrink-0\"><\/div>\n<\/div>\n<\/div>\n<\/div>\n<\/div>\n<div class=\"absolute bottom-0 left-0 w-full border-t md:border-t-0 dark:border-white\/20 md:border-transparent md:dark:border-transparent md:bg-vert-light-gradient bg-white dark:bg-gray-800 md:!bg-transparent dark:md:bg-vert-dark-gradient pt-2\">\n<form class=\"stretch mx-2 flex flex-row gap-3 last:mb-2 md:mx-4 md:last:mb-6 lg:mx-auto lg:max-w-2xl xl:max-w-3xl\">\n<div class=\"relative flex h-full flex-1 items-stretch md:flex-col\">\n<div class=\"\">\n<div class=\"h-full flex ml-1 md:w-full md:m-auto md:mb-2 gap-0 md:gap-2 justify-center\">\n<div class=\"flex w-full items-center justify-center gap-2\">Regenerate response<\/div>\n<\/div>\n<\/div>\n<\/div>\n<\/form>\n<\/div>\n<h2 class=\"title_3\">Beneficii<\/h2>\n<\/div>\n<div class=\"text_big\">\n<p>\u2022Termostatul conectat radio este compatibil cu centralele pe gaz, p\u0103cur\u0103 \u0219i lemne, centralele cu \u00eenc\u0103lzire \u00een pardoseal\u0103, pompele de c\u0103ldur\u0103, sobele pe pele\u021bi.<\/p>\n<p>\u2022Compatibil cu unitatea TaHoma.<br \/>\n\u2022Permite gestionarea sistemului de \u00eenc\u0103lzire de la distan\u021b\u0103 de pe tablet\u0103 sau smartphone.<br \/>\n\u2022Cu senzori de temperatur\u0103 \u0219i de umiditate \u00eencorpora\u021bi.<br \/>\n\u2022Cu func\u021bie de geolocalizare.<br \/>\n\u2022Cu func\u021bie de \u00eendrumare a utilizatorilor pentru a primi sfaturi individualizate \u0219i pentru a realiza un consum de energie sc\u0103zut.<br \/>\n\u2022Reglarea temperaturii: +\/-0,5\u00b0C.<br \/>\n\u2022Intervalul de reglare: 5\u00b0 \/ + 26\u00b0C<br \/>\n\u2022Se fixeaz\u0103 pe perete.<\/p>\n<p>Lungime: 132 mm<br \/>\nL\u0103\u021bime: 94 mm<br \/>\nAd\u00e2ncime: 20 mm<br \/>\nTemperatura de utilizare: 5\u00b0 \/ + 35\u00b0C<br \/>\nRaz\u0103 radio \u00een c\u00e2mp deschis: 200 M<br \/>\nTipul de baterie: 2 x 1,5V AA (LR06)<\/p>\n<h3 class=\"d-flex align-items-center accordion-item-title subtitle_2\" role=\"link\" data-toggle=\"collapse\" aria-expanded=\"true\" aria-controls=\"detailsCollapse\">Descriere <strong>Termostat conectat comunicare radio Tahoma io<\/strong><\/h3>\n<div id=\"detailsCollapse\" class=\"accordion-item-content collapse show\" data-parent=\"#accordion-details\">\n<p><strong>Avantajele gamei de termostate conectate<\/strong><br \/>\nPentru c\u0103 no\u021biunea de confort difer\u0103 de la utilizator la utilizator, Somfy a conceput un termostat care r\u0103spunde nevoilor de confort \u00een func\u021bie de tipul de locuin\u021b\u0103 \u0219i de rutina utilizatorilor, reduc\u00e2nd, \u00een acela\u0219i timp, costurile de electricitate \u0219i gaz.<br \/>\nPermite ajustarea temperaturii termostatului (interfa\u021b\u0103 tactil\u0103) \u0219i configurarea parametrilor cu ajutorul aplica\u021biei pentru smartphone (aplica\u021bie gratuit\u0103 pentru Android \u0219i iOS).<\/p>\n<p><strong>Dotate cu func\u021bionalit\u0103\u021bi avansate, acest tip de termostate ofer\u0103 un confort sporit \u0219i un consum redus de energie:<\/strong><br \/>\n&#8211; Compatibile cu RT 2012: 5 elemente de cost estimate;<br \/>\n&#8211; Control optimizat: Memorarea iner\u021biei termice \u0219i a izol\u0103rii locuin\u021bei (PID \u0219i histerezis cu interval de reglare disponibile);<br \/>\n&#8211; Realizarea cu u\u0219urin\u021b\u0103 a program\u0103rii pe s\u0103pt\u0103m\u00e2n\u0103 \u00een 5 pa\u0219i;<br \/>\n&#8211; Se pot realiza \u00een paralel p\u00e2n\u0103 la 2 program\u0103ri;<br \/>\n&#8211; Cu func\u021bie de copy\/paste pentru facilitarea program\u0103rii;<br \/>\n&#8211; Integrarea ultimelor inova\u021bii: actualiz\u0103ri frecvente \u0219i gratuite;<br \/>\n&#8211; Compatibile cu unitatea TaHoma.<\/p>\n<div class=\"title_content\">\n<h2 class=\"title_3\">Caracteristici tehnice<\/h2>\n<\/div>\n<div class=\"collapse-wrapper\">\n<div id=\"collapseExample-3\" class=\"wysiwyg collapse-content\">\n<table class=\"table\">\n<tbody>\n<tr>\n<td>Frecven\u021b\u0103 radio<\/td>\n<td>868 MHz<\/td>\n<\/tr>\n<tr>\n<td>Culoare \/ Finisaj<\/td>\n<td>Gri, Alb<\/td>\n<\/tr>\n<\/tbody>\n<\/table>\n<\/div>\n<\/div>\n<p>Lungime : 102 mm<\/p>\n<p>L\u0103\u021bime : 35 mm<\/p>\n<p>\u00cen\u0103l\u021bime : 90 mm<\/p>\n<\/div>\n<\/div>\n<\/div>\n<\/div>\n<\/div>\n","protected":false},"excerpt":{"rendered":"<p>Pentru c\u0103 no\u021biunea de confort difer\u0103 de la utilizator la utilizator, Somfy a conceput un termostat care r\u0103spunde nevoilor de confort \u00een func\u021bie de tipul de locuin\u021b\u0103 \u0219i de rutina utilizatorilor, reduc\u00e2nd, \u00een acela\u0219i timp, costurile de electricitate \u0219i gaz.<br \/>\nPermite ajustarea temperaturii termostatului (interfa\u021b\u0103 tactil\u0103) \u0219i configurarea parametrilor cu ajutorul aplica\u021biei pentru smartphone (aplica\u021bie gratuit\u0103 pentru Android \u0219i iOS).<\/p>\n","protected":false},"featured_media":1291,"comment_status":"open","ping_status":"closed","template":"","meta":{"_eb_attr":""},"pwb-brand":[40],"product_brand":[],"product_cat":[34,26],"product_tag":[],"class_list":{"0":"post-1290","1":"product","2":"type-product","3":"status-publish","4":"has-post-thumbnail","6":"pwb-brand-somfy","7":"product_cat-accesorii-automatizari-smart","8":"product_cat-smart-home","10":"first","11":"instock","12":"taxable","13":"shipping-taxable","14":"purchasable","15":"product-type-simple"},"yoast_head":"<!-- This site is optimized with the Yoast SEO plugin v27.2 - https:\/\/yoast.com\/product\/yoast-seo-wordpress\/ -->\n<title>Termostat conectat comunicare radio Tahoma io - Magazin SCS<\/title>\n<meta name=\"description\" content=\"Termostat conectat comunicare radio Tahoma io. Termostatul conectat radio este compatibil cu centralele pe gaz, p\u0103cur\u0103 \u0219i lemne, centralele cu \u00eenc\u0103lzire.\" \/>\n<meta name=\"robots\" content=\"index, follow, max-snippet:-1, max-image-preview:large, max-video-preview:-1\" \/>\n<link rel=\"canonical\" href=\"https:\/\/scsystems.ro\/magazin\/produs\/termostat-conectat-comunicare-radio-tahoma-io\/\" \/>\n<meta property=\"og:locale\" content=\"ro_RO\" \/>\n<meta property=\"og:type\" content=\"article\" \/>\n<meta property=\"og:title\" content=\"Termostat conectat comunicare radio Tahoma io - Magazin SCS\" \/>\n<meta property=\"og:description\" content=\"Termostat conectat comunicare radio Tahoma io. Termostatul conectat radio este compatibil cu centralele pe gaz, p\u0103cur\u0103 \u0219i lemne, centralele cu \u00eenc\u0103lzire.\" \/>\n<meta property=\"og:url\" content=\"https:\/\/scsystems.ro\/magazin\/produs\/termostat-conectat-comunicare-radio-tahoma-io\/\" \/>\n<meta property=\"og:site_name\" content=\"Magazin SCS\" \/>\n<meta property=\"article:publisher\" content=\"https:\/\/www.facebook.com\/smartclosingsystems\/\" \/>\n<meta property=\"article:modified_time\" content=\"2026-03-27T16:46:46+00:00\" \/>\n<meta property=\"og:image\" content=\"https:\/\/scsystems.ro\/magazin\/wp-content\/uploads\/sites\/2\/2023\/05\/Termostat-conectat-comunicare-radio-Tahoma-io.webp\" \/>\n\t<meta property=\"og:image:width\" content=\"1000\" \/>\n\t<meta property=\"og:image:height\" content=\"1000\" \/>\n\t<meta property=\"og:image:type\" content=\"image\/webp\" \/>\n<meta name=\"twitter:card\" content=\"summary_large_image\" \/>\n<meta name=\"twitter:label1\" content=\"Timp estimat pentru citire\" \/>\n\t<meta name=\"twitter:data1\" content=\"5 minute\" \/>\n<script type=\"application\/ld+json\" class=\"yoast-schema-graph\">{\"@context\":\"https:\/\/schema.org\",\"@graph\":[{\"@type\":\"WebPage\",\"@id\":\"https:\/\/scsystems.ro\/magazin\/produs\/termostat-conectat-comunicare-radio-tahoma-io\/\",\"url\":\"https:\/\/scsystems.ro\/magazin\/produs\/termostat-conectat-comunicare-radio-tahoma-io\/\",\"name\":\"Termostat conectat comunicare radio Tahoma io - Magazin SCS\",\"isPartOf\":{\"@id\":\"https:\/\/scsystems.ro\/magazin\/#website\"},\"primaryImageOfPage\":{\"@id\":\"https:\/\/scsystems.ro\/magazin\/produs\/termostat-conectat-comunicare-radio-tahoma-io\/#primaryimage\"},\"image\":{\"@id\":\"https:\/\/scsystems.ro\/magazin\/produs\/termostat-conectat-comunicare-radio-tahoma-io\/#primaryimage\"},\"thumbnailUrl\":\"https:\/\/scsystems.ro\/magazin\/wp-content\/uploads\/sites\/2\/2023\/05\/Termostat-conectat-comunicare-radio-Tahoma-io.webp\",\"datePublished\":\"2023-05-07T07:09:44+00:00\",\"dateModified\":\"2026-03-27T16:46:46+00:00\",\"description\":\"Termostat conectat comunicare radio Tahoma io. Termostatul conectat radio este compatibil cu centralele pe gaz, p\u0103cur\u0103 \u0219i lemne, centralele cu \u00eenc\u0103lzire.\",\"breadcrumb\":{\"@id\":\"https:\/\/scsystems.ro\/magazin\/produs\/termostat-conectat-comunicare-radio-tahoma-io\/#breadcrumb\"},\"inLanguage\":\"ro-RO\",\"potentialAction\":[{\"@type\":\"ReadAction\",\"target\":[\"https:\/\/scsystems.ro\/magazin\/produs\/termostat-conectat-comunicare-radio-tahoma-io\/\"]}]},{\"@type\":\"ImageObject\",\"inLanguage\":\"ro-RO\",\"@id\":\"https:\/\/scsystems.ro\/magazin\/produs\/termostat-conectat-comunicare-radio-tahoma-io\/#primaryimage\",\"url\":\"https:\/\/scsystems.ro\/magazin\/wp-content\/uploads\/sites\/2\/2023\/05\/Termostat-conectat-comunicare-radio-Tahoma-io.webp\",\"contentUrl\":\"https:\/\/scsystems.ro\/magazin\/wp-content\/uploads\/sites\/2\/2023\/05\/Termostat-conectat-comunicare-radio-Tahoma-io.webp\",\"width\":1000,\"height\":1000,\"caption\":\"Termostat conectat comunicare radio Tahoma io\"},{\"@type\":\"BreadcrumbList\",\"@id\":\"https:\/\/scsystems.ro\/magazin\/produs\/termostat-conectat-comunicare-radio-tahoma-io\/#breadcrumb\",\"itemListElement\":[{\"@type\":\"ListItem\",\"position\":1,\"name\":\"Magazin\",\"item\":\"https:\/\/scsystems.ro\/magazin\/\"},{\"@type\":\"ListItem\",\"position\":2,\"name\":\"Toate Produsele\",\"item\":\"https:\/\/scsystems.ro\/magazin\/toate-produsele\/\"},{\"@type\":\"ListItem\",\"position\":3,\"name\":\"Termostat conectat comunicare radio Tahoma io\"}]},{\"@type\":\"WebSite\",\"@id\":\"https:\/\/scsystems.ro\/magazin\/#website\",\"url\":\"https:\/\/scsystems.ro\/magazin\/\",\"name\":\"Magazin SCS\",\"description\":\"Smart Closing Systems Magazin\",\"publisher\":{\"@id\":\"https:\/\/scsystems.ro\/magazin\/#organization\"},\"potentialAction\":[{\"@type\":\"SearchAction\",\"target\":{\"@type\":\"EntryPoint\",\"urlTemplate\":\"https:\/\/scsystems.ro\/magazin\/?s={search_term_string}\"},\"query-input\":{\"@type\":\"PropertyValueSpecification\",\"valueRequired\":true,\"valueName\":\"search_term_string\"}}],\"inLanguage\":\"ro-RO\"},{\"@type\":\"Organization\",\"@id\":\"https:\/\/scsystems.ro\/magazin\/#organization\",\"name\":\"Smart Closing Systems\",\"alternateName\":\"SCS\",\"url\":\"https:\/\/scsystems.ro\/magazin\/\",\"logo\":{\"@type\":\"ImageObject\",\"inLanguage\":\"ro-RO\",\"@id\":\"https:\/\/scsystems.ro\/magazin\/#\/schema\/logo\/image\/\",\"url\":\"https:\/\/scsystems.ro\/magazin\/wp-content\/uploads\/sites\/2\/2023\/03\/logo-SCS-Negru-vm.png\",\"contentUrl\":\"https:\/\/scsystems.ro\/magazin\/wp-content\/uploads\/sites\/2\/2023\/03\/logo-SCS-Negru-vm.png\",\"width\":2241,\"height\":1459,\"caption\":\"Smart Closing Systems\"},\"image\":{\"@id\":\"https:\/\/scsystems.ro\/magazin\/#\/schema\/logo\/image\/\"},\"sameAs\":[\"https:\/\/www.facebook.com\/smartclosingsystems\/\"]}]}<\/script>\n<!-- \/ Yoast SEO plugin. -->","yoast_head_json":{"title":"Termostat conectat comunicare radio Tahoma io - Magazin SCS","description":"Termostat conectat comunicare radio Tahoma io. Termostatul conectat radio este compatibil cu centralele pe gaz, p\u0103cur\u0103 \u0219i lemne, centralele cu \u00eenc\u0103lzire.","robots":{"index":"index","follow":"follow","max-snippet":"max-snippet:-1","max-image-preview":"max-image-preview:large","max-video-preview":"max-video-preview:-1"},"canonical":"https:\/\/scsystems.ro\/magazin\/produs\/termostat-conectat-comunicare-radio-tahoma-io\/","og_locale":"ro_RO","og_type":"article","og_title":"Termostat conectat comunicare radio Tahoma io - Magazin SCS","og_description":"Termostat conectat comunicare radio Tahoma io. Termostatul conectat radio este compatibil cu centralele pe gaz, p\u0103cur\u0103 \u0219i lemne, centralele cu \u00eenc\u0103lzire.","og_url":"https:\/\/scsystems.ro\/magazin\/produs\/termostat-conectat-comunicare-radio-tahoma-io\/","og_site_name":"Magazin SCS","article_publisher":"https:\/\/www.facebook.com\/smartclosingsystems\/","article_modified_time":"2026-03-27T16:46:46+00:00","og_image":[{"width":1000,"height":1000,"url":"https:\/\/scsystems.ro\/magazin\/wp-content\/uploads\/sites\/2\/2023\/05\/Termostat-conectat-comunicare-radio-Tahoma-io.webp","type":"image\/webp"}],"twitter_card":"summary_large_image","twitter_misc":{"Timp estimat pentru citire":"5 minute"},"schema":{"@context":"https:\/\/schema.org","@graph":[{"@type":"WebPage","@id":"https:\/\/scsystems.ro\/magazin\/produs\/termostat-conectat-comunicare-radio-tahoma-io\/","url":"https:\/\/scsystems.ro\/magazin\/produs\/termostat-conectat-comunicare-radio-tahoma-io\/","name":"Termostat conectat comunicare radio Tahoma io - Magazin SCS","isPartOf":{"@id":"https:\/\/scsystems.ro\/magazin\/#website"},"primaryImageOfPage":{"@id":"https:\/\/scsystems.ro\/magazin\/produs\/termostat-conectat-comunicare-radio-tahoma-io\/#primaryimage"},"image":{"@id":"https:\/\/scsystems.ro\/magazin\/produs\/termostat-conectat-comunicare-radio-tahoma-io\/#primaryimage"},"thumbnailUrl":"https:\/\/scsystems.ro\/magazin\/wp-content\/uploads\/sites\/2\/2023\/05\/Termostat-conectat-comunicare-radio-Tahoma-io.webp","datePublished":"2023-05-07T07:09:44+00:00","dateModified":"2026-03-27T16:46:46+00:00","description":"Termostat conectat comunicare radio Tahoma io. Termostatul conectat radio este compatibil cu centralele pe gaz, p\u0103cur\u0103 \u0219i lemne, centralele cu \u00eenc\u0103lzire.","breadcrumb":{"@id":"https:\/\/scsystems.ro\/magazin\/produs\/termostat-conectat-comunicare-radio-tahoma-io\/#breadcrumb"},"inLanguage":"ro-RO","potentialAction":[{"@type":"ReadAction","target":["https:\/\/scsystems.ro\/magazin\/produs\/termostat-conectat-comunicare-radio-tahoma-io\/"]}]},{"@type":"ImageObject","inLanguage":"ro-RO","@id":"https:\/\/scsystems.ro\/magazin\/produs\/termostat-conectat-comunicare-radio-tahoma-io\/#primaryimage","url":"https:\/\/scsystems.ro\/magazin\/wp-content\/uploads\/sites\/2\/2023\/05\/Termostat-conectat-comunicare-radio-Tahoma-io.webp","contentUrl":"https:\/\/scsystems.ro\/magazin\/wp-content\/uploads\/sites\/2\/2023\/05\/Termostat-conectat-comunicare-radio-Tahoma-io.webp","width":1000,"height":1000,"caption":"Termostat conectat comunicare radio Tahoma io"},{"@type":"BreadcrumbList","@id":"https:\/\/scsystems.ro\/magazin\/produs\/termostat-conectat-comunicare-radio-tahoma-io\/#breadcrumb","itemListElement":[{"@type":"ListItem","position":1,"name":"Magazin","item":"https:\/\/scsystems.ro\/magazin\/"},{"@type":"ListItem","position":2,"name":"Toate Produsele","item":"https:\/\/scsystems.ro\/magazin\/toate-produsele\/"},{"@type":"ListItem","position":3,"name":"Termostat conectat comunicare radio Tahoma io"}]},{"@type":"WebSite","@id":"https:\/\/scsystems.ro\/magazin\/#website","url":"https:\/\/scsystems.ro\/magazin\/","name":"Magazin SCS","description":"Smart Closing Systems Magazin","publisher":{"@id":"https:\/\/scsystems.ro\/magazin\/#organization"},"potentialAction":[{"@type":"SearchAction","target":{"@type":"EntryPoint","urlTemplate":"https:\/\/scsystems.ro\/magazin\/?s={search_term_string}"},"query-input":{"@type":"PropertyValueSpecification","valueRequired":true,"valueName":"search_term_string"}}],"inLanguage":"ro-RO"},{"@type":"Organization","@id":"https:\/\/scsystems.ro\/magazin\/#organization","name":"Smart Closing Systems","alternateName":"SCS","url":"https:\/\/scsystems.ro\/magazin\/","logo":{"@type":"ImageObject","inLanguage":"ro-RO","@id":"https:\/\/scsystems.ro\/magazin\/#\/schema\/logo\/image\/","url":"https:\/\/scsystems.ro\/magazin\/wp-content\/uploads\/sites\/2\/2023\/03\/logo-SCS-Negru-vm.png","contentUrl":"https:\/\/scsystems.ro\/magazin\/wp-content\/uploads\/sites\/2\/2023\/03\/logo-SCS-Negru-vm.png","width":2241,"height":1459,"caption":"Smart Closing Systems"},"image":{"@id":"https:\/\/scsystems.ro\/magazin\/#\/schema\/logo\/image\/"},"sameAs":["https:\/\/www.facebook.com\/smartclosingsystems\/"]}]}},"jetpack_sharing_enabled":true,"brands":[{"id":40,"name":"Somfy","slug":"somfy"}],"_links":{"self":[{"href":"https:\/\/scsystems.ro\/magazin\/wp-json\/wp\/v2\/product\/1290","targetHints":{"allow":["GET"]}}],"collection":[{"href":"https:\/\/scsystems.ro\/magazin\/wp-json\/wp\/v2\/product"}],"about":[{"href":"https:\/\/scsystems.ro\/magazin\/wp-json\/wp\/v2\/types\/product"}],"replies":[{"embeddable":true,"href":"https:\/\/scsystems.ro\/magazin\/wp-json\/wp\/v2\/comments?post=1290"}],"wp:featuredmedia":[{"embeddable":true,"href":"https:\/\/scsystems.ro\/magazin\/wp-json\/wp\/v2\/media\/1291"}],"wp:attachment":[{"href":"https:\/\/scsystems.ro\/magazin\/wp-json\/wp\/v2\/media?parent=1290"}],"wp:term":[{"taxonomy":"pwb-brand","embeddable":true,"href":"https:\/\/scsystems.ro\/magazin\/wp-json\/wp\/v2\/pwb-brand?post=1290"},{"taxonomy":"product_brand","embeddable":true,"href":"https:\/\/scsystems.ro\/magazin\/wp-json\/wp\/v2\/product_brand?post=1290"},{"taxonomy":"product_cat","embeddable":true,"href":"https:\/\/scsystems.ro\/magazin\/wp-json\/wp\/v2\/product_cat?post=1290"},{"taxonomy":"product_tag","embeddable":true,"href":"https:\/\/scsystems.ro\/magazin\/wp-json\/wp\/v2\/product_tag?post=1290"}],"curies":[{"name":"wp","href":"https:\/\/api.w.org\/{rel}","templated":true}]}}