{"id":1107,"date":"2023-04-19T06:30:02","date_gmt":"2023-04-19T06:30:02","guid":{"rendered":"https:\/\/scsystems.ro\/magazin\/?post_type=product&#038;p=1107"},"modified":"2026-03-27T16:44:10","modified_gmt":"2026-03-27T16:44:10","slug":"inis-mounted-box-mp-comutator-cu-arc-de-revenire-aplicat-simplu","status":"publish","type":"product","link":"https:\/\/scsystems.ro\/magazin\/produs\/inis-mounted-box-mp-comutator-cu-arc-de-revenire-aplicat-simplu\/","title":{"rendered":"Inis Mounted Box MP comutator cu arc de revenire aplicat simplu"},"content":{"rendered":"<p>O gam\u0103 complet\u0103 cu design durabil care ofer\u0103 estetic\u0103, flexibilitate \u0219i coeren\u021b\u0103, toate comenzile de perete Somfy demonstr\u00e2nd o valoare ad\u0103ugat\u0103 puternic\u0103 de la Somfy.<br \/>\nProdusul Somfy Inis Mounted Box MP este o cutie de montaj pentru controlul jaluzelelor, rulourilor \u0219i a altor sisteme de protec\u021bie solar\u0103. Aceasta este echipat\u0103 cu un buton mare \u0219i iluminat pentru a facilita utilizarea \u0219i a permite controlul u\u0219or \u0219i rapid al sistemului de protec\u021bie solar\u0103.<br \/>\nCutia de montaj este compatibil\u0103 cu diferite tipuri de jaluzele \u0219i rulouri, av\u00e2nd posibilitatea de a controla p\u00e2n\u0103 la 6 canale individuale, permi\u021b\u00e2nd astfel controlul separat al fiec\u0103rui element. Aceasta dispune de un design compact, elegant \u0219i discret, fiind u\u0219or de integrat \u00een orice decor.<br \/>\nSomfy Inis Mounted Box MP este un produs de \u00eenalt\u0103 calitate, fiabil \u0219i durabil, fiind conceput pentru a rezista \u00een condi\u021bii de utilizare intens\u0103 \u0219i pentru a oferi confortul \u0219i siguran\u021ba necesare \u00een orice moment.<\/p>\n<div class=\"title_content\">\n<h2 class=\"title_3\">Specifica\u0163ii<\/h2>\n<\/div>\n<div id=\"accordion-details\" class=\"\">\n<div class=\"accordion-content-block\"><span class=\"accordion-item-title subtitle_2\">Dimensiunea \u0219i greutatea<\/span><\/div>\n<div class=\"accordion-content-block\">\n<div id=\"dimCollapse\" class=\"accordion-item-content collapse show\" data-parent=\"#accordion-details\">\n<div class=\"row\">\n<div class=\"col-12 col-md-9 text_medium text-left\">Greutate : 0.056 kg<br \/>\nLungime : 44 mm<br \/>\n\u00cen\u0103l\u021bime : 82 mm<br \/>\nAd\u00e2ncime : 54 mm<\/p>\n<h3 class=\"d-flex align-items-center accordion-item-title subtitle_2 \" role=\"link\" data-toggle=\"collapse\" aria-expanded=\"true\" aria-controls=\"compatibilitiesCollapse-1\">Tehnologie<\/h3>\n<div id=\"compatibilitiesCollapse-1\" class=\"accordion-item-content collapse show\" data-parent=\"#accordion-compatibilities\"><span class=\"mr-4 mb-2 d-inline-block\">WT<\/span><\/div>\n<div data-parent=\"#accordion-compatibilities\">\n<div class=\"title_content\">\n<h2 class=\"title_3\">Caracteristici tehnice<\/h2>\n<p>Culoare \/ Finisaj alb<\/p>\n<\/div>\n<\/div>\n<\/div>\n<\/div>\n<\/div>\n<\/div>\n<\/div>\n","protected":false},"excerpt":{"rendered":"<p>O gam\u0103 complet\u0103 cu design durabil care ofer\u0103 estetic\u0103, flexibilitate \u0219i coeren\u021b\u0103, toate comenzile de perete Somfy demonstr\u00e2nd o valoare ad\u0103ugat\u0103 puternic\u0103 de la Somfy.<br \/>\nProdusul Somfy Inis Mounted Box MP este o cutie de montaj pentru controlul jaluzelelor, rulourilor \u0219i a altor sisteme de protec\u021bie solar\u0103. Aceasta este echipat\u0103 cu un buton mare \u0219i iluminat pentru a facilita utilizarea \u0219i a permite controlul u\u0219or \u0219i rapid al sistemului de protec\u021bie solar\u0103.<br \/>\nCutia de montaj este compatibil\u0103 cu diferite tipuri de jaluzele \u0219i rulouri, av\u00e2nd posibilitatea de a controla p\u00e2n\u0103 la 6 canale individuale, permi\u021b\u00e2nd astfel controlul separat al fiec\u0103rui element. Aceasta dispune de un design compact, elegant \u0219i discret, fiind u\u0219or de integrat \u00een orice decor.<br \/>\nSomfy Inis Mounted Box MP este un produs de \u00eenalt\u0103 calitate, fiabil \u0219i durabil, fiind conceput pentru a rezista \u00een condi\u021bii de utilizare intens\u0103 \u0219i pentru a oferi confortul \u0219i siguran\u021ba necesare \u00een orice moment.<\/p>\n","protected":false},"featured_media":1083,"comment_status":"open","ping_status":"closed","template":"","meta":{"_eb_attr":""},"pwb-brand":[40],"product_brand":[],"product_cat":[34,26],"product_tag":[63,39,47],"class_list":{"0":"post-1107","1":"product","2":"type-product","3":"status-publish","4":"has-post-thumbnail","6":"pwb-brand-somfy","7":"product_cat-accesorii-automatizari-smart","8":"product_cat-smart-home","9":"product_tag-inis","10":"product_tag-smart-home","11":"product_tag-somfy","13":"first","14":"instock","15":"taxable","16":"shipping-taxable","17":"purchasable","18":"product-type-simple"},"yoast_head":"<!-- This site is optimized with the Yoast SEO plugin v27.2 - https:\/\/yoast.com\/product\/yoast-seo-wordpress\/ -->\n<title>Inis Mounted Box MP comutator cu arc de revenire aplicat simplu -<\/title>\n<meta name=\"description\" content=\"Inis Mounted Box comutator aplicat simplu Intrerupatorul aplicat este un dispozitiv de comanda cablat.Comutator aplicat simplu, pentru a controla o motorizare cablat\u0103 de 230V.\" \/>\n<meta name=\"robots\" content=\"index, follow, max-snippet:-1, max-image-preview:large, max-video-preview:-1\" \/>\n<link rel=\"canonical\" href=\"https:\/\/scsystems.ro\/magazin\/produs\/inis-mounted-box-mp-comutator-cu-arc-de-revenire-aplicat-simplu\/\" \/>\n<meta property=\"og:locale\" content=\"ro_RO\" \/>\n<meta property=\"og:type\" content=\"article\" \/>\n<meta property=\"og:title\" content=\"Inis Mounted Box MP comutator cu arc de revenire aplicat simplu -\" \/>\n<meta property=\"og:description\" content=\"Inis Mounted Box comutator aplicat simplu Intrerupatorul aplicat este un dispozitiv de comanda cablat.Comutator aplicat simplu, pentru a controla o motorizare cablat\u0103 de 230V.\" \/>\n<meta property=\"og:url\" content=\"https:\/\/scsystems.ro\/magazin\/produs\/inis-mounted-box-mp-comutator-cu-arc-de-revenire-aplicat-simplu\/\" \/>\n<meta property=\"og:site_name\" content=\"Magazin SCS\" \/>\n<meta property=\"article:publisher\" content=\"https:\/\/www.facebook.com\/smartclosingsystems\/\" \/>\n<meta property=\"article:modified_time\" content=\"2026-03-27T16:44:10+00:00\" \/>\n<meta property=\"og:image\" content=\"https:\/\/scsystems.ro\/magazin\/wp-content\/uploads\/sites\/2\/2023\/04\/inis-mounted-box-1.webp\" \/>\n\t<meta property=\"og:image:width\" content=\"1000\" \/>\n\t<meta property=\"og:image:height\" content=\"1000\" \/>\n\t<meta property=\"og:image:type\" content=\"image\/webp\" \/>\n<meta name=\"twitter:card\" content=\"summary_large_image\" \/>\n<meta name=\"twitter:label1\" content=\"Timp estimat pentru citire\" \/>\n\t<meta name=\"twitter:data1\" content=\"1 minut\" \/>\n<script type=\"application\/ld+json\" class=\"yoast-schema-graph\">{\"@context\":\"https:\/\/schema.org\",\"@graph\":[{\"@type\":\"WebPage\",\"@id\":\"https:\/\/scsystems.ro\/magazin\/produs\/inis-mounted-box-mp-comutator-cu-arc-de-revenire-aplicat-simplu\/\",\"url\":\"https:\/\/scsystems.ro\/magazin\/produs\/inis-mounted-box-mp-comutator-cu-arc-de-revenire-aplicat-simplu\/\",\"name\":\"Inis Mounted Box MP comutator cu arc de revenire aplicat simplu -\",\"isPartOf\":{\"@id\":\"https:\/\/scsystems.ro\/magazin\/#website\"},\"primaryImageOfPage\":{\"@id\":\"https:\/\/scsystems.ro\/magazin\/produs\/inis-mounted-box-mp-comutator-cu-arc-de-revenire-aplicat-simplu\/#primaryimage\"},\"image\":{\"@id\":\"https:\/\/scsystems.ro\/magazin\/produs\/inis-mounted-box-mp-comutator-cu-arc-de-revenire-aplicat-simplu\/#primaryimage\"},\"thumbnailUrl\":\"https:\/\/scsystems.ro\/magazin\/wp-content\/uploads\/sites\/2\/2023\/04\/inis-mounted-box-1.webp\",\"datePublished\":\"2023-04-19T06:30:02+00:00\",\"dateModified\":\"2026-03-27T16:44:10+00:00\",\"description\":\"Inis Mounted Box comutator aplicat simplu Intrerupatorul aplicat este un dispozitiv de comanda cablat.Comutator aplicat simplu, pentru a controla o motorizare cablat\u0103 de 230V.\",\"breadcrumb\":{\"@id\":\"https:\/\/scsystems.ro\/magazin\/produs\/inis-mounted-box-mp-comutator-cu-arc-de-revenire-aplicat-simplu\/#breadcrumb\"},\"inLanguage\":\"ro-RO\",\"potentialAction\":[{\"@type\":\"ReadAction\",\"target\":[\"https:\/\/scsystems.ro\/magazin\/produs\/inis-mounted-box-mp-comutator-cu-arc-de-revenire-aplicat-simplu\/\"]}]},{\"@type\":\"ImageObject\",\"inLanguage\":\"ro-RO\",\"@id\":\"https:\/\/scsystems.ro\/magazin\/produs\/inis-mounted-box-mp-comutator-cu-arc-de-revenire-aplicat-simplu\/#primaryimage\",\"url\":\"https:\/\/scsystems.ro\/magazin\/wp-content\/uploads\/sites\/2\/2023\/04\/inis-mounted-box-1.webp\",\"contentUrl\":\"https:\/\/scsystems.ro\/magazin\/wp-content\/uploads\/sites\/2\/2023\/04\/inis-mounted-box-1.webp\",\"width\":1000,\"height\":1000,\"caption\":\"Inis Mounted Box comutator aplicat simplu\"},{\"@type\":\"BreadcrumbList\",\"@id\":\"https:\/\/scsystems.ro\/magazin\/produs\/inis-mounted-box-mp-comutator-cu-arc-de-revenire-aplicat-simplu\/#breadcrumb\",\"itemListElement\":[{\"@type\":\"ListItem\",\"position\":1,\"name\":\"Magazin\",\"item\":\"https:\/\/scsystems.ro\/magazin\/\"},{\"@type\":\"ListItem\",\"position\":2,\"name\":\"Toate Produsele\",\"item\":\"https:\/\/scsystems.ro\/magazin\/toate-produsele\/\"},{\"@type\":\"ListItem\",\"position\":3,\"name\":\"Inis Mounted Box MP comutator cu arc de revenire aplicat simplu\"}]},{\"@type\":\"WebSite\",\"@id\":\"https:\/\/scsystems.ro\/magazin\/#website\",\"url\":\"https:\/\/scsystems.ro\/magazin\/\",\"name\":\"Magazin SCS\",\"description\":\"Smart Closing Systems Magazin\",\"publisher\":{\"@id\":\"https:\/\/scsystems.ro\/magazin\/#organization\"},\"potentialAction\":[{\"@type\":\"SearchAction\",\"target\":{\"@type\":\"EntryPoint\",\"urlTemplate\":\"https:\/\/scsystems.ro\/magazin\/?s={search_term_string}\"},\"query-input\":{\"@type\":\"PropertyValueSpecification\",\"valueRequired\":true,\"valueName\":\"search_term_string\"}}],\"inLanguage\":\"ro-RO\"},{\"@type\":\"Organization\",\"@id\":\"https:\/\/scsystems.ro\/magazin\/#organization\",\"name\":\"Smart Closing Systems\",\"alternateName\":\"SCS\",\"url\":\"https:\/\/scsystems.ro\/magazin\/\",\"logo\":{\"@type\":\"ImageObject\",\"inLanguage\":\"ro-RO\",\"@id\":\"https:\/\/scsystems.ro\/magazin\/#\/schema\/logo\/image\/\",\"url\":\"https:\/\/scsystems.ro\/magazin\/wp-content\/uploads\/sites\/2\/2023\/03\/logo-SCS-Negru-vm.png\",\"contentUrl\":\"https:\/\/scsystems.ro\/magazin\/wp-content\/uploads\/sites\/2\/2023\/03\/logo-SCS-Negru-vm.png\",\"width\":2241,\"height\":1459,\"caption\":\"Smart Closing Systems\"},\"image\":{\"@id\":\"https:\/\/scsystems.ro\/magazin\/#\/schema\/logo\/image\/\"},\"sameAs\":[\"https:\/\/www.facebook.com\/smartclosingsystems\/\"]}]}<\/script>\n<!-- \/ Yoast SEO plugin. -->","yoast_head_json":{"title":"Inis Mounted Box MP comutator cu arc de revenire aplicat simplu -","description":"Inis Mounted Box comutator aplicat simplu Intrerupatorul aplicat este un dispozitiv de comanda cablat.Comutator aplicat simplu, pentru a controla o motorizare cablat\u0103 de 230V.","robots":{"index":"index","follow":"follow","max-snippet":"max-snippet:-1","max-image-preview":"max-image-preview:large","max-video-preview":"max-video-preview:-1"},"canonical":"https:\/\/scsystems.ro\/magazin\/produs\/inis-mounted-box-mp-comutator-cu-arc-de-revenire-aplicat-simplu\/","og_locale":"ro_RO","og_type":"article","og_title":"Inis Mounted Box MP comutator cu arc de revenire aplicat simplu -","og_description":"Inis Mounted Box comutator aplicat simplu Intrerupatorul aplicat este un dispozitiv de comanda cablat.Comutator aplicat simplu, pentru a controla o motorizare cablat\u0103 de 230V.","og_url":"https:\/\/scsystems.ro\/magazin\/produs\/inis-mounted-box-mp-comutator-cu-arc-de-revenire-aplicat-simplu\/","og_site_name":"Magazin SCS","article_publisher":"https:\/\/www.facebook.com\/smartclosingsystems\/","article_modified_time":"2026-03-27T16:44:10+00:00","og_image":[{"width":1000,"height":1000,"url":"https:\/\/scsystems.ro\/magazin\/wp-content\/uploads\/sites\/2\/2023\/04\/inis-mounted-box-1.webp","type":"image\/webp"}],"twitter_card":"summary_large_image","twitter_misc":{"Timp estimat pentru citire":"1 minut"},"schema":{"@context":"https:\/\/schema.org","@graph":[{"@type":"WebPage","@id":"https:\/\/scsystems.ro\/magazin\/produs\/inis-mounted-box-mp-comutator-cu-arc-de-revenire-aplicat-simplu\/","url":"https:\/\/scsystems.ro\/magazin\/produs\/inis-mounted-box-mp-comutator-cu-arc-de-revenire-aplicat-simplu\/","name":"Inis Mounted Box MP comutator cu arc de revenire aplicat simplu -","isPartOf":{"@id":"https:\/\/scsystems.ro\/magazin\/#website"},"primaryImageOfPage":{"@id":"https:\/\/scsystems.ro\/magazin\/produs\/inis-mounted-box-mp-comutator-cu-arc-de-revenire-aplicat-simplu\/#primaryimage"},"image":{"@id":"https:\/\/scsystems.ro\/magazin\/produs\/inis-mounted-box-mp-comutator-cu-arc-de-revenire-aplicat-simplu\/#primaryimage"},"thumbnailUrl":"https:\/\/scsystems.ro\/magazin\/wp-content\/uploads\/sites\/2\/2023\/04\/inis-mounted-box-1.webp","datePublished":"2023-04-19T06:30:02+00:00","dateModified":"2026-03-27T16:44:10+00:00","description":"Inis Mounted Box comutator aplicat simplu Intrerupatorul aplicat este un dispozitiv de comanda cablat.Comutator aplicat simplu, pentru a controla o motorizare cablat\u0103 de 230V.","breadcrumb":{"@id":"https:\/\/scsystems.ro\/magazin\/produs\/inis-mounted-box-mp-comutator-cu-arc-de-revenire-aplicat-simplu\/#breadcrumb"},"inLanguage":"ro-RO","potentialAction":[{"@type":"ReadAction","target":["https:\/\/scsystems.ro\/magazin\/produs\/inis-mounted-box-mp-comutator-cu-arc-de-revenire-aplicat-simplu\/"]}]},{"@type":"ImageObject","inLanguage":"ro-RO","@id":"https:\/\/scsystems.ro\/magazin\/produs\/inis-mounted-box-mp-comutator-cu-arc-de-revenire-aplicat-simplu\/#primaryimage","url":"https:\/\/scsystems.ro\/magazin\/wp-content\/uploads\/sites\/2\/2023\/04\/inis-mounted-box-1.webp","contentUrl":"https:\/\/scsystems.ro\/magazin\/wp-content\/uploads\/sites\/2\/2023\/04\/inis-mounted-box-1.webp","width":1000,"height":1000,"caption":"Inis Mounted Box comutator aplicat simplu"},{"@type":"BreadcrumbList","@id":"https:\/\/scsystems.ro\/magazin\/produs\/inis-mounted-box-mp-comutator-cu-arc-de-revenire-aplicat-simplu\/#breadcrumb","itemListElement":[{"@type":"ListItem","position":1,"name":"Magazin","item":"https:\/\/scsystems.ro\/magazin\/"},{"@type":"ListItem","position":2,"name":"Toate Produsele","item":"https:\/\/scsystems.ro\/magazin\/toate-produsele\/"},{"@type":"ListItem","position":3,"name":"Inis Mounted Box MP comutator cu arc de revenire aplicat simplu"}]},{"@type":"WebSite","@id":"https:\/\/scsystems.ro\/magazin\/#website","url":"https:\/\/scsystems.ro\/magazin\/","name":"Magazin SCS","description":"Smart Closing Systems Magazin","publisher":{"@id":"https:\/\/scsystems.ro\/magazin\/#organization"},"potentialAction":[{"@type":"SearchAction","target":{"@type":"EntryPoint","urlTemplate":"https:\/\/scsystems.ro\/magazin\/?s={search_term_string}"},"query-input":{"@type":"PropertyValueSpecification","valueRequired":true,"valueName":"search_term_string"}}],"inLanguage":"ro-RO"},{"@type":"Organization","@id":"https:\/\/scsystems.ro\/magazin\/#organization","name":"Smart Closing Systems","alternateName":"SCS","url":"https:\/\/scsystems.ro\/magazin\/","logo":{"@type":"ImageObject","inLanguage":"ro-RO","@id":"https:\/\/scsystems.ro\/magazin\/#\/schema\/logo\/image\/","url":"https:\/\/scsystems.ro\/magazin\/wp-content\/uploads\/sites\/2\/2023\/03\/logo-SCS-Negru-vm.png","contentUrl":"https:\/\/scsystems.ro\/magazin\/wp-content\/uploads\/sites\/2\/2023\/03\/logo-SCS-Negru-vm.png","width":2241,"height":1459,"caption":"Smart Closing Systems"},"image":{"@id":"https:\/\/scsystems.ro\/magazin\/#\/schema\/logo\/image\/"},"sameAs":["https:\/\/www.facebook.com\/smartclosingsystems\/"]}]}},"jetpack_sharing_enabled":true,"brands":[{"id":40,"name":"Somfy","slug":"somfy"}],"_links":{"self":[{"href":"https:\/\/scsystems.ro\/magazin\/wp-json\/wp\/v2\/product\/1107","targetHints":{"allow":["GET"]}}],"collection":[{"href":"https:\/\/scsystems.ro\/magazin\/wp-json\/wp\/v2\/product"}],"about":[{"href":"https:\/\/scsystems.ro\/magazin\/wp-json\/wp\/v2\/types\/product"}],"replies":[{"embeddable":true,"href":"https:\/\/scsystems.ro\/magazin\/wp-json\/wp\/v2\/comments?post=1107"}],"wp:featuredmedia":[{"embeddable":true,"href":"https:\/\/scsystems.ro\/magazin\/wp-json\/wp\/v2\/media\/1083"}],"wp:attachment":[{"href":"https:\/\/scsystems.ro\/magazin\/wp-json\/wp\/v2\/media?parent=1107"}],"wp:term":[{"taxonomy":"pwb-brand","embeddable":true,"href":"https:\/\/scsystems.ro\/magazin\/wp-json\/wp\/v2\/pwb-brand?post=1107"},{"taxonomy":"product_brand","embeddable":true,"href":"https:\/\/scsystems.ro\/magazin\/wp-json\/wp\/v2\/product_brand?post=1107"},{"taxonomy":"product_cat","embeddable":true,"href":"https:\/\/scsystems.ro\/magazin\/wp-json\/wp\/v2\/product_cat?post=1107"},{"taxonomy":"product_tag","embeddable":true,"href":"https:\/\/scsystems.ro\/magazin\/wp-json\/wp\/v2\/product_tag?post=1107"}],"curies":[{"name":"wp","href":"https:\/\/api.w.org\/{rel}","templated":true}]}}