{"id":1105,"date":"2023-04-18T19:23:14","date_gmt":"2023-04-18T19:23:14","guid":{"rendered":"https:\/\/scsystems.ro\/magazin\/?post_type=product&#038;p=1105"},"modified":"2026-03-27T16:43:39","modified_gmt":"2026-03-27T16:43:39","slug":"senzor-de-miscare-tahoma","status":"publish","type":"product","link":"https:\/\/scsystems.ro\/magazin\/produs\/senzor-de-miscare-tahoma\/","title":{"rendered":"Senzor de mi\u0219care TaHoma"},"content":{"rendered":"<p>Monitorizare wireless pentru securitate eficienta.<br \/>\nDetecteaz\u0103 intruziunile: ofer\u0103 o alert\u0103 la sistemul TaHoma Serenity \u0219i lanseaz\u0103 protec\u021bia activ\u0103 a casei.<br \/>\nMai multe posibilit\u0103\u021bi pentru casa conectat\u0103: detecteaz\u0103 mi\u0219c\u0103rile \u0219i activeaz\u0103 echipamentele din cas\u0103 (lumini, rulouri, etc.)<\/p>\n<p>Senzorul de miscare Tahoma este un senzor wireless folosit pentru a monitoriza starea geamurilor, usilor sau a altor elemente mobile din locuinta sau cladire. Acest senzor este proiectat pentru a fi folosit cu sistemele de securitate si automatizare SOMFY, care permit controlul la distanta al accesului in locuinta sau cladire, precum si a sistemelor de iluminat si incalzire.<\/p>\n<p>Senzorul are o dimensiune compacta si poate fi montat usor pe elementele mobile ce trebuie monitorizate. El poate detecta miscarea, deschiderea sau inchiderea acestora, trimitand semnale la sistemul central de control. Acest lucru permite proprietarilor sa monitorizeze si sa controleze accesul in cladire sau in locuinta, precum si sa previna intrarile neautorizate sau alte situatii de risc.<\/p>\n<p>In plus, senzorul este dotat cu o baterie cu durata de viata mare, ceea ce il face ideal pentru instalarea pe termen lung. Prin urmare, acesta poate fi utilizat cu succes pentru a spori nivelul de securitate si confort in orice tip de locuinta sau cladire.<\/p>\n<p>Lungime : 72 mm<\/p>\n<p>L\u0103\u021bime : 82 mm<\/p>\n<p>\u00cen\u0103l\u021bime : 35 mm<\/p>\n<h3 class=\"d-flex align-items-center accordion-item-title subtitle_2 \" role=\"link\" data-toggle=\"collapse\" aria-expanded=\"true\" aria-controls=\"compatibilitiesCollapse-1\">Tehnologie<\/h3>\n<div id=\"compatibilitiesCollapse-1\" class=\"accordion-item-content collapse show\" data-parent=\"#accordion-compatibilities\"><span class=\"mr-4 mb-2 d-inline-block\">io technology<\/span><\/div>\n<div data-parent=\"#accordion-compatibilities\">\n<div class=\"title_content\">\n<h2 class=\"title_3\">Caracteristici tehnice<\/h2>\n<p>Frecven\u021b\u0103 radio 868-870 MHz<\/p>\n<p>Culoare \/ Finisaj Alb<\/p>\n<p>Index Protec\u021bie IP20<\/p>\n<\/div>\n<\/div>\n","protected":false},"excerpt":{"rendered":"<p>Detecteaz\u0103 intruziunile: ofer\u0103 o alert\u0103 la sistemul TaHoma Serenity \u0219i lanseaz\u0103 protec\u021bia activ\u0103 a casei.<\/p>\n<p>Mai multe posibilit\u0103\u021bi pentru casa conectat\u0103: detecteaz\u0103 mi\u0219c\u0103rile \u0219i activeaz\u0103 echipamentele din cas\u0103 (lumini, rulouri, etc.) Senzorul de miscare Tahoma este un senzor wireless folosit pentru a monitoriza starea geamurilor, usilor sau a altor elemente mobile din locuinta sau cladire. Acest senzor este proiectat pentru a fi folosit cu sistemele de securitate si automatizare SOMFY, care permit controlul la distanta al accesului in locuinta sau cladire, precum si a sistemelor de iluminat si incalzire. Senzorul are o dimensiune compacta si poate fi montat usor pe elementele mobile ce trebuie monitorizate. El poate detecta miscarea, deschiderea sau inchiderea acestora, trimitand semnale la sistemul central de control. Acest lucru permite proprietarilor sa monitorizeze si sa controleze accesul in cladire sau in locuinta, precum si sa previna intrarile neautorizate sau alte situatii de risc. In plus, senzorul este dotat cu o baterie cu durata de viata mare, ceea ce il face ideal pentru instalarea pe termen lung. Prin urmare, acesta poate fi utilizat cu succes pentru a spori nivelul de securitate si confort in orice tip de locuinta sau cladire.<\/p>\n","protected":false},"featured_media":1078,"comment_status":"open","ping_status":"closed","template":"","meta":{"_eb_attr":""},"pwb-brand":[40],"product_brand":[],"product_cat":[22,26],"product_tag":[51,47,37],"class_list":{"0":"post-1105","1":"product","2":"type-product","3":"status-publish","4":"has-post-thumbnail","6":"pwb-brand-somfy","7":"product_cat-senzori","8":"product_cat-smart-home","9":"product_tag-senzor","10":"product_tag-somfy","11":"product_tag-tahoma","13":"first","14":"instock","15":"taxable","16":"shipping-taxable","17":"purchasable","18":"product-type-simple"},"yoast_head":"<!-- This site is optimized with the Yoast SEO plugin v27.2 - https:\/\/yoast.com\/product\/yoast-seo-wordpress\/ -->\n<title>Senzor de mi\u0219care TaHoma - Magazin SCS<\/title>\n<meta name=\"description\" content=\"Tahoma Senzor este un dispozitiv wireless de monitorizare, proiectat pentru a fi utilizat cu sistemele de securitate si automatizare SOMFY.\" \/>\n<meta name=\"robots\" content=\"index, follow, max-snippet:-1, max-image-preview:large, max-video-preview:-1\" \/>\n<link rel=\"canonical\" href=\"https:\/\/scsystems.ro\/magazin\/produs\/senzor-de-miscare-tahoma\/\" \/>\n<meta property=\"og:locale\" content=\"ro_RO\" \/>\n<meta property=\"og:type\" content=\"article\" \/>\n<meta property=\"og:title\" content=\"Senzor de mi\u0219care TaHoma - Magazin SCS\" \/>\n<meta property=\"og:description\" content=\"Tahoma Senzor este un dispozitiv wireless de monitorizare, proiectat pentru a fi utilizat cu sistemele de securitate si automatizare SOMFY.\" \/>\n<meta property=\"og:url\" content=\"https:\/\/scsystems.ro\/magazin\/produs\/senzor-de-miscare-tahoma\/\" \/>\n<meta property=\"og:site_name\" content=\"Magazin SCS\" \/>\n<meta property=\"article:publisher\" content=\"https:\/\/www.facebook.com\/smartclosingsystems\/\" \/>\n<meta property=\"article:modified_time\" content=\"2026-03-27T16:43:39+00:00\" \/>\n<meta property=\"og:image\" content=\"https:\/\/scsystems.ro\/magazin\/wp-content\/uploads\/sites\/2\/2023\/04\/1811481-tahoma-senzor-miscare-1.webp\" \/>\n\t<meta property=\"og:image:width\" content=\"1024\" \/>\n\t<meta property=\"og:image:height\" content=\"1024\" \/>\n\t<meta property=\"og:image:type\" content=\"image\/webp\" \/>\n<meta name=\"twitter:card\" content=\"summary_large_image\" \/>\n<meta name=\"twitter:label1\" content=\"Timp estimat pentru citire\" \/>\n\t<meta name=\"twitter:data1\" content=\"2 minute\" \/>\n<script type=\"application\/ld+json\" class=\"yoast-schema-graph\">{\"@context\":\"https:\/\/schema.org\",\"@graph\":[{\"@type\":\"WebPage\",\"@id\":\"https:\/\/scsystems.ro\/magazin\/produs\/senzor-de-miscare-tahoma\/\",\"url\":\"https:\/\/scsystems.ro\/magazin\/produs\/senzor-de-miscare-tahoma\/\",\"name\":\"Senzor de mi\u0219care TaHoma - Magazin SCS\",\"isPartOf\":{\"@id\":\"https:\/\/scsystems.ro\/magazin\/#website\"},\"primaryImageOfPage\":{\"@id\":\"https:\/\/scsystems.ro\/magazin\/produs\/senzor-de-miscare-tahoma\/#primaryimage\"},\"image\":{\"@id\":\"https:\/\/scsystems.ro\/magazin\/produs\/senzor-de-miscare-tahoma\/#primaryimage\"},\"thumbnailUrl\":\"https:\/\/scsystems.ro\/magazin\/wp-content\/uploads\/sites\/2\/2023\/04\/1811481-tahoma-senzor-miscare-1.webp\",\"datePublished\":\"2023-04-18T19:23:14+00:00\",\"dateModified\":\"2026-03-27T16:43:39+00:00\",\"description\":\"Tahoma Senzor este un dispozitiv wireless de monitorizare, proiectat pentru a fi utilizat cu sistemele de securitate si automatizare SOMFY.\",\"breadcrumb\":{\"@id\":\"https:\/\/scsystems.ro\/magazin\/produs\/senzor-de-miscare-tahoma\/#breadcrumb\"},\"inLanguage\":\"ro-RO\",\"potentialAction\":[{\"@type\":\"ReadAction\",\"target\":[\"https:\/\/scsystems.ro\/magazin\/produs\/senzor-de-miscare-tahoma\/\"]}]},{\"@type\":\"ImageObject\",\"inLanguage\":\"ro-RO\",\"@id\":\"https:\/\/scsystems.ro\/magazin\/produs\/senzor-de-miscare-tahoma\/#primaryimage\",\"url\":\"https:\/\/scsystems.ro\/magazin\/wp-content\/uploads\/sites\/2\/2023\/04\/1811481-tahoma-senzor-miscare-1.webp\",\"contentUrl\":\"https:\/\/scsystems.ro\/magazin\/wp-content\/uploads\/sites\/2\/2023\/04\/1811481-tahoma-senzor-miscare-1.webp\",\"width\":1024,\"height\":1024,\"caption\":\"Monitorizare wireless pentru securitate eficienta.\"},{\"@type\":\"BreadcrumbList\",\"@id\":\"https:\/\/scsystems.ro\/magazin\/produs\/senzor-de-miscare-tahoma\/#breadcrumb\",\"itemListElement\":[{\"@type\":\"ListItem\",\"position\":1,\"name\":\"Magazin\",\"item\":\"https:\/\/scsystems.ro\/magazin\/\"},{\"@type\":\"ListItem\",\"position\":2,\"name\":\"Toate Produsele\",\"item\":\"https:\/\/scsystems.ro\/magazin\/toate-produsele\/\"},{\"@type\":\"ListItem\",\"position\":3,\"name\":\"Senzor de mi\u0219care TaHoma\"}]},{\"@type\":\"WebSite\",\"@id\":\"https:\/\/scsystems.ro\/magazin\/#website\",\"url\":\"https:\/\/scsystems.ro\/magazin\/\",\"name\":\"Magazin SCS\",\"description\":\"Smart Closing Systems Magazin\",\"publisher\":{\"@id\":\"https:\/\/scsystems.ro\/magazin\/#organization\"},\"potentialAction\":[{\"@type\":\"SearchAction\",\"target\":{\"@type\":\"EntryPoint\",\"urlTemplate\":\"https:\/\/scsystems.ro\/magazin\/?s={search_term_string}\"},\"query-input\":{\"@type\":\"PropertyValueSpecification\",\"valueRequired\":true,\"valueName\":\"search_term_string\"}}],\"inLanguage\":\"ro-RO\"},{\"@type\":\"Organization\",\"@id\":\"https:\/\/scsystems.ro\/magazin\/#organization\",\"name\":\"Smart Closing Systems\",\"alternateName\":\"SCS\",\"url\":\"https:\/\/scsystems.ro\/magazin\/\",\"logo\":{\"@type\":\"ImageObject\",\"inLanguage\":\"ro-RO\",\"@id\":\"https:\/\/scsystems.ro\/magazin\/#\/schema\/logo\/image\/\",\"url\":\"https:\/\/scsystems.ro\/magazin\/wp-content\/uploads\/sites\/2\/2023\/03\/logo-SCS-Negru-vm.png\",\"contentUrl\":\"https:\/\/scsystems.ro\/magazin\/wp-content\/uploads\/sites\/2\/2023\/03\/logo-SCS-Negru-vm.png\",\"width\":2241,\"height\":1459,\"caption\":\"Smart Closing Systems\"},\"image\":{\"@id\":\"https:\/\/scsystems.ro\/magazin\/#\/schema\/logo\/image\/\"},\"sameAs\":[\"https:\/\/www.facebook.com\/smartclosingsystems\/\"]}]}<\/script>\n<!-- \/ Yoast SEO plugin. -->","yoast_head_json":{"title":"Senzor de mi\u0219care TaHoma - Magazin SCS","description":"Tahoma Senzor este un dispozitiv wireless de monitorizare, proiectat pentru a fi utilizat cu sistemele de securitate si automatizare SOMFY.","robots":{"index":"index","follow":"follow","max-snippet":"max-snippet:-1","max-image-preview":"max-image-preview:large","max-video-preview":"max-video-preview:-1"},"canonical":"https:\/\/scsystems.ro\/magazin\/produs\/senzor-de-miscare-tahoma\/","og_locale":"ro_RO","og_type":"article","og_title":"Senzor de mi\u0219care TaHoma - Magazin SCS","og_description":"Tahoma Senzor este un dispozitiv wireless de monitorizare, proiectat pentru a fi utilizat cu sistemele de securitate si automatizare SOMFY.","og_url":"https:\/\/scsystems.ro\/magazin\/produs\/senzor-de-miscare-tahoma\/","og_site_name":"Magazin SCS","article_publisher":"https:\/\/www.facebook.com\/smartclosingsystems\/","article_modified_time":"2026-03-27T16:43:39+00:00","og_image":[{"width":1024,"height":1024,"url":"https:\/\/scsystems.ro\/magazin\/wp-content\/uploads\/sites\/2\/2023\/04\/1811481-tahoma-senzor-miscare-1.webp","type":"image\/webp"}],"twitter_card":"summary_large_image","twitter_misc":{"Timp estimat pentru citire":"2 minute"},"schema":{"@context":"https:\/\/schema.org","@graph":[{"@type":"WebPage","@id":"https:\/\/scsystems.ro\/magazin\/produs\/senzor-de-miscare-tahoma\/","url":"https:\/\/scsystems.ro\/magazin\/produs\/senzor-de-miscare-tahoma\/","name":"Senzor de mi\u0219care TaHoma - Magazin SCS","isPartOf":{"@id":"https:\/\/scsystems.ro\/magazin\/#website"},"primaryImageOfPage":{"@id":"https:\/\/scsystems.ro\/magazin\/produs\/senzor-de-miscare-tahoma\/#primaryimage"},"image":{"@id":"https:\/\/scsystems.ro\/magazin\/produs\/senzor-de-miscare-tahoma\/#primaryimage"},"thumbnailUrl":"https:\/\/scsystems.ro\/magazin\/wp-content\/uploads\/sites\/2\/2023\/04\/1811481-tahoma-senzor-miscare-1.webp","datePublished":"2023-04-18T19:23:14+00:00","dateModified":"2026-03-27T16:43:39+00:00","description":"Tahoma Senzor este un dispozitiv wireless de monitorizare, proiectat pentru a fi utilizat cu sistemele de securitate si automatizare SOMFY.","breadcrumb":{"@id":"https:\/\/scsystems.ro\/magazin\/produs\/senzor-de-miscare-tahoma\/#breadcrumb"},"inLanguage":"ro-RO","potentialAction":[{"@type":"ReadAction","target":["https:\/\/scsystems.ro\/magazin\/produs\/senzor-de-miscare-tahoma\/"]}]},{"@type":"ImageObject","inLanguage":"ro-RO","@id":"https:\/\/scsystems.ro\/magazin\/produs\/senzor-de-miscare-tahoma\/#primaryimage","url":"https:\/\/scsystems.ro\/magazin\/wp-content\/uploads\/sites\/2\/2023\/04\/1811481-tahoma-senzor-miscare-1.webp","contentUrl":"https:\/\/scsystems.ro\/magazin\/wp-content\/uploads\/sites\/2\/2023\/04\/1811481-tahoma-senzor-miscare-1.webp","width":1024,"height":1024,"caption":"Monitorizare wireless pentru securitate eficienta."},{"@type":"BreadcrumbList","@id":"https:\/\/scsystems.ro\/magazin\/produs\/senzor-de-miscare-tahoma\/#breadcrumb","itemListElement":[{"@type":"ListItem","position":1,"name":"Magazin","item":"https:\/\/scsystems.ro\/magazin\/"},{"@type":"ListItem","position":2,"name":"Toate Produsele","item":"https:\/\/scsystems.ro\/magazin\/toate-produsele\/"},{"@type":"ListItem","position":3,"name":"Senzor de mi\u0219care TaHoma"}]},{"@type":"WebSite","@id":"https:\/\/scsystems.ro\/magazin\/#website","url":"https:\/\/scsystems.ro\/magazin\/","name":"Magazin SCS","description":"Smart Closing Systems Magazin","publisher":{"@id":"https:\/\/scsystems.ro\/magazin\/#organization"},"potentialAction":[{"@type":"SearchAction","target":{"@type":"EntryPoint","urlTemplate":"https:\/\/scsystems.ro\/magazin\/?s={search_term_string}"},"query-input":{"@type":"PropertyValueSpecification","valueRequired":true,"valueName":"search_term_string"}}],"inLanguage":"ro-RO"},{"@type":"Organization","@id":"https:\/\/scsystems.ro\/magazin\/#organization","name":"Smart Closing Systems","alternateName":"SCS","url":"https:\/\/scsystems.ro\/magazin\/","logo":{"@type":"ImageObject","inLanguage":"ro-RO","@id":"https:\/\/scsystems.ro\/magazin\/#\/schema\/logo\/image\/","url":"https:\/\/scsystems.ro\/magazin\/wp-content\/uploads\/sites\/2\/2023\/03\/logo-SCS-Negru-vm.png","contentUrl":"https:\/\/scsystems.ro\/magazin\/wp-content\/uploads\/sites\/2\/2023\/03\/logo-SCS-Negru-vm.png","width":2241,"height":1459,"caption":"Smart Closing Systems"},"image":{"@id":"https:\/\/scsystems.ro\/magazin\/#\/schema\/logo\/image\/"},"sameAs":["https:\/\/www.facebook.com\/smartclosingsystems\/"]}]}},"jetpack_sharing_enabled":true,"brands":[{"id":40,"name":"Somfy","slug":"somfy"}],"_links":{"self":[{"href":"https:\/\/scsystems.ro\/magazin\/wp-json\/wp\/v2\/product\/1105","targetHints":{"allow":["GET"]}}],"collection":[{"href":"https:\/\/scsystems.ro\/magazin\/wp-json\/wp\/v2\/product"}],"about":[{"href":"https:\/\/scsystems.ro\/magazin\/wp-json\/wp\/v2\/types\/product"}],"replies":[{"embeddable":true,"href":"https:\/\/scsystems.ro\/magazin\/wp-json\/wp\/v2\/comments?post=1105"}],"wp:featuredmedia":[{"embeddable":true,"href":"https:\/\/scsystems.ro\/magazin\/wp-json\/wp\/v2\/media\/1078"}],"wp:attachment":[{"href":"https:\/\/scsystems.ro\/magazin\/wp-json\/wp\/v2\/media?parent=1105"}],"wp:term":[{"taxonomy":"pwb-brand","embeddable":true,"href":"https:\/\/scsystems.ro\/magazin\/wp-json\/wp\/v2\/pwb-brand?post=1105"},{"taxonomy":"product_brand","embeddable":true,"href":"https:\/\/scsystems.ro\/magazin\/wp-json\/wp\/v2\/product_brand?post=1105"},{"taxonomy":"product_cat","embeddable":true,"href":"https:\/\/scsystems.ro\/magazin\/wp-json\/wp\/v2\/product_cat?post=1105"},{"taxonomy":"product_tag","embeddable":true,"href":"https:\/\/scsystems.ro\/magazin\/wp-json\/wp\/v2\/product_tag?post=1105"}],"curies":[{"name":"wp","href":"https:\/\/api.w.org\/{rel}","templated":true}]}}